{"id":9500,"date":"2023-09-07T11:03:39","date_gmt":"2023-09-07T09:03:39","guid":{"rendered":"https:\/\/precto.pl\/sklep\/?post_type=product&#038;p=9500"},"modified":"2023-12-27T12:04:35","modified_gmt":"2023-12-27T11:04:35","slug":"cylinder-z-tlokiem-52-mm-do-pilarek-stihl-ms-462-ms-462-c-m-ms-462-c-m-r-ms-462-c-m-vw","status":"publish","type":"product","link":"https:\/\/precto.pl\/sklep\/cylinder-z-tlokiem-52-mm-do-pilarek-stihl-ms-462-ms-462-c-m-ms-462-c-m-r-ms-462-c-m-vw\/","title":{"rendered":"Cylinder z t\u0142okiem 52 mm do pilarek STIHL : MS 462, MS 462 C-M, MS 462 C-M R, MS 462 C-M VW"},"content":{"rendered":"\n<div class=\"wp-block-columns is-layout-flex wp-container-core-columns-is-layout-9d6595d7 wp-block-columns-is-layout-flex\">\n<div class=\"wp-block-column is-layout-flow wp-block-column-is-layout-flow\">\n<p><strong>ORYGINALNY<\/strong><\/p>\n\n\n\n<p>Numer katalogowy:  <strong>1142 020 1201<\/strong><\/p>\n<\/div>\n<\/div>\n\n\n\n<p><strong>PASUJE DO MODELI<\/strong>: \u00a0MS 462, MS 462 C-M, MS 462 C-M R, MS 462 C-M VW<\/p>\n\n\n\n<p><strong>WYSY\u0141KA W CI\u0104GU 3 DNI ROBOCZYCH !<\/strong><\/p>\n\n\n\n<div class=\"wp-block-columns is-layout-flex wp-container-core-columns-is-layout-9d6595d7 wp-block-columns-is-layout-flex\">\n<div class=\"wp-block-column is-layout-flow wp-block-column-is-layout-flow\">\n<p>Przy zakupie kilku produkt\u00f3w w naszym sklepie za przesy\u0142k\u0119 zap\u0142ac\u0105 Pa\u0144stwo tylko raz.<\/p>\n\n\n\n<p>W naszym sklepie internetowym znajd\u0105 pa\u0144stwo szeroki asortyment cz\u0119\u015bci do:<\/p>\n\n\n\n<ul class=\"wp-block-list\">\n<li>pilarek spalinowych i elektrycznych wielu marek m.in. stihl, husqvarna, dolmar, makita, oleo mac, solo, jonserad itp.<\/li>\n\n\n\n<li>kos spalinowych ww. marek<\/li>\n\n\n\n<li>kosiarek spalinowych z silnikami briggs &amp; stratton, loncin, honda<\/li>\n\n\n\n<li>przecinarek do betonu<\/li>\n\n\n\n<li>maszyn budowlanych wacker<\/li>\n\n\n\n<li>wielu innych maszyn i urz\u0105dze\u0144 wykorzystywanych w przydomowych pracach<\/li>\n\n\n\n<li>oraz pilniki, \u0142a\u0144cuchy, prowadnice, oleje, \u015brodki ochrony osobistej i wiele innych produkt\u00f3w i urz\u0105dze\u0144 pomocnych przy pracy w lesie, domu czy ogrodzie.<\/li>\n<\/ul>\n\n\n\n<p>Ci\u0105gle poszerzamy nasz\u0105 ofert\u0119 o nowe produkty, poszukuj\u0105c jak najlepszych rozwi\u0105za\u0144 dla naszych klient\u00f3w.<\/p>\n<\/div>\n<\/div>\n","protected":false},"excerpt":{"rendered":"<p>ORYGINALNY Numer katalogowy: 1142 020 1201 PASUJE DO MODELI: \u00a0MS 462, MS 462 C-M, MS 462 C-M R, MS 462 C-M VW WYSY\u0141KA W CI\u0104GU 3 DNI ROBOCZYCH ! Przy zakupie kilku produkt\u00f3w w naszym sklepie za przesy\u0142k\u0119 zap\u0142ac\u0105 Pa\u0144stwo tylko raz. W naszym sklepie internetowym znajd\u0105 pa\u0144stwo szeroki asortyment cz\u0119\u015bci do: Ci\u0105gle poszerzamy nasz\u0105 [&hellip;]<\/p>\n","protected":false},"featured_media":9501,"comment_status":"open","ping_status":"closed","template":"","meta":[],"product_brand":[],"product_cat":[101],"product_tag":[],"class_list":{"0":"post-9500","1":"product","2":"type-product","3":"status-publish","4":"has-post-thumbnail","6":"product_cat-czesci-stihl","8":"first","9":"instock","10":"taxable","11":"shipping-taxable","12":"purchasable","13":"product-type-simple"},"_links":{"self":[{"href":"https:\/\/precto.pl\/sklep\/wp-json\/wp\/v2\/product\/9500","targetHints":{"allow":["GET"]}}],"collection":[{"href":"https:\/\/precto.pl\/sklep\/wp-json\/wp\/v2\/product"}],"about":[{"href":"https:\/\/precto.pl\/sklep\/wp-json\/wp\/v2\/types\/product"}],"replies":[{"embeddable":true,"href":"https:\/\/precto.pl\/sklep\/wp-json\/wp\/v2\/comments?post=9500"}],"wp:featuredmedia":[{"embeddable":true,"href":"https:\/\/precto.pl\/sklep\/wp-json\/wp\/v2\/media\/9501"}],"wp:attachment":[{"href":"https:\/\/precto.pl\/sklep\/wp-json\/wp\/v2\/media?parent=9500"}],"wp:term":[{"taxonomy":"product_brand","embeddable":true,"href":"https:\/\/precto.pl\/sklep\/wp-json\/wp\/v2\/product_brand?post=9500"},{"taxonomy":"product_cat","embeddable":true,"href":"https:\/\/precto.pl\/sklep\/wp-json\/wp\/v2\/product_cat?post=9500"},{"taxonomy":"product_tag","embeddable":true,"href":"https:\/\/precto.pl\/sklep\/wp-json\/wp\/v2\/product_tag?post=9500"}],"curies":[{"name":"wp","href":"https:\/\/api.w.org\/{rel}","templated":true}]}}