{"id":9339,"date":"2023-09-04T11:31:22","date_gmt":"2023-09-04T09:31:22","guid":{"rendered":"https:\/\/precto.pl\/sklep\/?post_type=product&#038;p=9339"},"modified":"2023-12-27T12:04:41","modified_gmt":"2023-12-27T11:04:41","slug":"amortyzator-ms-341-ms-361-ms-361-w-ms-440-ms-460-r-ms-461-ms-461-vw-ms-461-r-ms-880-ms-881-044-044-w-044-c-046-046-w-046-br-046-wvh-084-084-w-084-r-gs-461","status":"publish","type":"product","link":"https:\/\/precto.pl\/sklep\/amortyzator-ms-341-ms-361-ms-361-w-ms-440-ms-460-r-ms-461-ms-461-vw-ms-461-r-ms-880-ms-881-044-044-w-044-c-046-046-w-046-br-046-wvh-084-084-w-084-r-gs-461\/","title":{"rendered":"Amortyzator MS 341, MS 361, MS 361-W, MS 440, MS 460-R, MS 461, MS 461-VW, MS 461-R, MS 880, MS 881, 044, 044 W, 044 C, 046, 046 W, 046 BR, 046 WVH, 084, 084 W, 084 R, GS 461"},"content":{"rendered":"\n<div class=\"wp-block-columns is-layout-flex wp-container-core-columns-is-layout-9d6595d7 wp-block-columns-is-layout-flex\">\n<div class=\"wp-block-column is-layout-flow wp-block-column-is-layout-flow\">\n<p><strong>ORYGINALNY<\/strong><\/p>\n\n\n\n<p>Numer katalogowy: <strong>1124 791 2800<\/strong><\/p>\n<\/div>\n<\/div>\n\n\n\n<p><strong>PASUJE DO MODELI<\/strong>: MS 341, MS 361, MS 361-W, MS 440, MS 460-R, MS 461, MS 461-VW, MS 461-R, MS 880, MS 881, 044, 044 W, 044 C, 046, 046 W, 046 BR, 046 WVH, 084, 084 W, 084 R, GS 461<\/p>\n\n\n\n<div class=\"wp-block-columns is-layout-flex wp-container-core-columns-is-layout-9d6595d7 wp-block-columns-is-layout-flex\">\n<div class=\"wp-block-column is-layout-flow wp-block-column-is-layout-flow\">\n<p>Przy zakupie kilku produkt\u00f3w w naszym sklepie za przesy\u0142k\u0119 zap\u0142ac\u0105 Pa\u0144stwo tylko raz.<\/p>\n\n\n\n<p>W naszym sklepie internetowym znajd\u0105 pa\u0144stwo szeroki asortyment cz\u0119\u015bci do:<\/p>\n\n\n\n<ul class=\"wp-block-list\">\n<li>pilarek spalinowych i elektrycznych wielu marek m.in. stihl, husqvarna, dolmar, makita, oleo mac, solo, jonserad itp.<\/li>\n\n\n\n<li>kos spalinowych ww. marek<\/li>\n\n\n\n<li>kosiarek spalinowych z silnikami briggs &amp; stratton, loncin, honda<\/li>\n\n\n\n<li>przecinarek do betonu<\/li>\n\n\n\n<li>maszyn budowlanych wacker<\/li>\n\n\n\n<li>wielu innych maszyn i urz\u0105dze\u0144 wykorzystywanych w przydomowych pracach<\/li>\n\n\n\n<li>oraz pilniki, \u0142a\u0144cuchy, prowadnice, oleje, \u015brodki ochrony osobistej i wiele innych produkt\u00f3w i urz\u0105dze\u0144 pomocnych przy pracy w lesie, domu czy ogrodzie.<\/li>\n<\/ul>\n\n\n\n<p>Ci\u0105gle poszerzamy nasz\u0105 ofert\u0119 o nowe produkty, poszukuj\u0105c jak najlepszych rozwi\u0105za\u0144 dla naszych klient\u00f3w.<\/p>\n<\/div>\n<\/div>\n","protected":false},"excerpt":{"rendered":"<p>ORYGINALNY Numer katalogowy: 1124 791 2800 PASUJE DO MODELI: MS 341, MS 361, MS 361-W, MS 440, MS 460-R, MS 461, MS 461-VW, MS 461-R, MS 880, MS 881, 044, 044 W, 044 C, 046, 046 W, 046 BR, 046 WVH, 084, 084 W, 084 R, GS 461 Przy zakupie kilku produkt\u00f3w w naszym sklepie [&hellip;]<\/p>\n","protected":false},"featured_media":9340,"comment_status":"open","ping_status":"closed","template":"","meta":[],"product_brand":[],"product_cat":[101],"product_tag":[],"class_list":{"0":"post-9339","1":"product","2":"type-product","3":"status-publish","4":"has-post-thumbnail","6":"product_cat-czesci-stihl","8":"first","9":"instock","10":"taxable","11":"shipping-taxable","12":"purchasable","13":"product-type-simple"},"_links":{"self":[{"href":"https:\/\/precto.pl\/sklep\/wp-json\/wp\/v2\/product\/9339","targetHints":{"allow":["GET"]}}],"collection":[{"href":"https:\/\/precto.pl\/sklep\/wp-json\/wp\/v2\/product"}],"about":[{"href":"https:\/\/precto.pl\/sklep\/wp-json\/wp\/v2\/types\/product"}],"replies":[{"embeddable":true,"href":"https:\/\/precto.pl\/sklep\/wp-json\/wp\/v2\/comments?post=9339"}],"wp:featuredmedia":[{"embeddable":true,"href":"https:\/\/precto.pl\/sklep\/wp-json\/wp\/v2\/media\/9340"}],"wp:attachment":[{"href":"https:\/\/precto.pl\/sklep\/wp-json\/wp\/v2\/media?parent=9339"}],"wp:term":[{"taxonomy":"product_brand","embeddable":true,"href":"https:\/\/precto.pl\/sklep\/wp-json\/wp\/v2\/product_brand?post=9339"},{"taxonomy":"product_cat","embeddable":true,"href":"https:\/\/precto.pl\/sklep\/wp-json\/wp\/v2\/product_cat?post=9339"},{"taxonomy":"product_tag","embeddable":true,"href":"https:\/\/precto.pl\/sklep\/wp-json\/wp\/v2\/product_tag?post=9339"}],"curies":[{"name":"wp","href":"https:\/\/api.w.org\/{rel}","templated":true}]}}