{"id":918,"date":"2022-01-18T05:49:20","date_gmt":"2022-01-18T04:49:20","guid":{"rendered":"https:\/\/precto.pl\/sklep\/produkt\/rura-wysiegnik-walek-nac-demon-26-mm-7-frezow\/"},"modified":"2023-06-15T11:29:09","modified_gmt":"2023-06-15T09:29:09","slug":"rura-wysiegnik-walek-nac-demon-26-mm-7-frezow","status":"publish","type":"product","link":"https:\/\/precto.pl\/sklep\/rura-wysiegnik-walek-nac-demon-26-mm-7-frezow\/","title":{"rendered":"RURA WYSI\u0118GNIK WA\u0141EK NAC DEMON 26 MM 7 FREZ\u00d3W"},"content":{"rendered":"<table width=\"100%\">\n<tr>\n<td width=\"50%\">\n<h3>NAJWY\u017bSZEJ KLASY PRODUKT STOSOWANY W NASZYM SERWISIE<\/h3>\n<ul>\n<li>\u015arednica rury : 26 mm\u00a0 ( zewn\u0119trzna )<\/li>\n<li>\u015arednica wa\u0142ka : 8 mm<\/li>\n<li>D\u0142ugo\u015b\u0107 rury : 150 cm<\/li>\n<li>D\u0142ugo\u015b\u0107 Pr\u0119ta : 153cm<\/li>\n<li>\u015arednica pr\u0119ta : 8mm<\/li>\n<li>Ilo\u015b\u0107 frez\u00f3w : 7F<\/li>\n<\/ul>\n<p><b>PASUJE DO :<\/b><\/p>\n<ul>\n<li>DEMON<\/li>\n<li>EUROCRAFT,EUROTEC,FALON TECH,FAVORYT,FLORA,<\/li>\n<li>GRAND,HARDER,JOHN GARDENER,KRAFT WELLE,<\/li>\n<li>LIDER,MAGNUM,MATRIX,NAC,POWERMAT,<\/li>\n<li>SCHWARZBAU,STEEL,VICTUS<\/li>\n<li>i wielu innych.<\/li>\n<\/ul>\n<p>PRODUKT KOMPLETNY, NOWY, NIE U\u017bYWANY, GOTOWY DO MONTA\u017bU<\/p>\n<\/td>\n<\/tr>\n<tr>\n<td>\u00a0<\/td>\n<\/tr>\n<tr>\n<td colspan=\"2\">\n<p>Przy zakupie kilku produkt\u00f3w w naszym sklepie za przesy\u0142k\u0119 zap\u0142ac\u0105 Pa\u0144stwo tylko raz.<\/p>\n<p>W naszym sklepie internetowym znajd\u0105 pa\u0144stwo szeroki asortyment cz\u0119\u015bci do:<\/p>\n<ul>\n<li>pilarek spalinowych i elektrycznych wielu marek m.in. stihl, husqvarna, dolmar, makita, oleo mac, solo, jonserad itp.<\/li>\n<li>kos spalinowych ww. marek<\/li>\n<li>kosiarek spalinowych z silnikami briggs &amp; stratton, loncin, honda<\/li>\n<li>przecinarek do betonu<\/li>\n<li>maszyn budowlanych wacker<\/li>\n<li>wielu innych maszyn i urz\u0105dze\u0144 wykorzystywanych w przydomowych pracach<\/li>\n<li>oraz pilniki, \u0142a\u0144cuchy, prowadnice, oleje, \u015brodki ochrony osobistej i wiele innych produkt\u00f3w i urz\u0105dze\u0144 pomocnych przy pracy w lesie, domu czy ogrodzie.<\/li>\n<\/ul>\n<p>Ci\u0105gle poszerzamy nasz\u0105 ofert\u0119 o nowe produkty, poszukuj\u0105c jak najlepszych rozwi\u0105za\u0144 dla naszych klient\u00f3w.<\/p>\n<\/td>\n<\/tr>\n<tr>\n<td>\u00a0<\/td>\n<\/tr>\n<\/table>\n","protected":false},"excerpt":{"rendered":"<p>RURA WYSI\u0118GNIK WA\u0141EK NAC DEMON 26 MM 7 FREZ\u00d3W<\/p>\n","protected":false},"featured_media":917,"comment_status":"open","ping_status":"closed","template":"","meta":[],"product_brand":[],"product_cat":[65],"product_tag":[],"class_list":{"0":"post-918","1":"product","2":"type-product","3":"status-publish","4":"has-post-thumbnail","6":"product_cat-rury-walki-kierownice-manetki-przekladnie","8":"first","9":"instock","10":"taxable","11":"shipping-taxable","12":"purchasable","13":"product-type-simple"},"_links":{"self":[{"href":"https:\/\/precto.pl\/sklep\/wp-json\/wp\/v2\/product\/918","targetHints":{"allow":["GET"]}}],"collection":[{"href":"https:\/\/precto.pl\/sklep\/wp-json\/wp\/v2\/product"}],"about":[{"href":"https:\/\/precto.pl\/sklep\/wp-json\/wp\/v2\/types\/product"}],"replies":[{"embeddable":true,"href":"https:\/\/precto.pl\/sklep\/wp-json\/wp\/v2\/comments?post=918"}],"wp:featuredmedia":[{"embeddable":true,"href":"https:\/\/precto.pl\/sklep\/wp-json\/wp\/v2\/media\/917"}],"wp:attachment":[{"href":"https:\/\/precto.pl\/sklep\/wp-json\/wp\/v2\/media?parent=918"}],"wp:term":[{"taxonomy":"product_brand","embeddable":true,"href":"https:\/\/precto.pl\/sklep\/wp-json\/wp\/v2\/product_brand?post=918"},{"taxonomy":"product_cat","embeddable":true,"href":"https:\/\/precto.pl\/sklep\/wp-json\/wp\/v2\/product_cat?post=918"},{"taxonomy":"product_tag","embeddable":true,"href":"https:\/\/precto.pl\/sklep\/wp-json\/wp\/v2\/product_tag?post=918"}],"curies":[{"name":"wp","href":"https:\/\/api.w.org\/{rel}","templated":true}]}}