{"id":9083,"date":"2023-04-13T10:54:14","date_gmt":"2023-04-13T08:54:14","guid":{"rendered":"https:\/\/precto.pl\/sklep\/?post_type=product&#038;p=9083"},"modified":"2023-04-13T10:56:29","modified_gmt":"2023-04-13T08:56:29","slug":"oselka-3w1","status":"publish","type":"product","link":"https:\/\/precto.pl\/sklep\/oselka-3w1\/","title":{"rendered":"Ose\u0142ka 3w1"},"content":{"rendered":"\n<h2 class=\"wp-block-heading\">Uniwersalna ose\u0142ka do ostrzenia r\u0119cznych narz\u0119dzi tn\u0105cych<\/h2>\n\n\n\n<div class=\"wp-block-columns is-layout-flex wp-container-core-columns-is-layout-9d6595d7 wp-block-columns-is-layout-flex\">\n<div class=\"wp-block-column is-layout-flow wp-block-column-is-layout-flow\">\n<p>Uniwersalne, proste w u\u017cyciu i skuteczne narz\u0119dzie pozwalaj\u0105ce szybko naostrzy\u0107: siekiery ze szlifem no\u017cowym (np. poliamidowe siekiery STIHL), sekatory, no\u017ce, no\u017cyczki. Ergonomiczny design, \u0142atwa obs\u0142uga, profesjonalne efekty.<\/p>\n\n\n\n<figure class=\"wp-block-gallery has-nested-images columns-default is-cropped wp-block-gallery-1 is-layout-flex wp-block-gallery-is-layout-flex\"><\/figure>\n<\/div>\n\n\n\n<div class=\"wp-block-column is-layout-flow wp-block-column-is-layout-flow\">\n<figure class=\"wp-block-image size-full\"><img loading=\"lazy\" decoding=\"async\" width=\"710\" height=\"390\" src=\"https:\/\/precto.pl\/sklep\/wp-content\/uploads\/2023\/04\/precto1-99.jpg\" alt=\"\" class=\"wp-image-9084\" srcset=\"https:\/\/precto.pl\/sklep\/wp-content\/uploads\/2023\/04\/precto1-99.jpg 710w, https:\/\/precto.pl\/sklep\/wp-content\/uploads\/2023\/04\/precto1-99-300x165.jpg 300w\" sizes=\"auto, (max-width: 710px) 100vw, 710px\" \/><\/figure>\n<\/div>\n<\/div>\n\n\n\n<div class=\"wp-block-columns is-layout-flex wp-container-core-columns-is-layout-9d6595d7 wp-block-columns-is-layout-flex\">\n<div class=\"wp-block-column is-layout-flow wp-block-column-is-layout-flow\"><\/div>\n<\/div>\n","protected":false},"excerpt":{"rendered":"<p>Uniwersalna ose\u0142ka do ostrzenia r\u0119cznych narz\u0119dzi tn\u0105cych Uniwersalne, proste w u\u017cyciu i skuteczne narz\u0119dzie pozwalaj\u0105ce szybko naostrzy\u0107: siekiery ze szlifem no\u017cowym (np. poliamidowe siekiery STIHL), sekatory, no\u017ce, no\u017cyczki. Ergonomiczny design, \u0142atwa obs\u0142uga, profesjonalne efekty.<\/p>\n","protected":false},"featured_media":9085,"comment_status":"open","ping_status":"closed","template":"","meta":[],"product_brand":[],"product_cat":[58,61],"product_tag":[],"class_list":{"0":"post-9083","1":"product","2":"type-product","3":"status-publish","4":"has-post-thumbnail","6":"product_cat-narzedzia-reczne-do-lasu-i-ogrodu","7":"product_cat-sekatory-pily-nozyce","9":"first","10":"instock","11":"taxable","12":"shipping-taxable","13":"purchasable","14":"product-type-simple"},"_links":{"self":[{"href":"https:\/\/precto.pl\/sklep\/wp-json\/wp\/v2\/product\/9083","targetHints":{"allow":["GET"]}}],"collection":[{"href":"https:\/\/precto.pl\/sklep\/wp-json\/wp\/v2\/product"}],"about":[{"href":"https:\/\/precto.pl\/sklep\/wp-json\/wp\/v2\/types\/product"}],"replies":[{"embeddable":true,"href":"https:\/\/precto.pl\/sklep\/wp-json\/wp\/v2\/comments?post=9083"}],"wp:featuredmedia":[{"embeddable":true,"href":"https:\/\/precto.pl\/sklep\/wp-json\/wp\/v2\/media\/9085"}],"wp:attachment":[{"href":"https:\/\/precto.pl\/sklep\/wp-json\/wp\/v2\/media?parent=9083"}],"wp:term":[{"taxonomy":"product_brand","embeddable":true,"href":"https:\/\/precto.pl\/sklep\/wp-json\/wp\/v2\/product_brand?post=9083"},{"taxonomy":"product_cat","embeddable":true,"href":"https:\/\/precto.pl\/sklep\/wp-json\/wp\/v2\/product_cat?post=9083"},{"taxonomy":"product_tag","embeddable":true,"href":"https:\/\/precto.pl\/sklep\/wp-json\/wp\/v2\/product_tag?post=9083"}],"curies":[{"name":"wp","href":"https:\/\/api.w.org\/{rel}","templated":true}]}}