{"id":9080,"date":"2023-04-13T10:50:42","date_gmt":"2023-04-13T08:50:42","guid":{"rendered":"https:\/\/precto.pl\/sklep\/?post_type=product&#038;p=9080"},"modified":"2023-04-13T10:53:41","modified_gmt":"2023-04-13T08:53:41","slug":"oselka-dwustronna","status":"publish","type":"product","link":"https:\/\/precto.pl\/sklep\/oselka-dwustronna\/","title":{"rendered":"Ose\u0142ka dwustronna"},"content":{"rendered":"\n<h2 class=\"wp-block-heading\">Do ostrzenia r\u0119cznych narz\u0119dzi tn\u0105cych<\/h2>\n\n\n\n<div class=\"wp-block-columns is-layout-flex wp-container-core-columns-is-layout-9d6595d7 wp-block-columns-is-layout-flex\">\n<div class=\"wp-block-column is-layout-flow wp-block-column-is-layout-flow\">\n<p>Uniwersalna, 2-stronna, grube i drobne ziarno. Mo\u017cliwo\u015b\u0107 ostrzenia przy u\u017cyciu wody lub oleju. Do ostrzenia no\u017cyc do ga\u0142\u0119zi, sekator\u00f3w ogrodowych, no\u017cyc do \u017cywop\u0142ot\u00f3w oraz sierp\u00f3w, o\u015bnik\u00f3w i siekier.<\/p>\n\n\n\n<figure class=\"wp-block-gallery has-nested-images columns-default is-cropped wp-block-gallery-1 is-layout-flex wp-block-gallery-is-layout-flex\"><\/figure>\n<\/div>\n\n\n\n<div class=\"wp-block-column is-layout-flow wp-block-column-is-layout-flow\">\n<figure class=\"wp-block-image size-full\"><img loading=\"lazy\" decoding=\"async\" width=\"170\" height=\"101\" src=\"https:\/\/precto.pl\/sklep\/wp-content\/uploads\/2023\/04\/precto1-97.jpg\" alt=\"\" class=\"wp-image-9081\"\/><\/figure>\n<\/div>\n<\/div>\n\n\n\n<div class=\"wp-block-columns is-layout-flex wp-container-core-columns-is-layout-9d6595d7 wp-block-columns-is-layout-flex\">\n<div class=\"wp-block-column is-layout-flow wp-block-column-is-layout-flow\"><\/div>\n<\/div>\n","protected":false},"excerpt":{"rendered":"<p>Do ostrzenia r\u0119cznych narz\u0119dzi tn\u0105cych Uniwersalna, 2-stronna, grube i drobne ziarno. Mo\u017cliwo\u015b\u0107 ostrzenia przy u\u017cyciu wody lub oleju. Do ostrzenia no\u017cyc do ga\u0142\u0119zi, sekator\u00f3w ogrodowych, no\u017cyc do \u017cywop\u0142ot\u00f3w oraz sierp\u00f3w, o\u015bnik\u00f3w i siekier.<\/p>\n","protected":false},"featured_media":9082,"comment_status":"open","ping_status":"closed","template":"","meta":[],"product_brand":[],"product_cat":[58,61],"product_tag":[],"class_list":{"0":"post-9080","1":"product","2":"type-product","3":"status-publish","4":"has-post-thumbnail","6":"product_cat-narzedzia-reczne-do-lasu-i-ogrodu","7":"product_cat-sekatory-pily-nozyce","9":"first","10":"instock","11":"taxable","12":"shipping-taxable","13":"purchasable","14":"product-type-simple"},"_links":{"self":[{"href":"https:\/\/precto.pl\/sklep\/wp-json\/wp\/v2\/product\/9080","targetHints":{"allow":["GET"]}}],"collection":[{"href":"https:\/\/precto.pl\/sklep\/wp-json\/wp\/v2\/product"}],"about":[{"href":"https:\/\/precto.pl\/sklep\/wp-json\/wp\/v2\/types\/product"}],"replies":[{"embeddable":true,"href":"https:\/\/precto.pl\/sklep\/wp-json\/wp\/v2\/comments?post=9080"}],"wp:featuredmedia":[{"embeddable":true,"href":"https:\/\/precto.pl\/sklep\/wp-json\/wp\/v2\/media\/9082"}],"wp:attachment":[{"href":"https:\/\/precto.pl\/sklep\/wp-json\/wp\/v2\/media?parent=9080"}],"wp:term":[{"taxonomy":"product_brand","embeddable":true,"href":"https:\/\/precto.pl\/sklep\/wp-json\/wp\/v2\/product_brand?post=9080"},{"taxonomy":"product_cat","embeddable":true,"href":"https:\/\/precto.pl\/sklep\/wp-json\/wp\/v2\/product_cat?post=9080"},{"taxonomy":"product_tag","embeddable":true,"href":"https:\/\/precto.pl\/sklep\/wp-json\/wp\/v2\/product_tag?post=9080"}],"curies":[{"name":"wp","href":"https:\/\/api.w.org\/{rel}","templated":true}]}}