{"id":9073,"date":"2023-04-13T10:43:39","date_gmt":"2023-04-13T08:43:39","guid":{"rendered":"https:\/\/precto.pl\/sklep\/?post_type=product&#038;p=9073"},"modified":"2023-04-13T10:44:44","modified_gmt":"2023-04-13T08:44:44","slug":"pr-33-pily-do-galezi-z-wygietym-brzeszczotem","status":"publish","type":"product","link":"https:\/\/precto.pl\/sklep\/pr-33-pily-do-galezi-z-wygietym-brzeszczotem\/","title":{"rendered":"PR 33 Pi\u0142y do ga\u0142\u0119zi z wygi\u0119tym brzeszczotem"},"content":{"rendered":"\n<div class=\"wp-block-columns is-layout-flex wp-container-core-columns-is-layout-9d6595d7 wp-block-columns-is-layout-flex\">\n<div class=\"wp-block-column is-layout-flow wp-block-column-is-layout-flow\">\n<p>Pi\u0142a do ga\u0142\u0119zi z zakrzywionym ostrzem wykonanym ze stali chromowanej hartowanej impulsowo. Sto\u017ckowy kszta\u0142t brzeszczotu, ergonomiczny dwusk\u0142adnikowy uchwyt do bardzo szybkiego i wyj\u0105tkowo precyzyjnego ci\u0119cia ga\u0142\u0119zi. Odpowiedni zar\u00f3wno dla os\u00f3b lewo-, jak i prawor\u0119cznych. Dost\u0119pne z brzeszczotem 27 cm do ga\u0142\u0119zi o \u015brednicy do 120 mm lub z brzeszczotem 33 cm do ga\u0142\u0119zi o \u015brednicy do 150 mm. Brzeszczot 33 cm.<\/p>\n\n\n\n<figure class=\"wp-block-gallery has-nested-images columns-default is-cropped wp-block-gallery-1 is-layout-flex wp-block-gallery-is-layout-flex\"><\/figure>\n<\/div>\n\n\n\n<div class=\"wp-block-column is-layout-flow wp-block-column-is-layout-flow\">\n<figure class=\"wp-block-image size-full\"><img loading=\"lazy\" decoding=\"async\" width=\"710\" height=\"300\" src=\"https:\/\/precto.pl\/sklep\/wp-content\/uploads\/2023\/04\/precto1-91.jpg\" alt=\"\" class=\"wp-image-9071\" srcset=\"https:\/\/precto.pl\/sklep\/wp-content\/uploads\/2023\/04\/precto1-91.jpg 710w, https:\/\/precto.pl\/sklep\/wp-content\/uploads\/2023\/04\/precto1-91-300x127.jpg 300w\" sizes=\"auto, (max-width: 710px) 100vw, 710px\" \/><\/figure>\n<\/div>\n<\/div>\n\n\n\n<div class=\"wp-block-columns is-layout-flex wp-container-core-columns-is-layout-9d6595d7 wp-block-columns-is-layout-flex\">\n<div class=\"wp-block-column is-layout-flow wp-block-column-is-layout-flow\"><\/div>\n<\/div>\n","protected":false},"excerpt":{"rendered":"<p>Pi\u0142a do ga\u0142\u0119zi z zakrzywionym ostrzem wykonanym ze stali chromowanej hartowanej impulsowo. Sto\u017ckowy kszta\u0142t brzeszczotu, ergonomiczny dwusk\u0142adnikowy uchwyt do bardzo szybkiego i wyj\u0105tkowo precyzyjnego ci\u0119cia ga\u0142\u0119zi. Odpowiedni zar\u00f3wno dla os\u00f3b lewo-, jak i prawor\u0119cznych. Dost\u0119pne z brzeszczotem 27 cm do ga\u0142\u0119zi o \u015brednicy do 120 mm lub z brzeszczotem 33 cm do ga\u0142\u0119zi o \u015brednicy [&hellip;]<\/p>\n","protected":false},"featured_media":9072,"comment_status":"open","ping_status":"closed","template":"","meta":[],"product_brand":[],"product_cat":[58,61],"product_tag":[],"class_list":{"0":"post-9073","1":"product","2":"type-product","3":"status-publish","4":"has-post-thumbnail","6":"product_cat-narzedzia-reczne-do-lasu-i-ogrodu","7":"product_cat-sekatory-pily-nozyce","9":"first","10":"instock","11":"taxable","12":"shipping-taxable","13":"purchasable","14":"product-type-simple"},"_links":{"self":[{"href":"https:\/\/precto.pl\/sklep\/wp-json\/wp\/v2\/product\/9073","targetHints":{"allow":["GET"]}}],"collection":[{"href":"https:\/\/precto.pl\/sklep\/wp-json\/wp\/v2\/product"}],"about":[{"href":"https:\/\/precto.pl\/sklep\/wp-json\/wp\/v2\/types\/product"}],"replies":[{"embeddable":true,"href":"https:\/\/precto.pl\/sklep\/wp-json\/wp\/v2\/comments?post=9073"}],"wp:featuredmedia":[{"embeddable":true,"href":"https:\/\/precto.pl\/sklep\/wp-json\/wp\/v2\/media\/9072"}],"wp:attachment":[{"href":"https:\/\/precto.pl\/sklep\/wp-json\/wp\/v2\/media?parent=9073"}],"wp:term":[{"taxonomy":"product_brand","embeddable":true,"href":"https:\/\/precto.pl\/sklep\/wp-json\/wp\/v2\/product_brand?post=9073"},{"taxonomy":"product_cat","embeddable":true,"href":"https:\/\/precto.pl\/sklep\/wp-json\/wp\/v2\/product_cat?post=9073"},{"taxonomy":"product_tag","embeddable":true,"href":"https:\/\/precto.pl\/sklep\/wp-json\/wp\/v2\/product_tag?post=9073"}],"curies":[{"name":"wp","href":"https:\/\/api.w.org\/{rel}","templated":true}]}}