{"id":9064,"date":"2023-04-12T14:37:31","date_gmt":"2023-04-12T12:37:31","guid":{"rendered":"https:\/\/precto.pl\/sklep\/?post_type=product&#038;p=9064"},"modified":"2023-04-12T14:41:34","modified_gmt":"2023-04-12T12:41:34","slug":"pr-24-24cm-pily-do-galezi-z-prostym-brzeszczotem","status":"publish","type":"product","link":"https:\/\/precto.pl\/sklep\/pr-24-24cm-pily-do-galezi-z-prostym-brzeszczotem\/","title":{"rendered":"PR 24 ( 24cm) Pi\u0142y do ga\u0142\u0119zi z prostym brzeszczotem"},"content":{"rendered":"\n<h2 class=\"wp-block-heading\">Pi\u0142y ogrodnicze z prostym brzeszczotem: do szybkiego i precyzyjnego ci\u0119cia<\/h2>\n\n\n\n<div class=\"wp-block-columns is-layout-flex wp-container-core-columns-is-layout-9d6595d7 wp-block-columns-is-layout-flex\">\n<div class=\"wp-block-column is-layout-flow wp-block-column-is-layout-flow\">\n<p>Do szybkiego i precyzyjnego ci\u0119cia. Sk\u0142adane japo\u0144skie ostrze, 3-stronne, z hartowanej impulsowo, chromowanej stali, ochrona antykorozyjna, ergonomiczny uchwyt 2-cz\u0119\u015bciowy, futera\u0142 do obustronnego mocowania zar\u00f3wno dla lewo- jak i prawor\u0119cznych u\u017cytkownik\u00f3w.<\/p>\n\n\n\n<figure class=\"wp-block-gallery has-nested-images columns-default is-cropped wp-block-gallery-1 is-layout-flex wp-block-gallery-is-layout-flex\">\n<figure class=\"wp-block-image size-large\"><img loading=\"lazy\" decoding=\"async\" width=\"710\" height=\"400\" data-id=\"9066\" src=\"https:\/\/precto.pl\/sklep\/wp-content\/uploads\/2023\/04\/precto2-46.jpg\" alt=\"\" class=\"wp-image-9066\" srcset=\"https:\/\/precto.pl\/sklep\/wp-content\/uploads\/2023\/04\/precto2-46.jpg 710w, https:\/\/precto.pl\/sklep\/wp-content\/uploads\/2023\/04\/precto2-46-300x169.jpg 300w\" sizes=\"auto, (max-width: 710px) 100vw, 710px\" \/><\/figure>\n<\/figure>\n<\/div>\n\n\n\n<div class=\"wp-block-column is-layout-flow wp-block-column-is-layout-flow\">\n<figure class=\"wp-block-image size-full\"><img loading=\"lazy\" decoding=\"async\" width=\"710\" height=\"473\" src=\"https:\/\/precto.pl\/sklep\/wp-content\/uploads\/2023\/04\/precto1-89.jpg\" alt=\"\" class=\"wp-image-9065\" srcset=\"https:\/\/precto.pl\/sklep\/wp-content\/uploads\/2023\/04\/precto1-89.jpg 710w, https:\/\/precto.pl\/sklep\/wp-content\/uploads\/2023\/04\/precto1-89-300x200.jpg 300w\" sizes=\"auto, (max-width: 710px) 100vw, 710px\" \/><\/figure>\n<\/div>\n<\/div>\n\n\n\n<div class=\"wp-block-columns is-layout-flex wp-container-core-columns-is-layout-9d6595d7 wp-block-columns-is-layout-flex\">\n<div class=\"wp-block-column is-layout-flow wp-block-column-is-layout-flow\"><\/div>\n<\/div>\n","protected":false},"excerpt":{"rendered":"<p>Pi\u0142y ogrodnicze z prostym brzeszczotem: do szybkiego i precyzyjnego ci\u0119cia Do szybkiego i precyzyjnego ci\u0119cia. Sk\u0142adane japo\u0144skie ostrze, 3-stronne, z hartowanej impulsowo, chromowanej stali, ochrona antykorozyjna, ergonomiczny uchwyt 2-cz\u0119\u015bciowy, futera\u0142 do obustronnego mocowania zar\u00f3wno dla lewo- jak i prawor\u0119cznych u\u017cytkownik\u00f3w.<\/p>\n","protected":false},"featured_media":9067,"comment_status":"open","ping_status":"closed","template":"","meta":[],"product_brand":[],"product_cat":[58,61],"product_tag":[],"class_list":{"0":"post-9064","1":"product","2":"type-product","3":"status-publish","4":"has-post-thumbnail","6":"product_cat-narzedzia-reczne-do-lasu-i-ogrodu","7":"product_cat-sekatory-pily-nozyce","9":"first","10":"instock","11":"taxable","12":"shipping-taxable","13":"purchasable","14":"product-type-simple"},"_links":{"self":[{"href":"https:\/\/precto.pl\/sklep\/wp-json\/wp\/v2\/product\/9064","targetHints":{"allow":["GET"]}}],"collection":[{"href":"https:\/\/precto.pl\/sklep\/wp-json\/wp\/v2\/product"}],"about":[{"href":"https:\/\/precto.pl\/sklep\/wp-json\/wp\/v2\/types\/product"}],"replies":[{"embeddable":true,"href":"https:\/\/precto.pl\/sklep\/wp-json\/wp\/v2\/comments?post=9064"}],"wp:featuredmedia":[{"embeddable":true,"href":"https:\/\/precto.pl\/sklep\/wp-json\/wp\/v2\/media\/9067"}],"wp:attachment":[{"href":"https:\/\/precto.pl\/sklep\/wp-json\/wp\/v2\/media?parent=9064"}],"wp:term":[{"taxonomy":"product_brand","embeddable":true,"href":"https:\/\/precto.pl\/sklep\/wp-json\/wp\/v2\/product_brand?post=9064"},{"taxonomy":"product_cat","embeddable":true,"href":"https:\/\/precto.pl\/sklep\/wp-json\/wp\/v2\/product_cat?post=9064"},{"taxonomy":"product_tag","embeddable":true,"href":"https:\/\/precto.pl\/sklep\/wp-json\/wp\/v2\/product_tag?post=9064"}],"curies":[{"name":"wp","href":"https:\/\/api.w.org\/{rel}","templated":true}]}}