{"id":9061,"date":"2023-04-12T14:33:34","date_gmt":"2023-04-12T12:33:34","guid":{"rendered":"https:\/\/precto.pl\/sklep\/?post_type=product&#038;p=9061"},"modified":"2023-04-12T14:35:43","modified_gmt":"2023-04-12T12:35:43","slug":"pila-ogrodnicza-pr-32-cw-do-szybkiego-i-czystego-ciecia","status":"publish","type":"product","link":"https:\/\/precto.pl\/sklep\/pila-ogrodnicza-pr-32-cw-do-szybkiego-i-czystego-ciecia\/","title":{"rendered":"Pi\u0142a ogrodnicza PR 32 CW: do szybkiego i czystego ci\u0119cia"},"content":{"rendered":"\n<div class=\"wp-block-columns is-layout-flex wp-container-core-columns-is-layout-9d6595d7 wp-block-columns-is-layout-flex\">\n<div class=\"wp-block-column is-layout-flow wp-block-column-is-layout-flow\">\n<p>Pi\u0142a r\u0119czna &#8211; brzeszczot z ulepszonej stali w\u0119glowej, do bardzo czystego i szybkiego ci\u0119cia. Uz\u0119bienie grupowe ze szczelinami wi\u00f3rowymi, uchwyt z drewna bukowego.<\/p>\n<\/div>\n\n\n\n<div class=\"wp-block-column is-layout-flow wp-block-column-is-layout-flow\">\n<figure class=\"wp-block-image size-full\"><img loading=\"lazy\" decoding=\"async\" width=\"710\" height=\"710\" src=\"https:\/\/precto.pl\/sklep\/wp-content\/uploads\/2023\/04\/precto1-87.jpg\" alt=\"\" class=\"wp-image-9062\" srcset=\"https:\/\/precto.pl\/sklep\/wp-content\/uploads\/2023\/04\/precto1-87.jpg 710w, https:\/\/precto.pl\/sklep\/wp-content\/uploads\/2023\/04\/precto1-87-300x300.jpg 300w, https:\/\/precto.pl\/sklep\/wp-content\/uploads\/2023\/04\/precto1-87-150x150.jpg 150w, https:\/\/precto.pl\/sklep\/wp-content\/uploads\/2023\/04\/precto1-87-100x100.jpg 100w\" sizes=\"auto, (max-width: 710px) 100vw, 710px\" \/><\/figure>\n<\/div>\n<\/div>\n\n\n\n<div class=\"wp-block-columns is-layout-flex wp-container-core-columns-is-layout-9d6595d7 wp-block-columns-is-layout-flex\">\n<div class=\"wp-block-column is-layout-flow wp-block-column-is-layout-flow\"><\/div>\n<\/div>\n","protected":false},"excerpt":{"rendered":"<p>Pi\u0142a r\u0119czna &#8211; brzeszczot z ulepszonej stali w\u0119glowej, do bardzo czystego i szybkiego ci\u0119cia. Uz\u0119bienie grupowe ze szczelinami wi\u00f3rowymi, uchwyt z drewna bukowego.<\/p>\n","protected":false},"featured_media":9063,"comment_status":"open","ping_status":"closed","template":"","meta":[],"product_brand":[],"product_cat":[58,61],"product_tag":[],"class_list":{"0":"post-9061","1":"product","2":"type-product","3":"status-publish","4":"has-post-thumbnail","6":"product_cat-narzedzia-reczne-do-lasu-i-ogrodu","7":"product_cat-sekatory-pily-nozyce","9":"first","10":"instock","11":"taxable","12":"shipping-taxable","13":"purchasable","14":"product-type-simple"},"_links":{"self":[{"href":"https:\/\/precto.pl\/sklep\/wp-json\/wp\/v2\/product\/9061","targetHints":{"allow":["GET"]}}],"collection":[{"href":"https:\/\/precto.pl\/sklep\/wp-json\/wp\/v2\/product"}],"about":[{"href":"https:\/\/precto.pl\/sklep\/wp-json\/wp\/v2\/types\/product"}],"replies":[{"embeddable":true,"href":"https:\/\/precto.pl\/sklep\/wp-json\/wp\/v2\/comments?post=9061"}],"wp:featuredmedia":[{"embeddable":true,"href":"https:\/\/precto.pl\/sklep\/wp-json\/wp\/v2\/media\/9063"}],"wp:attachment":[{"href":"https:\/\/precto.pl\/sklep\/wp-json\/wp\/v2\/media?parent=9061"}],"wp:term":[{"taxonomy":"product_brand","embeddable":true,"href":"https:\/\/precto.pl\/sklep\/wp-json\/wp\/v2\/product_brand?post=9061"},{"taxonomy":"product_cat","embeddable":true,"href":"https:\/\/precto.pl\/sklep\/wp-json\/wp\/v2\/product_cat?post=9061"},{"taxonomy":"product_tag","embeddable":true,"href":"https:\/\/precto.pl\/sklep\/wp-json\/wp\/v2\/product_tag?post=9061"}],"curies":[{"name":"wp","href":"https:\/\/api.w.org\/{rel}","templated":true}]}}