{"id":9058,"date":"2023-04-12T14:28:08","date_gmt":"2023-04-12T12:28:08","guid":{"rendered":"https:\/\/precto.pl\/sklep\/?post_type=product&#038;p=9058"},"modified":"2023-04-12T14:31:40","modified_gmt":"2023-04-12T12:31:40","slug":"wysiegnik-teleskopowy-do-pr-38-ct-320-cm","status":"publish","type":"product","link":"https:\/\/precto.pl\/sklep\/wysiegnik-teleskopowy-do-pr-38-ct-320-cm\/","title":{"rendered":"Wysi\u0119gnik teleskopowy do PR 38 CT 320 cm"},"content":{"rendered":"\n<h2 class=\"wp-block-heading\">Teleskopowy wa\u0142 320 cm do pi\u0142y ogrodniczej PR 38 CT: wi\u0119kszy zasi\u0119g przy ci\u0119ciu wysokich drzew<\/h2>\n\n\n\n<div class=\"wp-block-columns is-layout-flex wp-container-core-columns-is-layout-9d6595d7 wp-block-columns-is-layout-flex\">\n<div class=\"wp-block-column is-layout-flow wp-block-column-is-layout-flow\">\n<p>D\u0142ugo\u015b\u0107 wysi\u0119gnika mo\u017cna regulowa\u0107 bezstopniowo w zakresie 1,75 m do 3,20 m. Umo\u017cliwia prac\u0119 do wysoko\u015bci ok 5 m z powierzchni ziemi. Z uchwytem pokrytym tworzywem sztucznym.<\/p>\n\n\n\n<figure class=\"wp-block-gallery has-nested-images columns-default is-cropped wp-block-gallery-1 is-layout-flex wp-block-gallery-is-layout-flex\"><\/figure>\n<\/div>\n\n\n\n<div class=\"wp-block-column is-layout-flow wp-block-column-is-layout-flow\">\n<figure class=\"wp-block-image size-full\"><img loading=\"lazy\" decoding=\"async\" width=\"710\" height=\"207\" src=\"https:\/\/precto.pl\/sklep\/wp-content\/uploads\/2023\/04\/precto1-85.jpg\" alt=\"\" class=\"wp-image-9059\" srcset=\"https:\/\/precto.pl\/sklep\/wp-content\/uploads\/2023\/04\/precto1-85.jpg 710w, https:\/\/precto.pl\/sklep\/wp-content\/uploads\/2023\/04\/precto1-85-300x87.jpg 300w\" sizes=\"auto, (max-width: 710px) 100vw, 710px\" \/><\/figure>\n<\/div>\n<\/div>\n\n\n\n<div class=\"wp-block-columns is-layout-flex wp-container-core-columns-is-layout-9d6595d7 wp-block-columns-is-layout-flex\">\n<div class=\"wp-block-column is-layout-flow wp-block-column-is-layout-flow\"><\/div>\n<\/div>\n","protected":false},"excerpt":{"rendered":"<p>Teleskopowy wa\u0142 320 cm do pi\u0142y ogrodniczej PR 38 CT: wi\u0119kszy zasi\u0119g przy ci\u0119ciu wysokich drzew D\u0142ugo\u015b\u0107 wysi\u0119gnika mo\u017cna regulowa\u0107 bezstopniowo w zakresie 1,75 m do 3,20 m. Umo\u017cliwia prac\u0119 do wysoko\u015bci ok 5 m z powierzchni ziemi. Z uchwytem pokrytym tworzywem sztucznym.<\/p>\n","protected":false},"featured_media":9060,"comment_status":"open","ping_status":"closed","template":"","meta":[],"product_brand":[],"product_cat":[58,61],"product_tag":[],"class_list":{"0":"post-9058","1":"product","2":"type-product","3":"status-publish","4":"has-post-thumbnail","6":"product_cat-narzedzia-reczne-do-lasu-i-ogrodu","7":"product_cat-sekatory-pily-nozyce","9":"first","10":"instock","11":"taxable","12":"shipping-taxable","13":"purchasable","14":"product-type-simple"},"_links":{"self":[{"href":"https:\/\/precto.pl\/sklep\/wp-json\/wp\/v2\/product\/9058","targetHints":{"allow":["GET"]}}],"collection":[{"href":"https:\/\/precto.pl\/sklep\/wp-json\/wp\/v2\/product"}],"about":[{"href":"https:\/\/precto.pl\/sklep\/wp-json\/wp\/v2\/types\/product"}],"replies":[{"embeddable":true,"href":"https:\/\/precto.pl\/sklep\/wp-json\/wp\/v2\/comments?post=9058"}],"wp:featuredmedia":[{"embeddable":true,"href":"https:\/\/precto.pl\/sklep\/wp-json\/wp\/v2\/media\/9060"}],"wp:attachment":[{"href":"https:\/\/precto.pl\/sklep\/wp-json\/wp\/v2\/media?parent=9058"}],"wp:term":[{"taxonomy":"product_brand","embeddable":true,"href":"https:\/\/precto.pl\/sklep\/wp-json\/wp\/v2\/product_brand?post=9058"},{"taxonomy":"product_cat","embeddable":true,"href":"https:\/\/precto.pl\/sklep\/wp-json\/wp\/v2\/product_cat?post=9058"},{"taxonomy":"product_tag","embeddable":true,"href":"https:\/\/precto.pl\/sklep\/wp-json\/wp\/v2\/product_tag?post=9058"}],"curies":[{"name":"wp","href":"https:\/\/api.w.org\/{rel}","templated":true}]}}