{"id":9045,"date":"2023-04-12T14:16:15","date_gmt":"2023-04-12T12:16:15","guid":{"rendered":"https:\/\/precto.pl\/sklep\/?post_type=product&#038;p=9045"},"modified":"2023-04-12T14:17:39","modified_gmt":"2023-04-12T12:17:39","slug":"nozyce-do-zywoplotu-ph-10-elastyczne-i-wszechstronne-do-przycinania-zywoplotu","status":"publish","type":"product","link":"https:\/\/precto.pl\/sklep\/nozyce-do-zywoplotu-ph-10-elastyczne-i-wszechstronne-do-przycinania-zywoplotu\/","title":{"rendered":"No\u017cyce do \u017cywop\u0142otu PH 10: elastyczne i wszechstronne do przycinania \u017cywop\u0142otu"},"content":{"rendered":"\n<div class=\"wp-block-columns is-layout-flex wp-container-core-columns-is-layout-9d6595d7 wp-block-columns-is-layout-flex\">\n<div class=\"wp-block-column is-layout-flow wp-block-column-is-layout-flow\">\n<p>Do ci\u0119cia ga\u0142\u0119zi o r\u00f3\u017cnej grubo\u015bci. Specjalna pow\u0142oka ostrzy ze szlifem falowym i rowkiem do odprowadzania sok\u00f3w ro\u015blinnych, ochrona antykorozyjna, regulacja ostrzy bez u\u017cycia narz\u0119dzi, uchwyt z drewna bukowego, odbojniki chroni\u0105ce nadgarstki. D\u0142ugo\u015b\u0107 54 cm, ci\u0119\u017car 1050 g.<\/p>\n<\/div>\n\n\n\n<div class=\"wp-block-column is-layout-flow wp-block-column-is-layout-flow\">\n<figure class=\"wp-block-image size-full\"><img loading=\"lazy\" decoding=\"async\" width=\"710\" height=\"473\" src=\"https:\/\/precto.pl\/sklep\/wp-content\/uploads\/2023\/04\/precto1-78.jpg\" alt=\"\" class=\"wp-image-9046\" srcset=\"https:\/\/precto.pl\/sklep\/wp-content\/uploads\/2023\/04\/precto1-78.jpg 710w, https:\/\/precto.pl\/sklep\/wp-content\/uploads\/2023\/04\/precto1-78-300x200.jpg 300w\" sizes=\"auto, (max-width: 710px) 100vw, 710px\" \/><\/figure>\n<\/div>\n<\/div>\n\n\n\n<div class=\"wp-block-columns is-layout-flex wp-container-core-columns-is-layout-9d6595d7 wp-block-columns-is-layout-flex\">\n<div class=\"wp-block-column is-layout-flow wp-block-column-is-layout-flow\"><\/div>\n<\/div>\n","protected":false},"excerpt":{"rendered":"<p>Do ci\u0119cia ga\u0142\u0119zi o r\u00f3\u017cnej grubo\u015bci. Specjalna pow\u0142oka ostrzy ze szlifem falowym i rowkiem do odprowadzania sok\u00f3w ro\u015blinnych, ochrona antykorozyjna, regulacja ostrzy bez u\u017cycia narz\u0119dzi, uchwyt z drewna bukowego, odbojniki chroni\u0105ce nadgarstki. D\u0142ugo\u015b\u0107 54 cm, ci\u0119\u017car 1050 g.<\/p>\n","protected":false},"featured_media":9047,"comment_status":"open","ping_status":"closed","template":"","meta":[],"product_brand":[],"product_cat":[58,61],"product_tag":[],"class_list":{"0":"post-9045","1":"product","2":"type-product","3":"status-publish","4":"has-post-thumbnail","6":"product_cat-narzedzia-reczne-do-lasu-i-ogrodu","7":"product_cat-sekatory-pily-nozyce","9":"first","10":"instock","11":"taxable","12":"shipping-taxable","13":"purchasable","14":"product-type-simple"},"_links":{"self":[{"href":"https:\/\/precto.pl\/sklep\/wp-json\/wp\/v2\/product\/9045","targetHints":{"allow":["GET"]}}],"collection":[{"href":"https:\/\/precto.pl\/sklep\/wp-json\/wp\/v2\/product"}],"about":[{"href":"https:\/\/precto.pl\/sklep\/wp-json\/wp\/v2\/types\/product"}],"replies":[{"embeddable":true,"href":"https:\/\/precto.pl\/sklep\/wp-json\/wp\/v2\/comments?post=9045"}],"wp:featuredmedia":[{"embeddable":true,"href":"https:\/\/precto.pl\/sklep\/wp-json\/wp\/v2\/media\/9047"}],"wp:attachment":[{"href":"https:\/\/precto.pl\/sklep\/wp-json\/wp\/v2\/media?parent=9045"}],"wp:term":[{"taxonomy":"product_brand","embeddable":true,"href":"https:\/\/precto.pl\/sklep\/wp-json\/wp\/v2\/product_brand?post=9045"},{"taxonomy":"product_cat","embeddable":true,"href":"https:\/\/precto.pl\/sklep\/wp-json\/wp\/v2\/product_cat?post=9045"},{"taxonomy":"product_tag","embeddable":true,"href":"https:\/\/precto.pl\/sklep\/wp-json\/wp\/v2\/product_tag?post=9045"}],"curies":[{"name":"wp","href":"https:\/\/api.w.org\/{rel}","templated":true}]}}