{"id":9036,"date":"2023-04-12T13:46:43","date_gmt":"2023-04-12T11:46:43","guid":{"rendered":"https:\/\/precto.pl\/sklep\/?post_type=product&#038;p=9036"},"modified":"2023-04-12T13:49:19","modified_gmt":"2023-04-12T11:49:19","slug":"pb-30-sekator-do-ciecia-galezi-o-duzej-srednicy","status":"publish","type":"product","link":"https:\/\/precto.pl\/sklep\/pb-30-sekator-do-ciecia-galezi-o-duzej-srednicy\/","title":{"rendered":"PB 30: Sekator do ci\u0119cia ga\u0142\u0119zi o du\u017cej \u015brednicy"},"content":{"rendered":"\n<div class=\"wp-block-columns is-layout-flex wp-container-core-columns-is-layout-9d6595d7 wp-block-columns-is-layout-flex\">\n<div class=\"wp-block-column is-layout-flow wp-block-column-is-layout-flow\">\n<p>Sekator do do ci\u0119cia \u017cywych ga\u0142\u0119zi o du\u017cej \u015brednicy. Kute ostrza, naci\u0119cia zapewniaj\u0105ce dobre trzymanie ci\u0119tego materia\u0142u, rowek do odprowadzania sok\u00f3w ro\u015blinnych zapobiegaj\u0105cy sklejaniu ostrzy, sta\u0142e smarowanie zewn\u0119trzne, \u0142atwa wymiana ostrzy, du\u017ce i ergonomiczne r\u0119koje\u015bci gumowe. D\u0142ugo\u015b\u0107 83 cm, ci\u0119\u017car 1.695 g, \u015brednica ci\u0119cia 5,0 cm.<\/p>\n<\/div>\n\n\n\n<div class=\"wp-block-column is-layout-flow wp-block-column-is-layout-flow\">\n<figure class=\"wp-block-image size-full\"><img loading=\"lazy\" decoding=\"async\" width=\"710\" height=\"299\" src=\"https:\/\/precto.pl\/sklep\/wp-content\/uploads\/2023\/04\/precto1-72.jpg\" alt=\"\" class=\"wp-image-9037\" srcset=\"https:\/\/precto.pl\/sklep\/wp-content\/uploads\/2023\/04\/precto1-72.jpg 710w, https:\/\/precto.pl\/sklep\/wp-content\/uploads\/2023\/04\/precto1-72-300x126.jpg 300w\" sizes=\"auto, (max-width: 710px) 100vw, 710px\" \/><\/figure>\n<\/div>\n<\/div>\n\n\n\n<div class=\"wp-block-columns is-layout-flex wp-container-core-columns-is-layout-9d6595d7 wp-block-columns-is-layout-flex\">\n<div class=\"wp-block-column is-layout-flow wp-block-column-is-layout-flow\"><\/div>\n<\/div>\n","protected":false},"excerpt":{"rendered":"<p>Sekator do do ci\u0119cia \u017cywych ga\u0142\u0119zi o du\u017cej \u015brednicy. Kute ostrza, naci\u0119cia zapewniaj\u0105ce dobre trzymanie ci\u0119tego materia\u0142u, rowek do odprowadzania sok\u00f3w ro\u015blinnych zapobiegaj\u0105cy sklejaniu ostrzy, sta\u0142e smarowanie zewn\u0119trzne, \u0142atwa wymiana ostrzy, du\u017ce i ergonomiczne r\u0119koje\u015bci gumowe. D\u0142ugo\u015b\u0107 83 cm, ci\u0119\u017car 1.695 g, \u015brednica ci\u0119cia 5,0 cm.<\/p>\n","protected":false},"featured_media":9038,"comment_status":"open","ping_status":"closed","template":"","meta":[],"product_brand":[],"product_cat":[58,61],"product_tag":[],"class_list":{"0":"post-9036","1":"product","2":"type-product","3":"status-publish","4":"has-post-thumbnail","6":"product_cat-narzedzia-reczne-do-lasu-i-ogrodu","7":"product_cat-sekatory-pily-nozyce","9":"first","10":"instock","11":"taxable","12":"shipping-taxable","13":"purchasable","14":"product-type-simple"},"_links":{"self":[{"href":"https:\/\/precto.pl\/sklep\/wp-json\/wp\/v2\/product\/9036","targetHints":{"allow":["GET"]}}],"collection":[{"href":"https:\/\/precto.pl\/sklep\/wp-json\/wp\/v2\/product"}],"about":[{"href":"https:\/\/precto.pl\/sklep\/wp-json\/wp\/v2\/types\/product"}],"replies":[{"embeddable":true,"href":"https:\/\/precto.pl\/sklep\/wp-json\/wp\/v2\/comments?post=9036"}],"wp:featuredmedia":[{"embeddable":true,"href":"https:\/\/precto.pl\/sklep\/wp-json\/wp\/v2\/media\/9038"}],"wp:attachment":[{"href":"https:\/\/precto.pl\/sklep\/wp-json\/wp\/v2\/media?parent=9036"}],"wp:term":[{"taxonomy":"product_brand","embeddable":true,"href":"https:\/\/precto.pl\/sklep\/wp-json\/wp\/v2\/product_brand?post=9036"},{"taxonomy":"product_cat","embeddable":true,"href":"https:\/\/precto.pl\/sklep\/wp-json\/wp\/v2\/product_cat?post=9036"},{"taxonomy":"product_tag","embeddable":true,"href":"https:\/\/precto.pl\/sklep\/wp-json\/wp\/v2\/product_tag?post=9036"}],"curies":[{"name":"wp","href":"https:\/\/api.w.org\/{rel}","templated":true}]}}