{"id":9033,"date":"2023-04-12T12:36:20","date_gmt":"2023-04-12T10:36:20","guid":{"rendered":"https:\/\/precto.pl\/sklep\/?post_type=product&#038;p=9033"},"modified":"2023-04-12T12:37:51","modified_gmt":"2023-04-12T10:37:51","slug":"nozyce-do-przycinania-bypass-pb-20-precyzyjne-ciecie-z-duza-wygoda","status":"publish","type":"product","link":"https:\/\/precto.pl\/sklep\/nozyce-do-przycinania-bypass-pb-20-precyzyjne-ciecie-z-duza-wygoda\/","title":{"rendered":"No\u017cyce do przycinania Bypass PB 20: Precyzyjne ci\u0119cie z du\u017c\u0105 wygod\u0105"},"content":{"rendered":"\n<div class=\"wp-block-columns is-layout-flex wp-container-core-columns-is-layout-9d6595d7 wp-block-columns-is-layout-flex\">\n<div class=\"wp-block-column is-layout-flow wp-block-column-is-layout-flow\">\n<p>Precyzyjnie szlifowane stalowe ostrze sekatora czyni z niego idealne narz\u0119dzie do ci\u0119cia \u017cywych ga\u0142\u0119zi bez ich mia\u017cd\u017cenia &#8211; nawet w przypadku ci\u0119cia mi\u0119kkiego materia\u0142u. \u0141atwa wymiana ostrza, chromowane przeciwostrze z g\u0142\u0119bokim rowkiem do odprowadzania sok\u00f3w ro\u015blinnych zapobiegaj\u0105cym sklejaniu ostrzy, sta\u0142e smarowanie z wewn\u0119trznego zasobnika. D\u0142ugo\u015b\u0107 80 cm, waga 1125 g, \u015brednica do 4,2 cm.<\/p>\n<\/div>\n\n\n\n<div class=\"wp-block-column is-layout-flow wp-block-column-is-layout-flow\">\n<figure class=\"wp-block-image size-full\"><img loading=\"lazy\" decoding=\"async\" width=\"710\" height=\"710\" src=\"https:\/\/precto.pl\/sklep\/wp-content\/uploads\/2023\/04\/precto1-70.jpg\" alt=\"\" class=\"wp-image-9034\" srcset=\"https:\/\/precto.pl\/sklep\/wp-content\/uploads\/2023\/04\/precto1-70.jpg 710w, https:\/\/precto.pl\/sklep\/wp-content\/uploads\/2023\/04\/precto1-70-300x300.jpg 300w, https:\/\/precto.pl\/sklep\/wp-content\/uploads\/2023\/04\/precto1-70-150x150.jpg 150w, https:\/\/precto.pl\/sklep\/wp-content\/uploads\/2023\/04\/precto1-70-100x100.jpg 100w\" sizes=\"auto, (max-width: 710px) 100vw, 710px\" \/><\/figure>\n<\/div>\n<\/div>\n\n\n\n<div class=\"wp-block-columns is-layout-flex wp-container-core-columns-is-layout-9d6595d7 wp-block-columns-is-layout-flex\">\n<div class=\"wp-block-column is-layout-flow wp-block-column-is-layout-flow\"><\/div>\n<\/div>\n","protected":false},"excerpt":{"rendered":"<p>Precyzyjnie szlifowane stalowe ostrze sekatora czyni z niego idealne narz\u0119dzie do ci\u0119cia \u017cywych ga\u0142\u0119zi bez ich mia\u017cd\u017cenia &#8211; nawet w przypadku ci\u0119cia mi\u0119kkiego materia\u0142u. \u0141atwa wymiana ostrza, chromowane przeciwostrze z g\u0142\u0119bokim rowkiem do odprowadzania sok\u00f3w ro\u015blinnych zapobiegaj\u0105cym sklejaniu ostrzy, sta\u0142e smarowanie z wewn\u0119trznego zasobnika. D\u0142ugo\u015b\u0107 80 cm, waga 1125 g, \u015brednica do 4,2 cm.<\/p>\n","protected":false},"featured_media":9035,"comment_status":"open","ping_status":"closed","template":"","meta":[],"product_brand":[],"product_cat":[58,61],"product_tag":[],"class_list":{"0":"post-9033","1":"product","2":"type-product","3":"status-publish","4":"has-post-thumbnail","6":"product_cat-narzedzia-reczne-do-lasu-i-ogrodu","7":"product_cat-sekatory-pily-nozyce","9":"first","10":"instock","11":"taxable","12":"shipping-taxable","13":"purchasable","14":"product-type-simple"},"_links":{"self":[{"href":"https:\/\/precto.pl\/sklep\/wp-json\/wp\/v2\/product\/9033","targetHints":{"allow":["GET"]}}],"collection":[{"href":"https:\/\/precto.pl\/sklep\/wp-json\/wp\/v2\/product"}],"about":[{"href":"https:\/\/precto.pl\/sklep\/wp-json\/wp\/v2\/types\/product"}],"replies":[{"embeddable":true,"href":"https:\/\/precto.pl\/sklep\/wp-json\/wp\/v2\/comments?post=9033"}],"wp:featuredmedia":[{"embeddable":true,"href":"https:\/\/precto.pl\/sklep\/wp-json\/wp\/v2\/media\/9035"}],"wp:attachment":[{"href":"https:\/\/precto.pl\/sklep\/wp-json\/wp\/v2\/media?parent=9033"}],"wp:term":[{"taxonomy":"product_brand","embeddable":true,"href":"https:\/\/precto.pl\/sklep\/wp-json\/wp\/v2\/product_brand?post=9033"},{"taxonomy":"product_cat","embeddable":true,"href":"https:\/\/precto.pl\/sklep\/wp-json\/wp\/v2\/product_cat?post=9033"},{"taxonomy":"product_tag","embeddable":true,"href":"https:\/\/precto.pl\/sklep\/wp-json\/wp\/v2\/product_tag?post=9033"}],"curies":[{"name":"wp","href":"https:\/\/api.w.org\/{rel}","templated":true}]}}