{"id":9030,"date":"2023-04-12T12:32:31","date_gmt":"2023-04-12T10:32:31","guid":{"rendered":"https:\/\/precto.pl\/sklep\/?post_type=product&#038;p=9030"},"modified":"2023-04-12T12:35:08","modified_gmt":"2023-04-12T10:35:08","slug":"nozyce-do-przycinania-bypass-pb-11-sredniej-dlugosci-nozyce-do-przycinania-w-sadach-i-winnicach","status":"publish","type":"product","link":"https:\/\/precto.pl\/sklep\/nozyce-do-przycinania-bypass-pb-11-sredniej-dlugosci-nozyce-do-przycinania-w-sadach-i-winnicach\/","title":{"rendered":"No\u017cyce do przycinania Bypass PB 11: \u015aredniej d\u0142ugo\u015bci no\u017cyce do przycinania w sadach i winnicach"},"content":{"rendered":"\n<div class=\"wp-block-columns is-layout-flex wp-container-core-columns-is-layout-9d6595d7 wp-block-columns-is-layout-flex\">\n<div class=\"wp-block-column is-layout-flow wp-block-column-is-layout-flow\">\n<p>Bardzo wytrzyma\u0142e, kute ostrza z rowkiem do odprowadzania sok\u00f3w ro\u015blinnych, odpowiedni do ci\u0119cia \u017cywych ga\u0142\u0119zi. Ostrze z wewn\u0119trznym smarowaniem, wy\u017c\u0142obienia na przeciwostrzu zapobiegaj\u0105ce wysuwaniu si\u0119 ci\u0119tego materia\u0142u, aluminiowe, ergonomiczne uchwyty, amortyzuj\u0105ce odbojniki chroni\u0105ce przeguby. D\u0142ugo\u015b\u0107 75 cm, ci\u0119\u017car 1150 g, \u015brednica do 3 cm.<\/p>\n<\/div>\n\n\n\n<div class=\"wp-block-column is-layout-flow wp-block-column-is-layout-flow\">\n<figure class=\"wp-block-image size-full\"><img loading=\"lazy\" decoding=\"async\" width=\"710\" height=\"473\" src=\"https:\/\/precto.pl\/sklep\/wp-content\/uploads\/2023\/04\/precto1-68.jpg\" alt=\"\" class=\"wp-image-9031\" srcset=\"https:\/\/precto.pl\/sklep\/wp-content\/uploads\/2023\/04\/precto1-68.jpg 710w, https:\/\/precto.pl\/sklep\/wp-content\/uploads\/2023\/04\/precto1-68-300x200.jpg 300w\" sizes=\"auto, (max-width: 710px) 100vw, 710px\" \/><\/figure>\n<\/div>\n<\/div>\n\n\n\n<div class=\"wp-block-columns is-layout-flex wp-container-core-columns-is-layout-9d6595d7 wp-block-columns-is-layout-flex\">\n<div class=\"wp-block-column is-layout-flow wp-block-column-is-layout-flow\"><\/div>\n<\/div>\n","protected":false},"excerpt":{"rendered":"<p>Bardzo wytrzyma\u0142e, kute ostrza z rowkiem do odprowadzania sok\u00f3w ro\u015blinnych, odpowiedni do ci\u0119cia \u017cywych ga\u0142\u0119zi. Ostrze z wewn\u0119trznym smarowaniem, wy\u017c\u0142obienia na przeciwostrzu zapobiegaj\u0105ce wysuwaniu si\u0119 ci\u0119tego materia\u0142u, aluminiowe, ergonomiczne uchwyty, amortyzuj\u0105ce odbojniki chroni\u0105ce przeguby. D\u0142ugo\u015b\u0107 75 cm, ci\u0119\u017car 1150 g, \u015brednica do 3 cm.<\/p>\n","protected":false},"featured_media":9032,"comment_status":"open","ping_status":"closed","template":"","meta":[],"product_brand":[],"product_cat":[58,61],"product_tag":[],"class_list":{"0":"post-9030","1":"product","2":"type-product","3":"status-publish","4":"has-post-thumbnail","6":"product_cat-narzedzia-reczne-do-lasu-i-ogrodu","7":"product_cat-sekatory-pily-nozyce","9":"first","10":"instock","11":"taxable","12":"shipping-taxable","13":"purchasable","14":"product-type-simple"},"_links":{"self":[{"href":"https:\/\/precto.pl\/sklep\/wp-json\/wp\/v2\/product\/9030","targetHints":{"allow":["GET"]}}],"collection":[{"href":"https:\/\/precto.pl\/sklep\/wp-json\/wp\/v2\/product"}],"about":[{"href":"https:\/\/precto.pl\/sklep\/wp-json\/wp\/v2\/types\/product"}],"replies":[{"embeddable":true,"href":"https:\/\/precto.pl\/sklep\/wp-json\/wp\/v2\/comments?post=9030"}],"wp:featuredmedia":[{"embeddable":true,"href":"https:\/\/precto.pl\/sklep\/wp-json\/wp\/v2\/media\/9032"}],"wp:attachment":[{"href":"https:\/\/precto.pl\/sklep\/wp-json\/wp\/v2\/media?parent=9030"}],"wp:term":[{"taxonomy":"product_brand","embeddable":true,"href":"https:\/\/precto.pl\/sklep\/wp-json\/wp\/v2\/product_brand?post=9030"},{"taxonomy":"product_cat","embeddable":true,"href":"https:\/\/precto.pl\/sklep\/wp-json\/wp\/v2\/product_cat?post=9030"},{"taxonomy":"product_tag","embeddable":true,"href":"https:\/\/precto.pl\/sklep\/wp-json\/wp\/v2\/product_tag?post=9030"}],"curies":[{"name":"wp","href":"https:\/\/api.w.org\/{rel}","templated":true}]}}