{"id":9015,"date":"2023-04-12T10:05:47","date_gmt":"2023-04-12T08:05:47","guid":{"rendered":"https:\/\/precto.pl\/sklep\/?post_type=product&#038;p=9015"},"modified":"2023-04-12T10:13:21","modified_gmt":"2023-04-12T08:13:21","slug":"pg-20-sekator-ogrodowy-uniwersalny-bypass","status":"publish","type":"product","link":"https:\/\/precto.pl\/sklep\/pg-20-sekator-ogrodowy-uniwersalny-bypass\/","title":{"rendered":"PG 20, Sekator ogrodowy uniwersalny Bypass"},"content":{"rendered":"\n<div class=\"wp-block-columns is-layout-flex wp-container-core-columns-is-layout-9d6595d7 wp-block-columns-is-layout-flex\">\n<div class=\"wp-block-column is-layout-flow wp-block-column-is-layout-flow\">\n<p>Kute, odpowiedni do ci\u0119cia \u017cywych ga\u0142\u0119zi do 20 mm \u015brednicy. Chromowane ostrza z pow\u0142ok\u0105 antykorozyjn\u0105, mo\u017cliwo\u015b\u0107 ostrzenia, zintegrowane wy\u017c\u0142obienie do ci\u0119cia drutu, ergonomiczne uchwyty z pow\u0142ok\u0105 z tworzywa sztucznego.<\/p>\n<\/div>\n\n\n\n<div class=\"wp-block-column is-layout-flow wp-block-column-is-layout-flow\">\n<figure class=\"wp-block-image size-full\"><img loading=\"lazy\" decoding=\"async\" width=\"710\" height=\"454\" src=\"https:\/\/precto.pl\/sklep\/wp-content\/uploads\/2023\/04\/precto1-59.jpg\" alt=\"\" class=\"wp-image-9016\" srcset=\"https:\/\/precto.pl\/sklep\/wp-content\/uploads\/2023\/04\/precto1-59.jpg 710w, https:\/\/precto.pl\/sklep\/wp-content\/uploads\/2023\/04\/precto1-59-300x192.jpg 300w\" sizes=\"auto, (max-width: 710px) 100vw, 710px\" \/><\/figure>\n<\/div>\n<\/div>\n\n\n\n<div class=\"wp-block-columns is-layout-flex wp-container-core-columns-is-layout-9d6595d7 wp-block-columns-is-layout-flex\">\n<div class=\"wp-block-column is-layout-flow wp-block-column-is-layout-flow\"><\/div>\n<\/div>\n","protected":false},"excerpt":{"rendered":"<p>Kute, odpowiedni do ci\u0119cia \u017cywych ga\u0142\u0119zi do 20 mm \u015brednicy. Chromowane ostrza z pow\u0142ok\u0105 antykorozyjn\u0105, mo\u017cliwo\u015b\u0107 ostrzenia, zintegrowane wy\u017c\u0142obienie do ci\u0119cia drutu, ergonomiczne uchwyty z pow\u0142ok\u0105 z tworzywa sztucznego.<\/p>\n","protected":false},"featured_media":9017,"comment_status":"open","ping_status":"closed","template":"","meta":[],"product_brand":[],"product_cat":[58,61],"product_tag":[],"class_list":{"0":"post-9015","1":"product","2":"type-product","3":"status-publish","4":"has-post-thumbnail","6":"product_cat-narzedzia-reczne-do-lasu-i-ogrodu","7":"product_cat-sekatory-pily-nozyce","9":"first","10":"instock","11":"taxable","12":"shipping-taxable","13":"purchasable","14":"product-type-simple"},"_links":{"self":[{"href":"https:\/\/precto.pl\/sklep\/wp-json\/wp\/v2\/product\/9015","targetHints":{"allow":["GET"]}}],"collection":[{"href":"https:\/\/precto.pl\/sklep\/wp-json\/wp\/v2\/product"}],"about":[{"href":"https:\/\/precto.pl\/sklep\/wp-json\/wp\/v2\/types\/product"}],"replies":[{"embeddable":true,"href":"https:\/\/precto.pl\/sklep\/wp-json\/wp\/v2\/comments?post=9015"}],"wp:featuredmedia":[{"embeddable":true,"href":"https:\/\/precto.pl\/sklep\/wp-json\/wp\/v2\/media\/9017"}],"wp:attachment":[{"href":"https:\/\/precto.pl\/sklep\/wp-json\/wp\/v2\/media?parent=9015"}],"wp:term":[{"taxonomy":"product_brand","embeddable":true,"href":"https:\/\/precto.pl\/sklep\/wp-json\/wp\/v2\/product_brand?post=9015"},{"taxonomy":"product_cat","embeddable":true,"href":"https:\/\/precto.pl\/sklep\/wp-json\/wp\/v2\/product_cat?post=9015"},{"taxonomy":"product_tag","embeddable":true,"href":"https:\/\/precto.pl\/sklep\/wp-json\/wp\/v2\/product_tag?post=9015"}],"curies":[{"name":"wp","href":"https:\/\/api.w.org\/{rel}","templated":true}]}}