{"id":8964,"date":"2023-04-06T11:26:05","date_gmt":"2023-04-06T09:26:05","guid":{"rendered":"https:\/\/precto.pl\/sklep\/?post_type=product&#038;p=8964"},"modified":"2024-07-22T19:36:11","modified_gmt":"2024-07-22T17:36:11","slug":"zylka-carbon-cf3-pro-o-27-mm-x-530-m-3k","status":"publish","type":"product","link":"https:\/\/precto.pl\/sklep\/zylka-carbon-cf3-pro-o-27-mm-x-530-m-3k\/","title":{"rendered":"\u017by\u0142ka Carbon, CF3 Pro \u00d8 2,7 mm x 53,0 m 3K"},"content":{"rendered":"\n<div class=\"wp-block-columns is-layout-flex wp-container-core-columns-is-layout-9d6595d7 wp-block-columns-is-layout-flex\">\n<div class=\"wp-block-column is-layout-flow wp-block-column-is-layout-flow\">\n<p>\u017by\u0142ka High-Tech CF3 Pro to realizacja koncepcji wyj\u0105tkowo wytrzyma\u0142ej \u017cy\u0142ki tn\u0105cej. Trzycz\u0119\u015bciowa \u017cy\u0142ka jest wykonana z wysokiej jako\u015bci poliamidu, co wyd\u0142u\u017ca jej \u017cywotno\u015b\u0107. Dzi\u0119ki skr\u0119ceniu, \u015bwiszcz\u0105cy odg\u0142os powstaj\u0105cy podczas koszenia zostaje wyt\u0142umiony. Nowy profil zapewnia lepsz\u0105 wydajno\u015b\u0107 koszenia i precyzyjne kraw\u0119dzie podczas wyr\u00f3wnywania. \u017by\u0142ka tn\u0105ca High-Tech jest kompatybilna z wieloma g\u0142owicami tn\u0105cymi STIHL.<\/p>\n\n\n\n<figure class=\"wp-block-image size-full\"><img loading=\"lazy\" decoding=\"async\" width=\"710\" height=\"428\" src=\"https:\/\/precto.pl\/sklep\/wp-content\/uploads\/2023\/04\/precto444.jpg\" alt=\"\" class=\"wp-image-8953\" srcset=\"https:\/\/precto.pl\/sklep\/wp-content\/uploads\/2023\/04\/precto444.jpg 710w, https:\/\/precto.pl\/sklep\/wp-content\/uploads\/2023\/04\/precto444-300x181.jpg 300w\" sizes=\"auto, (max-width: 710px) 100vw, 710px\" \/><\/figure>\n<\/div>\n\n\n\n<div class=\"wp-block-column is-layout-flow wp-block-column-is-layout-flow\">\n<figure class=\"wp-block-image size-large\"><img loading=\"lazy\" decoding=\"async\" width=\"768\" height=\"1024\" src=\"https:\/\/precto.pl\/sklep\/wp-content\/uploads\/2023\/04\/27-53m-precto-768x1024.png\" alt=\"\" class=\"wp-image-8965\" srcset=\"https:\/\/precto.pl\/sklep\/wp-content\/uploads\/2023\/04\/27-53m-precto-768x1024.png 768w, https:\/\/precto.pl\/sklep\/wp-content\/uploads\/2023\/04\/27-53m-precto-225x300.png 225w, https:\/\/precto.pl\/sklep\/wp-content\/uploads\/2023\/04\/27-53m-precto-300x400.png 300w, https:\/\/precto.pl\/sklep\/wp-content\/uploads\/2023\/04\/27-53m-precto-800x1067.png 800w, https:\/\/precto.pl\/sklep\/wp-content\/uploads\/2023\/04\/27-53m-precto.png 960w\" sizes=\"auto, (max-width: 768px) 100vw, 768px\" \/><\/figure>\n<\/div>\n<\/div>\n\n\n\n<div class=\"wp-block-columns is-layout-flex wp-container-core-columns-is-layout-9d6595d7 wp-block-columns-is-layout-flex\">\n<div class=\"wp-block-column is-layout-flow wp-block-column-is-layout-flow\"><\/div>\n<\/div>\n","protected":false},"excerpt":{"rendered":"<p>\u017by\u0142ka High-Tech CF3 Pro to realizacja koncepcji wyj\u0105tkowo wytrzyma\u0142ej \u017cy\u0142ki tn\u0105cej. Trzycz\u0119\u015bciowa \u017cy\u0142ka jest wykonana z wysokiej jako\u015bci poliamidu, co wyd\u0142u\u017ca jej \u017cywotno\u015b\u0107. Dzi\u0119ki skr\u0119ceniu, \u015bwiszcz\u0105cy odg\u0142os powstaj\u0105cy podczas koszenia zostaje wyt\u0142umiony. Nowy profil zapewnia lepsz\u0105 wydajno\u015b\u0107 koszenia i precyzyjne kraw\u0119dzie podczas wyr\u00f3wnywania. \u017by\u0142ka tn\u0105ca High-Tech jest kompatybilna z wieloma g\u0142owicami tn\u0105cymi STIHL.<\/p>\n","protected":false},"featured_media":8966,"comment_status":"open","ping_status":"closed","template":"","meta":[],"product_brand":[],"product_cat":[23],"product_tag":[],"class_list":{"0":"post-8964","1":"product","2":"type-product","3":"status-publish","4":"has-post-thumbnail","6":"product_cat-zylki","8":"first","9":"instock","10":"taxable","11":"shipping-taxable","12":"purchasable","13":"product-type-simple"},"_links":{"self":[{"href":"https:\/\/precto.pl\/sklep\/wp-json\/wp\/v2\/product\/8964","targetHints":{"allow":["GET"]}}],"collection":[{"href":"https:\/\/precto.pl\/sklep\/wp-json\/wp\/v2\/product"}],"about":[{"href":"https:\/\/precto.pl\/sklep\/wp-json\/wp\/v2\/types\/product"}],"replies":[{"embeddable":true,"href":"https:\/\/precto.pl\/sklep\/wp-json\/wp\/v2\/comments?post=8964"}],"wp:featuredmedia":[{"embeddable":true,"href":"https:\/\/precto.pl\/sklep\/wp-json\/wp\/v2\/media\/8966"}],"wp:attachment":[{"href":"https:\/\/precto.pl\/sklep\/wp-json\/wp\/v2\/media?parent=8964"}],"wp:term":[{"taxonomy":"product_brand","embeddable":true,"href":"https:\/\/precto.pl\/sklep\/wp-json\/wp\/v2\/product_brand?post=8964"},{"taxonomy":"product_cat","embeddable":true,"href":"https:\/\/precto.pl\/sklep\/wp-json\/wp\/v2\/product_cat?post=8964"},{"taxonomy":"product_tag","embeddable":true,"href":"https:\/\/precto.pl\/sklep\/wp-json\/wp\/v2\/product_tag?post=8964"}],"curies":[{"name":"wp","href":"https:\/\/api.w.org\/{rel}","templated":true}]}}