{"id":8926,"date":"2023-04-06T10:44:37","date_gmt":"2023-04-06T08:44:37","guid":{"rendered":"https:\/\/precto.pl\/sklep\/?post_type=product&#038;p=8926"},"modified":"2023-04-06T10:48:04","modified_gmt":"2023-04-06T08:48:04","slug":"zylka-tnaca-okragla-24-mm-x-140-m","status":"publish","type":"product","link":"https:\/\/precto.pl\/sklep\/zylka-tnaca-okragla-24-mm-x-140-m\/","title":{"rendered":"\u017by\u0142ka tn\u0105ca okr\u0105g\u0142a 2,4 mm x 14,0 m"},"content":{"rendered":"\n<div class=\"wp-block-columns is-layout-flex wp-container-core-columns-is-layout-9d6595d7 wp-block-columns-is-layout-flex\">\n<div class=\"wp-block-column is-layout-flow wp-block-column-is-layout-flow\">\n<p>\u017by\u0142ka tn\u0105ca do wszystkich rodzaj\u00f3w g\u0142owic tn\u0105cych STIHL, trwa\u0142y i elastyczny materia\u0142. Zr\u00f3\u017cnicowanie kolorystyczne pomaga wybra\u0107 odpowiedni\u0105 \u017cy\u0142k\u0119. Dost\u0119pna w r\u00f3\u017cnych \u015brednicach.<\/p>\n\n\n\n<figure class=\"wp-block-image size-full\"><img loading=\"lazy\" decoding=\"async\" width=\"710\" height=\"540\" src=\"https:\/\/precto.pl\/sklep\/wp-content\/uploads\/2023\/04\/precto111.jpg\" alt=\"\" class=\"wp-image-8923\" srcset=\"https:\/\/precto.pl\/sklep\/wp-content\/uploads\/2023\/04\/precto111.jpg 710w, https:\/\/precto.pl\/sklep\/wp-content\/uploads\/2023\/04\/precto111-300x228.jpg 300w\" sizes=\"auto, (max-width: 710px) 100vw, 710px\" \/><\/figure>\n<\/div>\n\n\n\n<div class=\"wp-block-column is-layout-flow wp-block-column-is-layout-flow\">\n<figure class=\"wp-block-image size-large\"><img loading=\"lazy\" decoding=\"async\" width=\"768\" height=\"1024\" src=\"https:\/\/precto.pl\/sklep\/wp-content\/uploads\/2023\/04\/24-14m-precto-768x1024.png\" alt=\"\" class=\"wp-image-8927\" srcset=\"https:\/\/precto.pl\/sklep\/wp-content\/uploads\/2023\/04\/24-14m-precto-768x1024.png 768w, https:\/\/precto.pl\/sklep\/wp-content\/uploads\/2023\/04\/24-14m-precto-225x300.png 225w, https:\/\/precto.pl\/sklep\/wp-content\/uploads\/2023\/04\/24-14m-precto-300x400.png 300w, https:\/\/precto.pl\/sklep\/wp-content\/uploads\/2023\/04\/24-14m-precto-800x1067.png 800w, https:\/\/precto.pl\/sklep\/wp-content\/uploads\/2023\/04\/24-14m-precto.png 960w\" sizes=\"auto, (max-width: 768px) 100vw, 768px\" \/><\/figure>\n<\/div>\n<\/div>\n\n\n\n<div class=\"wp-block-columns is-layout-flex wp-container-core-columns-is-layout-9d6595d7 wp-block-columns-is-layout-flex\">\n<div class=\"wp-block-column is-layout-flow wp-block-column-is-layout-flow\"><\/div>\n<\/div>\n","protected":false},"excerpt":{"rendered":"<p>\u017by\u0142ka tn\u0105ca do wszystkich rodzaj\u00f3w g\u0142owic tn\u0105cych STIHL, trwa\u0142y i elastyczny materia\u0142. Zr\u00f3\u017cnicowanie kolorystyczne pomaga wybra\u0107 odpowiedni\u0105 \u017cy\u0142k\u0119. Dost\u0119pna w r\u00f3\u017cnych \u015brednicach.<\/p>\n","protected":false},"featured_media":8928,"comment_status":"open","ping_status":"closed","template":"","meta":[],"product_brand":[],"product_cat":[23],"product_tag":[],"class_list":{"0":"post-8926","1":"product","2":"type-product","3":"status-publish","4":"has-post-thumbnail","6":"product_cat-zylki","8":"first","9":"instock","10":"taxable","11":"shipping-taxable","12":"purchasable","13":"product-type-simple"},"_links":{"self":[{"href":"https:\/\/precto.pl\/sklep\/wp-json\/wp\/v2\/product\/8926","targetHints":{"allow":["GET"]}}],"collection":[{"href":"https:\/\/precto.pl\/sklep\/wp-json\/wp\/v2\/product"}],"about":[{"href":"https:\/\/precto.pl\/sklep\/wp-json\/wp\/v2\/types\/product"}],"replies":[{"embeddable":true,"href":"https:\/\/precto.pl\/sklep\/wp-json\/wp\/v2\/comments?post=8926"}],"wp:featuredmedia":[{"embeddable":true,"href":"https:\/\/precto.pl\/sklep\/wp-json\/wp\/v2\/media\/8928"}],"wp:attachment":[{"href":"https:\/\/precto.pl\/sklep\/wp-json\/wp\/v2\/media?parent=8926"}],"wp:term":[{"taxonomy":"product_brand","embeddable":true,"href":"https:\/\/precto.pl\/sklep\/wp-json\/wp\/v2\/product_brand?post=8926"},{"taxonomy":"product_cat","embeddable":true,"href":"https:\/\/precto.pl\/sklep\/wp-json\/wp\/v2\/product_cat?post=8926"},{"taxonomy":"product_tag","embeddable":true,"href":"https:\/\/precto.pl\/sklep\/wp-json\/wp\/v2\/product_tag?post=8926"}],"curies":[{"name":"wp","href":"https:\/\/api.w.org\/{rel}","templated":true}]}}