{"id":8917,"date":"2023-04-06T10:34:50","date_gmt":"2023-04-06T08:34:50","guid":{"rendered":"https:\/\/precto.pl\/sklep\/?post_type=product&#038;p=8917"},"modified":"2023-04-06T10:43:18","modified_gmt":"2023-04-06T08:43:18","slug":"zylka-tnaca-okragla-i-cicha-o-16-mm-x-190-m","status":"publish","type":"product","link":"https:\/\/precto.pl\/sklep\/zylka-tnaca-okragla-i-cicha-o-16-mm-x-190-m\/","title":{"rendered":"\u017by\u0142ka tn\u0105ca, okr\u0105g\u0142a i cicha \u00d8 1,6 mm x 19,0 m"},"content":{"rendered":"\n<div class=\"wp-block-columns is-layout-flex wp-container-core-columns-is-layout-9d6595d7 wp-block-columns-is-layout-flex\">\n<div class=\"wp-block-column is-layout-flow wp-block-column-is-layout-flow\">\n<p>\u017by\u0142ki z materia\u0142u odpornego na \u015bcieranie i elastycznego w d\u0142u\u017cszym okresie. Zredukowany poziom ha\u0142asu. W r\u00f3\u017cnych \u015brednicach. Do zastosowa\u0144 z lekkimi akumulatorowymi kosami mechanicznymi.<\/p>\n\n\n\n<figure class=\"wp-block-image size-full\"><img loading=\"lazy\" decoding=\"async\" width=\"710\" height=\"540\" src=\"https:\/\/precto.pl\/sklep\/wp-content\/uploads\/2023\/04\/precto222.jpg\" alt=\"\" class=\"wp-image-8924\" srcset=\"https:\/\/precto.pl\/sklep\/wp-content\/uploads\/2023\/04\/precto222.jpg 710w, https:\/\/precto.pl\/sklep\/wp-content\/uploads\/2023\/04\/precto222-300x228.jpg 300w\" sizes=\"auto, (max-width: 710px) 100vw, 710px\" \/><\/figure>\n<\/div>\n\n\n\n<div class=\"wp-block-column is-layout-flow wp-block-column-is-layout-flow\">\n<figure class=\"wp-block-image size-large\"><img loading=\"lazy\" decoding=\"async\" width=\"688\" height=\"1024\" src=\"https:\/\/precto.pl\/sklep\/wp-content\/uploads\/2023\/04\/16-18mm-precto-688x1024.png\" alt=\"\" class=\"wp-image-8918\" srcset=\"https:\/\/precto.pl\/sklep\/wp-content\/uploads\/2023\/04\/16-18mm-precto-688x1024.png 688w, https:\/\/precto.pl\/sklep\/wp-content\/uploads\/2023\/04\/16-18mm-precto-202x300.png 202w, https:\/\/precto.pl\/sklep\/wp-content\/uploads\/2023\/04\/16-18mm-precto-768x1143.png 768w, https:\/\/precto.pl\/sklep\/wp-content\/uploads\/2023\/04\/16-18mm-precto-300x447.png 300w, https:\/\/precto.pl\/sklep\/wp-content\/uploads\/2023\/04\/16-18mm-precto-800x1191.png 800w, https:\/\/precto.pl\/sklep\/wp-content\/uploads\/2023\/04\/16-18mm-precto.png 860w\" sizes=\"auto, (max-width: 688px) 100vw, 688px\" \/><\/figure>\n<\/div>\n<\/div>\n\n\n\n<div class=\"wp-block-columns is-layout-flex wp-container-core-columns-is-layout-9d6595d7 wp-block-columns-is-layout-flex\">\n<div class=\"wp-block-column is-layout-flow wp-block-column-is-layout-flow\"><\/div>\n<\/div>\n","protected":false},"excerpt":{"rendered":"<p>\u017by\u0142ki z materia\u0142u odpornego na \u015bcieranie i elastycznego w d\u0142u\u017cszym okresie. Zredukowany poziom ha\u0142asu. W r\u00f3\u017cnych \u015brednicach. Do zastosowa\u0144 z lekkimi akumulatorowymi kosami mechanicznymi.<\/p>\n","protected":false},"featured_media":8919,"comment_status":"open","ping_status":"closed","template":"","meta":[],"product_brand":[],"product_cat":[23],"product_tag":[],"class_list":{"0":"post-8917","1":"product","2":"type-product","3":"status-publish","4":"has-post-thumbnail","6":"product_cat-zylki","8":"first","9":"instock","10":"taxable","11":"shipping-taxable","12":"purchasable","13":"product-type-simple"},"_links":{"self":[{"href":"https:\/\/precto.pl\/sklep\/wp-json\/wp\/v2\/product\/8917","targetHints":{"allow":["GET"]}}],"collection":[{"href":"https:\/\/precto.pl\/sklep\/wp-json\/wp\/v2\/product"}],"about":[{"href":"https:\/\/precto.pl\/sklep\/wp-json\/wp\/v2\/types\/product"}],"replies":[{"embeddable":true,"href":"https:\/\/precto.pl\/sklep\/wp-json\/wp\/v2\/comments?post=8917"}],"wp:featuredmedia":[{"embeddable":true,"href":"https:\/\/precto.pl\/sklep\/wp-json\/wp\/v2\/media\/8919"}],"wp:attachment":[{"href":"https:\/\/precto.pl\/sklep\/wp-json\/wp\/v2\/media?parent=8917"}],"wp:term":[{"taxonomy":"product_brand","embeddable":true,"href":"https:\/\/precto.pl\/sklep\/wp-json\/wp\/v2\/product_brand?post=8917"},{"taxonomy":"product_cat","embeddable":true,"href":"https:\/\/precto.pl\/sklep\/wp-json\/wp\/v2\/product_cat?post=8917"},{"taxonomy":"product_tag","embeddable":true,"href":"https:\/\/precto.pl\/sklep\/wp-json\/wp\/v2\/product_tag?post=8917"}],"curies":[{"name":"wp","href":"https:\/\/api.w.org\/{rel}","templated":true}]}}