{"id":8738,"date":"2023-04-01T11:34:07","date_gmt":"2023-04-01T09:34:07","guid":{"rendered":"https:\/\/precto.pl\/sklep\/?post_type=product&#038;p=8738"},"modified":"2023-04-01T11:36:25","modified_gmt":"2023-04-01T09:36:25","slug":"zestaw-serwisowy-nr-32-do-ts-700-i-ts-800","status":"publish","type":"product","link":"https:\/\/precto.pl\/sklep\/zestaw-serwisowy-nr-32-do-ts-700-i-ts-800\/","title":{"rendered":"Zestaw serwisowy nr 32 do TS 700 i TS 800"},"content":{"rendered":"\n<div class=\"wp-block-columns is-layout-flex wp-container-core-columns-is-layout-9d6595d7 wp-block-columns-is-layout-flex\">\n<div class=\"wp-block-column is-layout-flow wp-block-column-is-layout-flow\">\n<h1 class=\"wp-block-heading\"> <\/h1>\n\n\n\n<p>Zestaw serwisowy nr 32 umo\u017cliwia samodzieln\u0105 wymian\u0119 podstawowych cz\u0119\u015bci eksploatacyjnych w przecinarkach spalinowych STIHL TS 700 i TS 800. Regularna wymiana cz\u0119\u015bci eksploatacyjnych zwi\u0119ksza niezawodno\u015b\u0107 i \u017cywotno\u015b\u0107 urz\u0105dzenia. W zestawie:<\/p>\n\n\n\n<ul class=\"wp-block-list\">\n<li><strong>Filtr powietrza<\/strong><\/li>\n\n\n\n<li><strong>Filtr wst\u0119pny<\/strong><\/li>\n\n\n\n<li><strong>\u015awieca zap\u0142onowa<\/strong><\/li>\n\n\n\n<li><strong>Filtr paliwa<\/strong><\/li>\n<\/ul>\n\n\n\n<figure class=\"wp-block-gallery has-nested-images columns-default is-cropped wp-block-gallery-1 is-layout-flex wp-block-gallery-is-layout-flex\">\n<figure class=\"wp-block-image size-full\"><img loading=\"lazy\" decoding=\"async\" width=\"710\" height=\"473\" data-id=\"8740\" src=\"https:\/\/precto.pl\/sklep\/wp-content\/uploads\/2023\/04\/precto3-9.jpg\" alt=\"\" class=\"wp-image-8740\" srcset=\"https:\/\/precto.pl\/sklep\/wp-content\/uploads\/2023\/04\/precto3-9.jpg 710w, https:\/\/precto.pl\/sklep\/wp-content\/uploads\/2023\/04\/precto3-9-300x200.jpg 300w\" sizes=\"auto, (max-width: 710px) 100vw, 710px\" \/><\/figure>\n<\/figure>\n<\/div>\n\n\n\n<div class=\"wp-block-column is-layout-flow wp-block-column-is-layout-flow\">\n<figure class=\"wp-block-image size-large\"><img loading=\"lazy\" decoding=\"async\" width=\"405\" height=\"1024\" src=\"https:\/\/precto.pl\/sklep\/wp-content\/uploads\/2023\/04\/precto1-9-405x1024.jpg\" alt=\"\" class=\"wp-image-8739\" srcset=\"https:\/\/precto.pl\/sklep\/wp-content\/uploads\/2023\/04\/precto1-9-405x1024.jpg 405w, https:\/\/precto.pl\/sklep\/wp-content\/uploads\/2023\/04\/precto1-9-119x300.jpg 119w, https:\/\/precto.pl\/sklep\/wp-content\/uploads\/2023\/04\/precto1-9-300x758.jpg 300w, https:\/\/precto.pl\/sklep\/wp-content\/uploads\/2023\/04\/precto1-9.jpg 460w\" sizes=\"auto, (max-width: 405px) 100vw, 405px\" \/><\/figure>\n<\/div>\n<\/div>\n\n\n\n<div class=\"wp-block-columns is-layout-flex wp-container-core-columns-is-layout-9d6595d7 wp-block-columns-is-layout-flex\">\n<div class=\"wp-block-column is-layout-flow wp-block-column-is-layout-flow\">\n<div class=\"wp-block-columns is-layout-flex wp-container-core-columns-is-layout-9d6595d7 wp-block-columns-is-layout-flex\">\n<div class=\"wp-block-column is-layout-flow wp-block-column-is-layout-flow\"><\/div>\n\n\n\n<div class=\"wp-block-column is-layout-flow wp-block-column-is-layout-flow\"><\/div>\n<\/div>\n<\/div>\n<\/div>\n","protected":false},"excerpt":{"rendered":"<p>Zestaw serwisowy nr 32 umo\u017cliwia samodzieln\u0105 wymian\u0119 podstawowych cz\u0119\u015bci eksploatacyjnych w przecinarkach spalinowych STIHL TS 700 i TS 800. Regularna wymiana cz\u0119\u015bci eksploatacyjnych zwi\u0119ksza niezawodno\u015b\u0107 i \u017cywotno\u015b\u0107 urz\u0105dzenia. W zestawie:<\/p>\n","protected":false},"featured_media":8741,"comment_status":"open","ping_status":"closed","template":"","meta":[],"product_brand":[],"product_cat":[95],"product_tag":[],"class_list":{"0":"post-8738","1":"product","2":"type-product","3":"status-publish","4":"has-post-thumbnail","6":"product_cat-zestawy-serwisowe-stihl","8":"first","9":"instock","10":"taxable","11":"shipping-taxable","12":"purchasable","13":"product-type-simple"},"_links":{"self":[{"href":"https:\/\/precto.pl\/sklep\/wp-json\/wp\/v2\/product\/8738","targetHints":{"allow":["GET"]}}],"collection":[{"href":"https:\/\/precto.pl\/sklep\/wp-json\/wp\/v2\/product"}],"about":[{"href":"https:\/\/precto.pl\/sklep\/wp-json\/wp\/v2\/types\/product"}],"replies":[{"embeddable":true,"href":"https:\/\/precto.pl\/sklep\/wp-json\/wp\/v2\/comments?post=8738"}],"wp:featuredmedia":[{"embeddable":true,"href":"https:\/\/precto.pl\/sklep\/wp-json\/wp\/v2\/media\/8741"}],"wp:attachment":[{"href":"https:\/\/precto.pl\/sklep\/wp-json\/wp\/v2\/media?parent=8738"}],"wp:term":[{"taxonomy":"product_brand","embeddable":true,"href":"https:\/\/precto.pl\/sklep\/wp-json\/wp\/v2\/product_brand?post=8738"},{"taxonomy":"product_cat","embeddable":true,"href":"https:\/\/precto.pl\/sklep\/wp-json\/wp\/v2\/product_cat?post=8738"},{"taxonomy":"product_tag","embeddable":true,"href":"https:\/\/precto.pl\/sklep\/wp-json\/wp\/v2\/product_tag?post=8738"}],"curies":[{"name":"wp","href":"https:\/\/api.w.org\/{rel}","templated":true}]}}