{"id":8056,"date":"2022-04-06T12:21:45","date_gmt":"2022-04-06T10:21:45","guid":{"rendered":"https:\/\/precto.pl\/sklep\/?post_type=product&#038;p=8056"},"modified":"2023-03-24T09:57:09","modified_gmt":"2023-03-24T08:57:09","slug":"opryskiwacz-spalinowy-sr-430","status":"publish","type":"product","link":"https:\/\/precto.pl\/sklep\/opryskiwacz-spalinowy-sr-430\/","title":{"rendered":"Opryskiwacz spalinowy SR 430"},"content":{"rendered":"\n<p><\/p>\n\n\n\n<h2 class=\"wp-block-heading\"><\/h2>\n\n\n\n<div class=\"wp-block-columns is-layout-flex wp-container-core-columns-is-layout-9d6595d7 wp-block-columns-is-layout-flex\">\n<div class=\"wp-block-column is-layout-flow wp-block-column-is-layout-flow\">\n<div class=\"wp-block-columns is-layout-flex wp-container-core-columns-is-layout-9d6595d7 wp-block-columns-is-layout-flex\">\n<div class=\"wp-block-column is-layout-flow wp-block-column-is-layout-flow\">\n<figure class=\"wp-block-image size-full\"><img loading=\"lazy\" decoding=\"async\" width=\"710\" height=\"471\" src=\"https:\/\/precto.pl\/sklep\/wp-content\/uploads\/2022\/04\/sr-430-precto-1.jpg\" alt=\"\" class=\"wp-image-8057\" srcset=\"https:\/\/precto.pl\/sklep\/wp-content\/uploads\/2022\/04\/sr-430-precto-1.jpg 710w, https:\/\/precto.pl\/sklep\/wp-content\/uploads\/2022\/04\/sr-430-precto-1-300x199.jpg 300w\" sizes=\"auto, (max-width: 710px) 100vw, 710px\" \/><figcaption><br><\/figcaption><\/figure>\n\n\n\n<div class=\"wp-block-cover is-light\"><span aria-hidden=\"true\" class=\"wp-block-cover__gradient-background has-background-dim\"><\/span><img loading=\"lazy\" decoding=\"async\" width=\"710\" height=\"710\" class=\"wp-block-cover__image-background wp-image-8046\" alt=\"\" src=\"https:\/\/precto.pl\/sklep\/wp-content\/uploads\/2022\/04\/sr-200-precto-2-1.jpg\" data-object-fit=\"cover\" srcset=\"https:\/\/precto.pl\/sklep\/wp-content\/uploads\/2022\/04\/sr-200-precto-2-1.jpg 710w, https:\/\/precto.pl\/sklep\/wp-content\/uploads\/2022\/04\/sr-200-precto-2-1-300x300.jpg 300w, https:\/\/precto.pl\/sklep\/wp-content\/uploads\/2022\/04\/sr-200-precto-2-1-150x150.jpg 150w, https:\/\/precto.pl\/sklep\/wp-content\/uploads\/2022\/04\/sr-200-precto-2-1-100x100.jpg 100w\" sizes=\"auto, (max-width: 710px) 100vw, 710px\" \/><div class=\"wp-block-cover__inner-container is-layout-flow wp-block-cover-is-layout-flow\">\n<p><\/p>\n<\/div><\/div>\n\n\n\n<figure class=\"wp-block-gallery has-nested-images columns-default is-cropped wp-block-gallery-1 is-layout-flex wp-block-gallery-is-layout-flex\"><\/figure>\n<\/div>\n<\/div>\n<\/div>\n\n\n\n<div class=\"wp-block-column is-layout-flow wp-block-column-is-layout-flow\">\n<p>Opryskiwacz spalinowy SR 430<\/p>\n\n\n\n<p>Mocny opryskiwacz o du\u017cym zasi\u0119gu opryskiwania. System \u0142atwego uruchamiania, komfortowe szelki i prze\u0142\u0105cznik wielofunkcyjny. W komplecie 3 rodzaje kratek do zmiany formy strumienia i kierunku wylotu cieczy.<\/p>\n\n\n\n<figure class=\"wp-block-table\"><table><thead><tr><th>Dane techniczne<\/th><th>Warto\u015b\u0107<\/th><\/tr><\/thead><tbody><tr><td>Pojemno\u015b\u0107 skokowa cm\u00b3<\/td><td>63,3<\/td><\/tr><tr><td>Ci\u0119\u017car kg <sup>1)<\/sup><\/td><td>12,2<\/td><\/tr><tr><td>Poj. zbiornika l<\/td><td>14<\/td><\/tr><tr><td>Maks. zasi\u0119g opryskiwania w poziomie m<\/td><td>14,5<\/td><\/tr><tr><td>Zawarto\u015b\u0107 zbiornika paliwa l<\/td><td>1,70<\/td><\/tr><tr><td>Maksymalna wydajno\u015b\u0107 turbiny m\u00b3\/h <sup>2)<\/sup><\/td><td>1.300<\/td><\/tr><tr><td>Poziom ci\u015bnienia akustycznego dB(A) <sup>3)<\/sup><\/td><td>97<\/td><\/tr><tr><td>Warto\u015b\u0107 drga\u0144 m\/s\u00b2 <sup>4)<\/sup><\/td><td>1,9<\/td><\/tr><\/tbody><\/table><\/figure>\n\n\n\n<div class=\"wp-block-columns is-layout-flex wp-container-core-columns-is-layout-9d6595d7 wp-block-columns-is-layout-flex\">\n<div class=\"wp-block-column is-layout-flow wp-block-column-is-layout-flow\">\n<figure class=\"wp-block-gallery has-nested-images columns-default is-cropped wp-block-gallery-2 is-layout-flex wp-block-gallery-is-layout-flex\"><\/figure>\n<\/div>\n<\/div>\n\n\n\n<div class=\"wp-block-columns is-layout-flex wp-container-core-columns-is-layout-9d6595d7 wp-block-columns-is-layout-flex\">\n<div class=\"wp-block-column is-layout-flow wp-block-column-is-layout-flow\">\n<p><\/p>\n<\/div>\n<\/div>\n<\/div>\n<\/div>\n\n\n\n<div class=\"wp-block-columns is-layout-flex wp-container-core-columns-is-layout-9d6595d7 wp-block-columns-is-layout-flex\">\n<div class=\"wp-block-column is-layout-flow wp-block-column-is-layout-flow\">\n<h2 class=\"wp-block-heading\">Praktyczna pokrywka zbiornika<\/h2>\n\n\n\n<p>Otwieranie i zdejmowanie praktycznej pokrywki nawet jedn\u0105 r\u0119k\u0105. Du\u017cy otw\u00f3r wlewowy umo\u017cliwia szybkie i czyste nape\u0142nienie. Ulewy zostaj\u0105 zminimalizowane a zbiornik \u0142atwo si\u0119 czy\u015bci.<\/p>\n<\/div>\n\n\n\n<div class=\"wp-block-column is-layout-flow wp-block-column-is-layout-flow\">\n<figure class=\"wp-block-image size-full\"><img loading=\"lazy\" decoding=\"async\" width=\"480\" height=\"480\" src=\"https:\/\/precto.pl\/sklep\/wp-content\/uploads\/2022\/04\/pokrywka-precto-1.jpg\" alt=\"\" class=\"wp-image-8047\" srcset=\"https:\/\/precto.pl\/sklep\/wp-content\/uploads\/2022\/04\/pokrywka-precto-1.jpg 480w, https:\/\/precto.pl\/sklep\/wp-content\/uploads\/2022\/04\/pokrywka-precto-1-300x300.jpg 300w, https:\/\/precto.pl\/sklep\/wp-content\/uploads\/2022\/04\/pokrywka-precto-1-150x150.jpg 150w, https:\/\/precto.pl\/sklep\/wp-content\/uploads\/2022\/04\/pokrywka-precto-1-100x100.jpg 100w\" sizes=\"auto, (max-width: 480px) 100vw, 480px\" \/><\/figure>\n<\/div>\n<\/div>\n\n\n\n<div class=\"wp-block-columns is-layout-flex wp-container-core-columns-is-layout-9d6595d7 wp-block-columns-is-layout-flex\">\n<div class=\"wp-block-column is-layout-flow wp-block-column-is-layout-flow\">\n<figure class=\"wp-block-image size-full\"><img loading=\"lazy\" decoding=\"async\" width=\"480\" height=\"350\" src=\"https:\/\/precto.pl\/sklep\/wp-content\/uploads\/2022\/04\/proste-uruchamianie-precto-1.jpg\" alt=\"\" class=\"wp-image-8048\" srcset=\"https:\/\/precto.pl\/sklep\/wp-content\/uploads\/2022\/04\/proste-uruchamianie-precto-1.jpg 480w, https:\/\/precto.pl\/sklep\/wp-content\/uploads\/2022\/04\/proste-uruchamianie-precto-1-300x219.jpg 300w\" sizes=\"auto, (max-width: 480px) 100vw, 480px\" \/><\/figure>\n<\/div>\n\n\n\n<div class=\"wp-block-column is-layout-flow wp-block-column-is-layout-flow\">\n<h2 class=\"wp-block-heading\">Proste uruchamienie<\/h2>\n\n\n\n<p>Proste i szybkie uruchamianie poprzez automatyczny regulator gazu, funkcja ssania i odpowietrzania. (Zdj\u0119cie zbli\u017cone do rzeczywistego)<\/p>\n<\/div>\n<\/div>\n\n\n\n<div class=\"wp-block-columns is-layout-flex wp-container-core-columns-is-layout-9d6595d7 wp-block-columns-is-layout-flex\">\n<div class=\"wp-block-column is-layout-flow wp-block-column-is-layout-flow\">\n<h2 class=\"wp-block-heading\">Kratki kierunkowe<\/h2>\n\n\n\n<p>W komplecie 3 rodzaje wymiennych kratek do zmiany formy strumienia i kierunku wylotu cieczy. (Zdj. pogl\u0105dowe).<\/p>\n<\/div>\n\n\n\n<div class=\"wp-block-column is-layout-flow wp-block-column-is-layout-flow\">\n<figure class=\"wp-block-gallery has-nested-images columns-default is-cropped wp-block-gallery-3 is-layout-flex wp-block-gallery-is-layout-flex\">\n<figure class=\"wp-block-image size-full\"><img loading=\"lazy\" decoding=\"async\" width=\"480\" height=\"250\" data-id=\"8049\" src=\"https:\/\/precto.pl\/sklep\/wp-content\/uploads\/2022\/04\/kratki-kierunkowe-precto-1.jpg\" alt=\"\" class=\"wp-image-8049\" srcset=\"https:\/\/precto.pl\/sklep\/wp-content\/uploads\/2022\/04\/kratki-kierunkowe-precto-1.jpg 480w, https:\/\/precto.pl\/sklep\/wp-content\/uploads\/2022\/04\/kratki-kierunkowe-precto-1-300x156.jpg 300w\" sizes=\"auto, (max-width: 480px) 100vw, 480px\" \/><\/figure>\n<\/figure>\n<\/div>\n<\/div>\n\n\n\n<div class=\"wp-block-columns is-layout-flex wp-container-core-columns-is-layout-9d6595d7 wp-block-columns-is-layout-flex\">\n<div class=\"wp-block-column is-layout-flow wp-block-column-is-layout-flow\">\n<figure class=\"wp-block-gallery has-nested-images columns-default is-cropped wp-block-gallery-4 is-layout-flex wp-block-gallery-is-layout-flex\">\n<figure class=\"wp-block-image size-full\"><img loading=\"lazy\" decoding=\"async\" width=\"480\" height=\"480\" data-id=\"8050\" src=\"https:\/\/precto.pl\/sklep\/wp-content\/uploads\/2022\/04\/silnik-2mix-precto-1.jpg\" alt=\"\" class=\"wp-image-8050\" srcset=\"https:\/\/precto.pl\/sklep\/wp-content\/uploads\/2022\/04\/silnik-2mix-precto-1.jpg 480w, https:\/\/precto.pl\/sklep\/wp-content\/uploads\/2022\/04\/silnik-2mix-precto-1-300x300.jpg 300w, https:\/\/precto.pl\/sklep\/wp-content\/uploads\/2022\/04\/silnik-2mix-precto-1-150x150.jpg 150w, https:\/\/precto.pl\/sklep\/wp-content\/uploads\/2022\/04\/silnik-2mix-precto-1-100x100.jpg 100w\" sizes=\"auto, (max-width: 480px) 100vw, 480px\" \/><\/figure>\n<\/figure>\n<\/div>\n\n\n\n<div class=\"wp-block-column is-layout-flow wp-block-column-is-layout-flow\">\n<h2 class=\"wp-block-heading\">STIHL Silnik 2-MIX<\/h2>\n\n\n\n<p>Podczas procesu przep\u0142ukiwania warstwa powietrza nie zawieraj\u0105ca paliwa zostaje umieszczona pomi\u0119dzy wydalanymi spalinami a \u015bwie\u017c\u0105 porcj\u0105 mieszanki w skrzyni korbowej silnika. Efekt: obni\u017cenie strat paliwa podczas procesu przep\u0142ukiwania, ochrona zdrowia operatora i \u015brodowiska naturalnego oraz do 20% mniejsze zu\u017cycie paliwa w por\u00f3wnaniu do dwusuwowych modeli o tej samej mocy technologii 2-MIX.<\/p>\n<\/div>\n<\/div>\n\n\n\n<div class=\"wp-block-columns is-layout-flex wp-container-core-columns-is-layout-9d6595d7 wp-block-columns-is-layout-flex\">\n<div class=\"wp-block-column is-layout-flow wp-block-column-is-layout-flow\">\n<h2 class=\"wp-block-heading\">Jednor\u0119czny uchwyt wielofunkcyjny<\/h2>\n\n\n\n<p>Funkcje obs\u0142ugi silnika zintegrowano w uchwycie. W tym miejscu znajduje si\u0119 r\u00f3wnie\u017c zaw\u00f3r do dozowania rozpylanej substancji, kt\u00f3ry mo\u017cna komfortowo i ergonomicznie w\u0142\u0105cza\u0107 i wy\u0142\u0105cza\u0107. (zdj. zbli\u017cone do rzeczywistego)<\/p>\n<\/div>\n\n\n\n<div class=\"wp-block-column is-layout-flow wp-block-column-is-layout-flow\">\n<figure class=\"wp-block-gallery has-nested-images columns-default is-cropped wp-block-gallery-5 is-layout-flex wp-block-gallery-is-layout-flex\">\n<figure class=\"wp-block-image size-full\"><img loading=\"lazy\" decoding=\"async\" width=\"480\" height=\"480\" data-id=\"8051\" src=\"https:\/\/precto.pl\/sklep\/wp-content\/uploads\/2022\/04\/jednoreczny-uchwyt-precto-1.jpg\" alt=\"\" class=\"wp-image-8051\" srcset=\"https:\/\/precto.pl\/sklep\/wp-content\/uploads\/2022\/04\/jednoreczny-uchwyt-precto-1.jpg 480w, https:\/\/precto.pl\/sklep\/wp-content\/uploads\/2022\/04\/jednoreczny-uchwyt-precto-1-300x300.jpg 300w, https:\/\/precto.pl\/sklep\/wp-content\/uploads\/2022\/04\/jednoreczny-uchwyt-precto-1-150x150.jpg 150w, https:\/\/precto.pl\/sklep\/wp-content\/uploads\/2022\/04\/jednoreczny-uchwyt-precto-1-100x100.jpg 100w\" sizes=\"auto, (max-width: 480px) 100vw, 480px\" \/><\/figure>\n<\/figure>\n<\/div>\n<\/div>\n\n\n\n<div class=\"wp-block-columns is-layout-flex wp-container-core-columns-is-layout-9d6595d7 wp-block-columns-is-layout-flex\">\n<div class=\"wp-block-column is-layout-flow wp-block-column-is-layout-flow\">\n<figure class=\"wp-block-gallery has-nested-images columns-default is-cropped wp-block-gallery-6 is-layout-flex wp-block-gallery-is-layout-flex\">\n<figure class=\"wp-block-image size-full\"><img loading=\"lazy\" decoding=\"async\" width=\"480\" height=\"480\" data-id=\"8058\" src=\"https:\/\/precto.pl\/sklep\/wp-content\/uploads\/2022\/04\/anty-precto-1.jpg\" alt=\"\" class=\"wp-image-8058\" srcset=\"https:\/\/precto.pl\/sklep\/wp-content\/uploads\/2022\/04\/anty-precto-1.jpg 480w, https:\/\/precto.pl\/sklep\/wp-content\/uploads\/2022\/04\/anty-precto-1-300x300.jpg 300w, https:\/\/precto.pl\/sklep\/wp-content\/uploads\/2022\/04\/anty-precto-1-150x150.jpg 150w, https:\/\/precto.pl\/sklep\/wp-content\/uploads\/2022\/04\/anty-precto-1-100x100.jpg 100w\" sizes=\"auto, (max-width: 480px) 100vw, 480px\" \/><figcaption>STIHL S42T005<\/figcaption><\/figure>\n<\/figure>\n<\/div>\n\n\n\n<div class=\"wp-block-column is-layout-flow wp-block-column-is-layout-flow\">\n<h2 class=\"wp-block-heading\">System antywibracyjny<\/h2>\n\n\n\n<p>System antywibracyjny skutecznie odci\u0105\u017ca organizm operatora od uci\u0105\u017cliwych drga\u0144. Gumowe elementy amortyzuj\u0105ce redukuj\u0105 przenoszenie drga\u0144, generowanych przez pracuj\u0105cy silnik. Uchwyt opryskiwacza przenosi wyj\u0105tkowo niewielk\u0105 ilo\u015b\u0107 wibracji. Zapewnia to komfort i oszcz\u0119dno\u015b\u0107 si\u0142 podczas pracy. (Zdj\u0119cie zbli\u017cone do orygina\u0142u).<\/p>\n<\/div>\n<\/div>\n\n\n\n<div class=\"wp-block-columns is-layout-flex wp-container-core-columns-is-layout-9d6595d7 wp-block-columns-is-layout-flex\">\n<div class=\"wp-block-column is-layout-flow wp-block-column-is-layout-flow\">\n<h2 class=\"wp-block-heading\">Kompaktowa budowa<\/h2>\n\n\n\n<p>Wyj\u0105tkowy komfort noszenia dzi\u0119ki zwartej budowie i bliskiemu cia\u0142u \u015brodkowi ci\u0119\u017cko\u015bci.<\/p>\n<\/div>\n\n\n\n<div class=\"wp-block-column is-layout-flow wp-block-column-is-layout-flow\">\n<figure class=\"wp-block-image size-full\"><img loading=\"lazy\" decoding=\"async\" width=\"480\" height=\"480\" src=\"https:\/\/precto.pl\/sklep\/wp-content\/uploads\/2022\/04\/kompaktowa-budowa-precto-1.jpg\" alt=\"\" class=\"wp-image-8053\" srcset=\"https:\/\/precto.pl\/sklep\/wp-content\/uploads\/2022\/04\/kompaktowa-budowa-precto-1.jpg 480w, https:\/\/precto.pl\/sklep\/wp-content\/uploads\/2022\/04\/kompaktowa-budowa-precto-1-300x300.jpg 300w, https:\/\/precto.pl\/sklep\/wp-content\/uploads\/2022\/04\/kompaktowa-budowa-precto-1-150x150.jpg 150w, https:\/\/precto.pl\/sklep\/wp-content\/uploads\/2022\/04\/kompaktowa-budowa-precto-1-100x100.jpg 100w\" sizes=\"auto, (max-width: 480px) 100vw, 480px\" \/><\/figure>\n<\/div>\n<\/div>\n\n\n\n<div class=\"wp-block-columns is-layout-flex wp-container-core-columns-is-layout-9d6595d7 wp-block-columns-is-layout-flex\">\n<div class=\"wp-block-column is-layout-flow wp-block-column-is-layout-flow\">\n<figure class=\"wp-block-image size-full\"><img loading=\"lazy\" decoding=\"async\" width=\"480\" height=\"480\" src=\"https:\/\/precto.pl\/sklep\/wp-content\/uploads\/2022\/04\/kolnierz-precto-1.jpg\" alt=\"\" class=\"wp-image-8054\" srcset=\"https:\/\/precto.pl\/sklep\/wp-content\/uploads\/2022\/04\/kolnierz-precto-1.jpg 480w, https:\/\/precto.pl\/sklep\/wp-content\/uploads\/2022\/04\/kolnierz-precto-1-300x300.jpg 300w, https:\/\/precto.pl\/sklep\/wp-content\/uploads\/2022\/04\/kolnierz-precto-1-150x150.jpg 150w, https:\/\/precto.pl\/sklep\/wp-content\/uploads\/2022\/04\/kolnierz-precto-1-100x100.jpg 100w\" sizes=\"auto, (max-width: 480px) 100vw, 480px\" \/><\/figure>\n<\/div>\n\n\n\n<div class=\"wp-block-column is-layout-flow wp-block-column-is-layout-flow\">\n<h2 class=\"wp-block-heading\">Ko\u0142nierz ochronny<\/h2>\n\n\n\n<p>Ko\u0142nierz ochronny zatrzymuj\u0105cy ewentualne wylewki powstaj\u0105ce przy nape\u0142nianiu \u015brodkiem opryskowym. Zabezpiecza w ten spos\u00f3b poduszk\u0119 pod plecami i dzi\u0119ki temu maj\u0105 Pa\u0144stwo ca\u0142y czas suche plecy.<\/p>\n<\/div>\n<\/div>\n\n\n\n<div class=\"wp-block-columns is-layout-flex wp-container-core-columns-is-layout-9d6595d7 wp-block-columns-is-layout-flex\">\n<div class=\"wp-block-column is-layout-flow wp-block-column-is-layout-flow\">\n<h2 class=\"wp-block-heading\">STIHL ElastoStart<\/h2>\n\n\n\n<p>Ci\u015bnienie spr\u0119\u017cania powoduje podczas uruchamiania silnik\u00f3w 2-suwowych powstawanie odbi\u0107 obci\u0105\u017caj\u0105cych mi\u0119\u015bnie i stawy operatora. W systemie ElastoStart specjalny element amortyzuj\u0105cy umieszczony w uchwycie rozrusznika rozci\u0105ga si\u0119 odpowiednio do dzia\u0142aj\u0105cej si\u0142y i umo\u017cliwia p\u0142ynne uruchomienie urz\u0105dzenia bez szarpni\u0119\u0107.<\/p>\n<\/div>\n\n\n\n<div class=\"wp-block-column is-layout-flow wp-block-column-is-layout-flow\">\n<figure class=\"wp-block-gallery has-nested-images columns-default is-cropped wp-block-gallery-7 is-layout-flex wp-block-gallery-is-layout-flex\">\n<figure class=\"wp-block-image size-large\"><img loading=\"lazy\" decoding=\"async\" width=\"480\" height=\"480\" data-id=\"8059\" src=\"https:\/\/precto.pl\/sklep\/wp-content\/uploads\/2022\/04\/elasto-precto-1.jpg\" alt=\"\" class=\"wp-image-8059\" srcset=\"https:\/\/precto.pl\/sklep\/wp-content\/uploads\/2022\/04\/elasto-precto-1.jpg 480w, https:\/\/precto.pl\/sklep\/wp-content\/uploads\/2022\/04\/elasto-precto-1-300x300.jpg 300w, https:\/\/precto.pl\/sklep\/wp-content\/uploads\/2022\/04\/elasto-precto-1-150x150.jpg 150w, https:\/\/precto.pl\/sklep\/wp-content\/uploads\/2022\/04\/elasto-precto-1-100x100.jpg 100w\" sizes=\"auto, (max-width: 480px) 100vw, 480px\" \/><\/figure>\n<\/figure>\n<\/div>\n<\/div>\n\n\n\n<div class=\"wp-block-columns is-layout-flex wp-container-core-columns-is-layout-9d6595d7 wp-block-columns-is-layout-flex\">\n<div class=\"wp-block-column is-layout-flow wp-block-column-is-layout-flow\">\n<figure class=\"wp-block-gallery has-nested-images columns-default is-cropped wp-block-gallery-8 is-layout-flex wp-block-gallery-is-layout-flex\">\n<figure class=\"wp-block-image size-large\"><img loading=\"lazy\" decoding=\"async\" width=\"480\" height=\"480\" data-id=\"8060\" src=\"https:\/\/precto.pl\/sklep\/wp-content\/uploads\/2022\/04\/system-nosnuy-precto-1.jpg\" alt=\"\" class=\"wp-image-8060\" srcset=\"https:\/\/precto.pl\/sklep\/wp-content\/uploads\/2022\/04\/system-nosnuy-precto-1.jpg 480w, https:\/\/precto.pl\/sklep\/wp-content\/uploads\/2022\/04\/system-nosnuy-precto-1-300x300.jpg 300w, https:\/\/precto.pl\/sklep\/wp-content\/uploads\/2022\/04\/system-nosnuy-precto-1-150x150.jpg 150w, https:\/\/precto.pl\/sklep\/wp-content\/uploads\/2022\/04\/system-nosnuy-precto-1-100x100.jpg 100w\" sizes=\"auto, (max-width: 480px) 100vw, 480px\" \/><\/figure>\n<\/figure>\n<\/div>\n\n\n\n<div class=\"wp-block-column is-layout-flow wp-block-column-is-layout-flow\">\n<h2 class=\"wp-block-heading\">System no\u015bny<\/h2>\n\n\n\n<p>Opryskiwacze zosta\u0142y wyposa\u017cone w komfortowy system no\u015bny. Podczas pracy odczuwa si\u0119 bardzo korzystny rozk\u0142ad ci\u0119\u017caru. (zdj. zbli\u017cone do rzeczywistego)<\/p>\n<\/div>\n<\/div>\n\n\n\n<div class=\"wp-block-columns is-layout-flex wp-container-core-columns-is-layout-9d6595d7 wp-block-columns-is-layout-flex\">\n<div class=\"wp-block-column is-layout-flow wp-block-column-is-layout-flow\">\n<h2 class=\"wp-block-heading\">14-litrowy zbiornik z duzym otworem wlewowym<\/h2>\n\n\n\n<p>14-litrowy zbiornik posiada du\u017cy otw\u00f3r wlewowy i zapewnia d\u0142ugotrwa\u0142\u0105 prac\u0119 bez konieczno\u015bci ponownego nape\u0142niania. Dzi\u0119ki du\u017cemu otworowi, zbiornik mo\u017cna \u0142atwo oczy\u015bci\u0107. (zdj. zbli\u017cone do rzeczywistego)<\/p>\n<\/div>\n\n\n\n<div class=\"wp-block-column is-layout-flow wp-block-column-is-layout-flow\">\n<figure class=\"wp-block-gallery has-nested-images columns-default is-cropped wp-block-gallery-9 is-layout-flex wp-block-gallery-is-layout-flex\">\n<figure class=\"wp-block-image size-large\"><img loading=\"lazy\" decoding=\"async\" width=\"480\" height=\"480\" data-id=\"8061\" src=\"https:\/\/precto.pl\/sklep\/wp-content\/uploads\/2022\/04\/14-litrowy-precto-1.jpg\" alt=\"\" class=\"wp-image-8061\" srcset=\"https:\/\/precto.pl\/sklep\/wp-content\/uploads\/2022\/04\/14-litrowy-precto-1.jpg 480w, https:\/\/precto.pl\/sklep\/wp-content\/uploads\/2022\/04\/14-litrowy-precto-1-300x300.jpg 300w, https:\/\/precto.pl\/sklep\/wp-content\/uploads\/2022\/04\/14-litrowy-precto-1-150x150.jpg 150w, https:\/\/precto.pl\/sklep\/wp-content\/uploads\/2022\/04\/14-litrowy-precto-1-100x100.jpg 100w\" sizes=\"auto, (max-width: 480px) 100vw, 480px\" \/><\/figure>\n<\/figure>\n<\/div>\n<\/div>\n\n\n\n<div class=\"wp-block-columns is-layout-flex wp-container-core-columns-is-layout-9d6595d7 wp-block-columns-is-layout-flex\">\n<div class=\"wp-block-column is-layout-flow wp-block-column-is-layout-flow\"><\/div>\n\n\n\n<div class=\"wp-block-column is-layout-flow wp-block-column-is-layout-flow\"><\/div>\n<\/div>\n\n\n\n<div class=\"wp-block-columns is-layout-flex wp-container-core-columns-is-layout-9d6595d7 wp-block-columns-is-layout-flex\">\n<div class=\"wp-block-column is-layout-flow wp-block-column-is-layout-flow\"><\/div>\n\n\n\n<div class=\"wp-block-column is-layout-flow wp-block-column-is-layout-flow\"><\/div>\n<\/div>\n\n\n\n<div class=\"wp-block-columns is-layout-flex wp-container-core-columns-is-layout-9d6595d7 wp-block-columns-is-layout-flex\">\n<div class=\"wp-block-column is-layout-flow wp-block-column-is-layout-flow\"><\/div>\n\n\n\n<div class=\"wp-block-column is-layout-flow wp-block-column-is-layout-flow\"><\/div>\n<\/div>\n\n\n\n<div class=\"wp-block-columns is-layout-flex wp-container-core-columns-is-layout-9d6595d7 wp-block-columns-is-layout-flex\">\n<div class=\"wp-block-column is-layout-flow wp-block-column-is-layout-flow\"><\/div>\n\n\n\n<div class=\"wp-block-column is-vertically-aligned-top is-layout-flow wp-block-column-is-layout-flow\"><\/div>\n<\/div>\n\n\n\n<div class=\"wp-block-columns is-layout-flex wp-container-core-columns-is-layout-9d6595d7 wp-block-columns-is-layout-flex\">\n<div class=\"wp-block-column is-layout-flow wp-block-column-is-layout-flow\"><\/div>\n\n\n\n<div class=\"wp-block-column is-layout-flow wp-block-column-is-layout-flow\"><\/div>\n<\/div>\n\n\n\n<div class=\"wp-block-columns is-layout-flex wp-container-core-columns-is-layout-9d6595d7 wp-block-columns-is-layout-flex\">\n<div class=\"wp-block-column is-layout-flow wp-block-column-is-layout-flow\"><\/div>\n\n\n\n<div class=\"wp-block-column is-layout-flow wp-block-column-is-layout-flow\"><\/div>\n<\/div>\n\n\n\n<div class=\"wp-block-columns is-layout-flex wp-container-core-columns-is-layout-9d6595d7 wp-block-columns-is-layout-flex\">\n<div class=\"wp-block-column is-layout-flow wp-block-column-is-layout-flow\"><\/div>\n\n\n\n<div class=\"wp-block-column is-layout-flow wp-block-column-is-layout-flow\"><\/div>\n<\/div>\n\n\n\n<div class=\"wp-block-columns is-layout-flex wp-container-core-columns-is-layout-9d6595d7 wp-block-columns-is-layout-flex\">\n<div class=\"wp-block-column is-layout-flow wp-block-column-is-layout-flow\"><\/div>\n\n\n\n<div class=\"wp-block-column is-layout-flow wp-block-column-is-layout-flow\"><\/div>\n<\/div>\n\n\n\n<div class=\"wp-block-columns is-layout-flex wp-container-core-columns-is-layout-9d6595d7 wp-block-columns-is-layout-flex\">\n<div class=\"wp-block-column is-layout-flow wp-block-column-is-layout-flow\"><\/div>\n<\/div>\n\n\n\n<div class=\"wp-block-columns is-layout-flex wp-container-core-columns-is-layout-9d6595d7 wp-block-columns-is-layout-flex\">\n<div class=\"wp-block-column is-layout-flow wp-block-column-is-layout-flow\"><\/div>\n<\/div>\n\n\n\n<div class=\"wp-block-columns is-layout-flex wp-container-core-columns-is-layout-9d6595d7 wp-block-columns-is-layout-flex\">\n<div class=\"wp-block-column is-layout-flow wp-block-column-is-layout-flow\"><\/div>\n\n\n\n<div class=\"wp-block-column is-layout-flow wp-block-column-is-layout-flow\"><\/div>\n<\/div>\n\n\n\n<div class=\"wp-block-columns is-layout-flex wp-container-core-columns-is-layout-9d6595d7 wp-block-columns-is-layout-flex\">\n<div class=\"wp-block-column is-layout-flow wp-block-column-is-layout-flow\"><\/div>\n\n\n\n<div class=\"wp-block-column is-layout-flow wp-block-column-is-layout-flow\"><\/div>\n<\/div>\n\n\n\n<div class=\"wp-block-columns is-layout-flex wp-container-core-columns-is-layout-9d6595d7 wp-block-columns-is-layout-flex\"><\/div>\n\n\n\n<div class=\"wp-block-columns is-layout-flex wp-container-core-columns-is-layout-9d6595d7 wp-block-columns-is-layout-flex\">\n<div class=\"wp-block-column is-layout-flow wp-block-column-is-layout-flow\"><\/div>\n<\/div>\n\n\n\n<p><\/p>\n","protected":false},"excerpt":{"rendered":"<p>Opryskiwacz spalinowy SR 430 Mocny opryskiwacz o du\u017cym zasi\u0119gu opryskiwania. System \u0142atwego uruchamiania, komfortowe szelki i prze\u0142\u0105cznik wielofunkcyjny. W komplecie 3 rodzaje kratek do zmiany formy strumienia i kierunku wylotu cieczy. Dane techniczne Warto\u015b\u0107 Pojemno\u015b\u0107 skokowa cm\u00b3 63,3 Ci\u0119\u017car kg 1) 12,2 Poj. zbiornika l 14 Maks. zasi\u0119g opryskiwania w poziomie m 14,5 Zawarto\u015b\u0107 zbiornika [&hellip;]<\/p>\n","protected":false},"featured_media":8062,"comment_status":"open","ping_status":"closed","template":"","meta":[],"product_brand":[],"product_cat":[84,67],"product_tag":[],"class_list":{"0":"post-8056","1":"product","2":"type-product","3":"status-publish","4":"has-post-thumbnail","6":"product_cat-opryskiwacze","7":"product_cat-urzadzenia-do-pracy-w-ogrodzie","9":"first","10":"instock","11":"taxable","12":"shipping-taxable","13":"purchasable","14":"product-type-simple"},"_links":{"self":[{"href":"https:\/\/precto.pl\/sklep\/wp-json\/wp\/v2\/product\/8056","targetHints":{"allow":["GET"]}}],"collection":[{"href":"https:\/\/precto.pl\/sklep\/wp-json\/wp\/v2\/product"}],"about":[{"href":"https:\/\/precto.pl\/sklep\/wp-json\/wp\/v2\/types\/product"}],"replies":[{"embeddable":true,"href":"https:\/\/precto.pl\/sklep\/wp-json\/wp\/v2\/comments?post=8056"}],"wp:featuredmedia":[{"embeddable":true,"href":"https:\/\/precto.pl\/sklep\/wp-json\/wp\/v2\/media\/8062"}],"wp:attachment":[{"href":"https:\/\/precto.pl\/sklep\/wp-json\/wp\/v2\/media?parent=8056"}],"wp:term":[{"taxonomy":"product_brand","embeddable":true,"href":"https:\/\/precto.pl\/sklep\/wp-json\/wp\/v2\/product_brand?post=8056"},{"taxonomy":"product_cat","embeddable":true,"href":"https:\/\/precto.pl\/sklep\/wp-json\/wp\/v2\/product_cat?post=8056"},{"taxonomy":"product_tag","embeddable":true,"href":"https:\/\/precto.pl\/sklep\/wp-json\/wp\/v2\/product_tag?post=8056"}],"curies":[{"name":"wp","href":"https:\/\/api.w.org\/{rel}","templated":true}]}}