{"id":8042,"date":"2022-04-06T12:05:51","date_gmt":"2022-04-06T10:05:51","guid":{"rendered":"https:\/\/precto.pl\/sklep\/?post_type=product&#038;p=8042"},"modified":"2023-03-24T09:56:59","modified_gmt":"2023-03-24T08:56:59","slug":"opryskiwacz-spalinowy-sr-200","status":"publish","type":"product","link":"https:\/\/precto.pl\/sklep\/opryskiwacz-spalinowy-sr-200\/","title":{"rendered":"Opryskiwacz spalinowy SR 200"},"content":{"rendered":"\n<p><\/p>\n\n\n\n<h2 class=\"wp-block-heading\"><\/h2>\n\n\n\n<div class=\"wp-block-columns is-layout-flex wp-container-core-columns-is-layout-9d6595d7 wp-block-columns-is-layout-flex\">\n<div class=\"wp-block-column is-layout-flow wp-block-column-is-layout-flow\">\n<div class=\"wp-block-columns is-layout-flex wp-container-core-columns-is-layout-9d6595d7 wp-block-columns-is-layout-flex\">\n<div class=\"wp-block-column is-layout-flow wp-block-column-is-layout-flow\">\n<figure class=\"wp-block-image size-full\"><img loading=\"lazy\" decoding=\"async\" width=\"710\" height=\"400\" src=\"https:\/\/precto.pl\/sklep\/wp-content\/uploads\/2022\/04\/sr-200-precto-1.jpg\" alt=\"\" class=\"wp-image-8043\" srcset=\"https:\/\/precto.pl\/sklep\/wp-content\/uploads\/2022\/04\/sr-200-precto-1.jpg 710w, https:\/\/precto.pl\/sklep\/wp-content\/uploads\/2022\/04\/sr-200-precto-1-300x169.jpg 300w\" sizes=\"auto, (max-width: 710px) 100vw, 710px\" \/><figcaption><br><\/figcaption><\/figure>\n\n\n\n<div class=\"wp-block-cover is-light\"><span aria-hidden=\"true\" class=\"wp-block-cover__gradient-background has-background-dim\"><\/span><img loading=\"lazy\" decoding=\"async\" width=\"710\" height=\"710\" class=\"wp-block-cover__image-background wp-image-8046\" alt=\"\" src=\"https:\/\/precto.pl\/sklep\/wp-content\/uploads\/2022\/04\/sr-200-precto-2-1.jpg\" data-object-fit=\"cover\" srcset=\"https:\/\/precto.pl\/sklep\/wp-content\/uploads\/2022\/04\/sr-200-precto-2-1.jpg 710w, https:\/\/precto.pl\/sklep\/wp-content\/uploads\/2022\/04\/sr-200-precto-2-1-300x300.jpg 300w, https:\/\/precto.pl\/sklep\/wp-content\/uploads\/2022\/04\/sr-200-precto-2-1-150x150.jpg 150w, https:\/\/precto.pl\/sklep\/wp-content\/uploads\/2022\/04\/sr-200-precto-2-1-100x100.jpg 100w\" sizes=\"auto, (max-width: 710px) 100vw, 710px\" \/><div class=\"wp-block-cover__inner-container is-layout-flow wp-block-cover-is-layout-flow\">\n<p><\/p>\n<\/div><\/div>\n\n\n\n<figure class=\"wp-block-gallery has-nested-images columns-default is-cropped wp-block-gallery-1 is-layout-flex wp-block-gallery-is-layout-flex\"><\/figure>\n<\/div>\n<\/div>\n<\/div>\n\n\n\n<div class=\"wp-block-column is-layout-flow wp-block-column-is-layout-flow\">\n<p>Opryskiwacz spalinowy SR 200<\/p>\n\n\n\n<p>Lekki opryskiwacz, wyj\u0105tkowo wysoki komfort u\u017cytkowania dzi\u0119ki kompaktowej budowie i umiejscowieniu \u015brodka ci\u0119\u017cko\u015bci blisko cia\u0142a operatora. Idealny do ro\u015blinno\u015bci o wysoko\u015bci do 2,5 m. System \u0142atwego uruchamiania, prze\u0142\u0105cznik wielofunkcyjny i ko\u0142nierz ochronny zabezpieczaj\u0105cy przed rozlaniem substancji. W komplecie z kratkami do zmiany formy strumienia i kierunku wylotu cieczy.<\/p>\n\n\n\n<figure class=\"wp-block-table\"><table><thead><tr><th>Dane techniczne<\/th><th>Warto\u015b\u0107<\/th><\/tr><\/thead><tbody><tr><td>Pojemno\u015b\u0107 skokowa cm\u00b3<\/td><td>27,2<\/td><\/tr><tr><td>Ci\u0119\u017car kg <sup>1)<\/sup><\/td><td>7,8<\/td><\/tr><tr><td>Poziom ci\u015bnienia akustycznego dB(A) <sup>2)<\/sup><\/td><td>94<\/td><\/tr><tr><td>Warto\u015b\u0107 drga\u0144 m\/s\u00b2 <sup>3)<\/sup><\/td><td>1,5<\/td><\/tr><tr><td>Maksymalna wydajno\u015b\u0107 turbiny m\u00b3\/h <sup>4)<\/sup><\/td><td>780<\/td><\/tr><tr><td>Maks. zasi\u0119g opryskiwania w poziomie m<\/td><td>9<\/td><\/tr><tr><td>Zawarto\u015b\u0107 zbiornika paliwa l<\/td><td>1,05<\/td><\/tr><tr><td>Poj. zbiornika l<\/td><td>10<\/td><\/tr><\/tbody><\/table><\/figure>\n\n\n\n<div class=\"wp-block-columns is-layout-flex wp-container-core-columns-is-layout-9d6595d7 wp-block-columns-is-layout-flex\">\n<div class=\"wp-block-column is-layout-flow wp-block-column-is-layout-flow\">\n<figure class=\"wp-block-gallery has-nested-images columns-default is-cropped wp-block-gallery-2 is-layout-flex wp-block-gallery-is-layout-flex\"><\/figure>\n<\/div>\n<\/div>\n\n\n\n<div class=\"wp-block-columns is-layout-flex wp-container-core-columns-is-layout-9d6595d7 wp-block-columns-is-layout-flex\">\n<div class=\"wp-block-column is-layout-flow wp-block-column-is-layout-flow\">\n<p><\/p>\n<\/div>\n<\/div>\n<\/div>\n<\/div>\n\n\n\n<div class=\"wp-block-columns is-layout-flex wp-container-core-columns-is-layout-9d6595d7 wp-block-columns-is-layout-flex\">\n<div class=\"wp-block-column is-layout-flow wp-block-column-is-layout-flow\">\n<h2 class=\"wp-block-heading\">Praktyczna pokrywka zbiornika<\/h2>\n\n\n\n<p>Otwieranie i zdejmowanie praktycznej pokrywki nawet jedn\u0105 r\u0119k\u0105. Du\u017cy otw\u00f3r wlewowy umo\u017cliwia szybkie i czyste nape\u0142nienie. Ulewy zostaj\u0105 zminimalizowane a zbiornik \u0142atwo si\u0119 czy\u015bci.<\/p>\n<\/div>\n\n\n\n<div class=\"wp-block-column is-layout-flow wp-block-column-is-layout-flow\">\n<figure class=\"wp-block-image size-full\"><img loading=\"lazy\" decoding=\"async\" width=\"480\" height=\"480\" src=\"https:\/\/precto.pl\/sklep\/wp-content\/uploads\/2022\/04\/pokrywka-precto-1.jpg\" alt=\"\" class=\"wp-image-8047\" srcset=\"https:\/\/precto.pl\/sklep\/wp-content\/uploads\/2022\/04\/pokrywka-precto-1.jpg 480w, https:\/\/precto.pl\/sklep\/wp-content\/uploads\/2022\/04\/pokrywka-precto-1-300x300.jpg 300w, https:\/\/precto.pl\/sklep\/wp-content\/uploads\/2022\/04\/pokrywka-precto-1-150x150.jpg 150w, https:\/\/precto.pl\/sklep\/wp-content\/uploads\/2022\/04\/pokrywka-precto-1-100x100.jpg 100w\" sizes=\"auto, (max-width: 480px) 100vw, 480px\" \/><\/figure>\n<\/div>\n<\/div>\n\n\n\n<div class=\"wp-block-columns is-layout-flex wp-container-core-columns-is-layout-9d6595d7 wp-block-columns-is-layout-flex\">\n<div class=\"wp-block-column is-layout-flow wp-block-column-is-layout-flow\">\n<figure class=\"wp-block-image size-full\"><img loading=\"lazy\" decoding=\"async\" width=\"480\" height=\"350\" src=\"https:\/\/precto.pl\/sklep\/wp-content\/uploads\/2022\/04\/proste-uruchamianie-precto-1.jpg\" alt=\"\" class=\"wp-image-8048\" srcset=\"https:\/\/precto.pl\/sklep\/wp-content\/uploads\/2022\/04\/proste-uruchamianie-precto-1.jpg 480w, https:\/\/precto.pl\/sklep\/wp-content\/uploads\/2022\/04\/proste-uruchamianie-precto-1-300x219.jpg 300w\" sizes=\"auto, (max-width: 480px) 100vw, 480px\" \/><\/figure>\n<\/div>\n\n\n\n<div class=\"wp-block-column is-layout-flow wp-block-column-is-layout-flow\">\n<h2 class=\"wp-block-heading\">Proste uruchamienie<\/h2>\n\n\n\n<p>Proste i szybkie uruchamianie poprzez automatyczny regulator gazu, funkcja ssania i odpowietrzania. (Zdj\u0119cie zbli\u017cone do rzeczywistego)<\/p>\n<\/div>\n<\/div>\n\n\n\n<div class=\"wp-block-columns is-layout-flex wp-container-core-columns-is-layout-9d6595d7 wp-block-columns-is-layout-flex\">\n<div class=\"wp-block-column is-layout-flow wp-block-column-is-layout-flow\">\n<h2 class=\"wp-block-heading\">Kratki kierunkowe<\/h2>\n\n\n\n<p>W komplecie 3 rodzaje wymiennych kratek do zmiany formy strumienia i kierunku wylotu cieczy. (Zdj. pogl\u0105dowe).<\/p>\n<\/div>\n\n\n\n<div class=\"wp-block-column is-layout-flow wp-block-column-is-layout-flow\">\n<figure class=\"wp-block-gallery has-nested-images columns-default is-cropped wp-block-gallery-3 is-layout-flex wp-block-gallery-is-layout-flex\">\n<figure class=\"wp-block-image size-full\"><img loading=\"lazy\" decoding=\"async\" width=\"480\" height=\"250\" data-id=\"8049\" src=\"https:\/\/precto.pl\/sklep\/wp-content\/uploads\/2022\/04\/kratki-kierunkowe-precto-1.jpg\" alt=\"\" class=\"wp-image-8049\" srcset=\"https:\/\/precto.pl\/sklep\/wp-content\/uploads\/2022\/04\/kratki-kierunkowe-precto-1.jpg 480w, https:\/\/precto.pl\/sklep\/wp-content\/uploads\/2022\/04\/kratki-kierunkowe-precto-1-300x156.jpg 300w\" sizes=\"auto, (max-width: 480px) 100vw, 480px\" \/><\/figure>\n<\/figure>\n<\/div>\n<\/div>\n\n\n\n<div class=\"wp-block-columns is-layout-flex wp-container-core-columns-is-layout-9d6595d7 wp-block-columns-is-layout-flex\">\n<div class=\"wp-block-column is-layout-flow wp-block-column-is-layout-flow\">\n<figure class=\"wp-block-gallery has-nested-images columns-default is-cropped wp-block-gallery-4 is-layout-flex wp-block-gallery-is-layout-flex\">\n<figure class=\"wp-block-image size-full\"><img loading=\"lazy\" decoding=\"async\" width=\"480\" height=\"480\" data-id=\"8050\" src=\"https:\/\/precto.pl\/sklep\/wp-content\/uploads\/2022\/04\/silnik-2mix-precto-1.jpg\" alt=\"\" class=\"wp-image-8050\" srcset=\"https:\/\/precto.pl\/sklep\/wp-content\/uploads\/2022\/04\/silnik-2mix-precto-1.jpg 480w, https:\/\/precto.pl\/sklep\/wp-content\/uploads\/2022\/04\/silnik-2mix-precto-1-300x300.jpg 300w, https:\/\/precto.pl\/sklep\/wp-content\/uploads\/2022\/04\/silnik-2mix-precto-1-150x150.jpg 150w, https:\/\/precto.pl\/sklep\/wp-content\/uploads\/2022\/04\/silnik-2mix-precto-1-100x100.jpg 100w\" sizes=\"auto, (max-width: 480px) 100vw, 480px\" \/><\/figure>\n<\/figure>\n<\/div>\n\n\n\n<div class=\"wp-block-column is-layout-flow wp-block-column-is-layout-flow\">\n<h2 class=\"wp-block-heading\">STIHL Silnik 2-MIX<\/h2>\n\n\n\n<p>Podczas procesu przep\u0142ukiwania warstwa powietrza nie zawieraj\u0105ca paliwa zostaje umieszczona pomi\u0119dzy wydalanymi spalinami a \u015bwie\u017c\u0105 porcj\u0105 mieszanki w skrzyni korbowej silnika. Efekt: obni\u017cenie strat paliwa podczas procesu przep\u0142ukiwania, ochrona zdrowia operatora i \u015brodowiska naturalnego oraz do 20% mniejsze zu\u017cycie paliwa w por\u00f3wnaniu do dwusuwowych modeli o tej samej mocy technologii 2-MIX.<\/p>\n<\/div>\n<\/div>\n\n\n\n<div class=\"wp-block-columns is-layout-flex wp-container-core-columns-is-layout-9d6595d7 wp-block-columns-is-layout-flex\">\n<div class=\"wp-block-column is-layout-flow wp-block-column-is-layout-flow\">\n<h2 class=\"wp-block-heading\">Jednor\u0119czny uchwyt wielofunkcyjny<\/h2>\n\n\n\n<p>Funkcje obs\u0142ugi silnika zintegrowano w uchwycie. W tym miejscu znajduje si\u0119 r\u00f3wnie\u017c zaw\u00f3r do dozowania rozpylanej substancji, kt\u00f3ry mo\u017cna komfortowo i ergonomicznie w\u0142\u0105cza\u0107 i wy\u0142\u0105cza\u0107. (zdj. zbli\u017cone do rzeczywistego)<\/p>\n<\/div>\n\n\n\n<div class=\"wp-block-column is-layout-flow wp-block-column-is-layout-flow\">\n<figure class=\"wp-block-gallery has-nested-images columns-default is-cropped wp-block-gallery-5 is-layout-flex wp-block-gallery-is-layout-flex\">\n<figure class=\"wp-block-image size-full\"><img loading=\"lazy\" decoding=\"async\" width=\"480\" height=\"480\" data-id=\"8051\" src=\"https:\/\/precto.pl\/sklep\/wp-content\/uploads\/2022\/04\/jednoreczny-uchwyt-precto-1.jpg\" alt=\"\" class=\"wp-image-8051\" srcset=\"https:\/\/precto.pl\/sklep\/wp-content\/uploads\/2022\/04\/jednoreczny-uchwyt-precto-1.jpg 480w, https:\/\/precto.pl\/sklep\/wp-content\/uploads\/2022\/04\/jednoreczny-uchwyt-precto-1-300x300.jpg 300w, https:\/\/precto.pl\/sklep\/wp-content\/uploads\/2022\/04\/jednoreczny-uchwyt-precto-1-150x150.jpg 150w, https:\/\/precto.pl\/sklep\/wp-content\/uploads\/2022\/04\/jednoreczny-uchwyt-precto-1-100x100.jpg 100w\" sizes=\"auto, (max-width: 480px) 100vw, 480px\" \/><\/figure>\n<\/figure>\n<\/div>\n<\/div>\n\n\n\n<div class=\"wp-block-columns is-layout-flex wp-container-core-columns-is-layout-9d6595d7 wp-block-columns-is-layout-flex\">\n<div class=\"wp-block-column is-layout-flow wp-block-column-is-layout-flow\">\n<figure class=\"wp-block-gallery has-nested-images columns-default is-cropped wp-block-gallery-6 is-layout-flex wp-block-gallery-is-layout-flex\">\n<figure class=\"wp-block-image size-full\"><img loading=\"lazy\" decoding=\"async\" width=\"480\" height=\"480\" data-id=\"8052\" src=\"https:\/\/precto.pl\/sklep\/wp-content\/uploads\/2022\/04\/system-antywibracyjny-precto-1.jpg\" alt=\"\" class=\"wp-image-8052\" srcset=\"https:\/\/precto.pl\/sklep\/wp-content\/uploads\/2022\/04\/system-antywibracyjny-precto-1.jpg 480w, https:\/\/precto.pl\/sklep\/wp-content\/uploads\/2022\/04\/system-antywibracyjny-precto-1-300x300.jpg 300w, https:\/\/precto.pl\/sklep\/wp-content\/uploads\/2022\/04\/system-antywibracyjny-precto-1-150x150.jpg 150w, https:\/\/precto.pl\/sklep\/wp-content\/uploads\/2022\/04\/system-antywibracyjny-precto-1-100x100.jpg 100w\" sizes=\"auto, (max-width: 480px) 100vw, 480px\" \/><\/figure>\n<\/figure>\n<\/div>\n\n\n\n<div class=\"wp-block-column is-layout-flow wp-block-column-is-layout-flow\">\n<h2 class=\"wp-block-heading\">System antywibracyjny<\/h2>\n\n\n\n<p>System antywibracyjny skutecznie odci\u0105\u017ca organizm operatora od uci\u0105\u017cliwych drga\u0144. Gumowe elementy amortyzuj\u0105ce redukuj\u0105 przenoszenie drga\u0144, generowanych przez pracuj\u0105cy silnik. Uchwyt opryskiwacza przenosi wyj\u0105tkowo niewielk\u0105 ilo\u015b\u0107 wibracji. Zapewnia to komfort i oszcz\u0119dno\u015b\u0107 si\u0142 podczas pracy. (Zdj\u0119cie zbli\u017cone do orygina\u0142u).<\/p>\n<\/div>\n<\/div>\n\n\n\n<div class=\"wp-block-columns is-layout-flex wp-container-core-columns-is-layout-9d6595d7 wp-block-columns-is-layout-flex\">\n<div class=\"wp-block-column is-layout-flow wp-block-column-is-layout-flow\">\n<h2 class=\"wp-block-heading\">Kompaktowa budowa<\/h2>\n\n\n\n<p>Wyj\u0105tkowy komfort noszenia dzi\u0119ki zwartej budowie i bliskiemu cia\u0142u \u015brodkowi ci\u0119\u017cko\u015bci.<\/p>\n<\/div>\n\n\n\n<div class=\"wp-block-column is-layout-flow wp-block-column-is-layout-flow\">\n<figure class=\"wp-block-image size-full\"><img loading=\"lazy\" decoding=\"async\" width=\"480\" height=\"480\" src=\"https:\/\/precto.pl\/sklep\/wp-content\/uploads\/2022\/04\/kompaktowa-budowa-precto-1.jpg\" alt=\"\" class=\"wp-image-8053\" srcset=\"https:\/\/precto.pl\/sklep\/wp-content\/uploads\/2022\/04\/kompaktowa-budowa-precto-1.jpg 480w, https:\/\/precto.pl\/sklep\/wp-content\/uploads\/2022\/04\/kompaktowa-budowa-precto-1-300x300.jpg 300w, https:\/\/precto.pl\/sklep\/wp-content\/uploads\/2022\/04\/kompaktowa-budowa-precto-1-150x150.jpg 150w, https:\/\/precto.pl\/sklep\/wp-content\/uploads\/2022\/04\/kompaktowa-budowa-precto-1-100x100.jpg 100w\" sizes=\"auto, (max-width: 480px) 100vw, 480px\" \/><\/figure>\n<\/div>\n<\/div>\n\n\n\n<div class=\"wp-block-columns is-layout-flex wp-container-core-columns-is-layout-9d6595d7 wp-block-columns-is-layout-flex\">\n<div class=\"wp-block-column is-layout-flow wp-block-column-is-layout-flow\">\n<figure class=\"wp-block-image size-full\"><img loading=\"lazy\" decoding=\"async\" width=\"480\" height=\"480\" src=\"https:\/\/precto.pl\/sklep\/wp-content\/uploads\/2022\/04\/kolnierz-precto-1.jpg\" alt=\"\" class=\"wp-image-8054\" srcset=\"https:\/\/precto.pl\/sklep\/wp-content\/uploads\/2022\/04\/kolnierz-precto-1.jpg 480w, https:\/\/precto.pl\/sklep\/wp-content\/uploads\/2022\/04\/kolnierz-precto-1-300x300.jpg 300w, https:\/\/precto.pl\/sklep\/wp-content\/uploads\/2022\/04\/kolnierz-precto-1-150x150.jpg 150w, https:\/\/precto.pl\/sklep\/wp-content\/uploads\/2022\/04\/kolnierz-precto-1-100x100.jpg 100w\" sizes=\"auto, (max-width: 480px) 100vw, 480px\" \/><\/figure>\n<\/div>\n\n\n\n<div class=\"wp-block-column is-layout-flow wp-block-column-is-layout-flow\">\n<h2 class=\"wp-block-heading\">Ko\u0142nierz ochronny<\/h2>\n\n\n\n<p>Ko\u0142nierz ochronny zatrzymuj\u0105cy ewentualne wylewki powstaj\u0105ce przy nape\u0142nianiu \u015brodkiem opryskowym. Zabezpiecza w ten spos\u00f3b poduszk\u0119 pod plecami i dzi\u0119ki temu maj\u0105 Pa\u0144stwo ca\u0142y czas suche plecy.<\/p>\n<\/div>\n<\/div>\n\n\n\n<div class=\"wp-block-columns is-layout-flex wp-container-core-columns-is-layout-9d6595d7 wp-block-columns-is-layout-flex\">\n<div class=\"wp-block-column is-layout-flow wp-block-column-is-layout-flow\"><\/div>\n\n\n\n<div class=\"wp-block-column is-layout-flow wp-block-column-is-layout-flow\"><\/div>\n<\/div>\n\n\n\n<div class=\"wp-block-columns is-layout-flex wp-container-core-columns-is-layout-9d6595d7 wp-block-columns-is-layout-flex\">\n<div class=\"wp-block-column is-layout-flow wp-block-column-is-layout-flow\"><\/div>\n\n\n\n<div class=\"wp-block-column is-layout-flow wp-block-column-is-layout-flow\"><\/div>\n<\/div>\n\n\n\n<div class=\"wp-block-columns is-layout-flex wp-container-core-columns-is-layout-9d6595d7 wp-block-columns-is-layout-flex\">\n<div class=\"wp-block-column is-layout-flow wp-block-column-is-layout-flow\"><\/div>\n\n\n\n<div class=\"wp-block-column is-layout-flow wp-block-column-is-layout-flow\"><\/div>\n<\/div>\n\n\n\n<div class=\"wp-block-columns is-layout-flex wp-container-core-columns-is-layout-9d6595d7 wp-block-columns-is-layout-flex\">\n<div class=\"wp-block-column is-layout-flow wp-block-column-is-layout-flow\"><\/div>\n\n\n\n<div class=\"wp-block-column is-layout-flow wp-block-column-is-layout-flow\"><\/div>\n<\/div>\n\n\n\n<div class=\"wp-block-columns is-layout-flex wp-container-core-columns-is-layout-9d6595d7 wp-block-columns-is-layout-flex\">\n<div class=\"wp-block-column is-layout-flow wp-block-column-is-layout-flow\"><\/div>\n\n\n\n<div class=\"wp-block-column is-layout-flow wp-block-column-is-layout-flow\"><\/div>\n<\/div>\n\n\n\n<div class=\"wp-block-columns is-layout-flex wp-container-core-columns-is-layout-9d6595d7 wp-block-columns-is-layout-flex\">\n<div class=\"wp-block-column is-layout-flow wp-block-column-is-layout-flow\"><\/div>\n\n\n\n<div class=\"wp-block-column is-layout-flow wp-block-column-is-layout-flow\"><\/div>\n<\/div>\n\n\n\n<div class=\"wp-block-columns is-layout-flex wp-container-core-columns-is-layout-9d6595d7 wp-block-columns-is-layout-flex\">\n<div class=\"wp-block-column is-layout-flow wp-block-column-is-layout-flow\"><\/div>\n\n\n\n<div class=\"wp-block-column is-vertically-aligned-top is-layout-flow wp-block-column-is-layout-flow\"><\/div>\n<\/div>\n\n\n\n<div class=\"wp-block-columns is-layout-flex wp-container-core-columns-is-layout-9d6595d7 wp-block-columns-is-layout-flex\">\n<div class=\"wp-block-column is-layout-flow wp-block-column-is-layout-flow\"><\/div>\n\n\n\n<div class=\"wp-block-column is-layout-flow wp-block-column-is-layout-flow\"><\/div>\n<\/div>\n\n\n\n<div class=\"wp-block-columns is-layout-flex wp-container-core-columns-is-layout-9d6595d7 wp-block-columns-is-layout-flex\">\n<div class=\"wp-block-column is-layout-flow wp-block-column-is-layout-flow\"><\/div>\n\n\n\n<div class=\"wp-block-column is-layout-flow wp-block-column-is-layout-flow\"><\/div>\n<\/div>\n\n\n\n<div class=\"wp-block-columns is-layout-flex wp-container-core-columns-is-layout-9d6595d7 wp-block-columns-is-layout-flex\">\n<div class=\"wp-block-column is-layout-flow wp-block-column-is-layout-flow\"><\/div>\n\n\n\n<div class=\"wp-block-column is-layout-flow wp-block-column-is-layout-flow\"><\/div>\n<\/div>\n\n\n\n<div class=\"wp-block-columns is-layout-flex wp-container-core-columns-is-layout-9d6595d7 wp-block-columns-is-layout-flex\">\n<div class=\"wp-block-column is-layout-flow wp-block-column-is-layout-flow\"><\/div>\n\n\n\n<div class=\"wp-block-column is-layout-flow wp-block-column-is-layout-flow\"><\/div>\n<\/div>\n\n\n\n<div class=\"wp-block-columns is-layout-flex wp-container-core-columns-is-layout-9d6595d7 wp-block-columns-is-layout-flex\">\n<div class=\"wp-block-column is-layout-flow wp-block-column-is-layout-flow\"><\/div>\n<\/div>\n\n\n\n<div class=\"wp-block-columns is-layout-flex wp-container-core-columns-is-layout-9d6595d7 wp-block-columns-is-layout-flex\">\n<div class=\"wp-block-column is-layout-flow wp-block-column-is-layout-flow\"><\/div>\n<\/div>\n\n\n\n<div class=\"wp-block-columns is-layout-flex wp-container-core-columns-is-layout-9d6595d7 wp-block-columns-is-layout-flex\">\n<div class=\"wp-block-column is-layout-flow wp-block-column-is-layout-flow\"><\/div>\n\n\n\n<div class=\"wp-block-column is-layout-flow wp-block-column-is-layout-flow\"><\/div>\n<\/div>\n\n\n\n<div class=\"wp-block-columns is-layout-flex wp-container-core-columns-is-layout-9d6595d7 wp-block-columns-is-layout-flex\">\n<div class=\"wp-block-column is-layout-flow wp-block-column-is-layout-flow\"><\/div>\n\n\n\n<div class=\"wp-block-column is-layout-flow wp-block-column-is-layout-flow\"><\/div>\n<\/div>\n\n\n\n<div class=\"wp-block-columns is-layout-flex wp-container-core-columns-is-layout-9d6595d7 wp-block-columns-is-layout-flex\"><\/div>\n\n\n\n<div class=\"wp-block-columns is-layout-flex wp-container-core-columns-is-layout-9d6595d7 wp-block-columns-is-layout-flex\">\n<div class=\"wp-block-column is-layout-flow wp-block-column-is-layout-flow\"><\/div>\n<\/div>\n\n\n\n<p><\/p>\n","protected":false},"excerpt":{"rendered":"<p>Opryskiwacz spalinowy SR 200 Lekki opryskiwacz, wyj\u0105tkowo wysoki komfort u\u017cytkowania dzi\u0119ki kompaktowej budowie i umiejscowieniu \u015brodka ci\u0119\u017cko\u015bci blisko cia\u0142a operatora. Idealny do ro\u015blinno\u015bci o wysoko\u015bci do 2,5 m. System \u0142atwego uruchamiania, prze\u0142\u0105cznik wielofunkcyjny i ko\u0142nierz ochronny zabezpieczaj\u0105cy przed rozlaniem substancji. W komplecie z kratkami do zmiany formy strumienia i kierunku wylotu cieczy. Dane techniczne Warto\u015b\u0107 [&hellip;]<\/p>\n","protected":false},"featured_media":8055,"comment_status":"open","ping_status":"closed","template":"","meta":[],"product_brand":[],"product_cat":[84,67],"product_tag":[],"class_list":{"0":"post-8042","1":"product","2":"type-product","3":"status-publish","4":"has-post-thumbnail","6":"product_cat-opryskiwacze","7":"product_cat-urzadzenia-do-pracy-w-ogrodzie","9":"first","10":"instock","11":"taxable","12":"shipping-taxable","13":"purchasable","14":"product-type-simple"},"_links":{"self":[{"href":"https:\/\/precto.pl\/sklep\/wp-json\/wp\/v2\/product\/8042","targetHints":{"allow":["GET"]}}],"collection":[{"href":"https:\/\/precto.pl\/sklep\/wp-json\/wp\/v2\/product"}],"about":[{"href":"https:\/\/precto.pl\/sklep\/wp-json\/wp\/v2\/types\/product"}],"replies":[{"embeddable":true,"href":"https:\/\/precto.pl\/sklep\/wp-json\/wp\/v2\/comments?post=8042"}],"wp:featuredmedia":[{"embeddable":true,"href":"https:\/\/precto.pl\/sklep\/wp-json\/wp\/v2\/media\/8055"}],"wp:attachment":[{"href":"https:\/\/precto.pl\/sklep\/wp-json\/wp\/v2\/media?parent=8042"}],"wp:term":[{"taxonomy":"product_brand","embeddable":true,"href":"https:\/\/precto.pl\/sklep\/wp-json\/wp\/v2\/product_brand?post=8042"},{"taxonomy":"product_cat","embeddable":true,"href":"https:\/\/precto.pl\/sklep\/wp-json\/wp\/v2\/product_cat?post=8042"},{"taxonomy":"product_tag","embeddable":true,"href":"https:\/\/precto.pl\/sklep\/wp-json\/wp\/v2\/product_tag?post=8042"}],"curies":[{"name":"wp","href":"https:\/\/api.w.org\/{rel}","templated":true}]}}