{"id":7961,"date":"2022-03-24T13:47:07","date_gmt":"2022-03-24T12:47:07","guid":{"rendered":"https:\/\/precto.pl\/sklep\/?post_type=product&#038;p=7961"},"modified":"2023-03-24T09:58:15","modified_gmt":"2023-03-24T08:58:15","slug":"kosa-elektryczna-fse-60-24-miesiace-gwarancji","status":"publish","type":"product","link":"https:\/\/precto.pl\/sklep\/kosa-elektryczna-fse-60-24-miesiace-gwarancji\/","title":{"rendered":"Kosa elektryczna FSE 60 24 miesi\u0105ce gwarancji"},"content":{"rendered":"\n<p><\/p>\n\n\n\n<h2 class=\"wp-block-heading\"><\/h2>\n\n\n\n<div class=\"wp-block-columns is-layout-flex wp-container-core-columns-is-layout-9d6595d7 wp-block-columns-is-layout-flex\">\n<div class=\"wp-block-column is-layout-flow wp-block-column-is-layout-flow\">\n<div class=\"wp-block-columns is-layout-flex wp-container-core-columns-is-layout-9d6595d7 wp-block-columns-is-layout-flex\">\n<div class=\"wp-block-column is-layout-flow wp-block-column-is-layout-flow\">\n<figure class=\"wp-block-image size-full\"><img loading=\"lazy\" decoding=\"async\" width=\"460\" height=\"689\" src=\"https:\/\/precto.pl\/sklep\/wp-content\/uploads\/2022\/03\/fse-60-precto-1.jpg\" alt=\"\" class=\"wp-image-7962\" srcset=\"https:\/\/precto.pl\/sklep\/wp-content\/uploads\/2022\/03\/fse-60-precto-1.jpg 460w, https:\/\/precto.pl\/sklep\/wp-content\/uploads\/2022\/03\/fse-60-precto-1-200x300.jpg 200w, https:\/\/precto.pl\/sklep\/wp-content\/uploads\/2022\/03\/fse-60-precto-1-300x449.jpg 300w\" sizes=\"auto, (max-width: 460px) 100vw, 460px\" \/><figcaption><br><\/figcaption><\/figure>\n\n\n\n<figure class=\"wp-block-image size-full\"><img loading=\"lazy\" decoding=\"async\" width=\"460\" height=\"306\" src=\"https:\/\/precto.pl\/sklep\/wp-content\/uploads\/2022\/03\/fse-60-precto-2.jpg\" alt=\"\" class=\"wp-image-7963\" srcset=\"https:\/\/precto.pl\/sklep\/wp-content\/uploads\/2022\/03\/fse-60-precto-2.jpg 460w, https:\/\/precto.pl\/sklep\/wp-content\/uploads\/2022\/03\/fse-60-precto-2-300x200.jpg 300w\" sizes=\"auto, (max-width: 460px) 100vw, 460px\" \/><\/figure>\n<\/div>\n<\/div>\n<\/div>\n\n\n\n<div class=\"wp-block-column is-layout-flow wp-block-column-is-layout-flow\">\n<p>Kosa elektryczna FSE 60<\/p>\n\n\n\n<p>Do prac zwi\u0105zanych z nadawaniem formy, prac wyko\u0144czeniowych i wykaszania mniejszych powierzchni. Uchwyt pa\u0142\u0105kowy, automatyczna regulacja d\u0142ugo\u015bci \u017cy\u0142ki przez naci\u015bni\u0119cie g\u0142owicy tn\u0105cej o pod\u0142o\u017ce.<\/p>\n\n\n\n<figure class=\"wp-block-table\"><table><thead><tr><th>Dane techniczne<\/th><th>Warto\u015b\u0107<\/th><\/tr><\/thead><tbody><tr><td>Moc znamionowa W<\/td><td>540<\/td><\/tr><tr><td>Napi\u0119cie znamionowe V<\/td><td>230<\/td><\/tr><tr><td>Stand. narz. tn\u0105ce<\/td><td>G\u0142. \u017cy\u0142k. AC C5-2<\/td><\/tr><tr><td>D\u0142ugo\u015b\u0107 ca\u0142kowita cm <sup>1)<\/sup><\/td><td>153<\/td><\/tr><tr><td>Ci\u0119\u017car kg <sup>2)<\/sup><\/td><td>3,9<\/td><\/tr><tr><td>\u015arednica ci\u0119cia mm<\/td><td>350<\/td><\/tr><tr><td>Poziom ci\u015bnienia akustycznego dB(A) <sup>3)<\/sup><\/td><td>83<\/td><\/tr><tr><td>Poziom mocy akustycznej dB(A) <sup>3)<\/sup><\/td><td>94<\/td><\/tr><tr><td>Warto\u015b\u0107 drga\u0144 strona lewa\/strona prawa m\/s\u00b2 <sup>4)<\/sup><\/td><td>3,9\/3,6<\/td><\/tr><\/tbody><\/table><\/figure>\n\n\n\n<div class=\"wp-block-columns is-layout-flex wp-container-core-columns-is-layout-9d6595d7 wp-block-columns-is-layout-flex\">\n<div class=\"wp-block-column is-layout-flow wp-block-column-is-layout-flow\">\n<figure class=\"wp-block-gallery has-nested-images columns-default is-cropped wp-block-gallery-1 is-layout-flex wp-block-gallery-is-layout-flex\">\n<figure class=\"wp-block-image size-large\"><img loading=\"lazy\" decoding=\"async\" width=\"710\" height=\"500\" data-id=\"7964\" src=\"https:\/\/precto.pl\/sklep\/wp-content\/uploads\/2022\/03\/fse-60-precto-3.jpg\" alt=\"\" class=\"wp-image-7964\" srcset=\"https:\/\/precto.pl\/sklep\/wp-content\/uploads\/2022\/03\/fse-60-precto-3.jpg 710w, https:\/\/precto.pl\/sklep\/wp-content\/uploads\/2022\/03\/fse-60-precto-3-300x211.jpg 300w\" sizes=\"auto, (max-width: 710px) 100vw, 710px\" \/><\/figure>\n<\/figure>\n<\/div>\n<\/div>\n\n\n\n<div class=\"wp-block-columns is-layout-flex wp-container-core-columns-is-layout-9d6595d7 wp-block-columns-is-layout-flex\">\n<div class=\"wp-block-column is-layout-flow wp-block-column-is-layout-flow\">\n<p><\/p>\n<\/div>\n<\/div>\n<\/div>\n<\/div>\n\n\n\n<div class=\"wp-block-columns is-layout-flex wp-container-core-columns-is-layout-9d6595d7 wp-block-columns-is-layout-flex\">\n<div class=\"wp-block-column is-layout-flow wp-block-column-is-layout-flow\"><\/div>\n\n\n\n<div class=\"wp-block-column is-layout-flow wp-block-column-is-layout-flow\"><\/div>\n<\/div>\n\n\n\n<div class=\"wp-block-columns is-layout-flex wp-container-core-columns-is-layout-9d6595d7 wp-block-columns-is-layout-flex\">\n<div class=\"wp-block-column is-layout-flow wp-block-column-is-layout-flow\"><\/div>\n\n\n\n<div class=\"wp-block-column is-layout-flow wp-block-column-is-layout-flow\"><\/div>\n<\/div>\n\n\n\n<div class=\"wp-block-columns is-layout-flex wp-container-core-columns-is-layout-9d6595d7 wp-block-columns-is-layout-flex\">\n<div class=\"wp-block-column is-layout-flow wp-block-column-is-layout-flow\">\n<h2 class=\"wp-block-heading\">Uchwyt obwiedniowy<\/h2>\n\n\n\n<p>Praktyczny uchwyt obwiedniowy umo\u017cliwia \u0142atwe i precyzyjne prowadzenie urz\u0105dzenia. Pozycja uchwytu mo\u017ce by\u0107 regulowana, co umo\u017cliwia indywidualne dostosowanie uchwytu do wzrostu operatora i warunk\u00f3w roboczych.<\/p>\n<\/div>\n\n\n\n<div class=\"wp-block-column is-layout-flow wp-block-column-is-layout-flow\">\n<figure class=\"wp-block-gallery has-nested-images columns-default is-cropped wp-block-gallery-2 is-layout-flex wp-block-gallery-is-layout-flex\">\n<figure class=\"wp-block-image size-full\"><img loading=\"lazy\" decoding=\"async\" width=\"480\" height=\"480\" data-id=\"7951\" src=\"https:\/\/precto.pl\/sklep\/wp-content\/uploads\/2022\/03\/uchwyt-obwiedniowy-precto-1.jpg\" alt=\"\" class=\"wp-image-7951\" srcset=\"https:\/\/precto.pl\/sklep\/wp-content\/uploads\/2022\/03\/uchwyt-obwiedniowy-precto-1.jpg 480w, https:\/\/precto.pl\/sklep\/wp-content\/uploads\/2022\/03\/uchwyt-obwiedniowy-precto-1-300x300.jpg 300w, https:\/\/precto.pl\/sklep\/wp-content\/uploads\/2022\/03\/uchwyt-obwiedniowy-precto-1-150x150.jpg 150w, https:\/\/precto.pl\/sklep\/wp-content\/uploads\/2022\/03\/uchwyt-obwiedniowy-precto-1-100x100.jpg 100w\" sizes=\"auto, (max-width: 480px) 100vw, 480px\" \/><\/figure>\n<\/figure>\n<\/div>\n<\/div>\n\n\n\n<div class=\"wp-block-columns is-layout-flex wp-container-core-columns-is-layout-9d6595d7 wp-block-columns-is-layout-flex\">\n<div class=\"wp-block-column is-layout-flow wp-block-column-is-layout-flow\">\n<figure class=\"wp-block-gallery has-nested-images columns-default is-cropped wp-block-gallery-3 is-layout-flex wp-block-gallery-is-layout-flex\">\n<figure class=\"wp-block-image size-full\"><img loading=\"lazy\" decoding=\"async\" width=\"480\" height=\"480\" data-id=\"7952\" src=\"https:\/\/precto.pl\/sklep\/wp-content\/uploads\/2022\/03\/zaczep-precto-1-1.jpg\" alt=\"\" class=\"wp-image-7952\" srcset=\"https:\/\/precto.pl\/sklep\/wp-content\/uploads\/2022\/03\/zaczep-precto-1-1.jpg 480w, https:\/\/precto.pl\/sklep\/wp-content\/uploads\/2022\/03\/zaczep-precto-1-1-300x300.jpg 300w, https:\/\/precto.pl\/sklep\/wp-content\/uploads\/2022\/03\/zaczep-precto-1-1-150x150.jpg 150w, https:\/\/precto.pl\/sklep\/wp-content\/uploads\/2022\/03\/zaczep-precto-1-1-100x100.jpg 100w\" sizes=\"auto, (max-width: 480px) 100vw, 480px\" \/><\/figure>\n<\/figure>\n<\/div>\n\n\n\n<div class=\"wp-block-column is-layout-flow wp-block-column-is-layout-flow\">\n<h2 class=\"wp-block-heading\">Zaczep przewodu elektrycznego<\/h2>\n\n\n\n<p>Zaczep przewodu elektrycznego zapobiega przypadkowemu od\u0142\u0105czeniu przewodu od gniazdka w przypadku mocniejszego poci\u0105gni\u0119cia.<\/p>\n<\/div>\n<\/div>\n\n\n\n<div class=\"wp-block-columns is-layout-flex wp-container-core-columns-is-layout-9d6595d7 wp-block-columns-is-layout-flex\">\n<div class=\"wp-block-column is-layout-flow wp-block-column-is-layout-flow\">\n<h2 class=\"wp-block-heading\">Beznarz\u0119dziowa regulacja uchwytu<\/h2>\n\n\n\n<p>Uchwyt obwiedniowy mo\u017cna dopasowa\u0107 \u0142atwo do indywidualnych preferencji bez u\u017cywania narz\u0119dzi.<\/p>\n<\/div>\n\n\n\n<div class=\"wp-block-column is-layout-flow wp-block-column-is-layout-flow\">\n<figure class=\"wp-block-gallery has-nested-images columns-default is-cropped wp-block-gallery-4 is-layout-flex wp-block-gallery-is-layout-flex\">\n<figure class=\"wp-block-image size-large\"><img loading=\"lazy\" decoding=\"async\" width=\"480\" height=\"480\" data-id=\"7959\" src=\"https:\/\/precto.pl\/sklep\/wp-content\/uploads\/2022\/03\/beznarzedziowa-precto-1.jpg\" alt=\"\" class=\"wp-image-7959\" srcset=\"https:\/\/precto.pl\/sklep\/wp-content\/uploads\/2022\/03\/beznarzedziowa-precto-1.jpg 480w, https:\/\/precto.pl\/sklep\/wp-content\/uploads\/2022\/03\/beznarzedziowa-precto-1-300x300.jpg 300w, https:\/\/precto.pl\/sklep\/wp-content\/uploads\/2022\/03\/beznarzedziowa-precto-1-150x150.jpg 150w, https:\/\/precto.pl\/sklep\/wp-content\/uploads\/2022\/03\/beznarzedziowa-precto-1-100x100.jpg 100w\" sizes=\"auto, (max-width: 480px) 100vw, 480px\" \/><\/figure>\n<\/figure>\n<\/div>\n<\/div>\n\n\n\n<div class=\"wp-block-columns is-layout-flex wp-container-core-columns-is-layout-9d6595d7 wp-block-columns-is-layout-flex\">\n<div class=\"wp-block-column is-layout-flow wp-block-column-is-layout-flow\"><\/div>\n\n\n\n<div class=\"wp-block-column is-layout-flow wp-block-column-is-layout-flow\"><\/div>\n<\/div>\n\n\n\n<div class=\"wp-block-columns is-layout-flex wp-container-core-columns-is-layout-9d6595d7 wp-block-columns-is-layout-flex\">\n<div class=\"wp-block-column is-layout-flow wp-block-column-is-layout-flow\"><\/div>\n\n\n\n<div class=\"wp-block-column is-layout-flow wp-block-column-is-layout-flow\"><\/div>\n<\/div>\n\n\n\n<div class=\"wp-block-columns is-layout-flex wp-container-core-columns-is-layout-9d6595d7 wp-block-columns-is-layout-flex\">\n<div class=\"wp-block-column is-layout-flow wp-block-column-is-layout-flow\"><\/div>\n\n\n\n<div class=\"wp-block-column is-layout-flow wp-block-column-is-layout-flow\"><\/div>\n<\/div>\n\n\n\n<div class=\"wp-block-columns is-layout-flex wp-container-core-columns-is-layout-9d6595d7 wp-block-columns-is-layout-flex\">\n<div class=\"wp-block-column is-layout-flow wp-block-column-is-layout-flow\"><\/div>\n\n\n\n<div class=\"wp-block-column is-layout-flow wp-block-column-is-layout-flow\"><\/div>\n<\/div>\n\n\n\n<div class=\"wp-block-columns is-layout-flex wp-container-core-columns-is-layout-9d6595d7 wp-block-columns-is-layout-flex\">\n<div class=\"wp-block-column is-layout-flow wp-block-column-is-layout-flow\"><\/div>\n\n\n\n<div class=\"wp-block-column is-layout-flow wp-block-column-is-layout-flow\"><\/div>\n<\/div>\n\n\n\n<div class=\"wp-block-columns is-layout-flex wp-container-core-columns-is-layout-9d6595d7 wp-block-columns-is-layout-flex\">\n<div class=\"wp-block-column is-layout-flow wp-block-column-is-layout-flow\"><\/div>\n\n\n\n<div class=\"wp-block-column is-layout-flow wp-block-column-is-layout-flow\"><\/div>\n<\/div>\n\n\n\n<div class=\"wp-block-columns is-layout-flex wp-container-core-columns-is-layout-9d6595d7 wp-block-columns-is-layout-flex\">\n<div class=\"wp-block-column is-layout-flow wp-block-column-is-layout-flow\"><\/div>\n\n\n\n<div class=\"wp-block-column is-layout-flow wp-block-column-is-layout-flow\"><\/div>\n<\/div>\n\n\n\n<div class=\"wp-block-columns is-layout-flex wp-container-core-columns-is-layout-9d6595d7 wp-block-columns-is-layout-flex\">\n<div class=\"wp-block-column is-layout-flow wp-block-column-is-layout-flow\"><\/div>\n\n\n\n<div class=\"wp-block-column is-layout-flow wp-block-column-is-layout-flow\"><\/div>\n<\/div>\n\n\n\n<div class=\"wp-block-columns is-layout-flex wp-container-core-columns-is-layout-9d6595d7 wp-block-columns-is-layout-flex\">\n<div class=\"wp-block-column is-layout-flow wp-block-column-is-layout-flow\"><\/div>\n\n\n\n<div class=\"wp-block-column is-layout-flow wp-block-column-is-layout-flow\"><\/div>\n<\/div>\n\n\n\n<div class=\"wp-block-columns is-layout-flex wp-container-core-columns-is-layout-9d6595d7 wp-block-columns-is-layout-flex\">\n<div class=\"wp-block-column is-layout-flow wp-block-column-is-layout-flow\"><\/div>\n\n\n\n<div class=\"wp-block-column is-vertically-aligned-top is-layout-flow wp-block-column-is-layout-flow\"><\/div>\n<\/div>\n\n\n\n<div class=\"wp-block-columns is-layout-flex wp-container-core-columns-is-layout-9d6595d7 wp-block-columns-is-layout-flex\">\n<div class=\"wp-block-column is-layout-flow wp-block-column-is-layout-flow\"><\/div>\n\n\n\n<div class=\"wp-block-column is-layout-flow wp-block-column-is-layout-flow\"><\/div>\n<\/div>\n\n\n\n<div class=\"wp-block-columns is-layout-flex wp-container-core-columns-is-layout-9d6595d7 wp-block-columns-is-layout-flex\">\n<div class=\"wp-block-column is-layout-flow wp-block-column-is-layout-flow\">\n<p><\/p>\n<\/div>\n\n\n\n<div class=\"wp-block-column is-layout-flow wp-block-column-is-layout-flow\"><\/div>\n<\/div>\n\n\n\n<div class=\"wp-block-columns is-layout-flex wp-container-core-columns-is-layout-9d6595d7 wp-block-columns-is-layout-flex\">\n<div class=\"wp-block-column is-layout-flow wp-block-column-is-layout-flow\"><\/div>\n\n\n\n<div class=\"wp-block-column is-layout-flow wp-block-column-is-layout-flow\"><\/div>\n<\/div>\n\n\n\n<div class=\"wp-block-columns is-layout-flex wp-container-core-columns-is-layout-9d6595d7 wp-block-columns-is-layout-flex\">\n<div class=\"wp-block-column is-layout-flow wp-block-column-is-layout-flow\"><\/div>\n\n\n\n<div class=\"wp-block-column is-layout-flow wp-block-column-is-layout-flow\"><\/div>\n<\/div>\n\n\n\n<div class=\"wp-block-columns is-layout-flex wp-container-core-columns-is-layout-9d6595d7 wp-block-columns-is-layout-flex\">\n<div class=\"wp-block-column is-layout-flow wp-block-column-is-layout-flow\"><\/div>\n\n\n\n<div class=\"wp-block-column is-layout-flow wp-block-column-is-layout-flow\">\n<p><\/p>\n<\/div>\n<\/div>\n\n\n\n<div class=\"wp-block-columns is-layout-flex wp-container-core-columns-is-layout-9d6595d7 wp-block-columns-is-layout-flex\">\n<div class=\"wp-block-column is-layout-flow wp-block-column-is-layout-flow\"><\/div>\n<\/div>\n\n\n\n<div class=\"wp-block-columns is-layout-flex wp-container-core-columns-is-layout-9d6595d7 wp-block-columns-is-layout-flex\">\n<div class=\"wp-block-column is-layout-flow wp-block-column-is-layout-flow\"><\/div>\n\n\n\n<div class=\"wp-block-column is-layout-flow wp-block-column-is-layout-flow\"><\/div>\n<\/div>\n\n\n\n<div class=\"wp-block-columns is-layout-flex wp-container-core-columns-is-layout-9d6595d7 wp-block-columns-is-layout-flex\">\n<div class=\"wp-block-column is-layout-flow wp-block-column-is-layout-flow\"><\/div>\n\n\n\n<div class=\"wp-block-column is-layout-flow wp-block-column-is-layout-flow\"><\/div>\n<\/div>\n\n\n\n<div class=\"wp-block-columns is-layout-flex wp-container-core-columns-is-layout-9d6595d7 wp-block-columns-is-layout-flex\"><\/div>\n\n\n\n<div class=\"wp-block-columns is-layout-flex wp-container-core-columns-is-layout-9d6595d7 wp-block-columns-is-layout-flex\">\n<div class=\"wp-block-column is-layout-flow wp-block-column-is-layout-flow\"><\/div>\n<\/div>\n\n\n\n<p><\/p>\n","protected":false},"excerpt":{"rendered":"<p>Kosa elektryczna FSE 60 Do prac zwi\u0105zanych z nadawaniem formy, prac wyko\u0144czeniowych i wykaszania mniejszych powierzchni. Uchwyt pa\u0142\u0105kowy, automatyczna regulacja d\u0142ugo\u015bci \u017cy\u0142ki przez naci\u015bni\u0119cie g\u0142owicy tn\u0105cej o pod\u0142o\u017ce. Dane techniczne Warto\u015b\u0107 Moc znamionowa W 540 Napi\u0119cie znamionowe V 230 Stand. narz. tn\u0105ce G\u0142. \u017cy\u0142k. AC C5-2 D\u0142ugo\u015b\u0107 ca\u0142kowita cm 1) 153 Ci\u0119\u017car kg 2) 3,9 [&hellip;]<\/p>\n","protected":false},"featured_media":7965,"comment_status":"open","ping_status":"closed","template":"","meta":[],"product_brand":[],"product_cat":[79,67],"product_tag":[],"class_list":{"0":"post-7961","1":"product","2":"type-product","3":"status-publish","4":"has-post-thumbnail","6":"product_cat-podkaszarki-elektryczne","7":"product_cat-urzadzenia-do-pracy-w-ogrodzie","9":"first","10":"instock","11":"taxable","12":"shipping-taxable","13":"purchasable","14":"product-type-simple"},"_links":{"self":[{"href":"https:\/\/precto.pl\/sklep\/wp-json\/wp\/v2\/product\/7961","targetHints":{"allow":["GET"]}}],"collection":[{"href":"https:\/\/precto.pl\/sklep\/wp-json\/wp\/v2\/product"}],"about":[{"href":"https:\/\/precto.pl\/sklep\/wp-json\/wp\/v2\/types\/product"}],"replies":[{"embeddable":true,"href":"https:\/\/precto.pl\/sklep\/wp-json\/wp\/v2\/comments?post=7961"}],"wp:featuredmedia":[{"embeddable":true,"href":"https:\/\/precto.pl\/sklep\/wp-json\/wp\/v2\/media\/7965"}],"wp:attachment":[{"href":"https:\/\/precto.pl\/sklep\/wp-json\/wp\/v2\/media?parent=7961"}],"wp:term":[{"taxonomy":"product_brand","embeddable":true,"href":"https:\/\/precto.pl\/sklep\/wp-json\/wp\/v2\/product_brand?post=7961"},{"taxonomy":"product_cat","embeddable":true,"href":"https:\/\/precto.pl\/sklep\/wp-json\/wp\/v2\/product_cat?post=7961"},{"taxonomy":"product_tag","embeddable":true,"href":"https:\/\/precto.pl\/sklep\/wp-json\/wp\/v2\/product_tag?post=7961"}],"curies":[{"name":"wp","href":"https:\/\/api.w.org\/{rel}","templated":true}]}}