{"id":7936,"date":"2022-03-23T13:29:03","date_gmt":"2022-03-23T12:29:03","guid":{"rendered":"https:\/\/precto.pl\/sklep\/?post_type=product&#038;p=7936"},"modified":"2022-05-04T14:24:32","modified_gmt":"2022-05-04T12:24:32","slug":"rozdrabniacz-elektryczny-ghe-355-24-miesiace-gwarancji","status":"publish","type":"product","link":"https:\/\/precto.pl\/sklep\/rozdrabniacz-elektryczny-ghe-355-24-miesiace-gwarancji\/","title":{"rendered":"Rozdrabniacz elektryczny GHE 355 24 miesi\u0105ce gwarancji"},"content":{"rendered":"\n<p><\/p>\n\n\n\n<h2 class=\"wp-block-heading\"><\/h2>\n\n\n\n<div class=\"wp-block-columns is-layout-flex wp-container-core-columns-is-layout-9d6595d7 wp-block-columns-is-layout-flex\">\n<div class=\"wp-block-column is-layout-flow wp-block-column-is-layout-flow\">\n<div class=\"wp-block-columns is-layout-flex wp-container-core-columns-is-layout-9d6595d7 wp-block-columns-is-layout-flex\">\n<div class=\"wp-block-column is-layout-flow wp-block-column-is-layout-flow\">\n<figure class=\"wp-block-image size-full\"><img loading=\"lazy\" decoding=\"async\" width=\"460\" height=\"690\" src=\"https:\/\/precto.pl\/sklep\/wp-content\/uploads\/2022\/03\/ghe-355-precto-1.jpg\" alt=\"\" class=\"wp-image-7937\" srcset=\"https:\/\/precto.pl\/sklep\/wp-content\/uploads\/2022\/03\/ghe-355-precto-1.jpg 460w, https:\/\/precto.pl\/sklep\/wp-content\/uploads\/2022\/03\/ghe-355-precto-1-200x300.jpg 200w, https:\/\/precto.pl\/sklep\/wp-content\/uploads\/2022\/03\/ghe-355-precto-1-300x450.jpg 300w\" sizes=\"auto, (max-width: 460px) 100vw, 460px\" \/><figcaption><br><\/figcaption><\/figure>\n\n\n\n<figure class=\"wp-block-image size-full\"><img loading=\"lazy\" decoding=\"async\" width=\"460\" height=\"307\" src=\"https:\/\/precto.pl\/sklep\/wp-content\/uploads\/2022\/03\/ghe-355-precto-2.jpg\" alt=\"\" class=\"wp-image-7938\" srcset=\"https:\/\/precto.pl\/sklep\/wp-content\/uploads\/2022\/03\/ghe-355-precto-2.jpg 460w, https:\/\/precto.pl\/sklep\/wp-content\/uploads\/2022\/03\/ghe-355-precto-2-300x200.jpg 300w\" sizes=\"auto, (max-width: 460px) 100vw, 460px\" \/><\/figure>\n<\/div>\n<\/div>\n<\/div>\n\n\n\n<div class=\"wp-block-column is-layout-flow wp-block-column-is-layout-flow\">\n<p>Rozdrabniacz elektryczny GHE 355<\/p>\n\n\n\n<p>Elektryczny rozdrabniacz STIHL GHE 355 idealny do regularnych prac z wi\u0119ksz\u0105 ilo\u015bci\u0105 odpad\u00f3w ogrodowych. Szybko i niezawodnie dzia\u0142aj\u0105ce no\u017ce typu sandwich mog\u0105 rozdrabnia\u0107 ga\u0142\u0119zie o \u015brednicy do 35 mm. Dzi\u0119ki technologii skr\u0119tu BRS mo\u017cna indywidualnie i wygodnie regulowa\u0107 kierunek obrotu no\u017cy za pomoc\u0105 prze\u0142\u0105cznika obrotowego. Dzi\u0119ki szerokiemu otworowi mo\u017cna z \u0142atwo\u015bci\u0105 w\u0142o\u017cy\u0107 do urz\u0105dzenia materia\u0142 o nieregularnych kszta\u0142tach. Rozdrabniacz jest bardzo \u0142atwy w przemieszczaniu. Narz\u0119dzie tn\u0105ce Multi-Cut 355.<\/p>\n\n\n\n<figure class=\"wp-block-table\"><table><thead><tr><th>Dane techniczne<\/th><th>Warto\u015b\u0107<\/th><\/tr><\/thead><tbody><tr><td>Maks. \u015br. ga\u0142\u0119zi mm<\/td><td>do 35<\/td><\/tr><tr><td>Napi\u0119cie znamionowe V<\/td><td>230<\/td><\/tr><tr><td>Maks. \u015bredn. ga\u0142\u0119zi mm<\/td><td>35<\/td><\/tr><tr><td>Znam. pr\u0119dko\u015b\u0107 obr. narz\u0119dzia rob. U\/min<\/td><td>2.750<\/td><\/tr><tr><td>Ci\u0119\u017car urz\u0105dzenia kg<\/td><td>30<\/td><\/tr><tr><td>Moc znam. W<\/td><td>2.500<\/td><\/tr><tr><td>Poziom mocy akustycznej gwarantowany LWAd dB(A)<\/td><td>100<\/td><\/tr><tr><td>Niepewno\u015b\u0107 pomiarowa KpA dB(A)<\/td><td>3<\/td><\/tr><\/tbody><\/table><\/figure>\n\n\n\n<div class=\"wp-block-columns is-layout-flex wp-container-core-columns-is-layout-9d6595d7 wp-block-columns-is-layout-flex\">\n<div class=\"wp-block-column is-layout-flow wp-block-column-is-layout-flow\">\n<figure class=\"wp-block-gallery has-nested-images columns-default is-cropped wp-block-gallery-1 is-layout-flex wp-block-gallery-is-layout-flex\"><\/figure>\n<\/div>\n<\/div>\n\n\n\n<div class=\"wp-block-columns is-layout-flex wp-container-core-columns-is-layout-9d6595d7 wp-block-columns-is-layout-flex\">\n<div class=\"wp-block-column is-layout-flow wp-block-column-is-layout-flow\">\n<p><\/p>\n<\/div>\n<\/div>\n<\/div>\n<\/div>\n\n\n\n<div class=\"wp-block-columns is-layout-flex wp-container-core-columns-is-layout-9d6595d7 wp-block-columns-is-layout-flex\">\n<div class=\"wp-block-column is-layout-flow wp-block-column-is-layout-flow\">\n<h2 class=\"wp-block-heading\">Technologia skr\u0119tu BRS<\/h2>\n\n\n\n<p>Rozdrabniacz elektryczny STIHL posiada technologi\u0119 skr\u0119tu BRS (Bladerotation-Reverse-System) umo\u017cliwiaj\u0105c\u0105 rozdrabnianie np. ga\u0142\u0119zi przez no\u017ce tn\u0105ce przy obrotach w prawo, natomiast przerabianie odpad\u00f3w ro\u015blinnych przez no\u017ce rozdrabniaj\u0105ce na mas\u0119 do kompostowania nast\u0119puje przy obrotach w lewo.<\/p>\n<\/div>\n\n\n\n<div class=\"wp-block-column is-layout-flow wp-block-column-is-layout-flow\">\n<figure class=\"wp-block-image size-full\"><img loading=\"lazy\" decoding=\"async\" width=\"480\" height=\"480\" src=\"https:\/\/precto.pl\/sklep\/wp-content\/uploads\/2022\/03\/technologia-skretu-precto-1.jpg\" alt=\"\" class=\"wp-image-7939\" srcset=\"https:\/\/precto.pl\/sklep\/wp-content\/uploads\/2022\/03\/technologia-skretu-precto-1.jpg 480w, https:\/\/precto.pl\/sklep\/wp-content\/uploads\/2022\/03\/technologia-skretu-precto-1-300x300.jpg 300w, https:\/\/precto.pl\/sklep\/wp-content\/uploads\/2022\/03\/technologia-skretu-precto-1-150x150.jpg 150w, https:\/\/precto.pl\/sklep\/wp-content\/uploads\/2022\/03\/technologia-skretu-precto-1-100x100.jpg 100w\" sizes=\"auto, (max-width: 480px) 100vw, 480px\" \/><\/figure>\n<\/div>\n<\/div>\n\n\n\n<div class=\"wp-block-columns is-layout-flex wp-container-core-columns-is-layout-9d6595d7 wp-block-columns-is-layout-flex\">\n<div class=\"wp-block-column is-layout-flow wp-block-column-is-layout-flow\">\n<figure class=\"wp-block-image size-full\"><img loading=\"lazy\" decoding=\"async\" width=\"480\" height=\"480\" src=\"https:\/\/precto.pl\/sklep\/wp-content\/uploads\/2022\/03\/elektromechaniczny-wylacznik-precto-1.jpg\" alt=\"\" class=\"wp-image-7922\" srcset=\"https:\/\/precto.pl\/sklep\/wp-content\/uploads\/2022\/03\/elektromechaniczny-wylacznik-precto-1.jpg 480w, https:\/\/precto.pl\/sklep\/wp-content\/uploads\/2022\/03\/elektromechaniczny-wylacznik-precto-1-300x300.jpg 300w, https:\/\/precto.pl\/sklep\/wp-content\/uploads\/2022\/03\/elektromechaniczny-wylacznik-precto-1-150x150.jpg 150w, https:\/\/precto.pl\/sklep\/wp-content\/uploads\/2022\/03\/elektromechaniczny-wylacznik-precto-1-100x100.jpg 100w\" sizes=\"auto, (max-width: 480px) 100vw, 480px\" \/><\/figure>\n<\/div>\n\n\n\n<div class=\"wp-block-column is-layout-flow wp-block-column-is-layout-flow\">\n<h2 class=\"wp-block-heading\">Elektromechaniczny wy\u0142\u0105cznik bezpiecze\u0144stwa<\/h2>\n\n\n\n<p>Odkr\u0119cenie \u015brub zabezpieczaj\u0105cych powoduje uruchomienie wy\u0142\u0105cznika bezpiecze\u0144stwa. Chroni on przed automatycznym uruchomieniem urz\u0105dzenia po przywr\u00f3ceniu dop\u0142ywu pr\u0105du, np. po konserwacji urz\u0105dzenia lub wymianie no\u017ca. <\/p>\n<\/div>\n<\/div>\n\n\n\n<div class=\"wp-block-columns is-layout-flex wp-container-core-columns-is-layout-9d6595d7 wp-block-columns-is-layout-flex\">\n<div class=\"wp-block-column is-layout-flow wp-block-column-is-layout-flow\">\n<h2 class=\"wp-block-heading\">Wyt\u0142umiony akustycznie lej wsadowy<\/h2>\n\n\n\n<p>Du\u017cy lej wsadowy u\u0142atwia wk\u0142adanie materia\u0142u do rozdrabniacza STIHL. Dzi\u0119ki wyt\u0142umionemu lejowi modele te s\u0105 zalecane do pracy w miejscach, w kt\u00f3rych jest wymagana cicha praca. <\/p>\n<\/div>\n\n\n\n<div class=\"wp-block-column is-layout-flow wp-block-column-is-layout-flow\">\n<figure class=\"wp-block-gallery has-nested-images columns-default is-cropped wp-block-gallery-2 is-layout-flex wp-block-gallery-is-layout-flex\">\n<figure class=\"wp-block-image size-full\"><img loading=\"lazy\" decoding=\"async\" width=\"480\" height=\"480\" data-id=\"7930\" src=\"https:\/\/precto.pl\/sklep\/wp-content\/uploads\/2022\/03\/stlumiony-lej-precto-1.jpg\" alt=\"\" class=\"wp-image-7930\" srcset=\"https:\/\/precto.pl\/sklep\/wp-content\/uploads\/2022\/03\/stlumiony-lej-precto-1.jpg 480w, https:\/\/precto.pl\/sklep\/wp-content\/uploads\/2022\/03\/stlumiony-lej-precto-1-300x300.jpg 300w, https:\/\/precto.pl\/sklep\/wp-content\/uploads\/2022\/03\/stlumiony-lej-precto-1-150x150.jpg 150w, https:\/\/precto.pl\/sklep\/wp-content\/uploads\/2022\/03\/stlumiony-lej-precto-1-100x100.jpg 100w\" sizes=\"auto, (max-width: 480px) 100vw, 480px\" \/><\/figure>\n<\/figure>\n<\/div>\n<\/div>\n\n\n\n<div class=\"wp-block-columns is-layout-flex wp-container-core-columns-is-layout-9d6595d7 wp-block-columns-is-layout-flex\">\n<div class=\"wp-block-column is-layout-flow wp-block-column-is-layout-flow\">\n<figure class=\"wp-block-gallery has-nested-images columns-default is-cropped wp-block-gallery-3 is-layout-flex wp-block-gallery-is-layout-flex\">\n<figure class=\"wp-block-image size-full\"><img loading=\"lazy\" decoding=\"async\" width=\"480\" height=\"471\" data-id=\"7902\" src=\"https:\/\/precto.pl\/sklep\/wp-content\/uploads\/2022\/03\/wlacznik-wodoodporny-precto-1.jpg\" alt=\"\" class=\"wp-image-7902\" srcset=\"https:\/\/precto.pl\/sklep\/wp-content\/uploads\/2022\/03\/wlacznik-wodoodporny-precto-1.jpg 480w, https:\/\/precto.pl\/sklep\/wp-content\/uploads\/2022\/03\/wlacznik-wodoodporny-precto-1-300x294.jpg 300w\" sizes=\"auto, (max-width: 480px) 100vw, 480px\" \/><\/figure>\n<\/figure>\n<\/div>\n\n\n\n<div class=\"wp-block-column is-layout-flow wp-block-column-is-layout-flow\">\n<h2 class=\"wp-block-heading\">Foliowany wodoodporny w\u0142\u0105cznik<\/h2>\n\n\n\n<p>Obudowa rozdrabniacza STIHL wyposa\u017cona jest we w\u0142\u0105cznik z przyciskami chronionymi foli\u0105 i kontrolk\u0105 pracy, co upraszcza obs\u0142ug\u0119 i zwi\u0119ksza komfort pracy.<\/p>\n<\/div>\n<\/div>\n\n\n\n<div class=\"wp-block-columns is-layout-flex wp-container-core-columns-is-layout-9d6595d7 wp-block-columns-is-layout-flex\">\n<div class=\"wp-block-column is-layout-flow wp-block-column-is-layout-flow\">\n<h2 class=\"wp-block-heading\">Zesp\u00f3\u0142 tn\u0105cy o budowie typu sandwich<\/h2>\n\n\n\n<p>Optymalnie rozdrabnia materia\u0142 przy zachowaniu niskiego poziomu wibracji. Dodatkowe no\u017ce \u0142opatkowe i rozrywaj\u0105ce zapewniaj\u0105 lepsze rozdrabnianie materia\u0142u.<\/p>\n<\/div>\n\n\n\n<div class=\"wp-block-column is-layout-flow wp-block-column-is-layout-flow\">\n<figure class=\"wp-block-gallery has-nested-images columns-default is-cropped wp-block-gallery-4 is-layout-flex wp-block-gallery-is-layout-flex\">\n<figure class=\"wp-block-image size-full\"><img loading=\"lazy\" decoding=\"async\" width=\"480\" height=\"720\" data-id=\"7940\" src=\"https:\/\/precto.pl\/sklep\/wp-content\/uploads\/2022\/03\/sandwich-2-precto-1.jpg\" alt=\"\" class=\"wp-image-7940\" srcset=\"https:\/\/precto.pl\/sklep\/wp-content\/uploads\/2022\/03\/sandwich-2-precto-1.jpg 480w, https:\/\/precto.pl\/sklep\/wp-content\/uploads\/2022\/03\/sandwich-2-precto-1-200x300.jpg 200w, https:\/\/precto.pl\/sklep\/wp-content\/uploads\/2022\/03\/sandwich-2-precto-1-300x450.jpg 300w\" sizes=\"auto, (max-width: 480px) 100vw, 480px\" \/><\/figure>\n<\/figure>\n<\/div>\n<\/div>\n\n\n\n<div class=\"wp-block-columns is-layout-flex wp-container-core-columns-is-layout-9d6595d7 wp-block-columns-is-layout-flex\">\n<div class=\"wp-block-column is-layout-flow wp-block-column-is-layout-flow\">\n<figure class=\"wp-block-image size-full\"><img loading=\"lazy\" decoding=\"async\" width=\"480\" height=\"480\" src=\"https:\/\/precto.pl\/sklep\/wp-content\/uploads\/2022\/03\/szeroki-rozstaw-kol-precto-1.jpg\" alt=\"\" class=\"wp-image-7925\" srcset=\"https:\/\/precto.pl\/sklep\/wp-content\/uploads\/2022\/03\/szeroki-rozstaw-kol-precto-1.jpg 480w, https:\/\/precto.pl\/sklep\/wp-content\/uploads\/2022\/03\/szeroki-rozstaw-kol-precto-1-300x300.jpg 300w, https:\/\/precto.pl\/sklep\/wp-content\/uploads\/2022\/03\/szeroki-rozstaw-kol-precto-1-150x150.jpg 150w, https:\/\/precto.pl\/sklep\/wp-content\/uploads\/2022\/03\/szeroki-rozstaw-kol-precto-1-100x100.jpg 100w\" sizes=\"auto, (max-width: 480px) 100vw, 480px\" \/><\/figure>\n<\/div>\n\n\n\n<div class=\"wp-block-column is-layout-flow wp-block-column-is-layout-flow\">\n<h2 class=\"wp-block-heading\">Szeroki rozstaw k\u00f3\u0142<\/h2>\n\n\n\n<p>Szeroki rozstaw k\u00f3\u0142 zapewnia stabiln\u0105 pozycj\u0119 rozdrabniacza podczas pracy oraz u\u0142atwia jego przemieszczanie.<\/p>\n<\/div>\n<\/div>\n\n\n\n<div class=\"wp-block-columns is-layout-flex wp-container-core-columns-is-layout-9d6595d7 wp-block-columns-is-layout-flex\">\n<div class=\"wp-block-column is-layout-flow wp-block-column-is-layout-flow\"><\/div>\n\n\n\n<div class=\"wp-block-column is-layout-flow wp-block-column-is-layout-flow\"><\/div>\n<\/div>\n\n\n\n<div class=\"wp-block-columns is-layout-flex wp-container-core-columns-is-layout-9d6595d7 wp-block-columns-is-layout-flex\">\n<div class=\"wp-block-column is-layout-flow wp-block-column-is-layout-flow\"><\/div>\n\n\n\n<div class=\"wp-block-column is-layout-flow wp-block-column-is-layout-flow\"><\/div>\n<\/div>\n\n\n\n<div class=\"wp-block-columns is-layout-flex wp-container-core-columns-is-layout-9d6595d7 wp-block-columns-is-layout-flex\">\n<div class=\"wp-block-column is-layout-flow wp-block-column-is-layout-flow\"><\/div>\n\n\n\n<div class=\"wp-block-column is-layout-flow wp-block-column-is-layout-flow\"><\/div>\n<\/div>\n\n\n\n<div class=\"wp-block-columns is-layout-flex wp-container-core-columns-is-layout-9d6595d7 wp-block-columns-is-layout-flex\">\n<div class=\"wp-block-column is-layout-flow wp-block-column-is-layout-flow\"><\/div>\n\n\n\n<div class=\"wp-block-column is-layout-flow wp-block-column-is-layout-flow\"><\/div>\n<\/div>\n\n\n\n<div class=\"wp-block-columns is-layout-flex wp-container-core-columns-is-layout-9d6595d7 wp-block-columns-is-layout-flex\">\n<div class=\"wp-block-column is-layout-flow wp-block-column-is-layout-flow\"><\/div>\n\n\n\n<div class=\"wp-block-column is-layout-flow wp-block-column-is-layout-flow\"><\/div>\n<\/div>\n\n\n\n<div class=\"wp-block-columns is-layout-flex wp-container-core-columns-is-layout-9d6595d7 wp-block-columns-is-layout-flex\">\n<div class=\"wp-block-column is-layout-flow wp-block-column-is-layout-flow\"><\/div>\n\n\n\n<div class=\"wp-block-column is-layout-flow wp-block-column-is-layout-flow\"><\/div>\n<\/div>\n\n\n\n<div class=\"wp-block-columns is-layout-flex wp-container-core-columns-is-layout-9d6595d7 wp-block-columns-is-layout-flex\">\n<div class=\"wp-block-column is-layout-flow wp-block-column-is-layout-flow\"><\/div>\n\n\n\n<div class=\"wp-block-column is-layout-flow wp-block-column-is-layout-flow\"><\/div>\n<\/div>\n\n\n\n<div class=\"wp-block-columns is-layout-flex wp-container-core-columns-is-layout-9d6595d7 wp-block-columns-is-layout-flex\">\n<div class=\"wp-block-column is-layout-flow wp-block-column-is-layout-flow\"><\/div>\n\n\n\n<div class=\"wp-block-column is-layout-flow wp-block-column-is-layout-flow\"><\/div>\n<\/div>\n\n\n\n<div class=\"wp-block-columns is-layout-flex wp-container-core-columns-is-layout-9d6595d7 wp-block-columns-is-layout-flex\">\n<div class=\"wp-block-column is-layout-flow wp-block-column-is-layout-flow\"><\/div>\n\n\n\n<div class=\"wp-block-column is-vertically-aligned-top is-layout-flow wp-block-column-is-layout-flow\"><\/div>\n<\/div>\n\n\n\n<div class=\"wp-block-columns is-layout-flex wp-container-core-columns-is-layout-9d6595d7 wp-block-columns-is-layout-flex\">\n<div class=\"wp-block-column is-layout-flow wp-block-column-is-layout-flow\"><\/div>\n\n\n\n<div class=\"wp-block-column is-layout-flow wp-block-column-is-layout-flow\"><\/div>\n<\/div>\n\n\n\n<div class=\"wp-block-columns is-layout-flex wp-container-core-columns-is-layout-9d6595d7 wp-block-columns-is-layout-flex\">\n<div class=\"wp-block-column is-layout-flow wp-block-column-is-layout-flow\">\n<p><\/p>\n<\/div>\n\n\n\n<div class=\"wp-block-column is-layout-flow wp-block-column-is-layout-flow\"><\/div>\n<\/div>\n\n\n\n<div class=\"wp-block-columns is-layout-flex wp-container-core-columns-is-layout-9d6595d7 wp-block-columns-is-layout-flex\">\n<div class=\"wp-block-column is-layout-flow wp-block-column-is-layout-flow\"><\/div>\n\n\n\n<div class=\"wp-block-column is-layout-flow wp-block-column-is-layout-flow\"><\/div>\n<\/div>\n\n\n\n<div class=\"wp-block-columns is-layout-flex wp-container-core-columns-is-layout-9d6595d7 wp-block-columns-is-layout-flex\">\n<div class=\"wp-block-column is-layout-flow wp-block-column-is-layout-flow\"><\/div>\n\n\n\n<div class=\"wp-block-column is-layout-flow wp-block-column-is-layout-flow\"><\/div>\n<\/div>\n\n\n\n<div class=\"wp-block-columns is-layout-flex wp-container-core-columns-is-layout-9d6595d7 wp-block-columns-is-layout-flex\">\n<div class=\"wp-block-column is-layout-flow wp-block-column-is-layout-flow\"><\/div>\n\n\n\n<div class=\"wp-block-column is-layout-flow wp-block-column-is-layout-flow\">\n<p><\/p>\n<\/div>\n<\/div>\n\n\n\n<div class=\"wp-block-columns is-layout-flex wp-container-core-columns-is-layout-9d6595d7 wp-block-columns-is-layout-flex\">\n<div class=\"wp-block-column is-layout-flow wp-block-column-is-layout-flow\"><\/div>\n<\/div>\n\n\n\n<div class=\"wp-block-columns is-layout-flex wp-container-core-columns-is-layout-9d6595d7 wp-block-columns-is-layout-flex\">\n<div class=\"wp-block-column is-layout-flow wp-block-column-is-layout-flow\"><\/div>\n\n\n\n<div class=\"wp-block-column is-layout-flow wp-block-column-is-layout-flow\"><\/div>\n<\/div>\n\n\n\n<div class=\"wp-block-columns is-layout-flex wp-container-core-columns-is-layout-9d6595d7 wp-block-columns-is-layout-flex\">\n<div class=\"wp-block-column is-layout-flow wp-block-column-is-layout-flow\"><\/div>\n\n\n\n<div class=\"wp-block-column is-layout-flow wp-block-column-is-layout-flow\"><\/div>\n<\/div>\n\n\n\n<div class=\"wp-block-columns is-layout-flex wp-container-core-columns-is-layout-9d6595d7 wp-block-columns-is-layout-flex\"><\/div>\n\n\n\n<div class=\"wp-block-columns is-layout-flex wp-container-core-columns-is-layout-9d6595d7 wp-block-columns-is-layout-flex\">\n<div class=\"wp-block-column is-layout-flow wp-block-column-is-layout-flow\"><\/div>\n<\/div>\n\n\n\n<p><\/p>\n","protected":false},"excerpt":{"rendered":"<p>Rozdrabniacz elektryczny GHE 355 Elektryczny rozdrabniacz STIHL GHE 355 idealny do regularnych prac z wi\u0119ksz\u0105 ilo\u015bci\u0105 odpad\u00f3w ogrodowych. Szybko i niezawodnie dzia\u0142aj\u0105ce no\u017ce typu sandwich mog\u0105 rozdrabnia\u0107 ga\u0142\u0119zie o \u015brednicy do 35 mm. Dzi\u0119ki technologii skr\u0119tu BRS mo\u017cna indywidualnie i wygodnie regulowa\u0107 kierunek obrotu no\u017cy za pomoc\u0105 prze\u0142\u0105cznika obrotowego. Dzi\u0119ki szerokiemu otworowi mo\u017cna z \u0142atwo\u015bci\u0105 [&hellip;]<\/p>\n","protected":false},"featured_media":7941,"comment_status":"open","ping_status":"closed","template":"","meta":[],"product_brand":[],"product_cat":[82,67],"product_tag":[],"class_list":{"0":"post-7936","1":"product","2":"type-product","3":"status-publish","4":"has-post-thumbnail","6":"product_cat-rozdrabniacze","7":"product_cat-urzadzenia-do-pracy-w-ogrodzie","9":"first","10":"onbackorder","11":"taxable","12":"shipping-taxable","13":"purchasable","14":"product-type-simple"},"_links":{"self":[{"href":"https:\/\/precto.pl\/sklep\/wp-json\/wp\/v2\/product\/7936","targetHints":{"allow":["GET"]}}],"collection":[{"href":"https:\/\/precto.pl\/sklep\/wp-json\/wp\/v2\/product"}],"about":[{"href":"https:\/\/precto.pl\/sklep\/wp-json\/wp\/v2\/types\/product"}],"replies":[{"embeddable":true,"href":"https:\/\/precto.pl\/sklep\/wp-json\/wp\/v2\/comments?post=7936"}],"wp:featuredmedia":[{"embeddable":true,"href":"https:\/\/precto.pl\/sklep\/wp-json\/wp\/v2\/media\/7941"}],"wp:attachment":[{"href":"https:\/\/precto.pl\/sklep\/wp-json\/wp\/v2\/media?parent=7936"}],"wp:term":[{"taxonomy":"product_brand","embeddable":true,"href":"https:\/\/precto.pl\/sklep\/wp-json\/wp\/v2\/product_brand?post=7936"},{"taxonomy":"product_cat","embeddable":true,"href":"https:\/\/precto.pl\/sklep\/wp-json\/wp\/v2\/product_cat?post=7936"},{"taxonomy":"product_tag","embeddable":true,"href":"https:\/\/precto.pl\/sklep\/wp-json\/wp\/v2\/product_tag?post=7936"}],"curies":[{"name":"wp","href":"https:\/\/api.w.org\/{rel}","templated":true}]}}