{"id":7904,"date":"2022-03-21T11:42:46","date_gmt":"2022-03-21T10:42:46","guid":{"rendered":"https:\/\/precto.pl\/sklep\/?post_type=product&#038;p=7904"},"modified":"2022-05-04T14:26:30","modified_gmt":"2022-05-04T12:26:30","slug":"rozdrabniacz-elektryczny-ghe-135-l-24-miesiace-gwarancji","status":"publish","type":"product","link":"https:\/\/precto.pl\/sklep\/rozdrabniacz-elektryczny-ghe-135-l-24-miesiace-gwarancji\/","title":{"rendered":"Rozdrabniacz elektryczny GHE 135 L 24 miesi\u0105ce gwarancji"},"content":{"rendered":"\n<p><\/p>\n\n\n\n<h2 class=\"wp-block-heading\"><\/h2>\n\n\n\n<div class=\"wp-block-columns is-layout-flex wp-container-core-columns-is-layout-9d6595d7 wp-block-columns-is-layout-flex\">\n<div class=\"wp-block-column is-layout-flow wp-block-column-is-layout-flow\">\n<div class=\"wp-block-columns is-layout-flex wp-container-core-columns-is-layout-9d6595d7 wp-block-columns-is-layout-flex\">\n<div class=\"wp-block-column is-layout-flow wp-block-column-is-layout-flow\">\n<figure class=\"wp-block-image size-full\"><img loading=\"lazy\" decoding=\"async\" width=\"460\" height=\"690\" src=\"https:\/\/precto.pl\/sklep\/wp-content\/uploads\/2022\/03\/ghe-135-precto-1.jpg\" alt=\"\" class=\"wp-image-7905\" srcset=\"https:\/\/precto.pl\/sklep\/wp-content\/uploads\/2022\/03\/ghe-135-precto-1.jpg 460w, https:\/\/precto.pl\/sklep\/wp-content\/uploads\/2022\/03\/ghe-135-precto-1-200x300.jpg 200w, https:\/\/precto.pl\/sklep\/wp-content\/uploads\/2022\/03\/ghe-135-precto-1-300x450.jpg 300w\" sizes=\"auto, (max-width: 460px) 100vw, 460px\" \/><figcaption><br><\/figcaption><\/figure>\n\n\n\n<figure class=\"wp-block-image size-full\"><img loading=\"lazy\" decoding=\"async\" width=\"460\" height=\"306\" src=\"https:\/\/precto.pl\/sklep\/wp-content\/uploads\/2022\/03\/ghe-135-precto-2.jpg\" alt=\"\" class=\"wp-image-7906\" srcset=\"https:\/\/precto.pl\/sklep\/wp-content\/uploads\/2022\/03\/ghe-135-precto-2.jpg 460w, https:\/\/precto.pl\/sklep\/wp-content\/uploads\/2022\/03\/ghe-135-precto-2-300x200.jpg 300w\" sizes=\"auto, (max-width: 460px) 100vw, 460px\" \/><\/figure>\n<\/div>\n<\/div>\n<\/div>\n\n\n\n<div class=\"wp-block-column is-layout-flow wp-block-column-is-layout-flow\">\n<p>Rozdrabniacz elektryczny GHE 135 L<\/p>\n\n\n\n<p>Kompaktowy rozdrabniacz elektryczny STIHL GHE 135 L z por\u0119cznym, zintegrowanym pojemnikiem na rozdrobniony materia\u0142. Wyt\u0142umienie urz\u0105dzenia powoduje, \u017ce pracuje ono bardzo cicho, by nie zak\u0142\u00f3ca\u0107 spokoju s\u0105siadom. Wydajny wa\u0142 tn\u0105cy przerabia w kr\u00f3tkim czasie ga\u0142\u0119zie o \u015brednicy do 35 mm na materia\u0142 kompostowy, oszcz\u0119dzaj\u0105c przy tym \u015brednio 75% miejsca ogrodowego na odpady ro\u015blinne. Rozdrobniony materia\u0142 zbiera si\u0119 bezpo\u015brednio w zintegrowanym pojemniku o pojemno\u015bci 60 l, kt\u00f3ry mo\u017cna \u0142atwo przenosi\u0107.<\/p>\n\n\n\n<figure class=\"wp-block-table\"><table><thead><tr><th>Dane techniczne<\/th><th>Warto\u015b\u0107<\/th><\/tr><\/thead><tbody><tr><td>Maks. \u015br. ga\u0142\u0119zi mm<\/td><td>do 35<\/td><\/tr><tr><td>Napi\u0119cie znamionowe V<\/td><td>230<\/td><\/tr><tr><td>Znam. pr\u0119dko\u015b\u0107 obr. narz\u0119dzia rob. U\/min<\/td><td>40<\/td><\/tr><tr><td>Ci\u0119\u017car urz\u0105dzenia kg<\/td><td>23<\/td><\/tr><tr><td>Moc znam. W<\/td><td>2.300<\/td><\/tr><tr><td>Maks. \u015brednica ga\u0142\u0119zi \u00d8 mm<\/td><td>35<\/td><\/tr><tr><td>Poziom mocy akustycznej gwarantowany LWAd dB(A)<\/td><td>94<\/td><\/tr><tr><td>Niepewno\u015b\u0107 pomiarowa KpA dB(A)<\/td><td>3<\/td><\/tr><\/tbody><\/table><\/figure>\n\n\n\n<div class=\"wp-block-columns is-layout-flex wp-container-core-columns-is-layout-9d6595d7 wp-block-columns-is-layout-flex\">\n<div class=\"wp-block-column is-layout-flow wp-block-column-is-layout-flow\">\n<figure class=\"wp-block-gallery has-nested-images columns-default is-cropped wp-block-gallery-1 is-layout-flex wp-block-gallery-is-layout-flex\">\n<figure class=\"wp-block-image size-large\"><img loading=\"lazy\" decoding=\"async\" width=\"460\" height=\"306\" data-id=\"7907\" src=\"https:\/\/precto.pl\/sklep\/wp-content\/uploads\/2022\/03\/ghe-135-precto-3.jpg\" alt=\"\" class=\"wp-image-7907\" srcset=\"https:\/\/precto.pl\/sklep\/wp-content\/uploads\/2022\/03\/ghe-135-precto-3.jpg 460w, https:\/\/precto.pl\/sklep\/wp-content\/uploads\/2022\/03\/ghe-135-precto-3-300x200.jpg 300w\" sizes=\"auto, (max-width: 460px) 100vw, 460px\" \/><\/figure>\n<\/figure>\n<\/div>\n<\/div>\n\n\n\n<div class=\"wp-block-columns is-layout-flex wp-container-core-columns-is-layout-9d6595d7 wp-block-columns-is-layout-flex\">\n<div class=\"wp-block-column is-layout-flow wp-block-column-is-layout-flow\">\n<p><\/p>\n<\/div>\n<\/div>\n<\/div>\n<\/div>\n\n\n\n<div class=\"wp-block-columns is-layout-flex wp-container-core-columns-is-layout-9d6595d7 wp-block-columns-is-layout-flex\">\n<div class=\"wp-block-column is-layout-flow wp-block-column-is-layout-flow\">\n<h2 class=\"wp-block-heading\">Zintegrowany pojemnik<\/h2>\n\n\n\n<p>Przejrzysty zintegrowany pojemnik na rozdrobniony materia\u0142. Pojemno\u015b\u0107 60 litr\u00f3w. Praktyczne, zag\u0142\u0119bione uchwyty. Ze wzgl\u0119d\u00f3w bezpiecze\u0144stwa rozdrabniacz ogrodowy STIHL nie dzia\u0142a, dop\u00f3ki pojemnik nie zostanie prawid\u0142owo umieszczony w urz\u0105dzeniu.<\/p>\n<\/div>\n\n\n\n<div class=\"wp-block-column is-layout-flow wp-block-column-is-layout-flow\">\n<figure class=\"wp-block-image size-full\"><img loading=\"lazy\" decoding=\"async\" width=\"480\" height=\"480\" src=\"https:\/\/precto.pl\/sklep\/wp-content\/uploads\/2022\/03\/pojemnik-precto-1.jpg\" alt=\"\" class=\"wp-image-7908\" srcset=\"https:\/\/precto.pl\/sklep\/wp-content\/uploads\/2022\/03\/pojemnik-precto-1.jpg 480w, https:\/\/precto.pl\/sklep\/wp-content\/uploads\/2022\/03\/pojemnik-precto-1-300x300.jpg 300w, https:\/\/precto.pl\/sklep\/wp-content\/uploads\/2022\/03\/pojemnik-precto-1-150x150.jpg 150w, https:\/\/precto.pl\/sklep\/wp-content\/uploads\/2022\/03\/pojemnik-precto-1-100x100.jpg 100w\" sizes=\"auto, (max-width: 480px) 100vw, 480px\" \/><\/figure>\n<\/div>\n<\/div>\n\n\n\n<div class=\"wp-block-columns is-layout-flex wp-container-core-columns-is-layout-9d6595d7 wp-block-columns-is-layout-flex\">\n<div class=\"wp-block-column is-layout-flow wp-block-column-is-layout-flow\">\n<figure class=\"wp-block-image size-full\"><img loading=\"lazy\" decoding=\"async\" width=\"480\" height=\"480\" src=\"https:\/\/precto.pl\/sklep\/wp-content\/uploads\/2022\/03\/otwor-precto-1.jpg\" alt=\"\" class=\"wp-image-7900\" srcset=\"https:\/\/precto.pl\/sklep\/wp-content\/uploads\/2022\/03\/otwor-precto-1.jpg 480w, https:\/\/precto.pl\/sklep\/wp-content\/uploads\/2022\/03\/otwor-precto-1-300x300.jpg 300w, https:\/\/precto.pl\/sklep\/wp-content\/uploads\/2022\/03\/otwor-precto-1-150x150.jpg 150w, https:\/\/precto.pl\/sklep\/wp-content\/uploads\/2022\/03\/otwor-precto-1-100x100.jpg 100w\" sizes=\"auto, (max-width: 480px) 100vw, 480px\" \/><\/figure>\n<\/div>\n\n\n\n<div class=\"wp-block-column is-layout-flow wp-block-column-is-layout-flow\">\n<h2 class=\"wp-block-heading\">Otw\u00f3r w kszta\u0142cie czterolistnej koniczyny<\/h2>\n\n\n\n<p>Otw\u00f3r w kszta\u0142cie czterolistnej koniczyny znajduj\u0105cy si\u0119 w pokrywie obudowy umo\u017cliwia bezpieczn\u0105 prac\u0119 i \u0142atwe wprowadzanie ga\u0142\u0119zi do urz\u0105dzenia. Dzi\u0119ki swojemu szerokiemu wej\u015bciu nawet bardzo rozga\u0142\u0119ziony materia\u0142 mo\u017ce by\u0107 umieszczony i rozdrobniony. Do mi\u0119kkich materia\u0142\u00f3w przewidziano otw\u00f3r pod\u0142u\u017cny.<\/p>\n<\/div>\n<\/div>\n\n\n\n<div class=\"wp-block-columns is-layout-flex wp-container-core-columns-is-layout-9d6595d7 wp-block-columns-is-layout-flex\">\n<div class=\"wp-block-column is-layout-flow wp-block-column-is-layout-flow\">\n<h2 class=\"wp-block-heading\">Wa\u0142 tn\u0105cy<\/h2>\n\n\n\n<p>Solidny, wolno dzia\u0142aj\u0105cy wa\u0142 tn\u0105cy. Wa\u0142 pracuje wydajnie i cicho przy zaledwie 40 obrotach na minut\u0119 . W przypadku zakleszczenia si\u0119 ga\u0142\u0119zi, urz\u0105dzenie automatycznie odblokowuje rozdrabniany materia\u0142.<\/p>\n<\/div>\n\n\n\n<div class=\"wp-block-column is-layout-flow wp-block-column-is-layout-flow\">\n<figure class=\"wp-block-gallery has-nested-images columns-default is-cropped wp-block-gallery-2 is-layout-flex wp-block-gallery-is-layout-flex\">\n<figure class=\"wp-block-image size-full\"><img loading=\"lazy\" decoding=\"async\" width=\"480\" height=\"480\" data-id=\"7909\" src=\"https:\/\/precto.pl\/sklep\/wp-content\/uploads\/2022\/03\/wal-tnacy-precto-1.jpg\" alt=\"\" class=\"wp-image-7909\" srcset=\"https:\/\/precto.pl\/sklep\/wp-content\/uploads\/2022\/03\/wal-tnacy-precto-1.jpg 480w, https:\/\/precto.pl\/sklep\/wp-content\/uploads\/2022\/03\/wal-tnacy-precto-1-300x300.jpg 300w, https:\/\/precto.pl\/sklep\/wp-content\/uploads\/2022\/03\/wal-tnacy-precto-1-150x150.jpg 150w, https:\/\/precto.pl\/sklep\/wp-content\/uploads\/2022\/03\/wal-tnacy-precto-1-100x100.jpg 100w\" sizes=\"auto, (max-width: 480px) 100vw, 480px\" \/><\/figure>\n<\/figure>\n<\/div>\n<\/div>\n\n\n\n<div class=\"wp-block-columns is-layout-flex wp-container-core-columns-is-layout-9d6595d7 wp-block-columns-is-layout-flex\">\n<div class=\"wp-block-column is-layout-flow wp-block-column-is-layout-flow\">\n<figure class=\"wp-block-gallery has-nested-images columns-default is-cropped wp-block-gallery-3 is-layout-flex wp-block-gallery-is-layout-flex\">\n<figure class=\"wp-block-image size-full\"><img loading=\"lazy\" decoding=\"async\" width=\"480\" height=\"471\" data-id=\"7902\" src=\"https:\/\/precto.pl\/sklep\/wp-content\/uploads\/2022\/03\/wlacznik-wodoodporny-precto-1.jpg\" alt=\"\" class=\"wp-image-7902\" srcset=\"https:\/\/precto.pl\/sklep\/wp-content\/uploads\/2022\/03\/wlacznik-wodoodporny-precto-1.jpg 480w, https:\/\/precto.pl\/sklep\/wp-content\/uploads\/2022\/03\/wlacznik-wodoodporny-precto-1-300x294.jpg 300w\" sizes=\"auto, (max-width: 480px) 100vw, 480px\" \/><\/figure>\n<\/figure>\n<\/div>\n\n\n\n<div class=\"wp-block-column is-layout-flow wp-block-column-is-layout-flow\">\n<h2 class=\"wp-block-heading\">Foliowany wodoodporny w\u0142\u0105cznik<\/h2>\n\n\n\n<p>Obudowa rozdrabniacza STIHL wyposa\u017cona jest we w\u0142\u0105cznik z przyciskami chronionymi foli\u0105 i kontrolk\u0105 pracy, co upraszcza obs\u0142ug\u0119 i zwi\u0119ksza komfort pracy.<\/p>\n<\/div>\n<\/div>\n\n\n\n<div class=\"wp-block-columns is-layout-flex wp-container-core-columns-is-layout-9d6595d7 wp-block-columns-is-layout-flex\">\n<div class=\"wp-block-column is-layout-flow wp-block-column-is-layout-flow\"><\/div>\n\n\n\n<div class=\"wp-block-column is-layout-flow wp-block-column-is-layout-flow\"><\/div>\n<\/div>\n\n\n\n<div class=\"wp-block-columns is-layout-flex wp-container-core-columns-is-layout-9d6595d7 wp-block-columns-is-layout-flex\">\n<div class=\"wp-block-column is-layout-flow wp-block-column-is-layout-flow\"><\/div>\n\n\n\n<div class=\"wp-block-column is-layout-flow wp-block-column-is-layout-flow\"><\/div>\n<\/div>\n\n\n\n<div class=\"wp-block-columns is-layout-flex wp-container-core-columns-is-layout-9d6595d7 wp-block-columns-is-layout-flex\">\n<div class=\"wp-block-column is-layout-flow wp-block-column-is-layout-flow\"><\/div>\n\n\n\n<div class=\"wp-block-column is-layout-flow wp-block-column-is-layout-flow\"><\/div>\n<\/div>\n\n\n\n<div class=\"wp-block-columns is-layout-flex wp-container-core-columns-is-layout-9d6595d7 wp-block-columns-is-layout-flex\">\n<div class=\"wp-block-column is-layout-flow wp-block-column-is-layout-flow\"><\/div>\n\n\n\n<div class=\"wp-block-column is-layout-flow wp-block-column-is-layout-flow\"><\/div>\n<\/div>\n\n\n\n<div class=\"wp-block-columns is-layout-flex wp-container-core-columns-is-layout-9d6595d7 wp-block-columns-is-layout-flex\">\n<div class=\"wp-block-column is-layout-flow wp-block-column-is-layout-flow\"><\/div>\n\n\n\n<div class=\"wp-block-column is-layout-flow wp-block-column-is-layout-flow\"><\/div>\n<\/div>\n\n\n\n<div class=\"wp-block-columns is-layout-flex wp-container-core-columns-is-layout-9d6595d7 wp-block-columns-is-layout-flex\">\n<div class=\"wp-block-column is-layout-flow wp-block-column-is-layout-flow\"><\/div>\n\n\n\n<div class=\"wp-block-column is-layout-flow wp-block-column-is-layout-flow\"><\/div>\n<\/div>\n\n\n\n<div class=\"wp-block-columns is-layout-flex wp-container-core-columns-is-layout-9d6595d7 wp-block-columns-is-layout-flex\">\n<div class=\"wp-block-column is-layout-flow wp-block-column-is-layout-flow\"><\/div>\n\n\n\n<div class=\"wp-block-column is-layout-flow wp-block-column-is-layout-flow\"><\/div>\n<\/div>\n\n\n\n<div class=\"wp-block-columns is-layout-flex wp-container-core-columns-is-layout-9d6595d7 wp-block-columns-is-layout-flex\">\n<div class=\"wp-block-column is-layout-flow wp-block-column-is-layout-flow\"><\/div>\n\n\n\n<div class=\"wp-block-column is-layout-flow wp-block-column-is-layout-flow\"><\/div>\n<\/div>\n\n\n\n<div class=\"wp-block-columns is-layout-flex wp-container-core-columns-is-layout-9d6595d7 wp-block-columns-is-layout-flex\">\n<div class=\"wp-block-column is-layout-flow wp-block-column-is-layout-flow\"><\/div>\n\n\n\n<div class=\"wp-block-column is-layout-flow wp-block-column-is-layout-flow\"><\/div>\n<\/div>\n\n\n\n<div class=\"wp-block-columns is-layout-flex wp-container-core-columns-is-layout-9d6595d7 wp-block-columns-is-layout-flex\">\n<div class=\"wp-block-column is-layout-flow wp-block-column-is-layout-flow\"><\/div>\n\n\n\n<div class=\"wp-block-column is-layout-flow wp-block-column-is-layout-flow\"><\/div>\n<\/div>\n\n\n\n<div class=\"wp-block-columns is-layout-flex wp-container-core-columns-is-layout-9d6595d7 wp-block-columns-is-layout-flex\">\n<div class=\"wp-block-column is-layout-flow wp-block-column-is-layout-flow\"><\/div>\n\n\n\n<div class=\"wp-block-column is-vertically-aligned-top is-layout-flow wp-block-column-is-layout-flow\"><\/div>\n<\/div>\n\n\n\n<div class=\"wp-block-columns is-layout-flex wp-container-core-columns-is-layout-9d6595d7 wp-block-columns-is-layout-flex\">\n<div class=\"wp-block-column is-layout-flow wp-block-column-is-layout-flow\"><\/div>\n\n\n\n<div class=\"wp-block-column is-layout-flow wp-block-column-is-layout-flow\"><\/div>\n<\/div>\n\n\n\n<div class=\"wp-block-columns is-layout-flex wp-container-core-columns-is-layout-9d6595d7 wp-block-columns-is-layout-flex\">\n<div class=\"wp-block-column is-layout-flow wp-block-column-is-layout-flow\">\n<p><\/p>\n<\/div>\n\n\n\n<div class=\"wp-block-column is-layout-flow wp-block-column-is-layout-flow\"><\/div>\n<\/div>\n\n\n\n<div class=\"wp-block-columns is-layout-flex wp-container-core-columns-is-layout-9d6595d7 wp-block-columns-is-layout-flex\">\n<div class=\"wp-block-column is-layout-flow wp-block-column-is-layout-flow\"><\/div>\n\n\n\n<div class=\"wp-block-column is-layout-flow wp-block-column-is-layout-flow\"><\/div>\n<\/div>\n\n\n\n<div class=\"wp-block-columns is-layout-flex wp-container-core-columns-is-layout-9d6595d7 wp-block-columns-is-layout-flex\">\n<div class=\"wp-block-column is-layout-flow wp-block-column-is-layout-flow\"><\/div>\n\n\n\n<div class=\"wp-block-column is-layout-flow wp-block-column-is-layout-flow\"><\/div>\n<\/div>\n\n\n\n<div class=\"wp-block-columns is-layout-flex wp-container-core-columns-is-layout-9d6595d7 wp-block-columns-is-layout-flex\">\n<div class=\"wp-block-column is-layout-flow wp-block-column-is-layout-flow\"><\/div>\n\n\n\n<div class=\"wp-block-column is-layout-flow wp-block-column-is-layout-flow\">\n<p><\/p>\n<\/div>\n<\/div>\n\n\n\n<div class=\"wp-block-columns is-layout-flex wp-container-core-columns-is-layout-9d6595d7 wp-block-columns-is-layout-flex\">\n<div class=\"wp-block-column is-layout-flow wp-block-column-is-layout-flow\"><\/div>\n<\/div>\n\n\n\n<div class=\"wp-block-columns is-layout-flex wp-container-core-columns-is-layout-9d6595d7 wp-block-columns-is-layout-flex\">\n<div class=\"wp-block-column is-layout-flow wp-block-column-is-layout-flow\"><\/div>\n\n\n\n<div class=\"wp-block-column is-layout-flow wp-block-column-is-layout-flow\"><\/div>\n<\/div>\n\n\n\n<div class=\"wp-block-columns is-layout-flex wp-container-core-columns-is-layout-9d6595d7 wp-block-columns-is-layout-flex\">\n<div class=\"wp-block-column is-layout-flow wp-block-column-is-layout-flow\"><\/div>\n\n\n\n<div class=\"wp-block-column is-layout-flow wp-block-column-is-layout-flow\"><\/div>\n<\/div>\n\n\n\n<div class=\"wp-block-columns is-layout-flex wp-container-core-columns-is-layout-9d6595d7 wp-block-columns-is-layout-flex\"><\/div>\n\n\n\n<div class=\"wp-block-columns is-layout-flex wp-container-core-columns-is-layout-9d6595d7 wp-block-columns-is-layout-flex\">\n<div class=\"wp-block-column is-layout-flow wp-block-column-is-layout-flow\"><\/div>\n<\/div>\n\n\n\n<p><\/p>\n","protected":false},"excerpt":{"rendered":"<p>Rozdrabniacz elektryczny GHE 135 L Kompaktowy rozdrabniacz elektryczny STIHL GHE 135 L z por\u0119cznym, zintegrowanym pojemnikiem na rozdrobniony materia\u0142. Wyt\u0142umienie urz\u0105dzenia powoduje, \u017ce pracuje ono bardzo cicho, by nie zak\u0142\u00f3ca\u0107 spokoju s\u0105siadom. Wydajny wa\u0142 tn\u0105cy przerabia w kr\u00f3tkim czasie ga\u0142\u0119zie o \u015brednicy do 35 mm na materia\u0142 kompostowy, oszcz\u0119dzaj\u0105c przy tym \u015brednio 75% miejsca ogrodowego [&hellip;]<\/p>\n","protected":false},"featured_media":7910,"comment_status":"open","ping_status":"closed","template":"","meta":[],"product_brand":[],"product_cat":[82,67],"product_tag":[],"class_list":{"0":"post-7904","1":"product","2":"type-product","3":"status-publish","4":"has-post-thumbnail","6":"product_cat-rozdrabniacze","7":"product_cat-urzadzenia-do-pracy-w-ogrodzie","9":"first","10":"instock","11":"taxable","12":"shipping-taxable","13":"purchasable","14":"product-type-simple"},"_links":{"self":[{"href":"https:\/\/precto.pl\/sklep\/wp-json\/wp\/v2\/product\/7904","targetHints":{"allow":["GET"]}}],"collection":[{"href":"https:\/\/precto.pl\/sklep\/wp-json\/wp\/v2\/product"}],"about":[{"href":"https:\/\/precto.pl\/sklep\/wp-json\/wp\/v2\/types\/product"}],"replies":[{"embeddable":true,"href":"https:\/\/precto.pl\/sklep\/wp-json\/wp\/v2\/comments?post=7904"}],"wp:featuredmedia":[{"embeddable":true,"href":"https:\/\/precto.pl\/sklep\/wp-json\/wp\/v2\/media\/7910"}],"wp:attachment":[{"href":"https:\/\/precto.pl\/sklep\/wp-json\/wp\/v2\/media?parent=7904"}],"wp:term":[{"taxonomy":"product_brand","embeddable":true,"href":"https:\/\/precto.pl\/sklep\/wp-json\/wp\/v2\/product_brand?post=7904"},{"taxonomy":"product_cat","embeddable":true,"href":"https:\/\/precto.pl\/sklep\/wp-json\/wp\/v2\/product_cat?post=7904"},{"taxonomy":"product_tag","embeddable":true,"href":"https:\/\/precto.pl\/sklep\/wp-json\/wp\/v2\/product_tag?post=7904"}],"curies":[{"name":"wp","href":"https:\/\/api.w.org\/{rel}","templated":true}]}}