{"id":7821,"date":"2022-03-16T15:18:49","date_gmt":"2022-03-16T14:18:49","guid":{"rendered":"https:\/\/precto.pl\/sklep\/?post_type=product&#038;p=7821"},"modified":"2025-04-18T22:54:49","modified_gmt":"2025-04-18T20:54:49","slug":"nozyce-elektryczne-do-zywoplotu-hse-81-70cm-650w-24-miesiace-gwarancji","status":"publish","type":"product","link":"https:\/\/precto.pl\/sklep\/nozyce-elektryczne-do-zywoplotu-hse-81-70cm-650w-24-miesiace-gwarancji\/","title":{"rendered":"No\u017cyce elektryczne do \u017cywop\u0142otu HSE 81 70cm 650W   24 miesi\u0105ce gwarancji"},"content":{"rendered":"\n<p><\/p>\n\n\n\n<h2 class=\"wp-block-heading\"><\/h2>\n\n\n\n<div class=\"wp-block-columns is-layout-flex wp-container-core-columns-is-layout-9d6595d7 wp-block-columns-is-layout-flex\">\n<div class=\"wp-block-column is-layout-flow wp-block-column-is-layout-flow\">\n<div class=\"wp-block-columns is-layout-flex wp-container-core-columns-is-layout-9d6595d7 wp-block-columns-is-layout-flex\">\n<div class=\"wp-block-column is-layout-flow wp-block-column-is-layout-flow\">\n<figure class=\"wp-block-image size-full\"><img loading=\"lazy\" decoding=\"async\" width=\"710\" height=\"250\" src=\"https:\/\/precto.pl\/sklep\/wp-content\/uploads\/2022\/03\/hse-81-precto-1.jpg\" alt=\"\" class=\"wp-image-7822\" srcset=\"https:\/\/precto.pl\/sklep\/wp-content\/uploads\/2022\/03\/hse-81-precto-1.jpg 710w, https:\/\/precto.pl\/sklep\/wp-content\/uploads\/2022\/03\/hse-81-precto-1-300x106.jpg 300w\" sizes=\"auto, (max-width: 710px) 100vw, 710px\" \/><figcaption><br><\/figcaption><\/figure>\n\n\n\n<figure class=\"wp-block-image size-full\"><img loading=\"lazy\" decoding=\"async\" width=\"710\" height=\"250\" src=\"https:\/\/precto.pl\/sklep\/wp-content\/uploads\/2022\/03\/hse-81-precto-2.jpg\" alt=\"\" class=\"wp-image-7823\" srcset=\"https:\/\/precto.pl\/sklep\/wp-content\/uploads\/2022\/03\/hse-81-precto-2.jpg 710w, https:\/\/precto.pl\/sklep\/wp-content\/uploads\/2022\/03\/hse-81-precto-2-300x106.jpg 300w\" sizes=\"auto, (max-width: 710px) 100vw, 710px\" \/><\/figure>\n<\/div>\n<\/div>\n\n\n\n<figure class=\"wp-block-image size-full\"><img loading=\"lazy\" decoding=\"async\" width=\"710\" height=\"250\" src=\"https:\/\/precto.pl\/sklep\/wp-content\/uploads\/2022\/03\/hse-81-precto-3.jpg\" alt=\"\" class=\"wp-image-7824\" srcset=\"https:\/\/precto.pl\/sklep\/wp-content\/uploads\/2022\/03\/hse-81-precto-3.jpg 710w, https:\/\/precto.pl\/sklep\/wp-content\/uploads\/2022\/03\/hse-81-precto-3-300x106.jpg 300w\" sizes=\"auto, (max-width: 710px) 100vw, 710px\" \/><\/figure>\n<\/div>\n\n\n\n<div class=\"wp-block-column is-layout-flow wp-block-column-is-layout-flow\">\n<p>No\u017cyce elektryczne HSE 81<\/p>\n\n\n\n<p>Idealne do piel\u0119gnacji twardych \u017cywop\u0142ot\u00f3w. Zintegrowana os\u0142ona listwy tn\u0105cej i ko\u0144c\u00f3wki, wyd\u0142u\u017cenie zasi\u0119gu, dwustronnie szlifowana listwa tn\u0105ca o du\u017cych odst\u0119pach pomi\u0119dzy z\u0119bami, obrotowy uchwyt z pi\u0119cioma pozycjami roboczymi, niski poziom wibracji, zabezpieczenie przewodu sieciowego.<\/p>\n\n\n\n<figure class=\"wp-block-table\"><table><thead><tr><th>Dane techniczne<\/th><th>Warto\u015b\u0107<\/th><\/tr><\/thead><tbody><tr><td>Ilo\u015b\u0107 skok\u00f3w U\/Min<\/td><td>2.600<\/td><\/tr><tr><td>Moc W<\/td><td>650<\/td><\/tr><tr><td>Napi\u0119cie znamionowe V<\/td><td>230-240<\/td><\/tr><tr><td>D\u0142ugo\u015b\u0107 listwy tn\u0105cej cm<\/td><td>50<\/td><\/tr><tr><td>D\u0142ugo\u015b\u0107 ca\u0142kowita cm<\/td><td>113<\/td><\/tr><tr><td>Odst\u0119py pomi\u0119dzy z\u0119bami mm<\/td><td>36<\/td><\/tr><tr><td>Ci\u0119\u017car kg <sup>1)<\/sup><\/td><td>4,4<\/td><\/tr><tr><td>Poziom ci\u015bnienia akustycznego dB(A) <sup>2)<\/sup><\/td><td>88<\/td><\/tr><tr><td>Poziom mocy akustycznej dB(A) <sup>2)<\/sup><\/td><td>99<\/td><\/tr><tr><td>Moc W<\/td><td>650<\/td><\/tr><tr><td>Warto\u015b\u0107 drga\u0144 strona lewa\/strona prawa m\/s\u00b2 <sup>3)<\/sup><\/td><td>3,5\/2,5<\/td><\/tr><\/tbody><\/table><\/figure>\n\n\n\n<div class=\"wp-block-columns is-layout-flex wp-container-core-columns-is-layout-9d6595d7 wp-block-columns-is-layout-flex\">\n<div class=\"wp-block-column is-layout-flow wp-block-column-is-layout-flow\">\n<figure class=\"wp-block-gallery has-nested-images columns-default is-cropped wp-block-gallery-1 is-layout-flex wp-block-gallery-is-layout-flex\"><\/figure>\n<\/div>\n<\/div>\n\n\n\n<div class=\"wp-block-columns is-layout-flex wp-container-core-columns-is-layout-9d6595d7 wp-block-columns-is-layout-flex\">\n<div class=\"wp-block-column is-layout-flow wp-block-column-is-layout-flow\">\n<p><\/p>\n<\/div>\n<\/div>\n<\/div>\n<\/div>\n\n\n\n<div class=\"wp-block-columns is-layout-flex wp-container-core-columns-is-layout-9d6595d7 wp-block-columns-is-layout-flex\">\n<div class=\"wp-block-column is-layout-flow wp-block-column-is-layout-flow\"><\/div>\n\n\n\n<div class=\"wp-block-column is-layout-flow wp-block-column-is-layout-flow\"><\/div>\n<\/div>\n\n\n\n<div class=\"wp-block-columns is-layout-flex wp-container-core-columns-is-layout-9d6595d7 wp-block-columns-is-layout-flex\">\n<div class=\"wp-block-column is-layout-flow wp-block-column-is-layout-flow\">\n<h2 class=\"wp-block-heading\">No\u017ce wykonywane technik\u0105 laserow\u0105<\/h2>\n\n\n\n<p>Listwy tn\u0105ce no\u017cyc do \u017cywop\u0142ot\u00f3w wycinane s\u0105 laserowo i szlifowane za pomoc\u0105 tarcz diamentowych. Utwardzone kraw\u0119dzie tn\u0105ce mog\u0105 by\u0107 poddawane du\u017cym obci\u0105\u017ceniom i pozostaj\u0105 ostre przez bardzo d\u0142ugi czas.<\/p>\n<\/div>\n\n\n\n<div class=\"wp-block-column is-layout-flow wp-block-column-is-layout-flow\">\n<figure class=\"wp-block-image size-full\"><img loading=\"lazy\" decoding=\"async\" width=\"480\" height=\"350\" src=\"https:\/\/precto.pl\/sklep\/wp-content\/uploads\/2022\/03\/noze-laserem-precto-1.jpg\" alt=\"\" class=\"wp-image-7813\" srcset=\"https:\/\/precto.pl\/sklep\/wp-content\/uploads\/2022\/03\/noze-laserem-precto-1.jpg 480w, https:\/\/precto.pl\/sklep\/wp-content\/uploads\/2022\/03\/noze-laserem-precto-1-300x219.jpg 300w\" sizes=\"auto, (max-width: 480px) 100vw, 480px\" \/><\/figure>\n<\/div>\n<\/div>\n\n\n\n<div class=\"wp-block-columns is-layout-flex wp-container-core-columns-is-layout-9d6595d7 wp-block-columns-is-layout-flex\">\n<div class=\"wp-block-column is-layout-flow wp-block-column-is-layout-flow\"><\/div>\n\n\n\n<div class=\"wp-block-column is-layout-flow wp-block-column-is-layout-flow\"><\/div>\n<\/div>\n\n\n\n<div class=\"wp-block-columns is-layout-flex wp-container-core-columns-is-layout-9d6595d7 wp-block-columns-is-layout-flex\">\n<div class=\"wp-block-column is-layout-flow wp-block-column-is-layout-flow\">\n<h2 class=\"wp-block-heading\">Lekkie, ciche i o ma\u0142ych wibracjach<\/h2>\n\n\n\n<p>Wyci\u0119te..nie wstrz\u0105\u015bni\u0119te. Nowe elektryczne no\u017cyce do \u017cywop\u0142ot\u00f3w s\u0105 tak skonstruowane, \u017ce pracuj\u0105 cicho i na ma\u0142ym poziomie wibracji. Do tego niewielki ci\u0119\u017car powoduje \u017ce nawet d\u0142u\u017csza praca w ogrodzie staje si\u0119 przyjemno\u015bci\u0105 (HSE 42 &#8211; 3,0 kg \/ HSE 52 3,1 kg).<\/p>\n<\/div>\n\n\n\n<div class=\"wp-block-column is-layout-flow wp-block-column-is-layout-flow\">\n<figure class=\"wp-block-image size-full is-resized\"><img loading=\"lazy\" decoding=\"async\" src=\"https:\/\/precto.pl\/sklep\/wp-content\/uploads\/2022\/03\/lekkie-ciche-precto-1.jpg\" alt=\"\" class=\"wp-image-7799\" width=\"367\" height=\"367\" srcset=\"https:\/\/precto.pl\/sklep\/wp-content\/uploads\/2022\/03\/lekkie-ciche-precto-1.jpg 231w, https:\/\/precto.pl\/sklep\/wp-content\/uploads\/2022\/03\/lekkie-ciche-precto-1-150x150.jpg 150w, https:\/\/precto.pl\/sklep\/wp-content\/uploads\/2022\/03\/lekkie-ciche-precto-1-100x100.jpg 100w\" sizes=\"auto, (max-width: 367px) 100vw, 367px\" \/><\/figure>\n<\/div>\n<\/div>\n\n\n\n<div class=\"wp-block-columns is-layout-flex wp-container-core-columns-is-layout-9d6595d7 wp-block-columns-is-layout-flex\">\n<div class=\"wp-block-column is-layout-flow wp-block-column-is-layout-flow\"><\/div>\n\n\n\n<div class=\"wp-block-column is-layout-flow wp-block-column-is-layout-flow\"><\/div>\n<\/div>\n\n\n\n<div class=\"wp-block-columns is-layout-flex wp-container-core-columns-is-layout-9d6595d7 wp-block-columns-is-layout-flex\">\n<div class=\"wp-block-column is-layout-flow wp-block-column-is-layout-flow\">\n<figure class=\"wp-block-image size-full\"><img loading=\"lazy\" decoding=\"async\" width=\"480\" height=\"480\" src=\"https:\/\/precto.pl\/sklep\/wp-content\/uploads\/2022\/03\/hamulec-listwy-precto-1.jpg\" alt=\"\" class=\"wp-image-7800\" srcset=\"https:\/\/precto.pl\/sklep\/wp-content\/uploads\/2022\/03\/hamulec-listwy-precto-1.jpg 480w, https:\/\/precto.pl\/sklep\/wp-content\/uploads\/2022\/03\/hamulec-listwy-precto-1-300x300.jpg 300w, https:\/\/precto.pl\/sklep\/wp-content\/uploads\/2022\/03\/hamulec-listwy-precto-1-150x150.jpg 150w, https:\/\/precto.pl\/sklep\/wp-content\/uploads\/2022\/03\/hamulec-listwy-precto-1-100x100.jpg 100w\" sizes=\"auto, (max-width: 480px) 100vw, 480px\" \/><\/figure>\n<\/div>\n\n\n\n<div class=\"wp-block-column is-layout-flow wp-block-column-is-layout-flow\">\n<h4 class=\"wp-block-heading\" id=\"ergonomiczny-uchwyt-obureczny\">Mechaniczny hamulec listwy<\/h4>\n\n\n\n<p>Mechaniczny hamulec listwy zatrzymuje listw\u0119 tn\u0105c\u0105 w ci\u0105gu nieca\u0142ej sekundy od wy\u0142\u0105czenia.<\/p>\n<\/div>\n<\/div>\n\n\n\n<div class=\"wp-block-columns is-layout-flex wp-container-core-columns-is-layout-9d6595d7 wp-block-columns-is-layout-flex\">\n<div class=\"wp-block-column is-layout-flow wp-block-column-is-layout-flow\">\n<h2 class=\"wp-block-heading\">Szybka listwa tn\u0105ca<\/h2>\n\n\n\n<p>Wysoka ilo\u015b\u0107 skok\u00f3w rz\u0119du 3 400 skok\u00f3w\/min i obustronnie tn\u0105ca listwa odpowiadaj\u0105 za czyste ci\u0119cie.<\/p>\n<\/div>\n\n\n\n<div class=\"wp-block-column is-layout-flow wp-block-column-is-layout-flow\">\n<figure class=\"wp-block-image size-full\"><img loading=\"lazy\" decoding=\"async\" width=\"480\" height=\"480\" src=\"https:\/\/precto.pl\/sklep\/wp-content\/uploads\/2022\/03\/listwa-tnaca-precto-1.jpg\" alt=\"\" class=\"wp-image-7801\" srcset=\"https:\/\/precto.pl\/sklep\/wp-content\/uploads\/2022\/03\/listwa-tnaca-precto-1.jpg 480w, https:\/\/precto.pl\/sklep\/wp-content\/uploads\/2022\/03\/listwa-tnaca-precto-1-300x300.jpg 300w, https:\/\/precto.pl\/sklep\/wp-content\/uploads\/2022\/03\/listwa-tnaca-precto-1-150x150.jpg 150w, https:\/\/precto.pl\/sklep\/wp-content\/uploads\/2022\/03\/listwa-tnaca-precto-1-100x100.jpg 100w\" sizes=\"auto, (max-width: 480px) 100vw, 480px\" \/><\/figure>\n<\/div>\n<\/div>\n\n\n\n<div class=\"wp-block-columns is-layout-flex wp-container-core-columns-is-layout-9d6595d7 wp-block-columns-is-layout-flex\">\n<div class=\"wp-block-column is-layout-flow wp-block-column-is-layout-flow\">\n<h2 class=\"wp-block-heading\">Regulowane zabezpieczenie przewodu<\/h2>\n\n\n\n<p>Regulowane zabezpieczenie przewodu przed roz\u0142\u0105czeniem dba o mocne po\u0142\u0105czenie z przed\u0142u\u017caczem. Przez to poci\u0105ganie urz\u0105dzeniem przy pracy nie stwarza dodatkowych problem\u00f3w.<\/p>\n<\/div>\n\n\n\n<div class=\"wp-block-column is-vertically-aligned-top is-layout-flow wp-block-column-is-layout-flow\">\n<figure class=\"wp-block-image size-full\"><img loading=\"lazy\" decoding=\"async\" width=\"480\" height=\"480\" src=\"https:\/\/precto.pl\/sklep\/wp-content\/uploads\/2022\/03\/zabezpieczenie-przewodu-precto-1.jpg\" alt=\"\" class=\"wp-image-7802\" srcset=\"https:\/\/precto.pl\/sklep\/wp-content\/uploads\/2022\/03\/zabezpieczenie-przewodu-precto-1.jpg 480w, https:\/\/precto.pl\/sklep\/wp-content\/uploads\/2022\/03\/zabezpieczenie-przewodu-precto-1-300x300.jpg 300w, https:\/\/precto.pl\/sklep\/wp-content\/uploads\/2022\/03\/zabezpieczenie-przewodu-precto-1-150x150.jpg 150w, https:\/\/precto.pl\/sklep\/wp-content\/uploads\/2022\/03\/zabezpieczenie-przewodu-precto-1-100x100.jpg 100w\" sizes=\"auto, (max-width: 480px) 100vw, 480px\" \/><\/figure>\n<\/div>\n<\/div>\n\n\n\n<div class=\"wp-block-columns is-layout-flex wp-container-core-columns-is-layout-9d6595d7 wp-block-columns-is-layout-flex\">\n<div class=\"wp-block-column is-layout-flow wp-block-column-is-layout-flow\">\n<figure class=\"wp-block-image size-full\"><img loading=\"lazy\" decoding=\"async\" width=\"480\" height=\"480\" src=\"https:\/\/precto.pl\/sklep\/wp-content\/uploads\/2022\/03\/oslona-dloni-precto-1.jpg\" alt=\"\" class=\"wp-image-7803\" srcset=\"https:\/\/precto.pl\/sklep\/wp-content\/uploads\/2022\/03\/oslona-dloni-precto-1.jpg 480w, https:\/\/precto.pl\/sklep\/wp-content\/uploads\/2022\/03\/oslona-dloni-precto-1-300x300.jpg 300w, https:\/\/precto.pl\/sklep\/wp-content\/uploads\/2022\/03\/oslona-dloni-precto-1-150x150.jpg 150w, https:\/\/precto.pl\/sklep\/wp-content\/uploads\/2022\/03\/oslona-dloni-precto-1-100x100.jpg 100w\" sizes=\"auto, (max-width: 480px) 100vw, 480px\" \/><\/figure>\n<\/div>\n\n\n\n<div class=\"wp-block-column is-layout-flow wp-block-column-is-layout-flow\">\n<h4 class=\"wp-block-heading\" id=\"reczna-pompa-paliwowa\">Kr\u00f3tka os\u0142ona d\u0142oni<\/h4>\n\n\n\n<p>Kr\u00f3tka os\u0142ona d\u0142oni umo\u017cliwia dobr\u0105 widoczno\u015b\u0107 listwy tn\u0105cej oraz wykonywanej pracy.<\/p>\n\n\n\n<p><\/p>\n<\/div>\n<\/div>\n\n\n\n<div class=\"wp-block-columns is-layout-flex wp-container-core-columns-is-layout-9d6595d7 wp-block-columns-is-layout-flex\">\n<div class=\"wp-block-column is-layout-flow wp-block-column-is-layout-flow\">\n<h2 class=\"wp-block-heading\">Uchwyt obrotowy<\/h2>\n\n\n\n<p>Uchwyt obrotowy z mo\u017cliwo\u015bci\u0105 zablokowania w 5 pozycjach ze zintegrowanym pod\u0142okietnikiem umo\u017cliwia precyzyjn\u0105, niem\u0119cz\u0105c\u0105 prac\u0119 praktycznie w ka\u017cdej pozycji roboczej.<\/p>\n<\/div>\n\n\n\n<div class=\"wp-block-column is-layout-flow wp-block-column-is-layout-flow\">\n<figure class=\"wp-block-gallery has-nested-images columns-default is-cropped wp-block-gallery-2 is-layout-flex wp-block-gallery-is-layout-flex\">\n<figure class=\"wp-block-image size-large\"><img loading=\"lazy\" decoding=\"async\" width=\"480\" height=\"480\" data-id=\"7814\" src=\"https:\/\/precto.pl\/sklep\/wp-content\/uploads\/2022\/03\/uchwyt-obrotowy-precto-1.jpg\" alt=\"\" class=\"wp-image-7814\" srcset=\"https:\/\/precto.pl\/sklep\/wp-content\/uploads\/2022\/03\/uchwyt-obrotowy-precto-1.jpg 480w, https:\/\/precto.pl\/sklep\/wp-content\/uploads\/2022\/03\/uchwyt-obrotowy-precto-1-300x300.jpg 300w, https:\/\/precto.pl\/sklep\/wp-content\/uploads\/2022\/03\/uchwyt-obrotowy-precto-1-150x150.jpg 150w, https:\/\/precto.pl\/sklep\/wp-content\/uploads\/2022\/03\/uchwyt-obrotowy-precto-1-100x100.jpg 100w\" sizes=\"auto, (max-width: 480px) 100vw, 480px\" \/><\/figure>\n<\/figure>\n<\/div>\n<\/div>\n\n\n\n<div class=\"wp-block-columns is-layout-flex wp-container-core-columns-is-layout-9d6595d7 wp-block-columns-is-layout-flex\">\n<div class=\"wp-block-column is-layout-flow wp-block-column-is-layout-flow\">\n<figure class=\"wp-block-gallery has-nested-images columns-default is-cropped wp-block-gallery-3 is-layout-flex wp-block-gallery-is-layout-flex\"><\/figure>\n<\/div>\n\n\n\n<div class=\"wp-block-column is-layout-flow wp-block-column-is-layout-flow\"><\/div>\n<\/div>\n\n\n\n<div class=\"wp-block-columns is-layout-flex wp-container-core-columns-is-layout-9d6595d7 wp-block-columns-is-layout-flex\">\n<div class=\"wp-block-column is-layout-flow wp-block-column-is-layout-flow\"><\/div>\n\n\n\n<div class=\"wp-block-column is-layout-flow wp-block-column-is-layout-flow\">\n<figure class=\"wp-block-gallery has-nested-images columns-default is-cropped wp-block-gallery-4 is-layout-flex wp-block-gallery-is-layout-flex\"><\/figure>\n<\/div>\n<\/div>\n\n\n\n<div class=\"wp-block-columns is-layout-flex wp-container-core-columns-is-layout-9d6595d7 wp-block-columns-is-layout-flex\">\n<div class=\"wp-block-column is-layout-flow wp-block-column-is-layout-flow\"><\/div>\n\n\n\n<div class=\"wp-block-column is-layout-flow wp-block-column-is-layout-flow\">\n<p><\/p>\n<\/div>\n<\/div>\n\n\n\n<div class=\"wp-block-columns is-layout-flex wp-container-core-columns-is-layout-9d6595d7 wp-block-columns-is-layout-flex\">\n<div class=\"wp-block-column is-layout-flow wp-block-column-is-layout-flow\"><\/div>\n<\/div>\n\n\n\n<div class=\"wp-block-columns is-layout-flex wp-container-core-columns-is-layout-9d6595d7 wp-block-columns-is-layout-flex\">\n<div class=\"wp-block-column is-layout-flow wp-block-column-is-layout-flow\"><\/div>\n\n\n\n<div class=\"wp-block-column is-layout-flow wp-block-column-is-layout-flow\"><\/div>\n<\/div>\n\n\n\n<div class=\"wp-block-columns is-layout-flex wp-container-core-columns-is-layout-9d6595d7 wp-block-columns-is-layout-flex\">\n<div class=\"wp-block-column is-layout-flow wp-block-column-is-layout-flow\"><\/div>\n\n\n\n<div class=\"wp-block-column is-layout-flow wp-block-column-is-layout-flow\"><\/div>\n<\/div>\n\n\n\n<div class=\"wp-block-columns is-layout-flex wp-container-core-columns-is-layout-9d6595d7 wp-block-columns-is-layout-flex\"><\/div>\n\n\n\n<div class=\"wp-block-columns is-layout-flex wp-container-core-columns-is-layout-9d6595d7 wp-block-columns-is-layout-flex\">\n<div class=\"wp-block-column is-layout-flow wp-block-column-is-layout-flow\"><\/div>\n<\/div>\n\n\n\n<p><\/p>\n","protected":false},"excerpt":{"rendered":"<p>No\u017cyce elektryczne HSE 81 Idealne do piel\u0119gnacji twardych \u017cywop\u0142ot\u00f3w. Zintegrowana os\u0142ona listwy tn\u0105cej i ko\u0144c\u00f3wki, wyd\u0142u\u017cenie zasi\u0119gu, dwustronnie szlifowana listwa tn\u0105ca o du\u017cych odst\u0119pach pomi\u0119dzy z\u0119bami, obrotowy uchwyt z pi\u0119cioma pozycjami roboczymi, niski poziom wibracji, zabezpieczenie przewodu sieciowego. Dane techniczne Warto\u015b\u0107 Ilo\u015b\u0107 skok\u00f3w U\/Min 2.600 Moc W 650 Napi\u0119cie znamionowe V 230-240 D\u0142ugo\u015b\u0107 listwy tn\u0105cej [&hellip;]<\/p>\n","protected":false},"featured_media":7825,"comment_status":"open","ping_status":"closed","template":"","meta":[],"product_brand":[],"product_cat":[80,67],"product_tag":[],"class_list":{"0":"post-7821","1":"product","2":"type-product","3":"status-publish","4":"has-post-thumbnail","6":"product_cat-nozyce-do-zywoplotu","7":"product_cat-urzadzenia-do-pracy-w-ogrodzie","9":"first","10":"instock","11":"taxable","12":"shipping-taxable","13":"purchasable","14":"product-type-simple"},"_links":{"self":[{"href":"https:\/\/precto.pl\/sklep\/wp-json\/wp\/v2\/product\/7821","targetHints":{"allow":["GET"]}}],"collection":[{"href":"https:\/\/precto.pl\/sklep\/wp-json\/wp\/v2\/product"}],"about":[{"href":"https:\/\/precto.pl\/sklep\/wp-json\/wp\/v2\/types\/product"}],"replies":[{"embeddable":true,"href":"https:\/\/precto.pl\/sklep\/wp-json\/wp\/v2\/comments?post=7821"}],"wp:featuredmedia":[{"embeddable":true,"href":"https:\/\/precto.pl\/sklep\/wp-json\/wp\/v2\/media\/7825"}],"wp:attachment":[{"href":"https:\/\/precto.pl\/sklep\/wp-json\/wp\/v2\/media?parent=7821"}],"wp:term":[{"taxonomy":"product_brand","embeddable":true,"href":"https:\/\/precto.pl\/sklep\/wp-json\/wp\/v2\/product_brand?post=7821"},{"taxonomy":"product_cat","embeddable":true,"href":"https:\/\/precto.pl\/sklep\/wp-json\/wp\/v2\/product_cat?post=7821"},{"taxonomy":"product_tag","embeddable":true,"href":"https:\/\/precto.pl\/sklep\/wp-json\/wp\/v2\/product_tag?post=7821"}],"curies":[{"name":"wp","href":"https:\/\/api.w.org\/{rel}","templated":true}]}}