{"id":7792,"date":"2022-03-16T13:21:31","date_gmt":"2022-03-16T12:21:31","guid":{"rendered":"https:\/\/precto.pl\/sklep\/?post_type=product&#038;p=7792"},"modified":"2023-03-24T09:41:13","modified_gmt":"2023-03-24T08:41:13","slug":"nozyce-elektryczne-do-zywoplotu-hse-42-45cm-420w-24-miesiace-gwarancji","status":"publish","type":"product","link":"https:\/\/precto.pl\/sklep\/nozyce-elektryczne-do-zywoplotu-hse-42-45cm-420w-24-miesiace-gwarancji\/","title":{"rendered":"No\u017cyce elektryczne do \u017cywop\u0142otu HSE 42 45cm 420W   24 miesi\u0105ce gwarancji"},"content":{"rendered":"\n<p><\/p>\n\n\n\n<h2 class=\"wp-block-heading\"><\/h2>\n\n\n\n<div class=\"wp-block-columns is-layout-flex wp-container-core-columns-is-layout-9d6595d7 wp-block-columns-is-layout-flex\">\n<div class=\"wp-block-column is-layout-flow wp-block-column-is-layout-flow\">\n<div class=\"wp-block-columns is-layout-flex wp-container-core-columns-is-layout-9d6595d7 wp-block-columns-is-layout-flex\">\n<div class=\"wp-block-column is-layout-flow wp-block-column-is-layout-flow\">\n<figure class=\"wp-block-image size-full\"><img loading=\"lazy\" decoding=\"async\" width=\"710\" height=\"473\" src=\"https:\/\/precto.pl\/sklep\/wp-content\/uploads\/2022\/03\/hse-42-precto-1.jpg\" alt=\"\" class=\"wp-image-7793\" srcset=\"https:\/\/precto.pl\/sklep\/wp-content\/uploads\/2022\/03\/hse-42-precto-1.jpg 710w, https:\/\/precto.pl\/sklep\/wp-content\/uploads\/2022\/03\/hse-42-precto-1-300x200.jpg 300w\" sizes=\"auto, (max-width: 710px) 100vw, 710px\" \/><figcaption><br><\/figcaption><\/figure>\n\n\n\n<figure class=\"wp-block-image size-full\"><img loading=\"lazy\" decoding=\"async\" width=\"710\" height=\"250\" src=\"https:\/\/precto.pl\/sklep\/wp-content\/uploads\/2022\/03\/hse-42-precto-2.jpg\" alt=\"\" class=\"wp-image-7794\" srcset=\"https:\/\/precto.pl\/sklep\/wp-content\/uploads\/2022\/03\/hse-42-precto-2.jpg 710w, https:\/\/precto.pl\/sklep\/wp-content\/uploads\/2022\/03\/hse-42-precto-2-300x106.jpg 300w\" sizes=\"auto, (max-width: 710px) 100vw, 710px\" \/><\/figure>\n<\/div>\n<\/div>\n\n\n\n<figure class=\"wp-block-image size-full\"><img loading=\"lazy\" decoding=\"async\" width=\"710\" height=\"250\" src=\"https:\/\/precto.pl\/sklep\/wp-content\/uploads\/2022\/03\/hse-42-precto-3.jpg\" alt=\"\" class=\"wp-image-7795\" srcset=\"https:\/\/precto.pl\/sklep\/wp-content\/uploads\/2022\/03\/hse-42-precto-3.jpg 710w, https:\/\/precto.pl\/sklep\/wp-content\/uploads\/2022\/03\/hse-42-precto-3-300x106.jpg 300w\" sizes=\"auto, (max-width: 710px) 100vw, 710px\" \/><\/figure>\n<\/div>\n\n\n\n<div class=\"wp-block-column is-layout-flow wp-block-column-is-layout-flow\">\n<p>No\u017cyce elektryczne HSE 42<\/p>\n\n\n\n<p>Niezwykle lekkie i por\u0119czne, elektryczne no\u017cyce do \u017cywop\u0142ot\u00f3w STIHL. Doskona\u0142e do piel\u0119gnacji zieleni dla u\u017cytkownik\u00f3w okazjonalnych. Nieocenione, gdy chcemy zachowa\u0107 cisz\u0119 podczas przycinania \u017cywop\u0142ot\u00f3w. Najlepiej nadaj\u0105 si\u0119 do przycinania drobnych i cienkich ga\u0142\u0105zek. Wyposa\u017cone w obur\u0119czny prze\u0142\u0105cznik ze specjaln\u0105 d\u017awigni\u0105 blokady.<\/p>\n\n\n\n<figure class=\"wp-block-table\"><table><thead><tr><th>Dane techniczne<\/th><th>Warto\u015b\u0107<\/th><\/tr><\/thead><tbody><tr><td>Ilo\u015b\u0107 skok\u00f3w U\/Min<\/td><td>3.400<\/td><\/tr><tr><td>Moc W<\/td><td>420<\/td><\/tr><tr><td>Napi\u0119cie znamionowe V<\/td><td>220-240<\/td><\/tr><tr><td>D\u0142ugo\u015b\u0107 listwy tn\u0105cej cm<\/td><td>45<\/td><\/tr><tr><td>D\u0142ugo\u015b\u0107 ca\u0142kowita cm<\/td><td>92<\/td><\/tr><tr><td>Odst\u0119py pomi\u0119dzy z\u0119bami mm<\/td><td>21<\/td><\/tr><tr><td>Ci\u0119\u017car kg <sup>1)<\/sup><\/td><td>3<\/td><\/tr><tr><td>Poziom ci\u015bnienia akustycznego dB(A) <sup>2)<\/sup><\/td><td>84<\/td><\/tr><tr><td>Poziom mocy akustycznej dB(A) <sup>2)<\/sup><\/td><td>95<\/td><\/tr><tr><td>Moc W<\/td><td>420<\/td><\/tr><tr><td>Warto\u015b\u0107 drga\u0144 strona lewa\/strona prawa m\/s\u00b2 <sup>3)<\/sup><\/td><td>3,1\/1,5<\/td><\/tr><\/tbody><\/table><\/figure>\n\n\n\n<div class=\"wp-block-columns is-layout-flex wp-container-core-columns-is-layout-9d6595d7 wp-block-columns-is-layout-flex\">\n<div class=\"wp-block-column is-layout-flow wp-block-column-is-layout-flow\">\n<figure class=\"wp-block-gallery has-nested-images columns-default is-cropped wp-block-gallery-1 is-layout-flex wp-block-gallery-is-layout-flex\">\n<figure class=\"wp-block-image size-full\"><img loading=\"lazy\" decoding=\"async\" width=\"710\" height=\"710\" data-id=\"7796\" src=\"https:\/\/precto.pl\/sklep\/wp-content\/uploads\/2022\/03\/hse-42-precto-4.jpg\" alt=\"\" class=\"wp-image-7796\" srcset=\"https:\/\/precto.pl\/sklep\/wp-content\/uploads\/2022\/03\/hse-42-precto-4.jpg 710w, https:\/\/precto.pl\/sklep\/wp-content\/uploads\/2022\/03\/hse-42-precto-4-300x300.jpg 300w, https:\/\/precto.pl\/sklep\/wp-content\/uploads\/2022\/03\/hse-42-precto-4-150x150.jpg 150w, https:\/\/precto.pl\/sklep\/wp-content\/uploads\/2022\/03\/hse-42-precto-4-100x100.jpg 100w\" sizes=\"auto, (max-width: 710px) 100vw, 710px\" \/><\/figure>\n<\/figure>\n<\/div>\n<\/div>\n\n\n\n<div class=\"wp-block-columns is-layout-flex wp-container-core-columns-is-layout-9d6595d7 wp-block-columns-is-layout-flex\">\n<div class=\"wp-block-column is-layout-flow wp-block-column-is-layout-flow\">\n<p><\/p>\n<\/div>\n<\/div>\n<\/div>\n<\/div>\n\n\n\n<div class=\"wp-block-columns is-layout-flex wp-container-core-columns-is-layout-9d6595d7 wp-block-columns-is-layout-flex\">\n<div class=\"wp-block-column is-layout-flow wp-block-column-is-layout-flow\"><\/div>\n\n\n\n<div class=\"wp-block-column is-layout-flow wp-block-column-is-layout-flow\"><\/div>\n<\/div>\n\n\n\n<div class=\"wp-block-columns is-layout-flex wp-container-core-columns-is-layout-9d6595d7 wp-block-columns-is-layout-flex\">\n<div class=\"wp-block-column is-layout-flow wp-block-column-is-layout-flow\">\n<h2 class=\"wp-block-heading\">Mocny silnik<\/h2>\n\n\n\n<p>Nowe elektryczne no\u017cyce do \u017cywop\u0142ot\u00f3w dzi\u0119ki podwy\u017cszonej mocy &#8211; 420 W (HSE 42) i 460 W (HSE 52) s\u0105 w por\u00f3wnaniu do poprzednik\u00f3w bardziej wszechstronne w u\u017cyciu.<\/p>\n<\/div>\n\n\n\n<div class=\"wp-block-column is-layout-flow wp-block-column-is-layout-flow\">\n<figure class=\"wp-block-image size-full\"><img loading=\"lazy\" decoding=\"async\" width=\"480\" height=\"480\" src=\"https:\/\/precto.pl\/sklep\/wp-content\/uploads\/2022\/03\/mocny-silnik-precto-1.jpg\" alt=\"\" class=\"wp-image-7798\" srcset=\"https:\/\/precto.pl\/sklep\/wp-content\/uploads\/2022\/03\/mocny-silnik-precto-1.jpg 480w, https:\/\/precto.pl\/sklep\/wp-content\/uploads\/2022\/03\/mocny-silnik-precto-1-300x300.jpg 300w, https:\/\/precto.pl\/sklep\/wp-content\/uploads\/2022\/03\/mocny-silnik-precto-1-150x150.jpg 150w, https:\/\/precto.pl\/sklep\/wp-content\/uploads\/2022\/03\/mocny-silnik-precto-1-100x100.jpg 100w\" sizes=\"auto, (max-width: 480px) 100vw, 480px\" \/><\/figure>\n<\/div>\n<\/div>\n\n\n\n<div class=\"wp-block-columns is-layout-flex wp-container-core-columns-is-layout-9d6595d7 wp-block-columns-is-layout-flex\">\n<div class=\"wp-block-column is-layout-flow wp-block-column-is-layout-flow\"><\/div>\n\n\n\n<div class=\"wp-block-column is-layout-flow wp-block-column-is-layout-flow\"><\/div>\n<\/div>\n\n\n\n<div class=\"wp-block-columns is-layout-flex wp-container-core-columns-is-layout-9d6595d7 wp-block-columns-is-layout-flex\">\n<div class=\"wp-block-column is-layout-flow wp-block-column-is-layout-flow\">\n<h2 class=\"wp-block-heading\">Lekkie, ciche i o ma\u0142ych wibracjach<\/h2>\n\n\n\n<p>Wyci\u0119te..nie wstrz\u0105\u015bni\u0119te. Nowe elektryczne no\u017cyce do \u017cywop\u0142ot\u00f3w s\u0105 tak skonstruowane, \u017ce pracuj\u0105 cicho i na ma\u0142ym poziomie wibracji. Do tego niewielki ci\u0119\u017car powoduje \u017ce nawet d\u0142u\u017csza praca w ogrodzie staje si\u0119 przyjemno\u015bci\u0105 (HSE 42 &#8211; 3,0 kg \/ HSE 52 3,1 kg).<\/p>\n<\/div>\n\n\n\n<div class=\"wp-block-column is-layout-flow wp-block-column-is-layout-flow\">\n<figure class=\"wp-block-image size-full is-resized\"><img loading=\"lazy\" decoding=\"async\" src=\"https:\/\/precto.pl\/sklep\/wp-content\/uploads\/2022\/03\/lekkie-ciche-precto-1.jpg\" alt=\"\" class=\"wp-image-7799\" width=\"367\" height=\"367\" srcset=\"https:\/\/precto.pl\/sklep\/wp-content\/uploads\/2022\/03\/lekkie-ciche-precto-1.jpg 231w, https:\/\/precto.pl\/sklep\/wp-content\/uploads\/2022\/03\/lekkie-ciche-precto-1-150x150.jpg 150w, https:\/\/precto.pl\/sklep\/wp-content\/uploads\/2022\/03\/lekkie-ciche-precto-1-100x100.jpg 100w\" sizes=\"auto, (max-width: 367px) 100vw, 367px\" \/><\/figure>\n<\/div>\n<\/div>\n\n\n\n<div class=\"wp-block-columns is-layout-flex wp-container-core-columns-is-layout-9d6595d7 wp-block-columns-is-layout-flex\">\n<div class=\"wp-block-column is-layout-flow wp-block-column-is-layout-flow\"><\/div>\n\n\n\n<div class=\"wp-block-column is-layout-flow wp-block-column-is-layout-flow\"><\/div>\n<\/div>\n\n\n\n<div class=\"wp-block-columns is-layout-flex wp-container-core-columns-is-layout-9d6595d7 wp-block-columns-is-layout-flex\">\n<div class=\"wp-block-column is-layout-flow wp-block-column-is-layout-flow\">\n<figure class=\"wp-block-image size-full\"><img loading=\"lazy\" decoding=\"async\" width=\"480\" height=\"480\" src=\"https:\/\/precto.pl\/sklep\/wp-content\/uploads\/2022\/03\/hamulec-listwy-precto-1.jpg\" alt=\"\" class=\"wp-image-7800\" srcset=\"https:\/\/precto.pl\/sklep\/wp-content\/uploads\/2022\/03\/hamulec-listwy-precto-1.jpg 480w, https:\/\/precto.pl\/sklep\/wp-content\/uploads\/2022\/03\/hamulec-listwy-precto-1-300x300.jpg 300w, https:\/\/precto.pl\/sklep\/wp-content\/uploads\/2022\/03\/hamulec-listwy-precto-1-150x150.jpg 150w, https:\/\/precto.pl\/sklep\/wp-content\/uploads\/2022\/03\/hamulec-listwy-precto-1-100x100.jpg 100w\" sizes=\"auto, (max-width: 480px) 100vw, 480px\" \/><\/figure>\n<\/div>\n\n\n\n<div class=\"wp-block-column is-layout-flow wp-block-column-is-layout-flow\">\n<h4 class=\"wp-block-heading\" id=\"ergonomiczny-uchwyt-obureczny\">Mechaniczny hamulec listwy<\/h4>\n\n\n\n<p>Mechaniczny hamulec listwy zatrzymuje listw\u0119 tn\u0105c\u0105 w ci\u0105gu nieca\u0142ej sekundy od wy\u0142\u0105czenia.<\/p>\n<\/div>\n<\/div>\n\n\n\n<div class=\"wp-block-columns is-layout-flex wp-container-core-columns-is-layout-9d6595d7 wp-block-columns-is-layout-flex\">\n<div class=\"wp-block-column is-layout-flow wp-block-column-is-layout-flow\">\n<h2 class=\"wp-block-heading\">Szybka listwa tn\u0105ca<\/h2>\n\n\n\n<p>Wysoka ilo\u015b\u0107 skok\u00f3w rz\u0119du 3 400 skok\u00f3w\/min i obustronnie tn\u0105ca listwa odpowiadaj\u0105 za czyste ci\u0119cie.<\/p>\n<\/div>\n\n\n\n<div class=\"wp-block-column is-layout-flow wp-block-column-is-layout-flow\">\n<figure class=\"wp-block-image size-full\"><img loading=\"lazy\" decoding=\"async\" width=\"480\" height=\"480\" src=\"https:\/\/precto.pl\/sklep\/wp-content\/uploads\/2022\/03\/listwa-tnaca-precto-1.jpg\" alt=\"\" class=\"wp-image-7801\" srcset=\"https:\/\/precto.pl\/sklep\/wp-content\/uploads\/2022\/03\/listwa-tnaca-precto-1.jpg 480w, https:\/\/precto.pl\/sklep\/wp-content\/uploads\/2022\/03\/listwa-tnaca-precto-1-300x300.jpg 300w, https:\/\/precto.pl\/sklep\/wp-content\/uploads\/2022\/03\/listwa-tnaca-precto-1-150x150.jpg 150w, https:\/\/precto.pl\/sklep\/wp-content\/uploads\/2022\/03\/listwa-tnaca-precto-1-100x100.jpg 100w\" sizes=\"auto, (max-width: 480px) 100vw, 480px\" \/><\/figure>\n<\/div>\n<\/div>\n\n\n\n<div class=\"wp-block-columns is-layout-flex wp-container-core-columns-is-layout-9d6595d7 wp-block-columns-is-layout-flex\">\n<div class=\"wp-block-column is-layout-flow wp-block-column-is-layout-flow\">\n<h2 class=\"wp-block-heading\">Regulowane zabezpieczenie przewodu<\/h2>\n\n\n\n<p>Regulowane zabezpieczenie przewodu przed roz\u0142\u0105czeniem dba o mocne po\u0142\u0105czenie z przed\u0142u\u017caczem. Przez to poci\u0105ganie urz\u0105dzeniem przy pracy nie stwarza dodatkowych problem\u00f3w.<\/p>\n<\/div>\n\n\n\n<div class=\"wp-block-column is-vertically-aligned-top is-layout-flow wp-block-column-is-layout-flow\">\n<figure class=\"wp-block-image size-full\"><img loading=\"lazy\" decoding=\"async\" width=\"480\" height=\"480\" src=\"https:\/\/precto.pl\/sklep\/wp-content\/uploads\/2022\/03\/zabezpieczenie-przewodu-precto-1.jpg\" alt=\"\" class=\"wp-image-7802\" srcset=\"https:\/\/precto.pl\/sklep\/wp-content\/uploads\/2022\/03\/zabezpieczenie-przewodu-precto-1.jpg 480w, https:\/\/precto.pl\/sklep\/wp-content\/uploads\/2022\/03\/zabezpieczenie-przewodu-precto-1-300x300.jpg 300w, https:\/\/precto.pl\/sklep\/wp-content\/uploads\/2022\/03\/zabezpieczenie-przewodu-precto-1-150x150.jpg 150w, https:\/\/precto.pl\/sklep\/wp-content\/uploads\/2022\/03\/zabezpieczenie-przewodu-precto-1-100x100.jpg 100w\" sizes=\"auto, (max-width: 480px) 100vw, 480px\" \/><\/figure>\n<\/div>\n<\/div>\n\n\n\n<div class=\"wp-block-columns is-layout-flex wp-container-core-columns-is-layout-9d6595d7 wp-block-columns-is-layout-flex\">\n<div class=\"wp-block-column is-layout-flow wp-block-column-is-layout-flow\">\n<figure class=\"wp-block-image size-full\"><img loading=\"lazy\" decoding=\"async\" width=\"480\" height=\"480\" src=\"https:\/\/precto.pl\/sklep\/wp-content\/uploads\/2022\/03\/oslona-dloni-precto-1.jpg\" alt=\"\" class=\"wp-image-7803\" srcset=\"https:\/\/precto.pl\/sklep\/wp-content\/uploads\/2022\/03\/oslona-dloni-precto-1.jpg 480w, https:\/\/precto.pl\/sklep\/wp-content\/uploads\/2022\/03\/oslona-dloni-precto-1-300x300.jpg 300w, https:\/\/precto.pl\/sklep\/wp-content\/uploads\/2022\/03\/oslona-dloni-precto-1-150x150.jpg 150w, https:\/\/precto.pl\/sklep\/wp-content\/uploads\/2022\/03\/oslona-dloni-precto-1-100x100.jpg 100w\" sizes=\"auto, (max-width: 480px) 100vw, 480px\" \/><\/figure>\n<\/div>\n\n\n\n<div class=\"wp-block-column is-layout-flow wp-block-column-is-layout-flow\">\n<h4 class=\"wp-block-heading\" id=\"reczna-pompa-paliwowa\">Kr\u00f3tka os\u0142ona d\u0142oni<\/h4>\n\n\n\n<p>Kr\u00f3tka os\u0142ona d\u0142oni umo\u017cliwia dobr\u0105 widoczno\u015b\u0107 listwy tn\u0105cej oraz wykonywanej pracy.<\/p>\n\n\n\n<p><\/p>\n<\/div>\n<\/div>\n\n\n\n<div class=\"wp-block-columns is-layout-flex wp-container-core-columns-is-layout-9d6595d7 wp-block-columns-is-layout-flex\">\n<div class=\"wp-block-column is-layout-flow wp-block-column-is-layout-flow\"><\/div>\n\n\n\n<div class=\"wp-block-column is-layout-flow wp-block-column-is-layout-flow\">\n<figure class=\"wp-block-gallery has-nested-images columns-default is-cropped wp-block-gallery-2 is-layout-flex wp-block-gallery-is-layout-flex\"><\/figure>\n<\/div>\n<\/div>\n\n\n\n<div class=\"wp-block-columns is-layout-flex wp-container-core-columns-is-layout-9d6595d7 wp-block-columns-is-layout-flex\">\n<div class=\"wp-block-column is-layout-flow wp-block-column-is-layout-flow\">\n<figure class=\"wp-block-gallery has-nested-images columns-default is-cropped wp-block-gallery-3 is-layout-flex wp-block-gallery-is-layout-flex\"><\/figure>\n<\/div>\n\n\n\n<div class=\"wp-block-column is-layout-flow wp-block-column-is-layout-flow\"><\/div>\n<\/div>\n\n\n\n<div class=\"wp-block-columns is-layout-flex wp-container-core-columns-is-layout-9d6595d7 wp-block-columns-is-layout-flex\">\n<div class=\"wp-block-column is-layout-flow wp-block-column-is-layout-flow\"><\/div>\n\n\n\n<div class=\"wp-block-column is-layout-flow wp-block-column-is-layout-flow\">\n<figure class=\"wp-block-gallery has-nested-images columns-default is-cropped wp-block-gallery-4 is-layout-flex wp-block-gallery-is-layout-flex\"><\/figure>\n<\/div>\n<\/div>\n\n\n\n<div class=\"wp-block-columns is-layout-flex wp-container-core-columns-is-layout-9d6595d7 wp-block-columns-is-layout-flex\">\n<div class=\"wp-block-column is-layout-flow wp-block-column-is-layout-flow\"><\/div>\n\n\n\n<div class=\"wp-block-column is-layout-flow wp-block-column-is-layout-flow\">\n<p><\/p>\n<\/div>\n<\/div>\n\n\n\n<div class=\"wp-block-columns is-layout-flex wp-container-core-columns-is-layout-9d6595d7 wp-block-columns-is-layout-flex\">\n<div class=\"wp-block-column is-layout-flow wp-block-column-is-layout-flow\"><\/div>\n<\/div>\n\n\n\n<div class=\"wp-block-columns is-layout-flex wp-container-core-columns-is-layout-9d6595d7 wp-block-columns-is-layout-flex\">\n<div class=\"wp-block-column is-layout-flow wp-block-column-is-layout-flow\"><\/div>\n\n\n\n<div class=\"wp-block-column is-layout-flow wp-block-column-is-layout-flow\"><\/div>\n<\/div>\n\n\n\n<div class=\"wp-block-columns is-layout-flex wp-container-core-columns-is-layout-9d6595d7 wp-block-columns-is-layout-flex\">\n<div class=\"wp-block-column is-layout-flow wp-block-column-is-layout-flow\"><\/div>\n\n\n\n<div class=\"wp-block-column is-layout-flow wp-block-column-is-layout-flow\"><\/div>\n<\/div>\n\n\n\n<div class=\"wp-block-columns is-layout-flex wp-container-core-columns-is-layout-9d6595d7 wp-block-columns-is-layout-flex\"><\/div>\n\n\n\n<div class=\"wp-block-columns is-layout-flex wp-container-core-columns-is-layout-9d6595d7 wp-block-columns-is-layout-flex\">\n<div class=\"wp-block-column is-layout-flow wp-block-column-is-layout-flow\"><\/div>\n<\/div>\n\n\n\n<p><\/p>\n","protected":false},"excerpt":{"rendered":"<p>No\u017cyce elektryczne HSE 42 Niezwykle lekkie i por\u0119czne, elektryczne no\u017cyce do \u017cywop\u0142ot\u00f3w STIHL. Doskona\u0142e do piel\u0119gnacji zieleni dla u\u017cytkownik\u00f3w okazjonalnych. Nieocenione, gdy chcemy zachowa\u0107 cisz\u0119 podczas przycinania \u017cywop\u0142ot\u00f3w. Najlepiej nadaj\u0105 si\u0119 do przycinania drobnych i cienkich ga\u0142\u0105zek. Wyposa\u017cone w obur\u0119czny prze\u0142\u0105cznik ze specjaln\u0105 d\u017awigni\u0105 blokady. Dane techniczne Warto\u015b\u0107 Ilo\u015b\u0107 skok\u00f3w U\/Min 3.400 Moc W 420 [&hellip;]<\/p>\n","protected":false},"featured_media":7797,"comment_status":"open","ping_status":"closed","template":"","meta":[],"product_brand":[],"product_cat":[80,67],"product_tag":[],"class_list":{"0":"post-7792","1":"product","2":"type-product","3":"status-publish","4":"has-post-thumbnail","6":"product_cat-nozyce-do-zywoplotu","7":"product_cat-urzadzenia-do-pracy-w-ogrodzie","9":"first","10":"instock","11":"taxable","12":"shipping-taxable","13":"purchasable","14":"product-type-simple"},"_links":{"self":[{"href":"https:\/\/precto.pl\/sklep\/wp-json\/wp\/v2\/product\/7792","targetHints":{"allow":["GET"]}}],"collection":[{"href":"https:\/\/precto.pl\/sklep\/wp-json\/wp\/v2\/product"}],"about":[{"href":"https:\/\/precto.pl\/sklep\/wp-json\/wp\/v2\/types\/product"}],"replies":[{"embeddable":true,"href":"https:\/\/precto.pl\/sklep\/wp-json\/wp\/v2\/comments?post=7792"}],"wp:featuredmedia":[{"embeddable":true,"href":"https:\/\/precto.pl\/sklep\/wp-json\/wp\/v2\/media\/7797"}],"wp:attachment":[{"href":"https:\/\/precto.pl\/sklep\/wp-json\/wp\/v2\/media?parent=7792"}],"wp:term":[{"taxonomy":"product_brand","embeddable":true,"href":"https:\/\/precto.pl\/sklep\/wp-json\/wp\/v2\/product_brand?post=7792"},{"taxonomy":"product_cat","embeddable":true,"href":"https:\/\/precto.pl\/sklep\/wp-json\/wp\/v2\/product_cat?post=7792"},{"taxonomy":"product_tag","embeddable":true,"href":"https:\/\/precto.pl\/sklep\/wp-json\/wp\/v2\/product_tag?post=7792"}],"curies":[{"name":"wp","href":"https:\/\/api.w.org\/{rel}","templated":true}]}}