{"id":779,"date":"2022-01-18T05:46:47","date_gmt":"2022-01-18T04:46:47","guid":{"rendered":"https:\/\/precto.pl\/sklep\/produkt\/sprezyna-sprzegla-nac-sps01-45-pilarka-chiny-45cc\/"},"modified":"2023-05-17T12:48:31","modified_gmt":"2023-05-17T10:48:31","slug":"sprezyna-sprzegla-nac-sps01-45-pilarka-chiny-45cc","status":"publish","type":"product","link":"https:\/\/precto.pl\/sklep\/sprezyna-sprzegla-nac-sps01-45-pilarka-chiny-45cc\/","title":{"rendered":"SPR\u0118\u017bYNA SPRZ\u0118G\u0141A NAC SPS01-45 PILARKA CHINY 45CC"},"content":{"rendered":"<table width=\"100%\">\n<tr>\n<td width=\"50%\">\n<h3>SPR\u0118\u017bYNA SPRZ\u0118G\u0141A NAC SPS01-45 PILARKA CHINY 45CC<\/h3>\n<p>Pasuje do wi\u0119kszo\u015bci pilarek chi\u0144skich na Polskim rynku.<\/p>\n<p>PASUJE DO PILAREK\u00a0 SPALINOWYCH TYPU:<\/p>\n<p>NAC<\/p>\n<p>GEKO<\/p>\n<p>DEMON<\/p>\n<p>EUROTEC<\/p>\n<p>POWERMARCH<\/p>\n<p>VICTUS<\/p>\n<p>GUDE<\/p>\n<p>MAGNUM<\/p>\n<p>EUROCRAFT<\/p>\n<p>MATRIX<\/p>\n<p>BASS POLSKA<\/p>\n<p>oraz niekt\u00f3rych modeli marketowych pochodz\u0105cych z importu !<\/p>\n<p>typu (PN, YD, CS) 45, 4500, 52, 5200, 58, 5800\u00a0 a tak\u017ce takich firm jak: GRAND, SCHWARZBAU, NAC, EUROTEC, EUROCRAFT,\u00a0 MATRIX, POWERMAT, MAGNUM, DEMON, FLORA, HARDER, VICTUS, JOHN GARDENER,\u00a0 STEEL, FALON TECH, LIDER, KRAFT WELLE, KRAFT DELLE, CASTORAMA, FAVORYT, CEDRUS i wielu innych<\/p>\n<\/td>\n<\/tr>\n<tr>\n<td>\u00a0<\/td>\n<\/tr>\n<tr>\n<td colspan=\"2\">\n<p>Przy zakupie kilku produkt\u00f3w w naszym sklepie za przesy\u0142k\u0119 zap\u0142ac\u0105 Pa\u0144stwo tylko raz.<\/p>\n<p>W naszym sklepie internetowym znajd\u0105 pa\u0144stwo szeroki asortyment cz\u0119\u015bci do:<\/p>\n<ul>\n<li>pilarek spalinowych i elektrycznych wielu marek m.in. stihl, husqvarna, dolmar, makita, oleo mac, solo, jonserad itp.<\/li>\n<li>kos spalinowych ww. marek<\/li>\n<li>kosiarek spalinowych z silnikami briggs &amp; stratton, loncin, honda<\/li>\n<li>przecinarek do betonu<\/li>\n<li>maszyn budowlanych wacker<\/li>\n<li>wielu innych maszyn i urz\u0105dze\u0144 wykorzystywanych w przydomowych pracach<\/li>\n<li>oraz pilniki, \u0142a\u0144cuchy, prowadnice, oleje, \u015brodki ochrony osobistej i wiele innych produkt\u00f3w i urz\u0105dze\u0144 pomocnych przy pracy w lesie, domu czy ogrodzie.<\/li>\n<\/ul>\n<p>Ci\u0105gle poszerzamy nasz\u0105 ofert\u0119 o nowe produkty, poszukuj\u0105c jak najlepszych rozwi\u0105za\u0144 dla naszych klient\u00f3w.<\/p>\n<\/td>\n<\/tr>\n<tr>\n<td>\u00a0<\/td>\n<\/tr>\n<\/table>\n","protected":false},"excerpt":{"rendered":"<p>SPR\u0118\u017bYNA SPRZ\u0118G\u0141A NAC SPS01-45 PILARKA CHINY 45CC<\/p>\n","protected":false},"featured_media":778,"comment_status":"open","ping_status":"closed","template":"","meta":[],"product_brand":[],"product_cat":[36],"product_tag":[],"class_list":{"0":"post-779","1":"product","2":"type-product","3":"status-publish","4":"has-post-thumbnail","6":"product_cat-bebny-zebatki-sprzegla","8":"first","9":"instock","10":"taxable","11":"shipping-taxable","12":"purchasable","13":"product-type-simple"},"_links":{"self":[{"href":"https:\/\/precto.pl\/sklep\/wp-json\/wp\/v2\/product\/779","targetHints":{"allow":["GET"]}}],"collection":[{"href":"https:\/\/precto.pl\/sklep\/wp-json\/wp\/v2\/product"}],"about":[{"href":"https:\/\/precto.pl\/sklep\/wp-json\/wp\/v2\/types\/product"}],"replies":[{"embeddable":true,"href":"https:\/\/precto.pl\/sklep\/wp-json\/wp\/v2\/comments?post=779"}],"wp:featuredmedia":[{"embeddable":true,"href":"https:\/\/precto.pl\/sklep\/wp-json\/wp\/v2\/media\/778"}],"wp:attachment":[{"href":"https:\/\/precto.pl\/sklep\/wp-json\/wp\/v2\/media?parent=779"}],"wp:term":[{"taxonomy":"product_brand","embeddable":true,"href":"https:\/\/precto.pl\/sklep\/wp-json\/wp\/v2\/product_brand?post=779"},{"taxonomy":"product_cat","embeddable":true,"href":"https:\/\/precto.pl\/sklep\/wp-json\/wp\/v2\/product_cat?post=779"},{"taxonomy":"product_tag","embeddable":true,"href":"https:\/\/precto.pl\/sklep\/wp-json\/wp\/v2\/product_tag?post=779"}],"curies":[{"name":"wp","href":"https:\/\/api.w.org\/{rel}","templated":true}]}}