{"id":7787,"date":"2022-03-16T12:29:43","date_gmt":"2022-03-16T11:29:43","guid":{"rendered":"https:\/\/precto.pl\/sklep\/?post_type=product&#038;p=7787"},"modified":"2023-03-24T09:39:51","modified_gmt":"2023-03-24T08:39:51","slug":"nozyce-spalinowe-do-zywoplotu-hs-82r-60cm-24-miesiace-gwarancji-kopia","status":"publish","type":"product","link":"https:\/\/precto.pl\/sklep\/nozyce-spalinowe-do-zywoplotu-hs-82r-60cm-24-miesiace-gwarancji-kopia\/","title":{"rendered":"No\u017cyce spalinowe do \u017cywop\u0142otu HS 82R 60cm 24 miesi\u0105ce gwarancji"},"content":{"rendered":"\n<p><\/p>\n\n\n\n<h2 class=\"wp-block-heading\"><\/h2>\n\n\n\n<div class=\"wp-block-columns is-layout-flex wp-container-core-columns-is-layout-9d6595d7 wp-block-columns-is-layout-flex\">\n<div class=\"wp-block-column is-layout-flow wp-block-column-is-layout-flow\">\n<div class=\"wp-block-columns is-layout-flex wp-container-core-columns-is-layout-9d6595d7 wp-block-columns-is-layout-flex\">\n<div class=\"wp-block-column is-layout-flow wp-block-column-is-layout-flow\">\n<figure class=\"wp-block-image size-full\"><img loading=\"lazy\" decoding=\"async\" width=\"710\" height=\"350\" src=\"https:\/\/precto.pl\/sklep\/wp-content\/uploads\/2022\/03\/82-precto-1.jpg\" alt=\"\" class=\"wp-image-7788\" srcset=\"https:\/\/precto.pl\/sklep\/wp-content\/uploads\/2022\/03\/82-precto-1.jpg 710w, https:\/\/precto.pl\/sklep\/wp-content\/uploads\/2022\/03\/82-precto-1-300x148.jpg 300w\" sizes=\"auto, (max-width: 710px) 100vw, 710px\" \/><figcaption><br><\/figcaption><\/figure>\n\n\n\n<figure class=\"wp-block-image size-full\"><img loading=\"lazy\" decoding=\"async\" width=\"460\" height=\"460\" src=\"https:\/\/precto.pl\/sklep\/wp-content\/uploads\/2022\/03\/82-precto-2.jpg\" alt=\"\" class=\"wp-image-7789\" srcset=\"https:\/\/precto.pl\/sklep\/wp-content\/uploads\/2022\/03\/82-precto-2.jpg 460w, https:\/\/precto.pl\/sklep\/wp-content\/uploads\/2022\/03\/82-precto-2-300x300.jpg 300w, https:\/\/precto.pl\/sklep\/wp-content\/uploads\/2022\/03\/82-precto-2-150x150.jpg 150w, https:\/\/precto.pl\/sklep\/wp-content\/uploads\/2022\/03\/82-precto-2-100x100.jpg 100w\" sizes=\"auto, (max-width: 460px) 100vw, 460px\" \/><\/figure>\n<\/div>\n<\/div>\n\n\n\n<figure class=\"wp-block-image size-full\"><img loading=\"lazy\" decoding=\"async\" width=\"460\" height=\"460\" src=\"https:\/\/precto.pl\/sklep\/wp-content\/uploads\/2022\/03\/82-precto-3.jpg\" alt=\"\" class=\"wp-image-7790\" srcset=\"https:\/\/precto.pl\/sklep\/wp-content\/uploads\/2022\/03\/82-precto-3.jpg 460w, https:\/\/precto.pl\/sklep\/wp-content\/uploads\/2022\/03\/82-precto-3-300x300.jpg 300w, https:\/\/precto.pl\/sklep\/wp-content\/uploads\/2022\/03\/82-precto-3-150x150.jpg 150w, https:\/\/precto.pl\/sklep\/wp-content\/uploads\/2022\/03\/82-precto-3-100x100.jpg 100w\" sizes=\"auto, (max-width: 460px) 100vw, 460px\" \/><\/figure>\n<\/div>\n\n\n\n<div class=\"wp-block-column is-layout-flow wp-block-column-is-layout-flow\">\n<p>No\u017cyce spalinowe HS 82R<\/p>\n\n\n\n<p>Profesjonalne no\u017cyce do \u017cywop\u0142ot\u00f3w z silnikiem STIHL 2-MIX . Dwustronna listwa tn\u0105ca przeznaczona do ci\u0119cia zar\u00f3wno w poziomie jak i w pionie. Niewielka waga i niska warto\u015b\u0107 drga\u0144. Do 3100 skok\u00f3w na minut\u0119 oraz niewielka pr\u0119dko\u015b\u0107 ostrzy sprawiaj\u0105, \u017ce model ten szczeg\u00f3lnie nadaje si\u0119 do ci\u0119cia ga\u0142\u0119zi o wi\u0119kszej \u015brednicy.<\/p>\n\n\n\n<figure class=\"wp-block-table\"><table><thead><tr><th>Dane techniczne<\/th><th>Warto\u015b\u0107<\/th><\/tr><\/thead><tbody><tr><td>D\u0142ugo\u015b\u0107 listwy tn\u0105cej cm<\/td><td>60<\/td><\/tr><tr><td>Pojemno\u015b\u0107 skokowa cm\u00b3<\/td><td>22,7<\/td><\/tr><tr><td>Moc <strong>kW<\/strong>\/KM<\/td><td><strong>0,7<\/strong>\/1<\/td><\/tr><tr><td>Ci\u0119\u017car kg <sup>1)<\/sup><\/td><td>5,3<\/td><\/tr><tr><td>Poziom ci\u015bnienia akustycznego dB(A) <sup>2)<\/sup><\/td><td>94<\/td><\/tr><tr><td>Poziom mocy akustycznej dB(A) <sup>2)<\/sup><\/td><td>107<\/td><\/tr><tr><td>Warto\u015b\u0107 drga\u0144 uchwyt przedni \/ tylni m\/s\u00b2 <sup>3)<\/sup><\/td><td>2,7\/3,1<\/td><\/tr><tr><td>D\u0142ugo\u015b\u0107 ca\u0142kowita cm<\/td><td>120<\/td><\/tr><tr><td>Ilo\u015b\u0107 skok\u00f3w U\/Min<\/td><td>3.200<\/td><\/tr><tr><td>Odst\u0119p pomi\u0119dzy z\u0119bami mm<\/td><td>38<\/td><\/tr><\/tbody><\/table><\/figure>\n\n\n\n<div class=\"wp-block-columns is-layout-flex wp-container-core-columns-is-layout-9d6595d7 wp-block-columns-is-layout-flex\">\n<div class=\"wp-block-column is-layout-flow wp-block-column-is-layout-flow\">\n<figure class=\"wp-block-gallery has-nested-images columns-default is-cropped wp-block-gallery-1 is-layout-flex wp-block-gallery-is-layout-flex\">\n<figure class=\"wp-block-image size-large\"><img loading=\"lazy\" decoding=\"async\" width=\"710\" height=\"710\" data-id=\"7780\" src=\"https:\/\/precto.pl\/sklep\/wp-content\/uploads\/2022\/03\/hs-56-ce-precto-5.jpg\" alt=\"\" class=\"wp-image-7780\" srcset=\"https:\/\/precto.pl\/sklep\/wp-content\/uploads\/2022\/03\/hs-56-ce-precto-5.jpg 710w, https:\/\/precto.pl\/sklep\/wp-content\/uploads\/2022\/03\/hs-56-ce-precto-5-300x300.jpg 300w, https:\/\/precto.pl\/sklep\/wp-content\/uploads\/2022\/03\/hs-56-ce-precto-5-150x150.jpg 150w, https:\/\/precto.pl\/sklep\/wp-content\/uploads\/2022\/03\/hs-56-ce-precto-5-100x100.jpg 100w\" sizes=\"auto, (max-width: 710px) 100vw, 710px\" \/><\/figure>\n<\/figure>\n<\/div>\n<\/div>\n\n\n\n<div class=\"wp-block-columns is-layout-flex wp-container-core-columns-is-layout-9d6595d7 wp-block-columns-is-layout-flex\">\n<div class=\"wp-block-column is-layout-flow wp-block-column-is-layout-flow\">\n<p><\/p>\n<\/div>\n<\/div>\n<\/div>\n<\/div>\n\n\n\n<div class=\"wp-block-columns is-layout-flex wp-container-core-columns-is-layout-9d6595d7 wp-block-columns-is-layout-flex\">\n<div class=\"wp-block-column is-layout-flow wp-block-column-is-layout-flow\"><\/div>\n\n\n\n<div class=\"wp-block-column is-layout-flow wp-block-column-is-layout-flow\"><\/div>\n<\/div>\n\n\n\n<div class=\"wp-block-columns is-layout-flex wp-container-core-columns-is-layout-9d6595d7 wp-block-columns-is-layout-flex\">\n<div class=\"wp-block-column is-layout-flow wp-block-column-is-layout-flow\">\n<h2 class=\"wp-block-heading\">Ochrona ko\u0144c\u00f3wki listwy<\/h2>\n\n\n\n<p>Os\u0142ona chroni ko\u0144c\u00f3wk\u0119 listwy tn\u0105cej no\u017cyc do \u017cywop\u0142ot\u00f3w przed zu\u017cyciem podczas prac w niewielkiej odleg\u0142o\u015bci od pod\u0142o\u017ca czy muru.<\/p>\n<\/div>\n\n\n\n<div class=\"wp-block-column is-layout-flow wp-block-column-is-layout-flow\">\n<figure class=\"wp-block-image size-full\"><img loading=\"lazy\" decoding=\"async\" width=\"480\" height=\"480\" src=\"https:\/\/precto.pl\/sklep\/wp-content\/uploads\/2022\/03\/koncowka-listwy-precto-1.jpg\" alt=\"\" class=\"wp-image-7782\" srcset=\"https:\/\/precto.pl\/sklep\/wp-content\/uploads\/2022\/03\/koncowka-listwy-precto-1.jpg 480w, https:\/\/precto.pl\/sklep\/wp-content\/uploads\/2022\/03\/koncowka-listwy-precto-1-300x300.jpg 300w, https:\/\/precto.pl\/sklep\/wp-content\/uploads\/2022\/03\/koncowka-listwy-precto-1-150x150.jpg 150w, https:\/\/precto.pl\/sklep\/wp-content\/uploads\/2022\/03\/koncowka-listwy-precto-1-100x100.jpg 100w\" sizes=\"auto, (max-width: 480px) 100vw, 480px\" \/><\/figure>\n<\/div>\n<\/div>\n\n\n\n<div class=\"wp-block-columns is-layout-flex wp-container-core-columns-is-layout-9d6595d7 wp-block-columns-is-layout-flex\">\n<div class=\"wp-block-column is-layout-flow wp-block-column-is-layout-flow\"><\/div>\n\n\n\n<div class=\"wp-block-column is-layout-flow wp-block-column-is-layout-flow\"><\/div>\n<\/div>\n\n\n\n<div class=\"wp-block-columns is-layout-flex wp-container-core-columns-is-layout-9d6595d7 wp-block-columns-is-layout-flex\">\n<div class=\"wp-block-column is-layout-flow wp-block-column-is-layout-flow\">\n<h2 class=\"wp-block-heading\">Silnik STIHL 2-MIX<\/h2>\n\n\n\n<p>Nowy silnik STIHL 2-Mix zosta\u0142 skonstruowany specjalnie z my\u015bl\u0105 o nowej generacji no\u017cyc do \u017cywop\u0142otu. \u0141\u0105czy w sobie nisk\u0105 emisj\u0119 spalin i niskie zu\u017cycie paliwa z niewielkim ci\u0119\u017carem i znakomitym przy\u015bpieszeniem. Nawet podczas piel\u0119gnacji du\u017cych i g\u0119tych \u017cywop\u0142ot\u00f3w dysponujemy wystarczj\u0105c\u0105 moc\u0105.<\/p>\n<\/div>\n\n\n\n<div class=\"wp-block-column is-layout-flow wp-block-column-is-layout-flow\">\n<figure class=\"wp-block-image size-full\"><img loading=\"lazy\" decoding=\"async\" width=\"480\" height=\"480\" src=\"https:\/\/precto.pl\/sklep\/wp-content\/uploads\/2022\/03\/stihl-2-mix.jpg\" alt=\"\" class=\"wp-image-7784\" srcset=\"https:\/\/precto.pl\/sklep\/wp-content\/uploads\/2022\/03\/stihl-2-mix.jpg 480w, https:\/\/precto.pl\/sklep\/wp-content\/uploads\/2022\/03\/stihl-2-mix-300x300.jpg 300w, https:\/\/precto.pl\/sklep\/wp-content\/uploads\/2022\/03\/stihl-2-mix-150x150.jpg 150w, https:\/\/precto.pl\/sklep\/wp-content\/uploads\/2022\/03\/stihl-2-mix-100x100.jpg 100w\" sizes=\"auto, (max-width: 480px) 100vw, 480px\" \/><\/figure>\n<\/div>\n<\/div>\n\n\n\n<div class=\"wp-block-columns is-layout-flex wp-container-core-columns-is-layout-9d6595d7 wp-block-columns-is-layout-flex\">\n<div class=\"wp-block-column is-layout-flow wp-block-column-is-layout-flow\"><\/div>\n\n\n\n<div class=\"wp-block-column is-layout-flow wp-block-column-is-layout-flow\"><\/div>\n<\/div>\n\n\n\n<div class=\"wp-block-columns is-layout-flex wp-container-core-columns-is-layout-9d6595d7 wp-block-columns-is-layout-flex\">\n<div class=\"wp-block-column is-layout-flow wp-block-column-is-layout-flow\">\n<figure class=\"wp-block-image size-full\"><img loading=\"lazy\" decoding=\"async\" width=\"480\" height=\"350\" src=\"https:\/\/precto.pl\/sklep\/wp-content\/uploads\/2022\/03\/dwustronna-listwa-precto-1.jpg\" alt=\"\" class=\"wp-image-7768\" srcset=\"https:\/\/precto.pl\/sklep\/wp-content\/uploads\/2022\/03\/dwustronna-listwa-precto-1.jpg 480w, https:\/\/precto.pl\/sklep\/wp-content\/uploads\/2022\/03\/dwustronna-listwa-precto-1-300x219.jpg 300w\" sizes=\"auto, (max-width: 480px) 100vw, 480px\" \/><figcaption>STIHL 3 GRUEN<\/figcaption><\/figure>\n<\/div>\n\n\n\n<div class=\"wp-block-column is-layout-flow wp-block-column-is-layout-flow\">\n<h4 class=\"wp-block-heading\" id=\"ergonomiczny-uchwyt-obureczny\">Dwustronna listwa tn\u0105ca<\/h4>\n\n\n\n<p>No\u017cyce do \u017cywop\u0142ot\u00f3w z dwustronn\u0105 listw\u0105 tn\u0105c\u0105, \u015bcinaj\u0105 perfekcyjnie zar\u00f3wno pionowo jak i poziomo. U\u017cycie obu stron listwy tn\u0105cej umo\u017cliwia ci\u0119cie w naro\u017cnikach.<\/p>\n<\/div>\n<\/div>\n\n\n\n<div class=\"wp-block-columns is-layout-flex wp-container-core-columns-is-layout-9d6595d7 wp-block-columns-is-layout-flex\">\n<div class=\"wp-block-column is-layout-flow wp-block-column-is-layout-flow\">\n<h2 class=\"wp-block-heading\">Zaczep na uchwycie<\/h2>\n\n\n\n<p>Zintegrowany z obudow\u0105 zaczep do zamocowania na \u015bcianie. Umo\u017cliwia ekonomiczne i bezpieczne przechowywanie urz\u0105dzenia (Zdj. wygl\u0105d zbli\u017cony do rzeczywisto\u015bci).<\/p>\n<\/div>\n\n\n\n<div class=\"wp-block-column is-layout-flow wp-block-column-is-layout-flow\">\n<figure class=\"wp-block-image size-full\"><img loading=\"lazy\" decoding=\"async\" width=\"480\" height=\"350\" src=\"https:\/\/precto.pl\/sklep\/wp-content\/uploads\/2022\/03\/zaczep-precto-1.jpg\" alt=\"\" class=\"wp-image-7769\" srcset=\"https:\/\/precto.pl\/sklep\/wp-content\/uploads\/2022\/03\/zaczep-precto-1.jpg 480w, https:\/\/precto.pl\/sklep\/wp-content\/uploads\/2022\/03\/zaczep-precto-1-300x219.jpg 300w\" sizes=\"auto, (max-width: 480px) 100vw, 480px\" \/><\/figure>\n<\/div>\n<\/div>\n\n\n\n<div class=\"wp-block-columns is-layout-flex wp-container-core-columns-is-layout-9d6595d7 wp-block-columns-is-layout-flex\">\n<div class=\"wp-block-column is-layout-flow wp-block-column-is-layout-flow\">\n<h2 class=\"wp-block-heading\">Elektroniczny uk\u0142ad zap\u0142onowy<\/h2>\n\n\n\n<p>Ca\u0142kowicie zabudowany elektroniczny uk\u0142ad zap\u0142onowy gwarantuje niezawodne uruchomienie i niezak\u0142\u00f3con\u0105 prac\u0119 silnika. Wysokie napi\u0119cie zap\u0142onowe zapewnia stabilno\u015b\u0107 i wyd\u0142u\u017cony czas trwania iskry, co prowadzi do lepszego spalania paliwa i ni\u017cszej emisji spalin (Zdj. wygl\u0105d zbli\u017cony do rzeczywisto\u015bci).<\/p>\n<\/div>\n\n\n\n<div class=\"wp-block-column is-vertically-aligned-top is-layout-flow wp-block-column-is-layout-flow\">\n<figure class=\"wp-block-image size-full is-resized\"><img loading=\"lazy\" decoding=\"async\" src=\"https:\/\/precto.pl\/sklep\/wp-content\/uploads\/2022\/03\/uklad-zaplonowy-precto-1.jpg\" alt=\"\" class=\"wp-image-7770\" width=\"375\" height=\"375\" srcset=\"https:\/\/precto.pl\/sklep\/wp-content\/uploads\/2022\/03\/uklad-zaplonowy-precto-1.jpg 231w, https:\/\/precto.pl\/sklep\/wp-content\/uploads\/2022\/03\/uklad-zaplonowy-precto-1-150x150.jpg 150w, https:\/\/precto.pl\/sklep\/wp-content\/uploads\/2022\/03\/uklad-zaplonowy-precto-1-100x100.jpg 100w\" sizes=\"auto, (max-width: 375px) 100vw, 375px\" \/><\/figure>\n<\/div>\n<\/div>\n\n\n\n<div class=\"wp-block-columns is-layout-flex wp-container-core-columns-is-layout-9d6595d7 wp-block-columns-is-layout-flex\">\n<div class=\"wp-block-column is-layout-flow wp-block-column-is-layout-flow\">\n<figure class=\"wp-block-image size-full\"><img loading=\"lazy\" decoding=\"async\" width=\"480\" height=\"480\" src=\"https:\/\/precto.pl\/sklep\/wp-content\/uploads\/2022\/03\/pompa-paliwowa.jpg\" alt=\"\" class=\"wp-image-7771\" srcset=\"https:\/\/precto.pl\/sklep\/wp-content\/uploads\/2022\/03\/pompa-paliwowa.jpg 480w, https:\/\/precto.pl\/sklep\/wp-content\/uploads\/2022\/03\/pompa-paliwowa-300x300.jpg 300w, https:\/\/precto.pl\/sklep\/wp-content\/uploads\/2022\/03\/pompa-paliwowa-150x150.jpg 150w, https:\/\/precto.pl\/sklep\/wp-content\/uploads\/2022\/03\/pompa-paliwowa-100x100.jpg 100w\" sizes=\"auto, (max-width: 480px) 100vw, 480px\" \/><\/figure>\n<\/div>\n\n\n\n<div class=\"wp-block-column is-layout-flow wp-block-column-is-layout-flow\">\n<h4 class=\"wp-block-heading\" id=\"reczna-pompa-paliwowa\">R\u0119czna pompa paliwowa<\/h4>\n\n\n\n<p>R\u0119czna pompa paliwowa doprowadza paliwo do ga\u017anika po naci\u015bni\u0119ciu przycisku. Dzi\u0119ki temu zredukowano liczb\u0119 poci\u0105gni\u0119\u0107 linki rozrusznika potrzebn\u0105 do uruchomienia urz\u0105dzenia po d\u0142u\u017cszym przestoju.<\/p>\n\n\n\n<p><\/p>\n<\/div>\n<\/div>\n\n\n\n<div class=\"wp-block-columns is-layout-flex wp-container-core-columns-is-layout-9d6595d7 wp-block-columns-is-layout-flex\">\n<div class=\"wp-block-column is-layout-flow wp-block-column-is-layout-flow\">\n<h2 class=\"wp-block-heading\">System antywibracyjny STIHL<\/h2>\n\n\n\n<p>Gumowe i stalowe elementy amortyzuj\u0105ce redukuj\u0105 do minimum wibracje przenoszone na uchwyty i pozwalaj\u0105 oszcz\u0119dza\u0107 si\u0142y podczas pracy. <\/p>\n<\/div>\n\n\n\n<div class=\"wp-block-column is-layout-flow wp-block-column-is-layout-flow\">\n<figure class=\"wp-block-gallery has-nested-images columns-default is-cropped wp-block-gallery-2 is-layout-flex wp-block-gallery-is-layout-flex\">\n<figure class=\"wp-block-image size-full\"><img loading=\"lazy\" decoding=\"async\" width=\"480\" height=\"350\" data-id=\"7772\" src=\"https:\/\/precto.pl\/sklep\/wp-content\/uploads\/2022\/03\/antywibracyjny-precto-1.jpg\" alt=\"\" class=\"wp-image-7772\" srcset=\"https:\/\/precto.pl\/sklep\/wp-content\/uploads\/2022\/03\/antywibracyjny-precto-1.jpg 480w, https:\/\/precto.pl\/sklep\/wp-content\/uploads\/2022\/03\/antywibracyjny-precto-1-300x219.jpg 300w\" sizes=\"auto, (max-width: 480px) 100vw, 480px\" \/><figcaption>STIHL H442T004<\/figcaption><\/figure>\n<\/figure>\n<\/div>\n<\/div>\n\n\n\n<div class=\"wp-block-columns is-layout-flex wp-container-core-columns-is-layout-9d6595d7 wp-block-columns-is-layout-flex\">\n<div class=\"wp-block-column is-layout-flow wp-block-column-is-layout-flow\">\n<figure class=\"wp-block-gallery has-nested-images columns-default is-cropped wp-block-gallery-3 is-layout-flex wp-block-gallery-is-layout-flex\">\n<figure class=\"wp-block-image size-full\"><img loading=\"lazy\" decoding=\"async\" width=\"480\" height=\"480\" data-id=\"7773\" src=\"https:\/\/precto.pl\/sklep\/wp-content\/uploads\/2022\/03\/filtr-dluga-precto-1.jpg\" alt=\"\" class=\"wp-image-7773\" srcset=\"https:\/\/precto.pl\/sklep\/wp-content\/uploads\/2022\/03\/filtr-dluga-precto-1.jpg 480w, https:\/\/precto.pl\/sklep\/wp-content\/uploads\/2022\/03\/filtr-dluga-precto-1-300x300.jpg 300w, https:\/\/precto.pl\/sklep\/wp-content\/uploads\/2022\/03\/filtr-dluga-precto-1-150x150.jpg 150w, https:\/\/precto.pl\/sklep\/wp-content\/uploads\/2022\/03\/filtr-dluga-precto-1-100x100.jpg 100w\" sizes=\"auto, (max-width: 480px) 100vw, 480px\" \/><\/figure>\n<\/figure>\n<\/div>\n\n\n\n<div class=\"wp-block-column is-layout-flow wp-block-column-is-layout-flow\">\n<h2 class=\"wp-block-heading\">System filtr\u00f3w powietrza o d\u0142ugiej \u017cywotno\u015bci<\/h2>\n\n\n\n<p>Zapewnia wi\u0119ksz\u0105 skuteczno\u015b\u0107 filtrowania i znacz\u0105co wyd\u0142u\u017ca \u017cywotno\u015b\u0107 filtra.<\/p>\n<\/div>\n<\/div>\n\n\n\n<div class=\"wp-block-columns is-layout-flex wp-container-core-columns-is-layout-9d6595d7 wp-block-columns-is-layout-flex\">\n<div class=\"wp-block-column is-layout-flow wp-block-column-is-layout-flow\"><\/div>\n\n\n\n<div class=\"wp-block-column is-layout-flow wp-block-column-is-layout-flow\">\n<figure class=\"wp-block-gallery has-nested-images columns-default is-cropped wp-block-gallery-4 is-layout-flex wp-block-gallery-is-layout-flex\"><\/figure>\n<\/div>\n<\/div>\n\n\n\n<div class=\"wp-block-columns is-layout-flex wp-container-core-columns-is-layout-9d6595d7 wp-block-columns-is-layout-flex\">\n<div class=\"wp-block-column is-layout-flow wp-block-column-is-layout-flow\"><\/div>\n\n\n\n<div class=\"wp-block-column is-layout-flow wp-block-column-is-layout-flow\">\n<p><\/p>\n<\/div>\n<\/div>\n\n\n\n<div class=\"wp-block-columns is-layout-flex wp-container-core-columns-is-layout-9d6595d7 wp-block-columns-is-layout-flex\">\n<div class=\"wp-block-column is-layout-flow wp-block-column-is-layout-flow\"><\/div>\n<\/div>\n\n\n\n<div class=\"wp-block-columns is-layout-flex wp-container-core-columns-is-layout-9d6595d7 wp-block-columns-is-layout-flex\">\n<div class=\"wp-block-column is-layout-flow wp-block-column-is-layout-flow\"><\/div>\n\n\n\n<div class=\"wp-block-column is-layout-flow wp-block-column-is-layout-flow\"><\/div>\n<\/div>\n\n\n\n<div class=\"wp-block-columns is-layout-flex wp-container-core-columns-is-layout-9d6595d7 wp-block-columns-is-layout-flex\">\n<div class=\"wp-block-column is-layout-flow wp-block-column-is-layout-flow\"><\/div>\n\n\n\n<div class=\"wp-block-column is-layout-flow wp-block-column-is-layout-flow\"><\/div>\n<\/div>\n\n\n\n<div class=\"wp-block-columns is-layout-flex wp-container-core-columns-is-layout-9d6595d7 wp-block-columns-is-layout-flex\"><\/div>\n\n\n\n<div class=\"wp-block-columns is-layout-flex wp-container-core-columns-is-layout-9d6595d7 wp-block-columns-is-layout-flex\">\n<div class=\"wp-block-column is-layout-flow wp-block-column-is-layout-flow\"><\/div>\n<\/div>\n\n\n\n<p><\/p>\n","protected":false},"excerpt":{"rendered":"<p>No\u017cyce spalinowe HS 82R Profesjonalne no\u017cyce do \u017cywop\u0142ot\u00f3w z silnikiem STIHL 2-MIX . Dwustronna listwa tn\u0105ca przeznaczona do ci\u0119cia zar\u00f3wno w poziomie jak i w pionie. Niewielka waga i niska warto\u015b\u0107 drga\u0144. Do 3100 skok\u00f3w na minut\u0119 oraz niewielka pr\u0119dko\u015b\u0107 ostrzy sprawiaj\u0105, \u017ce model ten szczeg\u00f3lnie nadaje si\u0119 do ci\u0119cia ga\u0142\u0119zi o wi\u0119kszej \u015brednicy. Dane [&hellip;]<\/p>\n","protected":false},"featured_media":7791,"comment_status":"open","ping_status":"closed","template":"","meta":[],"product_brand":[],"product_cat":[80,67],"product_tag":[],"class_list":{"0":"post-7787","1":"product","2":"type-product","3":"status-publish","4":"has-post-thumbnail","6":"product_cat-nozyce-do-zywoplotu","7":"product_cat-urzadzenia-do-pracy-w-ogrodzie","9":"first","10":"onbackorder","11":"taxable","12":"shipping-taxable","13":"purchasable","14":"product-type-simple"},"_links":{"self":[{"href":"https:\/\/precto.pl\/sklep\/wp-json\/wp\/v2\/product\/7787","targetHints":{"allow":["GET"]}}],"collection":[{"href":"https:\/\/precto.pl\/sklep\/wp-json\/wp\/v2\/product"}],"about":[{"href":"https:\/\/precto.pl\/sklep\/wp-json\/wp\/v2\/types\/product"}],"replies":[{"embeddable":true,"href":"https:\/\/precto.pl\/sklep\/wp-json\/wp\/v2\/comments?post=7787"}],"wp:featuredmedia":[{"embeddable":true,"href":"https:\/\/precto.pl\/sklep\/wp-json\/wp\/v2\/media\/7791"}],"wp:attachment":[{"href":"https:\/\/precto.pl\/sklep\/wp-json\/wp\/v2\/media?parent=7787"}],"wp:term":[{"taxonomy":"product_brand","embeddable":true,"href":"https:\/\/precto.pl\/sklep\/wp-json\/wp\/v2\/product_brand?post=7787"},{"taxonomy":"product_cat","embeddable":true,"href":"https:\/\/precto.pl\/sklep\/wp-json\/wp\/v2\/product_cat?post=7787"},{"taxonomy":"product_tag","embeddable":true,"href":"https:\/\/precto.pl\/sklep\/wp-json\/wp\/v2\/product_tag?post=7787"}],"curies":[{"name":"wp","href":"https:\/\/api.w.org\/{rel}","templated":true}]}}