{"id":773,"date":"2022-01-18T05:46:42","date_gmt":"2022-01-18T04:46:42","guid":{"rendered":"https:\/\/precto.pl\/sklep\/produkt\/sprezyna-sprzegla-husqvarna-36-41-136-137-141-142\/"},"modified":"2022-10-06T13:44:18","modified_gmt":"2022-10-06T11:44:18","slug":"sprezyna-sprzegla-husqvarna-36-41-136-137-141-142","status":"publish","type":"product","link":"https:\/\/precto.pl\/sklep\/sprezyna-sprzegla-husqvarna-36-41-136-137-141-142\/","title":{"rendered":"SPR\u0118\u017bYNA SPRZ\u0118G\u0141A HUSQVARNA 36 41 136 137 141 142"},"content":{"rendered":"<table width=\"100%\">\n<tr>\n<td width=\"50%\">\n<p><b>NAJWY\u017bSZEJ KLASY PRODUKT<\/b><\/p>\n<p><b>FABRYCZNIE NOWY<\/b><\/p>\n<p><b>NUMER KAT :<\/b><\/p>\n<h3>530 09 41-88<\/h3>\n<p><b>PASUJE DO MODELI :<\/b><\/p>\n<ul>\n<li>Partner 351, 350, 370<\/li>\n<li>Husqvarna 36, 41, 136, 137, 141, 142, 235, 235e, 236, 240, 240e<\/li>\n<li>McCulloch Mac 438<\/li>\n<li>Ikra KSB 3940<\/li>\n<\/ul>\n<\/td>\n<\/tr>\n<tr>\n<td>\u00a0<\/td>\n<\/tr>\n<tr>\n<td colspan=\"2\">\n<p>Przy zakupie kilku produkt\u00f3w w naszym sklepie za przesy\u0142k\u0119 zap\u0142ac\u0105 Pa\u0144stwo tylko raz.<\/p>\n<p>W naszym sklepie internetowym znajd\u0105 pa\u0144stwo szeroki asortyment cz\u0119\u015bci do:<\/p>\n<ul>\n<li>pilarek spalinowych i elektrycznych wielu marek m.in. stihl, husqvarna, dolmar, makita, oleo mac, solo, jonserad itp.<\/li>\n<li>kos spalinowych ww. marek<\/li>\n<li>kosiarek spalinowych z silnikami briggs &amp; stratton, loncin, honda<\/li>\n<li>przecinarek do betonu<\/li>\n<li>maszyn budowlanych wacker<\/li>\n<li>wielu innych maszyn i urz\u0105dze\u0144 wykorzystywanych w przydomowych pracach<\/li>\n<li>oraz pilniki, \u0142a\u0144cuchy, prowadnice, oleje, \u015brodki ochrony osobistej i wiele innych produkt\u00f3w i urz\u0105dze\u0144 pomocnych przy pracy w lesie, domu czy ogrodzie.<\/li>\n<\/ul>\n<p>Ci\u0105gle poszerzamy nasz\u0105 ofert\u0119 o nowe produkty, poszukuj\u0105c jak najlepszych rozwi\u0105za\u0144 dla naszych klient\u00f3w.<\/p>\n<\/td>\n<\/tr>\n<tr>\n<td>\u00a0<\/td>\n<\/tr>\n<\/table>\n","protected":false},"excerpt":{"rendered":"<p>SPR\u0118\u017bYNA SPRZ\u0118G\u0141A HUSQVARNA 36 41 136 137 141 142<\/p>\n","protected":false},"featured_media":772,"comment_status":"open","ping_status":"closed","template":"","meta":[],"product_brand":[],"product_cat":[36],"product_tag":[],"class_list":{"0":"post-773","1":"product","2":"type-product","3":"status-publish","4":"has-post-thumbnail","6":"product_cat-bebny-zebatki-sprzegla","8":"first","9":"instock","10":"taxable","11":"shipping-taxable","12":"purchasable","13":"product-type-simple"},"_links":{"self":[{"href":"https:\/\/precto.pl\/sklep\/wp-json\/wp\/v2\/product\/773","targetHints":{"allow":["GET"]}}],"collection":[{"href":"https:\/\/precto.pl\/sklep\/wp-json\/wp\/v2\/product"}],"about":[{"href":"https:\/\/precto.pl\/sklep\/wp-json\/wp\/v2\/types\/product"}],"replies":[{"embeddable":true,"href":"https:\/\/precto.pl\/sklep\/wp-json\/wp\/v2\/comments?post=773"}],"wp:featuredmedia":[{"embeddable":true,"href":"https:\/\/precto.pl\/sklep\/wp-json\/wp\/v2\/media\/772"}],"wp:attachment":[{"href":"https:\/\/precto.pl\/sklep\/wp-json\/wp\/v2\/media?parent=773"}],"wp:term":[{"taxonomy":"product_brand","embeddable":true,"href":"https:\/\/precto.pl\/sklep\/wp-json\/wp\/v2\/product_brand?post=773"},{"taxonomy":"product_cat","embeddable":true,"href":"https:\/\/precto.pl\/sklep\/wp-json\/wp\/v2\/product_cat?post=773"},{"taxonomy":"product_tag","embeddable":true,"href":"https:\/\/precto.pl\/sklep\/wp-json\/wp\/v2\/product_tag?post=773"}],"curies":[{"name":"wp","href":"https:\/\/api.w.org\/{rel}","templated":true}]}}