{"id":7699,"date":"2022-03-11T11:03:12","date_gmt":"2022-03-11T10:03:12","guid":{"rendered":"https:\/\/precto.pl\/sklep\/?post_type=product&#038;p=7699"},"modified":"2023-08-14T14:24:20","modified_gmt":"2023-08-14T12:24:20","slug":"wertykulator-elektryczny-rle-240-24-miesiace-gwarancji","status":"publish","type":"product","link":"https:\/\/precto.pl\/sklep\/wertykulator-elektryczny-rle-240-24-miesiace-gwarancji\/","title":{"rendered":"Wertykulator elektryczny RLE 240  24 miesi\u0105ce gwarancji"},"content":{"rendered":"\n<p><\/p>\n\n\n\n<h2 class=\"wp-block-heading\"><\/h2>\n\n\n\n<div class=\"wp-block-columns is-layout-flex wp-container-core-columns-is-layout-9d6595d7 wp-block-columns-is-layout-flex\">\n<div class=\"wp-block-column is-layout-flow wp-block-column-is-layout-flow\">\n<div class=\"wp-block-columns is-layout-flex wp-container-core-columns-is-layout-9d6595d7 wp-block-columns-is-layout-flex\">\n<div class=\"wp-block-column is-layout-flow wp-block-column-is-layout-flow\">\n<figure class=\"wp-block-image size-full\"><img loading=\"lazy\" decoding=\"async\" width=\"460\" height=\"460\" src=\"https:\/\/precto.pl\/sklep\/wp-content\/uploads\/2022\/03\/rle-240-precto-1.jpg\" alt=\"\" class=\"wp-image-7700\" srcset=\"https:\/\/precto.pl\/sklep\/wp-content\/uploads\/2022\/03\/rle-240-precto-1.jpg 460w, https:\/\/precto.pl\/sklep\/wp-content\/uploads\/2022\/03\/rle-240-precto-1-300x300.jpg 300w, https:\/\/precto.pl\/sklep\/wp-content\/uploads\/2022\/03\/rle-240-precto-1-150x150.jpg 150w, https:\/\/precto.pl\/sklep\/wp-content\/uploads\/2022\/03\/rle-240-precto-1-100x100.jpg 100w\" sizes=\"auto, (max-width: 460px) 100vw, 460px\" \/><figcaption><br><\/figcaption><\/figure>\n\n\n\n<figure class=\"wp-block-image size-full\"><img loading=\"lazy\" decoding=\"async\" width=\"460\" height=\"306\" src=\"https:\/\/precto.pl\/sklep\/wp-content\/uploads\/2022\/03\/rl-540-precto-2.jpg\" alt=\"\" class=\"wp-image-7690\" srcset=\"https:\/\/precto.pl\/sklep\/wp-content\/uploads\/2022\/03\/rl-540-precto-2.jpg 460w, https:\/\/precto.pl\/sklep\/wp-content\/uploads\/2022\/03\/rl-540-precto-2-300x200.jpg 300w\" sizes=\"auto, (max-width: 460px) 100vw, 460px\" \/><\/figure>\n<\/div>\n<\/div>\n\n\n\n<figure class=\"wp-block-image size-full\"><img loading=\"lazy\" decoding=\"async\" width=\"460\" height=\"306\" src=\"https:\/\/precto.pl\/sklep\/wp-content\/uploads\/2022\/03\/rl-540-precto-3.jpg\" alt=\"\" class=\"wp-image-7691\" srcset=\"https:\/\/precto.pl\/sklep\/wp-content\/uploads\/2022\/03\/rl-540-precto-3.jpg 460w, https:\/\/precto.pl\/sklep\/wp-content\/uploads\/2022\/03\/rl-540-precto-3-300x200.jpg 300w\" sizes=\"auto, (max-width: 460px) 100vw, 460px\" \/><\/figure>\n<\/div>\n\n\n\n<div class=\"wp-block-column is-layout-flow wp-block-column-is-layout-flow\">\n<p><strong>Wertykulator elektryczny RLE 240<\/strong><\/p>\n\n\n\n<p>Elektryczny wertykulator STIHL RLE 240 umo\u017cliwia wertykulacj\u0119 trawy i usuwanie filcu z mniejszych trawnik\u00f3w. Dzi\u0119ki silnikowi elektrycznemu mo\u017cna usuwa\u0107 nadmiar mchu i trawy w szczeg\u00f3lnie cichy i przyjazny dla \u015brodowiska spos\u00f3b. Ostry, frezuj\u0105cy n\u00f3\u017c przecina dar\u0144 powoduj\u0105c dop\u0142yw powietrza, wody i sk\u0142adnik\u00f3w od\u017cywczych do korzeni. Z\u0119by spr\u0119\u017cynowe rolki aeracyjnej usuwaj\u0105 mech i sfilcowan\u0105 traw\u0119, nie nacinaj\u0105c przy tym darni. Obie rolki mo\u017cna \u0142atwo wymieni\u0107 w kilku prostych krokach. Wertykulator ten jest doskona\u0142ym rozwi\u0105zaniem \u0142\u0105cz\u0105cym szeroki zakres roboczy wynosz\u0105cy 34 cm z z \u0142atwym manewrowaniem i nieskomplikowan\u0105 obs\u0142ug\u0105. Ponadto obudowa wykonana z wysokiej jako\u015bci tworzywa sztucznego \u0142\u0105czy lekko\u015b\u0107 z du\u017c\u0105 odporno\u015bci\u0105 i trwa\u0142o\u015bci\u0105. Dla maksymalnego u\u0142atwienia transportu i przenoszenia, wertykulator wyposa\u017cony jest w ergonomiczny sk\u0142adany uchwyt, u\u0142atwiaj\u0105cy r\u00f3wnie\u017c przechowywanie. Posiada tak\u017ce sk\u0142adany uchwyt co oszcz\u0119dza miejsce zajmowane przez wertykulator podczas przechowywania. Mo\u017cliwo\u015b\u0107 zastosowania kosza na odpady.<\/p>\n\n\n\n<figure class=\"wp-block-table\"><table><thead><tr><th>Dane techniczne<\/th><th>Warto\u015b\u0107<\/th><\/tr><\/thead><tbody><tr><td>Szer. robocza cm<\/td><td>34<\/td><\/tr><tr><td>G\u0142\u0119boko\u015b\u0107 robocza mm<\/td><td>15<\/td><\/tr><tr><td>Moc W<\/td><td>1.500<\/td><\/tr><tr><td>Moc znam. przy znam. pr\u0119dk. obr. U\/min<\/td><td>4.100<\/td><\/tr><tr><td>G\u0142\u0119b. wertykulacji mm<\/td><td>15<\/td><\/tr><tr><td>Ci\u0119\u017car kg<\/td><td>16<\/td><\/tr><tr><td>Ci\u0119\u017car kg<\/td><td>16<\/td><\/tr><tr><td>Pow. trawnika m\u00b2<\/td><td>500<\/td><\/tr><tr><td>Szer. robocza cm<\/td><td>34<\/td><\/tr><tr><td>Poziom mocy akustycznej gwarantowany LWAd [dB(A)] dB(A)<\/td><td>95<\/td><\/tr><tr><td>Niepewno\u015bc pomiarowa K m\/s\u00b2<\/td><td>2,32<\/td><\/tr><\/tbody><\/table><\/figure>\n\n\n\n<div class=\"wp-block-columns is-layout-flex wp-container-core-columns-is-layout-9d6595d7 wp-block-columns-is-layout-flex\">\n<div class=\"wp-block-column is-layout-flow wp-block-column-is-layout-flow\">\n<figure class=\"wp-block-gallery has-nested-images columns-default is-cropped wp-block-gallery-1 is-layout-flex wp-block-gallery-is-layout-flex\"><\/figure>\n<\/div>\n<\/div>\n\n\n\n<div class=\"wp-block-columns is-layout-flex wp-container-core-columns-is-layout-9d6595d7 wp-block-columns-is-layout-flex\">\n<div class=\"wp-block-column is-layout-flow wp-block-column-is-layout-flow\"><\/div>\n<\/div>\n<\/div>\n<\/div>\n\n\n\n<div class=\"wp-block-columns is-layout-flex wp-container-core-columns-is-layout-9d6595d7 wp-block-columns-is-layout-flex\">\n<div class=\"wp-block-column is-layout-flow wp-block-column-is-layout-flow\">\n<h4 class=\"wp-block-heading\" id=\"silnik-stihl-2-mix\">Rolka wyczesuj\u0105ca<\/h4>\n\n\n\n<p>Spr\u0119\u017cyny rolki wyczesuj\u0105cej usuwaj\u0105 mech i sfilcowan\u0105 traw\u0119 nie nacinaj\u0105c przy tym darni. Rolk\u0119, podobnie jak no\u017ce, mo\u017cna zamontowa\u0107 i wymontowa\u0107 w bardzo kr\u00f3tkim czasie za pomoc\u0105 standardowych narz\u0119dzi.<\/p>\n<\/div>\n\n\n\n<div class=\"wp-block-column is-layout-flow wp-block-column-is-layout-flow\">\n<figure class=\"wp-block-image size-full\"><img loading=\"lazy\" decoding=\"async\" width=\"480\" height=\"480\" src=\"https:\/\/precto.pl\/sklep\/wp-content\/uploads\/2022\/03\/rolka-precto-1.jpg\" alt=\"\" class=\"wp-image-7702\" srcset=\"https:\/\/precto.pl\/sklep\/wp-content\/uploads\/2022\/03\/rolka-precto-1.jpg 480w, https:\/\/precto.pl\/sklep\/wp-content\/uploads\/2022\/03\/rolka-precto-1-300x300.jpg 300w, https:\/\/precto.pl\/sklep\/wp-content\/uploads\/2022\/03\/rolka-precto-1-150x150.jpg 150w, https:\/\/precto.pl\/sklep\/wp-content\/uploads\/2022\/03\/rolka-precto-1-100x100.jpg 100w\" sizes=\"auto, (max-width: 480px) 100vw, 480px\" \/><\/figure>\n<\/div>\n<\/div>\n\n\n\n<div class=\"wp-block-columns is-layout-flex wp-container-core-columns-is-layout-9d6595d7 wp-block-columns-is-layout-flex\">\n<div class=\"wp-block-column is-layout-flow wp-block-column-is-layout-flow\">\n<figure class=\"wp-block-image size-full\"><img loading=\"lazy\" decoding=\"async\" width=\"480\" height=\"480\" src=\"https:\/\/precto.pl\/sklep\/wp-content\/uploads\/2022\/03\/zespol-rob-precto-1.jpg\" alt=\"\" class=\"wp-image-7694\" srcset=\"https:\/\/precto.pl\/sklep\/wp-content\/uploads\/2022\/03\/zespol-rob-precto-1.jpg 480w, https:\/\/precto.pl\/sklep\/wp-content\/uploads\/2022\/03\/zespol-rob-precto-1-300x300.jpg 300w, https:\/\/precto.pl\/sklep\/wp-content\/uploads\/2022\/03\/zespol-rob-precto-1-150x150.jpg 150w, https:\/\/precto.pl\/sklep\/wp-content\/uploads\/2022\/03\/zespol-rob-precto-1-100x100.jpg 100w\" sizes=\"auto, (max-width: 480px) 100vw, 480px\" \/><\/figure>\n<\/div>\n\n\n\n<div class=\"wp-block-column is-layout-flow wp-block-column-is-layout-flow\">\n<h4 class=\"wp-block-heading\" id=\"ergonomiczny-uchwyt-obureczny\">Zesp\u00f3\u0142 roboczy<\/h4>\n\n\n\n<p>Jednostka wertykulacyjna STIHL wyposa\u017cona jest w wytrzyma\u0142e, sta\u0142e no\u017ce umo\u017cliwiaj\u0105ce odpowiednie napowietrzenie trawnika. <\/p>\n<\/div>\n<\/div>\n\n\n\n<div class=\"wp-block-columns is-layout-flex wp-container-core-columns-is-layout-9d6595d7 wp-block-columns-is-layout-flex\">\n<div class=\"wp-block-column is-layout-flow wp-block-column-is-layout-flow\">\n<h2 class=\"wp-block-heading\">Podw\u00f3jnie \u0142o\u017cyskowane ko\u0142a<\/h2>\n\n\n\n<p>Ko\u0142a jezdne wyposa\u017cone w podw\u00f3jne \u0142o\u017cyska kulkowe zapewniaj\u0105 d\u0142ugie i bezawaryjne u\u017cytkowanie. Ko\u0142a zosta\u0142y wyposa\u017cone w profile stabilizuj\u0105ce tor i kierunek jazdy kosiarki. <\/p>\n<\/div>\n\n\n\n<div class=\"wp-block-column is-vertically-aligned-top is-layout-flow wp-block-column-is-layout-flow\">\n<figure class=\"wp-block-image size-full\"><img loading=\"lazy\" decoding=\"async\" width=\"480\" height=\"480\" src=\"https:\/\/precto.pl\/sklep\/wp-content\/uploads\/2022\/03\/lozyka-kol-precto-1.jpg\" alt=\"\" class=\"wp-image-7695\" srcset=\"https:\/\/precto.pl\/sklep\/wp-content\/uploads\/2022\/03\/lozyka-kol-precto-1.jpg 480w, https:\/\/precto.pl\/sklep\/wp-content\/uploads\/2022\/03\/lozyka-kol-precto-1-300x300.jpg 300w, https:\/\/precto.pl\/sklep\/wp-content\/uploads\/2022\/03\/lozyka-kol-precto-1-150x150.jpg 150w, https:\/\/precto.pl\/sklep\/wp-content\/uploads\/2022\/03\/lozyka-kol-precto-1-100x100.jpg 100w\" sizes=\"auto, (max-width: 480px) 100vw, 480px\" \/><\/figure>\n<\/div>\n<\/div>\n\n\n\n<div class=\"wp-block-columns is-layout-flex wp-container-core-columns-is-layout-9d6595d7 wp-block-columns-is-layout-flex\">\n<div class=\"wp-block-column is-layout-flow wp-block-column-is-layout-flow\">\n<figure class=\"wp-block-image size-full\"><img loading=\"lazy\" decoding=\"async\" width=\"480\" height=\"480\" src=\"https:\/\/precto.pl\/sklep\/wp-content\/uploads\/2022\/03\/regulacja-precto-1.jpg\" alt=\"\" class=\"wp-image-7696\" srcset=\"https:\/\/precto.pl\/sklep\/wp-content\/uploads\/2022\/03\/regulacja-precto-1.jpg 480w, https:\/\/precto.pl\/sklep\/wp-content\/uploads\/2022\/03\/regulacja-precto-1-300x300.jpg 300w, https:\/\/precto.pl\/sklep\/wp-content\/uploads\/2022\/03\/regulacja-precto-1-150x150.jpg 150w, https:\/\/precto.pl\/sklep\/wp-content\/uploads\/2022\/03\/regulacja-precto-1-100x100.jpg 100w\" sizes=\"auto, (max-width: 480px) 100vw, 480px\" \/><\/figure>\n<\/div>\n\n\n\n<div class=\"wp-block-column is-layout-flow wp-block-column-is-layout-flow\">\n<h4 class=\"wp-block-heading\" id=\"reczna-pompa-paliwowa\">6-stopniowa regulacja g\u0142\u0119boko\u015bci wertykulacji<\/h4>\n\n\n\n<p>Ergonomiczne pokr\u0119t\u0142o na uchwycie wertykulatora s\u0142u\u017c\u0105ce do 6-stopniowej regulacji g\u0142\u0119boko\u015bci no\u017cy dostosowuj\u0105c urz\u0105dzenie do w\u0142a\u015bciwo\u015bci pod\u0142o\u017ca. Dodatkowo za pomoc\u0105 d\u017awigni mo\u017cna podnie\u015b\u0107 lub obni\u017cy\u0107 wertykulator STIHL. <\/p>\n\n\n\n<p><\/p>\n<\/div>\n<\/div>\n\n\n\n<div class=\"wp-block-columns is-layout-flex wp-container-core-columns-is-layout-9d6595d7 wp-block-columns-is-layout-flex\">\n<div class=\"wp-block-column is-layout-flow wp-block-column-is-layout-flow\"><\/div>\n\n\n\n<div class=\"wp-block-column is-layout-flow wp-block-column-is-layout-flow\">\n<figure class=\"wp-block-gallery has-nested-images columns-default is-cropped wp-block-gallery-2 is-layout-flex wp-block-gallery-is-layout-flex\"><\/figure>\n<\/div>\n<\/div>\n\n\n\n<div class=\"wp-block-columns is-layout-flex wp-container-core-columns-is-layout-9d6595d7 wp-block-columns-is-layout-flex\">\n<div class=\"wp-block-column is-layout-flow wp-block-column-is-layout-flow\">\n<figure class=\"wp-block-gallery has-nested-images columns-default is-cropped wp-block-gallery-3 is-layout-flex wp-block-gallery-is-layout-flex\">\n<figure class=\"wp-block-image size-full\"><img loading=\"lazy\" decoding=\"async\" width=\"480\" height=\"480\" data-id=\"7698\" src=\"https:\/\/precto.pl\/sklep\/wp-content\/uploads\/2022\/03\/uchwyt-precto-1-2.jpg\" alt=\"\" class=\"wp-image-7698\" srcset=\"https:\/\/precto.pl\/sklep\/wp-content\/uploads\/2022\/03\/uchwyt-precto-1-2.jpg 480w, https:\/\/precto.pl\/sklep\/wp-content\/uploads\/2022\/03\/uchwyt-precto-1-2-300x300.jpg 300w, https:\/\/precto.pl\/sklep\/wp-content\/uploads\/2022\/03\/uchwyt-precto-1-2-150x150.jpg 150w, https:\/\/precto.pl\/sklep\/wp-content\/uploads\/2022\/03\/uchwyt-precto-1-2-100x100.jpg 100w\" sizes=\"auto, (max-width: 480px) 100vw, 480px\" \/><\/figure>\n<\/figure>\n<\/div>\n\n\n\n<div class=\"wp-block-column is-layout-flow wp-block-column-is-layout-flow\">\n<h2 class=\"wp-block-heading\">Sk\u0142adany uchwyt<\/h2>\n\n\n\n<p>Sk\u0142adany uchwyt u\u0142atwia czyszczenie, przechowywanie wertykulatora i jego transport.<\/p>\n<\/div>\n<\/div>\n\n\n\n<div class=\"wp-block-columns is-layout-flex wp-container-core-columns-is-layout-9d6595d7 wp-block-columns-is-layout-flex\">\n<div class=\"wp-block-column is-layout-flow wp-block-column-is-layout-flow\"><\/div>\n\n\n\n<div class=\"wp-block-column is-layout-flow wp-block-column-is-layout-flow\">\n<figure class=\"wp-block-gallery has-nested-images columns-default is-cropped wp-block-gallery-4 is-layout-flex wp-block-gallery-is-layout-flex\"><\/figure>\n<\/div>\n<\/div>\n\n\n\n<div class=\"wp-block-columns is-layout-flex wp-container-core-columns-is-layout-9d6595d7 wp-block-columns-is-layout-flex\">\n<div class=\"wp-block-column is-layout-flow wp-block-column-is-layout-flow\" style=\"flex-basis:33.33%\">\n<figure class=\"wp-block-gallery has-nested-images columns-default is-cropped wp-block-gallery-5 is-layout-flex wp-block-gallery-is-layout-flex\"><\/figure>\n<\/div>\n<\/div>\n\n\n\n<div class=\"wp-block-columns is-layout-flex wp-container-core-columns-is-layout-9d6595d7 wp-block-columns-is-layout-flex\">\n<div class=\"wp-block-column is-layout-flow wp-block-column-is-layout-flow\"><\/div>\n<\/div>\n\n\n\n<p><\/p>\n\n\n\n<div class=\"wp-block-group\"><div class=\"wp-block-group__inner-container is-layout-flow wp-block-group-is-layout-flow\">\n<div class=\"wp-block-group\"><div class=\"wp-block-group__inner-container is-layout-flow wp-block-group-is-layout-flow\"><\/div><\/div>\n<\/div><\/div>\n","protected":false},"excerpt":{"rendered":"<p>Wertykulator elektryczny RLE 240 Elektryczny wertykulator STIHL RLE 240 umo\u017cliwia wertykulacj\u0119 trawy i usuwanie filcu z mniejszych trawnik\u00f3w. Dzi\u0119ki silnikowi elektrycznemu mo\u017cna usuwa\u0107 nadmiar mchu i trawy w szczeg\u00f3lnie cichy i przyjazny dla \u015brodowiska spos\u00f3b. Ostry, frezuj\u0105cy n\u00f3\u017c przecina dar\u0144 powoduj\u0105c dop\u0142yw powietrza, wody i sk\u0142adnik\u00f3w od\u017cywczych do korzeni. Z\u0119by spr\u0119\u017cynowe rolki aeracyjnej usuwaj\u0105 mech [&hellip;]<\/p>\n","protected":false},"featured_media":7701,"comment_status":"open","ping_status":"closed","template":"","meta":[],"product_brand":[],"product_cat":[67,81],"product_tag":[],"class_list":{"0":"post-7699","1":"product","2":"type-product","3":"status-publish","4":"has-post-thumbnail","6":"product_cat-urzadzenia-do-pracy-w-ogrodzie","7":"product_cat-wertykulatory","9":"first","10":"instock","11":"taxable","12":"shipping-taxable","13":"purchasable","14":"product-type-simple"},"_links":{"self":[{"href":"https:\/\/precto.pl\/sklep\/wp-json\/wp\/v2\/product\/7699","targetHints":{"allow":["GET"]}}],"collection":[{"href":"https:\/\/precto.pl\/sklep\/wp-json\/wp\/v2\/product"}],"about":[{"href":"https:\/\/precto.pl\/sklep\/wp-json\/wp\/v2\/types\/product"}],"replies":[{"embeddable":true,"href":"https:\/\/precto.pl\/sklep\/wp-json\/wp\/v2\/comments?post=7699"}],"wp:featuredmedia":[{"embeddable":true,"href":"https:\/\/precto.pl\/sklep\/wp-json\/wp\/v2\/media\/7701"}],"wp:attachment":[{"href":"https:\/\/precto.pl\/sklep\/wp-json\/wp\/v2\/media?parent=7699"}],"wp:term":[{"taxonomy":"product_brand","embeddable":true,"href":"https:\/\/precto.pl\/sklep\/wp-json\/wp\/v2\/product_brand?post=7699"},{"taxonomy":"product_cat","embeddable":true,"href":"https:\/\/precto.pl\/sklep\/wp-json\/wp\/v2\/product_cat?post=7699"},{"taxonomy":"product_tag","embeddable":true,"href":"https:\/\/precto.pl\/sklep\/wp-json\/wp\/v2\/product_tag?post=7699"}],"curies":[{"name":"wp","href":"https:\/\/api.w.org\/{rel}","templated":true}]}}