{"id":7673,"date":"2022-03-10T11:50:52","date_gmt":"2022-03-10T10:50:52","guid":{"rendered":"https:\/\/precto.pl\/sklep\/?post_type=product&#038;p=7673"},"modified":"2022-03-10T13:52:48","modified_gmt":"2022-03-10T12:52:48","slug":"robot-koszacy-rmi-422-szerokosc-koszenia-20cm-waga-9-kg-24-miesiace-gwarancji","status":"publish","type":"product","link":"https:\/\/precto.pl\/sklep\/robot-koszacy-rmi-422-szerokosc-koszenia-20cm-waga-9-kg-24-miesiace-gwarancji\/","title":{"rendered":"Robot kosz\u0105cy RMI 422 szeroko\u015b\u0107 koszenia 20cm waga 9 kg 24 miesi\u0105ce gwarancji"},"content":{"rendered":"\n<p><\/p>\n\n\n\n<h2 class=\"wp-block-heading\"><\/h2>\n\n\n\n<div class=\"wp-block-columns is-layout-flex wp-container-core-columns-is-layout-9d6595d7 wp-block-columns-is-layout-flex\">\n<div class=\"wp-block-column is-layout-flow wp-block-column-is-layout-flow\">\n<div class=\"wp-block-columns is-layout-flex wp-container-core-columns-is-layout-9d6595d7 wp-block-columns-is-layout-flex\">\n<div class=\"wp-block-column is-layout-flow wp-block-column-is-layout-flow\">\n<figure class=\"wp-block-image size-full\"><img loading=\"lazy\" decoding=\"async\" width=\"460\" height=\"460\" src=\"https:\/\/precto.pl\/sklep\/wp-content\/uploads\/2022\/03\/422-precto-1.jpg\" alt=\"\" class=\"wp-image-7674\" srcset=\"https:\/\/precto.pl\/sklep\/wp-content\/uploads\/2022\/03\/422-precto-1.jpg 460w, https:\/\/precto.pl\/sklep\/wp-content\/uploads\/2022\/03\/422-precto-1-300x300.jpg 300w, https:\/\/precto.pl\/sklep\/wp-content\/uploads\/2022\/03\/422-precto-1-150x150.jpg 150w, https:\/\/precto.pl\/sklep\/wp-content\/uploads\/2022\/03\/422-precto-1-100x100.jpg 100w\" sizes=\"auto, (max-width: 460px) 100vw, 460px\" \/><figcaption><br><\/figcaption><\/figure>\n\n\n\n<figure class=\"wp-block-image size-full\"><img loading=\"lazy\" decoding=\"async\" width=\"460\" height=\"306\" src=\"https:\/\/precto.pl\/sklep\/wp-content\/uploads\/2022\/03\/422-precto-2.jpg\" alt=\"\" class=\"wp-image-7675\" srcset=\"https:\/\/precto.pl\/sklep\/wp-content\/uploads\/2022\/03\/422-precto-2.jpg 460w, https:\/\/precto.pl\/sklep\/wp-content\/uploads\/2022\/03\/422-precto-2-300x200.jpg 300w\" sizes=\"auto, (max-width: 460px) 100vw, 460px\" \/><\/figure>\n<\/div>\n<\/div>\n\n\n\n<figure class=\"wp-block-image size-full\"><img loading=\"lazy\" decoding=\"async\" width=\"460\" height=\"306\" src=\"https:\/\/precto.pl\/sklep\/wp-content\/uploads\/2022\/03\/422-precto-3.jpg\" alt=\"\" class=\"wp-image-7676\" srcset=\"https:\/\/precto.pl\/sklep\/wp-content\/uploads\/2022\/03\/422-precto-3.jpg 460w, https:\/\/precto.pl\/sklep\/wp-content\/uploads\/2022\/03\/422-precto-3-300x200.jpg 300w\" sizes=\"auto, (max-width: 460px) 100vw, 460px\" \/><\/figure>\n<\/div>\n\n\n\n<div class=\"wp-block-column is-layout-flow wp-block-column-is-layout-flow\">\n<p><strong>Robot kosz\u0105cy RMI 422<\/strong><\/p>\n\n\n\n<p>Je\u015bli chcesz ca\u0142kowicie zautomatyzowa\u0107 koszenie trawy na ma\u0142ym lub \u015brednim trawniku do 800 m\u00b2, kompaktowy robot kosz\u0105cy STIHL iMOW\u00ae RMI 422 jest idealnym rozwi\u0105zaniem. Robot STIHL zasilany jest zintegrowan\u0105 bateri\u0105 litowo-jonow\u0105. Posiada funkcj\u0119 mulczowania. Podczas koszenia trawa zostaje rozdrobniona na ma\u0142e cz\u0105stki, kt\u00f3re stanowi\u0105 naturalny naw\u00f3z dla pod\u0142o\u017ca. Takie dzia\u0142anie pomaga w utrzymaniu zdrowego i g\u0119stego trawnika. Wielopoziomowa regulacja wysoko\u015bci koszenia gwarantuje, \u017ce trawa zostanie przyci\u0119ta dok\u0142adnie na oczekiwan\u0105 wysoko\u015b\u0107. Doskonale radzi sobie nawet na nier\u00f3wnym terenie z pochy\u0142o\u015bciami do 35%. To kompaktowe urz\u0105dzenie jest bardzo \u0142atwe i intuicyjne w konfiguracji. Na podstawie wielko\u015bci ogrodu kosiarka iMOW\u00ae automatycznie ustali indywidualny, dynamiczny plan koszenia umo\u017cliwiaj\u0105cy optymalne koszenie trawnika w dogodnym czasie. Instalacja wymaga zestawu instalacyjnego. Roboty kosz\u0105ce STIHL iMOW\u00ae spe\u0142niaj\u0105 wszystkie obowi\u0105zuj\u0105ce normy bezpiecze\u0144stwa. Mimo to robot kosz\u0105cy nie jest zabawk\u0105. Podczas jego pracy szczeg\u00f3lnie dzieci i zwierz\u0119ta powinny przebywa\u0107 poza obszarem roboczym. Wi\u0119cej informacji mo\u017cna znale\u017a\u0107 w instrukcji obs\u0142ugi.<\/p>\n\n\n\n<figure class=\"wp-block-table\"><table><thead><tr><th>Dane techniczne<\/th><th>Warto\u015b\u0107<\/th><\/tr><\/thead><tbody><tr><td>Maks. pow. trawn. m\u00b2<\/td><td>do 800<\/td><\/tr><tr><td>Szer. koszenia cm<\/td><td>20<\/td><\/tr><tr><td>Wys. koszenia mm<\/td><td>20-60<\/td><\/tr><tr><td>Maks.nachylenie terenu %<\/td><td>35<\/td><\/tr><tr><td>Ci\u0119\u017car kg<\/td><td>9<\/td><\/tr><tr><td>Maks. pow. trawn. m\u00b2 <sup>1)<\/sup><\/td><td>800<\/td><\/tr><tr><td>Liczba obrot\u00f3w U\/min<\/td><td>4.450<\/td><\/tr><tr><td>Moc znamionowa W<\/td><td>45<\/td><\/tr><tr><td>\u015ar. czas koszenia (tydz.) h <sup>1)<\/sup><\/td><td>16<\/td><\/tr><tr><td>Rodzaj akumulatora<\/td><td>Li-Ionen<\/td><\/tr><tr><td>Poziom mocy akustycznej LWA [dB(A)] dB(A)<\/td><td>60<\/td><\/tr><tr><td>Poziom mocy akustycznej dB (A)<\/td><td>62<\/td><\/tr><tr><td>Niepewno\u015b\u0107 pomiarowa KpA dB(A)<\/td><td>2<\/td><\/tr><\/tbody><\/table><\/figure>\n\n\n\n<div class=\"wp-block-columns is-layout-flex wp-container-core-columns-is-layout-9d6595d7 wp-block-columns-is-layout-flex\">\n<div class=\"wp-block-column is-layout-flow wp-block-column-is-layout-flow\">\n<figure class=\"wp-block-gallery has-nested-images columns-default is-cropped wp-block-gallery-1 is-layout-flex wp-block-gallery-is-layout-flex\"><\/figure>\n<\/div>\n<\/div>\n\n\n\n<div class=\"wp-block-columns is-layout-flex wp-container-core-columns-is-layout-9d6595d7 wp-block-columns-is-layout-flex\">\n<div class=\"wp-block-column is-layout-flow wp-block-column-is-layout-flow\"><\/div>\n<\/div>\n<\/div>\n<\/div>\n\n\n\n<div class=\"wp-block-columns is-layout-flex wp-container-core-columns-is-layout-9d6595d7 wp-block-columns-is-layout-flex\">\n<div class=\"wp-block-column is-layout-flow wp-block-column-is-layout-flow\">\n<h4 class=\"wp-block-heading\" id=\"silnik-stihl-2-mix\">Ruchoma obudowa z czujnikami<\/h4>\n\n\n\n<p>Ruchoma obudowa z czujnikami chroni robota kosz\u0105cego STIHL iMow przed czynnikami atmosferycznymi i przeszkodami. Je\u015bli urz\u0105dzenie STIHL iMow napotka przeszkod\u0119 podczas automatycznego koszenia trawy, czujniki zintegrowane z ruchom\u0105 obudow\u0105 rejestruj\u0105 zetkni\u0119cie z przedmiotem i inicjuj\u0105 zmian\u0119 kierunku koszenia. <\/p>\n<\/div>\n\n\n\n<div class=\"wp-block-column is-layout-flow wp-block-column-is-layout-flow\">\n<figure class=\"wp-block-image size-full\"><img loading=\"lazy\" decoding=\"async\" width=\"480\" height=\"480\" src=\"https:\/\/precto.pl\/sklep\/wp-content\/uploads\/2022\/03\/obudowa-precto-1.jpg\" alt=\"\" class=\"wp-image-7677\" srcset=\"https:\/\/precto.pl\/sklep\/wp-content\/uploads\/2022\/03\/obudowa-precto-1.jpg 480w, https:\/\/precto.pl\/sklep\/wp-content\/uploads\/2022\/03\/obudowa-precto-1-300x300.jpg 300w, https:\/\/precto.pl\/sklep\/wp-content\/uploads\/2022\/03\/obudowa-precto-1-150x150.jpg 150w, https:\/\/precto.pl\/sklep\/wp-content\/uploads\/2022\/03\/obudowa-precto-1-100x100.jpg 100w\" sizes=\"auto, (max-width: 480px) 100vw, 480px\" \/><\/figure>\n<\/div>\n<\/div>\n\n\n\n<div class=\"wp-block-columns is-layout-flex wp-container-core-columns-is-layout-9d6595d7 wp-block-columns-is-layout-flex\">\n<div class=\"wp-block-column is-layout-flow wp-block-column-is-layout-flow\">\n<figure class=\"wp-block-image size-full\"><img loading=\"lazy\" decoding=\"async\" width=\"480\" height=\"480\" src=\"https:\/\/precto.pl\/sklep\/wp-content\/uploads\/2022\/03\/lcd-precto-1.jpg\" alt=\"\" class=\"wp-image-7678\" srcset=\"https:\/\/precto.pl\/sklep\/wp-content\/uploads\/2022\/03\/lcd-precto-1.jpg 480w, https:\/\/precto.pl\/sklep\/wp-content\/uploads\/2022\/03\/lcd-precto-1-300x300.jpg 300w, https:\/\/precto.pl\/sklep\/wp-content\/uploads\/2022\/03\/lcd-precto-1-150x150.jpg 150w, https:\/\/precto.pl\/sklep\/wp-content\/uploads\/2022\/03\/lcd-precto-1-100x100.jpg 100w\" sizes=\"auto, (max-width: 480px) 100vw, 480px\" \/><\/figure>\n<\/div>\n\n\n\n<div class=\"wp-block-column is-layout-flow wp-block-column-is-layout-flow\">\n<h4 class=\"wp-block-heading\" id=\"ergonomiczny-uchwyt-obureczny\">Wyra\u017any wy\u015bwietlacz LCD<\/h4>\n\n\n\n<p>Konsola sterowania jest zintegrowana z obudow\u0105 robota kosz\u0105cego STIHL iMow i posiada wielkoformatowy wy\u015bwietlacz LCD. Mo\u017cna przegl\u0105da\u0107 wszystkie funkcje i dane dotycz\u0105ce urz\u0105dzenia w spos\u00f3b bardzo intuicyjny. Wysoki kontrast i intensywno\u015b\u0107 wy\u015bwietlania gwarantuj\u0105 czytelno\u015b\u0107 nawet w pe\u0142nym s\u0142o\u0144cu.<\/p>\n<\/div>\n<\/div>\n\n\n\n<div class=\"wp-block-columns is-layout-flex wp-container-core-columns-is-layout-9d6595d7 wp-block-columns-is-layout-flex\">\n<div class=\"wp-block-column is-layout-flow wp-block-column-is-layout-flow\">\n<h2 class=\"wp-block-heading\">Zestaw czujnik\u00f3w<\/h2>\n\n\n\n<p>Robot kosz\u0105cy STIHL iMow jest wyposa\u017cony w r\u00f3\u017cne czujniki. Jak tylko kto\u015b spr\u00f3buje go podnie\u015b\u0107 podczas koszenia, zatrzymuje si\u0119. Ponadto robota kosz\u0105cego mo\u017cna zabezpieczy\u0107 kodem PIN. Je\u015bli jest ustawiony w taki spos\u00f3b, \u017ce mo\u017cna go obs\u0142ugiwa\u0107 tylko wprowadzaj\u0105c kod PIN, zwi\u0119ksza si\u0119 bezpiecze\u0144stwo i kradzie\u017c staje si\u0119 bezcelowa.<\/p>\n<\/div>\n\n\n\n<div class=\"wp-block-column is-vertically-aligned-top is-layout-flow wp-block-column-is-layout-flow\">\n<figure class=\"wp-block-image size-full\"><img loading=\"lazy\" decoding=\"async\" width=\"480\" height=\"480\" src=\"https:\/\/precto.pl\/sklep\/wp-content\/uploads\/2022\/03\/czujniki-precto-1.jpg\" alt=\"\" class=\"wp-image-7679\" srcset=\"https:\/\/precto.pl\/sklep\/wp-content\/uploads\/2022\/03\/czujniki-precto-1.jpg 480w, https:\/\/precto.pl\/sklep\/wp-content\/uploads\/2022\/03\/czujniki-precto-1-300x300.jpg 300w, https:\/\/precto.pl\/sklep\/wp-content\/uploads\/2022\/03\/czujniki-precto-1-150x150.jpg 150w, https:\/\/precto.pl\/sklep\/wp-content\/uploads\/2022\/03\/czujniki-precto-1-100x100.jpg 100w\" sizes=\"auto, (max-width: 480px) 100vw, 480px\" \/><\/figure>\n<\/div>\n<\/div>\n\n\n\n<div class=\"wp-block-columns is-layout-flex wp-container-core-columns-is-layout-9d6595d7 wp-block-columns-is-layout-flex\">\n<div class=\"wp-block-column is-layout-flow wp-block-column-is-layout-flow\">\n<figure class=\"wp-block-image size-full\"><img loading=\"lazy\" decoding=\"async\" width=\"480\" height=\"480\" src=\"https:\/\/precto.pl\/sklep\/wp-content\/uploads\/2022\/03\/wyposazenie-precto-1.jpg\" alt=\"\" class=\"wp-image-7680\" srcset=\"https:\/\/precto.pl\/sklep\/wp-content\/uploads\/2022\/03\/wyposazenie-precto-1.jpg 480w, https:\/\/precto.pl\/sklep\/wp-content\/uploads\/2022\/03\/wyposazenie-precto-1-300x300.jpg 300w, https:\/\/precto.pl\/sklep\/wp-content\/uploads\/2022\/03\/wyposazenie-precto-1-150x150.jpg 150w, https:\/\/precto.pl\/sklep\/wp-content\/uploads\/2022\/03\/wyposazenie-precto-1-100x100.jpg 100w\" sizes=\"auto, (max-width: 480px) 100vw, 480px\" \/><\/figure>\n<\/div>\n\n\n\n<div class=\"wp-block-column is-layout-flow wp-block-column-is-layout-flow\">\n<h4 class=\"wp-block-heading\" id=\"reczna-pompa-paliwowa\">Wyposa\u017cenie standardowe w zestawie<\/h4>\n\n\n\n<p>Wyposa\u017cenie standardowe robota kosz\u0105cego STIHL iMow obejmuje: urz\u0105dzenie, stacj\u0119 \u0142aduj\u0105c\u0105, cztery uchwyty monta\u017cowe do zamocowania stacji \u0142aduj\u0105cej oraz miernik iRuler, kt\u00f3ry pomaga przy uk\u0142adaniu p\u0119tli ograniczaj\u0105cej. Aby zainstalowa\u0107 robota kosz\u0105cego iMow potrzebny jest dodatkowo zestaw instalacyjny (Kit S lub Kit L)<\/p>\n\n\n\n<p><\/p>\n<\/div>\n<\/div>\n\n\n\n<div class=\"wp-block-columns is-layout-flex wp-container-core-columns-is-layout-9d6595d7 wp-block-columns-is-layout-flex\">\n<div class=\"wp-block-column is-layout-flow wp-block-column-is-layout-flow\">\n<h2 class=\"wp-block-heading\">Stacja \u0142aduj\u0105ca<\/h2>\n\n\n\n<p>\u0141adowarka to przysta\u0144 robota kosz\u0105cego iMow. Umieszczamy j\u0105 w centralnej cz\u0119\u015bci ogrodu, tak aby kosiarka w ka\u017cdej chwili mog\u0142a pobra\u0107 energi\u0119 lub znale\u017a\u0107 schronienie w przypadku z\u0142ej pogody. Dzi\u0119ki inteligentnemu systemowi \u0142adowania sama decyduje o tym czy potrzebne jest szybkie \u0142adowanie akumulatora (ze wzgl\u0119du na zaplanowan\u0105 prac\u0119) czy akumulator zostanie na\u0142adowany w trybie standardowym. Stacj\u0119 \u0142aduj\u0105c\u0105 mo\u017cna umie\u015bci\u0107 zar\u00f3wno na trawniku, jak i poza nim<\/p>\n<\/div>\n\n\n\n<div class=\"wp-block-column is-layout-flow wp-block-column-is-layout-flow\">\n<figure class=\"wp-block-gallery has-nested-images columns-default is-cropped wp-block-gallery-2 is-layout-flex wp-block-gallery-is-layout-flex\">\n<figure class=\"wp-block-image size-full\"><img loading=\"lazy\" decoding=\"async\" width=\"480\" height=\"480\" data-id=\"7681\" src=\"https:\/\/precto.pl\/sklep\/wp-content\/uploads\/2022\/03\/stacja-precto-1.jpg\" alt=\"\" class=\"wp-image-7681\" srcset=\"https:\/\/precto.pl\/sklep\/wp-content\/uploads\/2022\/03\/stacja-precto-1.jpg 480w, https:\/\/precto.pl\/sklep\/wp-content\/uploads\/2022\/03\/stacja-precto-1-300x300.jpg 300w, https:\/\/precto.pl\/sklep\/wp-content\/uploads\/2022\/03\/stacja-precto-1-150x150.jpg 150w, https:\/\/precto.pl\/sklep\/wp-content\/uploads\/2022\/03\/stacja-precto-1-100x100.jpg 100w\" sizes=\"auto, (max-width: 480px) 100vw, 480px\" \/><\/figure>\n<\/figure>\n<\/div>\n<\/div>\n\n\n\n<div class=\"wp-block-columns is-layout-flex wp-container-core-columns-is-layout-9d6595d7 wp-block-columns-is-layout-flex\">\n<div class=\"wp-block-column is-layout-flow wp-block-column-is-layout-flow\">\n<figure class=\"wp-block-gallery has-nested-images columns-default is-cropped wp-block-gallery-3 is-layout-flex wp-block-gallery-is-layout-flex\">\n<figure class=\"wp-block-image size-full\"><img loading=\"lazy\" decoding=\"async\" width=\"480\" height=\"480\" data-id=\"7682\" src=\"https:\/\/precto.pl\/sklep\/wp-content\/uploads\/2022\/03\/mulczowanie-precto-1.jpg\" alt=\"\" class=\"wp-image-7682\" srcset=\"https:\/\/precto.pl\/sklep\/wp-content\/uploads\/2022\/03\/mulczowanie-precto-1.jpg 480w, https:\/\/precto.pl\/sklep\/wp-content\/uploads\/2022\/03\/mulczowanie-precto-1-300x300.jpg 300w, https:\/\/precto.pl\/sklep\/wp-content\/uploads\/2022\/03\/mulczowanie-precto-1-150x150.jpg 150w, https:\/\/precto.pl\/sklep\/wp-content\/uploads\/2022\/03\/mulczowanie-precto-1-100x100.jpg 100w\" sizes=\"auto, (max-width: 480px) 100vw, 480px\" \/><\/figure>\n<\/figure>\n<\/div>\n\n\n\n<div class=\"wp-block-column is-layout-flow wp-block-column-is-layout-flow\">\n<h2 class=\"wp-block-heading\">Mulczowanie<\/h2>\n\n\n\n<p>Podczas mulczowania trawa zostaje rozdrobniona na ma\u0142e cz\u0105stki, kt\u00f3re stanowi\u0105 naturalny naw\u00f3z dla pod\u0142o\u017ca. Wytrzyma\u0142y n\u00f3\u017c do mulczowania robota kosz\u0105cego STIHL iMow pozostaje ostry przez d\u0142ugi czas i zapewnia precyzyjne ci\u0119cie nawet przy wy\u017cszej trawie. Przy ka\u017cdym zatrzymaniu no\u017ca, automatycznie zmienia si\u0119 kierunek jego obrotu, co zapewnia jego r\u00f3wnomierne zu\u017cycie. Wymiany no\u017ca dokonuje si\u0119 bez u\u017cycia narz\u0119dzi.<\/p>\n<\/div>\n<\/div>\n\n\n\n<div class=\"wp-block-columns is-layout-flex wp-container-core-columns-is-layout-9d6595d7 wp-block-columns-is-layout-flex\">\n<div class=\"wp-block-column is-layout-flow wp-block-column-is-layout-flow\">\n<h2 class=\"wp-block-heading\">Regulacja drogi powrotnej<\/h2>\n\n\n\n<p>Zgodnie z ustawieniami fabrycznymi powr\u00f3t kosiarki automatycznej do stacji \u0142aduj\u0105cej nast\u0119puje wzd\u0142u\u017c przewodu ograniczaj\u0105cego. Na \u017cyczenie istnieje jednak mo\u017cliwo\u015b\u0107 regulacji korytarza zale\u017cnie od budowy kraw\u0119\u017cnika koszonej powierzchni.<\/p>\n<\/div>\n\n\n\n<div class=\"wp-block-column is-layout-flow wp-block-column-is-layout-flow\">\n<figure class=\"wp-block-gallery has-nested-images columns-default is-cropped wp-block-gallery-4 is-layout-flex wp-block-gallery-is-layout-flex\">\n<figure class=\"wp-block-image size-full\"><img loading=\"lazy\" decoding=\"async\" width=\"480\" height=\"480\" data-id=\"7683\" src=\"https:\/\/precto.pl\/sklep\/wp-content\/uploads\/2022\/03\/regulacja-drogi-precto-1.jpg\" alt=\"\" class=\"wp-image-7683\" srcset=\"https:\/\/precto.pl\/sklep\/wp-content\/uploads\/2022\/03\/regulacja-drogi-precto-1.jpg 480w, https:\/\/precto.pl\/sklep\/wp-content\/uploads\/2022\/03\/regulacja-drogi-precto-1-300x300.jpg 300w, https:\/\/precto.pl\/sklep\/wp-content\/uploads\/2022\/03\/regulacja-drogi-precto-1-150x150.jpg 150w, https:\/\/precto.pl\/sklep\/wp-content\/uploads\/2022\/03\/regulacja-drogi-precto-1-100x100.jpg 100w\" sizes=\"auto, (max-width: 480px) 100vw, 480px\" \/><\/figure>\n<\/figure>\n<\/div>\n<\/div>\n\n\n\n<div class=\"wp-block-columns is-layout-flex wp-container-core-columns-is-layout-9d6595d7 wp-block-columns-is-layout-flex\">\n<div class=\"wp-block-column is-layout-flow wp-block-column-is-layout-flow\" style=\"flex-basis:33.33%\">\n<figure class=\"wp-block-gallery has-nested-images columns-default is-cropped wp-block-gallery-5 is-layout-flex wp-block-gallery-is-layout-flex\">\n<figure class=\"wp-block-image size-full\"><img loading=\"lazy\" decoding=\"async\" width=\"480\" height=\"480\" data-id=\"7684\" src=\"https:\/\/precto.pl\/sklep\/wp-content\/uploads\/2022\/03\/przechylosc-precto-1.jpg\" alt=\"\" class=\"wp-image-7684\" srcset=\"https:\/\/precto.pl\/sklep\/wp-content\/uploads\/2022\/03\/przechylosc-precto-1.jpg 480w, https:\/\/precto.pl\/sklep\/wp-content\/uploads\/2022\/03\/przechylosc-precto-1-300x300.jpg 300w, https:\/\/precto.pl\/sklep\/wp-content\/uploads\/2022\/03\/przechylosc-precto-1-150x150.jpg 150w, https:\/\/precto.pl\/sklep\/wp-content\/uploads\/2022\/03\/przechylosc-precto-1-100x100.jpg 100w\" sizes=\"auto, (max-width: 480px) 100vw, 480px\" \/><\/figure>\n<\/figure>\n<\/div>\n\n\n\n<div class=\"wp-block-column is-layout-flow wp-block-column-is-layout-flow\" style=\"flex-basis:66.66%\">\n<h2 class=\"wp-block-heading\">Adaptive Slope Speed<\/h2>\n\n\n\n<p>Dzi\u0119ki funkcji Adaptive Slope Speed robot kosz\u0105cy STIHL iMow dostosowuje pr\u0119dko\u015b\u0107 do nier\u00f3wno\u015bci terenu. Wbudowany czujnik przechy\u0142u nieustannie analizuje nachylenie urz\u0105dzenia i synchronizuje je z nap\u0119dem.<\/p>\n<\/div>\n<\/div>\n\n\n\n<div class=\"wp-block-columns is-layout-flex wp-container-core-columns-is-layout-9d6595d7 wp-block-columns-is-layout-flex\">\n<div class=\"wp-block-column is-layout-flow wp-block-column-is-layout-flow\">\n<figure class=\"wp-block-gallery has-nested-images columns-default is-cropped wp-block-gallery-6 is-layout-flex wp-block-gallery-is-layout-flex\">\n<figure class=\"wp-block-image size-large\"><img loading=\"lazy\" decoding=\"async\" width=\"480\" height=\"480\" data-id=\"7685\" src=\"https:\/\/precto.pl\/sklep\/wp-content\/uploads\/2022\/03\/dynamiczny-precto-1.jpg\" alt=\"\" class=\"wp-image-7685\" srcset=\"https:\/\/precto.pl\/sklep\/wp-content\/uploads\/2022\/03\/dynamiczny-precto-1.jpg 480w, https:\/\/precto.pl\/sklep\/wp-content\/uploads\/2022\/03\/dynamiczny-precto-1-300x300.jpg 300w, https:\/\/precto.pl\/sklep\/wp-content\/uploads\/2022\/03\/dynamiczny-precto-1-150x150.jpg 150w, https:\/\/precto.pl\/sklep\/wp-content\/uploads\/2022\/03\/dynamiczny-precto-1-100x100.jpg 100w\" sizes=\"auto, (max-width: 480px) 100vw, 480px\" \/><\/figure>\n<figcaption class=\"blocks-gallery-caption\">Dynamiczny plan koszenia robota kosz\u0105cego STIHL iMow mo\u017cna wykorzysta\u0107 do ustawienia indywidualnych okien czasowych dla ka\u017cdego dnia, w kt\u00f3rych urz\u0105dzenie mo\u017ce pracowa\u0107. W tych aktywnych zakresach, robot automatycznie wybiera czas koszenia trawnika, aby uzyska\u0107 jak najlepsze rezultaty. Je\u015bli na przyk\u0142ad przerywa koszenie z powodu deszczu, odrobi zaleg\u0142o\u015bci p\u00f3\u017aniej, w okre\u015blonym czasie. Dynamiczny plan koszenia jest dost\u0119pny i obs\u0142ugiwany z panelu sterowania<\/figcaption><\/figure>\n<\/div>\n<\/div>\n\n\n\n<p><\/p>\n\n\n\n<div class=\"wp-block-group\"><div class=\"wp-block-group__inner-container is-layout-flow wp-block-group-is-layout-flow\">\n<div class=\"wp-block-group\"><div class=\"wp-block-group__inner-container is-layout-flow wp-block-group-is-layout-flow\"><\/div><\/div>\n<\/div><\/div>\n","protected":false},"excerpt":{"rendered":"<p>Robot kosz\u0105cy RMI 422 Je\u015bli chcesz ca\u0142kowicie zautomatyzowa\u0107 koszenie trawy na ma\u0142ym lub \u015brednim trawniku do 800 m\u00b2, kompaktowy robot kosz\u0105cy STIHL iMOW\u00ae RMI 422 jest idealnym rozwi\u0105zaniem. Robot STIHL zasilany jest zintegrowan\u0105 bateri\u0105 litowo-jonow\u0105. Posiada funkcj\u0119 mulczowania. Podczas koszenia trawa zostaje rozdrobniona na ma\u0142e cz\u0105stki, kt\u00f3re stanowi\u0105 naturalny naw\u00f3z dla pod\u0142o\u017ca. Takie dzia\u0142anie pomaga [&hellip;]<\/p>\n","protected":false},"featured_media":7687,"comment_status":"open","ping_status":"closed","template":"","meta":[],"product_brand":[],"product_cat":[67],"product_tag":[],"class_list":{"0":"post-7673","1":"product","2":"type-product","3":"status-publish","4":"has-post-thumbnail","6":"product_cat-urzadzenia-do-pracy-w-ogrodzie","8":"first","9":"instock","10":"taxable","11":"shipping-taxable","12":"purchasable","13":"product-type-simple"},"_links":{"self":[{"href":"https:\/\/precto.pl\/sklep\/wp-json\/wp\/v2\/product\/7673","targetHints":{"allow":["GET"]}}],"collection":[{"href":"https:\/\/precto.pl\/sklep\/wp-json\/wp\/v2\/product"}],"about":[{"href":"https:\/\/precto.pl\/sklep\/wp-json\/wp\/v2\/types\/product"}],"replies":[{"embeddable":true,"href":"https:\/\/precto.pl\/sklep\/wp-json\/wp\/v2\/comments?post=7673"}],"wp:featuredmedia":[{"embeddable":true,"href":"https:\/\/precto.pl\/sklep\/wp-json\/wp\/v2\/media\/7687"}],"wp:attachment":[{"href":"https:\/\/precto.pl\/sklep\/wp-json\/wp\/v2\/media?parent=7673"}],"wp:term":[{"taxonomy":"product_brand","embeddable":true,"href":"https:\/\/precto.pl\/sklep\/wp-json\/wp\/v2\/product_brand?post=7673"},{"taxonomy":"product_cat","embeddable":true,"href":"https:\/\/precto.pl\/sklep\/wp-json\/wp\/v2\/product_cat?post=7673"},{"taxonomy":"product_tag","embeddable":true,"href":"https:\/\/precto.pl\/sklep\/wp-json\/wp\/v2\/product_tag?post=7673"}],"curies":[{"name":"wp","href":"https:\/\/api.w.org\/{rel}","templated":true}]}}