{"id":7646,"date":"2022-03-04T13:48:02","date_gmt":"2022-03-04T12:48:02","guid":{"rendered":"https:\/\/precto.pl\/sklep\/?post_type=product&#038;p=7646"},"modified":"2023-03-24T09:50:06","modified_gmt":"2023-03-24T08:50:06","slug":"kosiarka-elektryczna-rme-339-moc-1200w-waga-14-kg-24-miesiace-gwarancji","status":"publish","type":"product","link":"https:\/\/precto.pl\/sklep\/kosiarka-elektryczna-rme-339-moc-1200w-waga-14-kg-24-miesiace-gwarancji\/","title":{"rendered":"Glebogryzarka MH 445 R szeroko\u015b\u0107 45cm moc 3KM waga 37 kg 24 miesi\u0105ce gwarancji"},"content":{"rendered":"\n<p><\/p>\n\n\n\n<h2 class=\"wp-block-heading\"><\/h2>\n\n\n\n<div class=\"wp-block-columns is-layout-flex wp-container-core-columns-is-layout-9d6595d7 wp-block-columns-is-layout-flex\">\n<div class=\"wp-block-column is-layout-flow wp-block-column-is-layout-flow\">\n<div class=\"wp-block-columns is-layout-flex wp-container-core-columns-is-layout-9d6595d7 wp-block-columns-is-layout-flex\">\n<div class=\"wp-block-column is-layout-flow wp-block-column-is-layout-flow\">\n<figure class=\"wp-block-image size-full\"><img loading=\"lazy\" decoding=\"async\" width=\"460\" height=\"460\" src=\"https:\/\/precto.pl\/sklep\/wp-content\/uploads\/2022\/03\/mh-445-R-precto-1.jpg\" alt=\"\" class=\"wp-image-7650\" srcset=\"https:\/\/precto.pl\/sklep\/wp-content\/uploads\/2022\/03\/mh-445-R-precto-1.jpg 460w, https:\/\/precto.pl\/sklep\/wp-content\/uploads\/2022\/03\/mh-445-R-precto-1-300x300.jpg 300w, https:\/\/precto.pl\/sklep\/wp-content\/uploads\/2022\/03\/mh-445-R-precto-1-150x150.jpg 150w, https:\/\/precto.pl\/sklep\/wp-content\/uploads\/2022\/03\/mh-445-R-precto-1-100x100.jpg 100w\" sizes=\"auto, (max-width: 460px) 100vw, 460px\" \/><figcaption><br><\/figcaption><\/figure>\n\n\n\n<figure class=\"wp-block-image size-full\"><img loading=\"lazy\" decoding=\"async\" width=\"460\" height=\"306\" src=\"https:\/\/precto.pl\/sklep\/wp-content\/uploads\/2022\/03\/mh-445-r-precto-2.jpg\" alt=\"\" class=\"wp-image-7651\" srcset=\"https:\/\/precto.pl\/sklep\/wp-content\/uploads\/2022\/03\/mh-445-r-precto-2.jpg 460w, https:\/\/precto.pl\/sklep\/wp-content\/uploads\/2022\/03\/mh-445-r-precto-2-300x200.jpg 300w\" sizes=\"auto, (max-width: 460px) 100vw, 460px\" \/><\/figure>\n<\/div>\n<\/div>\n<\/div>\n\n\n\n<div class=\"wp-block-column is-layout-flow wp-block-column-is-layout-flow\">\n<p><strong>Glebogryzarka MH 445 R<\/strong><\/p>\n\n\n\n<p>Dzi\u0119ki kompaktowemu rozmiarowi i biegowi wstecznemu umo\u017cliwiaj\u0105cemu zmian\u0119 kierunku jazdy jest to bardzo zwinna i \u0142atwa w manewrowaniu glebogryzarka do mniejszych i \u015brednich powierzchni. Wyposa\u017cenie glebogryzarki STIHL MH 445 R oraz dost\u0119pne akcesoria dodatkowe umo\u017cliwiaj\u0105 komfortow\u0105 kultywacj\u0119 pod\u0142o\u017cy o r\u00f3\u017cnej specyfice. Mocny silnik spalinowy zapewnia \u0142atwo\u015b\u0107 spulchniania. Standardowa szeroko\u015b\u0107 robocza 45 cm jest regulowana w szerokim zakresie &#8211; od zaledwie 25 cm a\u017c do 60 cm. Zintegrowany uk\u0142ad antywibracyjny skutecznie redukuje wibracje silnika i zapewnia najlepsze mo\u017cliwe rezultaty podczas prac ogrodniczych. Ergonomiczny uchwyt mo\u017ce by\u0107 indywidualnie ustawiony w pionie i poziomie. Do czyszczenia lub monta\u017cu no\u017cy tn\u0105cych STIHL MH 445 R mo\u017cna przechyla\u0107 na ko\u0142a transportowe, dzi\u0119ki czemu s\u0105 one bardzo \u0142atwo dost\u0119pne.<\/p>\n\n\n\n<figure class=\"wp-block-table\"><table><thead><tr><th>Dane techniczne<\/th><th>Warto\u015b\u0107<\/th><\/tr><\/thead><tbody><tr><td>Moc znamionowa U\/min<\/td><td>2,2 kW \/ 3,0 KM<\/td><\/tr><tr><td>Typ silnika<\/td><td>B&amp;S Serie 550 EX OHV RS<\/td><\/tr><tr><td>\u015ared. zesp. rob. \u00d8 cm<\/td><td>30<\/td><\/tr><tr><td>Szer. rob. cm<\/td><td>45<\/td><\/tr><tr><td>Nap\u0119d<\/td><td>1V + 1R<\/td><\/tr><tr><td>Poziom mocy akustycznej gwarantowany LWAd [dB(A)] dB(A)<\/td><td>93<\/td><\/tr><tr><td>Maks. szeroko\u015b\u0107 robocza<\/td><td>60 cm<\/td><\/tr><tr><td>Pojemno\u015b\u0107 zbiornika paliwa l<\/td><td>0,8<\/td><\/tr><tr><td>Pojemno\u015b\u0107 skokowa cm\u00b3<\/td><td>140<\/td><\/tr><tr><td>Ci\u0119\u017car kg<\/td><td>37<\/td><\/tr><\/tbody><\/table><\/figure>\n\n\n\n<div class=\"wp-block-columns is-layout-flex wp-container-core-columns-is-layout-9d6595d7 wp-block-columns-is-layout-flex\">\n<div class=\"wp-block-column is-layout-flow wp-block-column-is-layout-flow\"><\/div>\n<\/div>\n\n\n\n<div class=\"wp-block-columns is-layout-flex wp-container-core-columns-is-layout-9d6595d7 wp-block-columns-is-layout-flex\">\n<div class=\"wp-block-column is-layout-flow wp-block-column-is-layout-flow\"><\/div>\n<\/div>\n<\/div>\n<\/div>\n\n\n\n<div class=\"wp-block-columns is-layout-flex wp-container-core-columns-is-layout-9d6595d7 wp-block-columns-is-layout-flex\">\n<div class=\"wp-block-column is-layout-flow wp-block-column-is-layout-flow\">\n<h4 class=\"wp-block-heading\" id=\"silnik-stihl-2-mix\">\u0141atwe przyspieszanie<\/h4>\n\n\n\n<p>Glebogryzark\u0119 prowadzimy za pomoc\u0105 obur\u0119cznego uchwytu wyposa\u017conego w prosty i bardzo intuicyjny system regulacji przyspieszenia, kt\u00f3ry mo\u017ce by\u0107 komfortowo obs\u0142ugiwany kciukiem podczas prowadzenia urz\u0105dzenia. W rezultacie moc glebogryzarki mo\u017cna dok\u0142adnie kontrolowa\u0107 podczas pracy.<\/p>\n<\/div>\n\n\n\n<div class=\"wp-block-column is-layout-flow wp-block-column-is-layout-flow\">\n<figure class=\"wp-block-image size-full\"><img loading=\"lazy\" decoding=\"async\" width=\"480\" height=\"480\" src=\"https:\/\/precto.pl\/sklep\/wp-content\/uploads\/2022\/03\/przyspieszanie-precto-1.jpg\" alt=\"\" class=\"wp-image-7653\" srcset=\"https:\/\/precto.pl\/sklep\/wp-content\/uploads\/2022\/03\/przyspieszanie-precto-1.jpg 480w, https:\/\/precto.pl\/sklep\/wp-content\/uploads\/2022\/03\/przyspieszanie-precto-1-300x300.jpg 300w, https:\/\/precto.pl\/sklep\/wp-content\/uploads\/2022\/03\/przyspieszanie-precto-1-150x150.jpg 150w, https:\/\/precto.pl\/sklep\/wp-content\/uploads\/2022\/03\/przyspieszanie-precto-1-100x100.jpg 100w\" sizes=\"auto, (max-width: 480px) 100vw, 480px\" \/><\/figure>\n<\/div>\n<\/div>\n\n\n\n<div class=\"wp-block-columns is-layout-flex wp-container-core-columns-is-layout-9d6595d7 wp-block-columns-is-layout-flex\">\n<div class=\"wp-block-column is-layout-flow wp-block-column-is-layout-flow\">\n<figure class=\"wp-block-image size-full\"><img loading=\"lazy\" decoding=\"async\" width=\"480\" height=\"480\" src=\"https:\/\/precto.pl\/sklep\/wp-content\/uploads\/2022\/03\/system-anty-precto-1.jpg\" alt=\"\" class=\"wp-image-7654\" srcset=\"https:\/\/precto.pl\/sklep\/wp-content\/uploads\/2022\/03\/system-anty-precto-1.jpg 480w, https:\/\/precto.pl\/sklep\/wp-content\/uploads\/2022\/03\/system-anty-precto-1-300x300.jpg 300w, https:\/\/precto.pl\/sklep\/wp-content\/uploads\/2022\/03\/system-anty-precto-1-150x150.jpg 150w, https:\/\/precto.pl\/sklep\/wp-content\/uploads\/2022\/03\/system-anty-precto-1-100x100.jpg 100w\" sizes=\"auto, (max-width: 480px) 100vw, 480px\" \/><\/figure>\n<\/div>\n\n\n\n<div class=\"wp-block-column is-layout-flow wp-block-column-is-layout-flow\">\n<h4 class=\"wp-block-heading\" id=\"ergonomiczny-uchwyt-obureczny\">System antywibracyjny<\/h4>\n\n\n\n<p>System antywibracyjny zosta\u0142 zamontowany w mocowaniu uchwytu. Redukuje drgania silnika, dzi\u0119ki czemu mo\u017cna wygodnie prowadzi\u0107 glebogryzark\u0119, tak\u017ce przez d\u0142u\u017cszy czas, przy u\u017cyciu niewielkiej si\u0142y.<\/p>\n<\/div>\n<\/div>\n\n\n\n<div class=\"wp-block-columns is-layout-flex wp-container-core-columns-is-layout-9d6595d7 wp-block-columns-is-layout-flex\">\n<div class=\"wp-block-column is-layout-flow wp-block-column-is-layout-flow\">\n<h2 class=\"wp-block-heading\">No\u017ce tn\u0105ce<\/h2>\n\n\n\n<p>No\u017ce tn\u0105ce glebogryzarki STIHL maj\u0105 specjalnie opracowany kszta\u0142t i spulchniaj\u0105 gleb\u0119 z maksymaln\u0105 efektywno\u015bci\u0105.<\/p>\n<\/div>\n\n\n\n<div class=\"wp-block-column is-vertically-aligned-top is-layout-flow wp-block-column-is-layout-flow\">\n<figure class=\"wp-block-image size-full\"><img loading=\"lazy\" decoding=\"async\" width=\"480\" height=\"480\" src=\"https:\/\/precto.pl\/sklep\/wp-content\/uploads\/2022\/03\/noze-tnace-precto-1.jpg\" alt=\"\" class=\"wp-image-7655\" srcset=\"https:\/\/precto.pl\/sklep\/wp-content\/uploads\/2022\/03\/noze-tnace-precto-1.jpg 480w, https:\/\/precto.pl\/sklep\/wp-content\/uploads\/2022\/03\/noze-tnace-precto-1-300x300.jpg 300w, https:\/\/precto.pl\/sklep\/wp-content\/uploads\/2022\/03\/noze-tnace-precto-1-150x150.jpg 150w, https:\/\/precto.pl\/sklep\/wp-content\/uploads\/2022\/03\/noze-tnace-precto-1-100x100.jpg 100w\" sizes=\"auto, (max-width: 480px) 100vw, 480px\" \/><\/figure>\n<\/div>\n<\/div>\n\n\n\n<div class=\"wp-block-columns is-layout-flex wp-container-core-columns-is-layout-9d6595d7 wp-block-columns-is-layout-flex\">\n<div class=\"wp-block-column is-layout-flow wp-block-column-is-layout-flow\">\n<figure class=\"wp-block-image size-full\"><img loading=\"lazy\" decoding=\"async\" width=\"480\" height=\"480\" src=\"https:\/\/precto.pl\/sklep\/wp-content\/uploads\/2022\/03\/ogranicznik-precto-1.jpg\" alt=\"\" class=\"wp-image-7656\" srcset=\"https:\/\/precto.pl\/sklep\/wp-content\/uploads\/2022\/03\/ogranicznik-precto-1.jpg 480w, https:\/\/precto.pl\/sklep\/wp-content\/uploads\/2022\/03\/ogranicznik-precto-1-300x300.jpg 300w, https:\/\/precto.pl\/sklep\/wp-content\/uploads\/2022\/03\/ogranicznik-precto-1-150x150.jpg 150w, https:\/\/precto.pl\/sklep\/wp-content\/uploads\/2022\/03\/ogranicznik-precto-1-100x100.jpg 100w\" sizes=\"auto, (max-width: 480px) 100vw, 480px\" \/><\/figure>\n<\/div>\n\n\n\n<div class=\"wp-block-column is-layout-flow wp-block-column-is-layout-flow\">\n<h4 class=\"wp-block-heading\" id=\"reczna-pompa-paliwowa\">Ogranicznik g\u0142\u0119boko\u015bci<\/h4>\n\n\n\n<p>Za pomoc\u0105 ogranicznika g\u0142\u0119boko\u015bci obracanego o 180 st. mo\u017cna ustawi\u0107 g\u0142\u0119boko\u015b\u0107 zespo\u0142u roboczego. Mo\u017cliwa praca w w\u0105skich przej\u015bciach i zakr\u0119tach. 3-stopniowa regulacja wysoko\u015bci.<\/p>\n\n\n\n<p><\/p>\n<\/div>\n<\/div>\n\n\n\n<div class=\"wp-block-columns is-layout-flex wp-container-core-columns-is-layout-9d6595d7 wp-block-columns-is-layout-flex\">\n<div class=\"wp-block-column is-layout-flow wp-block-column-is-layout-flow\">\n<h2 class=\"wp-block-heading\">Ko\u0142a transportowe<\/h2>\n\n\n\n<p>Aby umo\u017cliwi\u0107 sprawny i komfortowy transport glebogryzarki, urz\u0105dzenia STIHL wyposa\u017cone s\u0105 w ko\u0142a, kt\u00f3re mog\u0105 zosta\u0107 z\u0142o\u017cone podczas pracy z urz\u0105dzeniem.<\/p>\n<\/div>\n\n\n\n<div class=\"wp-block-column is-layout-flow wp-block-column-is-layout-flow\">\n<figure class=\"wp-block-gallery has-nested-images columns-default is-cropped wp-block-gallery-1 is-layout-flex wp-block-gallery-is-layout-flex\">\n<figure class=\"wp-block-image size-large\"><img loading=\"lazy\" decoding=\"async\" width=\"480\" height=\"480\" data-id=\"7657\" src=\"https:\/\/precto.pl\/sklep\/wp-content\/uploads\/2022\/03\/kola-transportowe.jpg\" alt=\"\" class=\"wp-image-7657\" srcset=\"https:\/\/precto.pl\/sklep\/wp-content\/uploads\/2022\/03\/kola-transportowe.jpg 480w, https:\/\/precto.pl\/sklep\/wp-content\/uploads\/2022\/03\/kola-transportowe-300x300.jpg 300w, https:\/\/precto.pl\/sklep\/wp-content\/uploads\/2022\/03\/kola-transportowe-150x150.jpg 150w, https:\/\/precto.pl\/sklep\/wp-content\/uploads\/2022\/03\/kola-transportowe-100x100.jpg 100w\" sizes=\"auto, (max-width: 480px) 100vw, 480px\" \/><\/figure>\n<\/figure>\n<\/div>\n<\/div>\n\n\n\n<div class=\"wp-block-columns is-layout-flex wp-container-core-columns-is-layout-9d6595d7 wp-block-columns-is-layout-flex\">\n<div class=\"wp-block-column is-layout-flow wp-block-column-is-layout-flow\">\n<figure class=\"wp-block-gallery has-nested-images columns-default is-cropped wp-block-gallery-2 is-layout-flex wp-block-gallery-is-layout-flex\">\n<figure class=\"wp-block-image size-large\"><img loading=\"lazy\" decoding=\"async\" width=\"480\" height=\"480\" data-id=\"7658\" src=\"https:\/\/precto.pl\/sklep\/wp-content\/uploads\/2022\/03\/uchwyt-precto-1-1.jpg\" alt=\"\" class=\"wp-image-7658\" srcset=\"https:\/\/precto.pl\/sklep\/wp-content\/uploads\/2022\/03\/uchwyt-precto-1-1.jpg 480w, https:\/\/precto.pl\/sklep\/wp-content\/uploads\/2022\/03\/uchwyt-precto-1-1-300x300.jpg 300w, https:\/\/precto.pl\/sklep\/wp-content\/uploads\/2022\/03\/uchwyt-precto-1-1-150x150.jpg 150w, https:\/\/precto.pl\/sklep\/wp-content\/uploads\/2022\/03\/uchwyt-precto-1-1-100x100.jpg 100w\" sizes=\"auto, (max-width: 480px) 100vw, 480px\" \/><\/figure>\n<\/figure>\n<\/div>\n\n\n\n<div class=\"wp-block-column is-layout-flow wp-block-column-is-layout-flow\">\n<h2 class=\"wp-block-heading\">Regulowany uchwyt<\/h2>\n\n\n\n<p>Uchwyt glebogryzarki STIHL mo\u017cna w prosty spos\u00f3b ustawi\u0107 bez potrzeby u\u017cywania narz\u0119dzi. Regulowany na wysoko\u015b\u0107 i na boki uchwyt zwi\u0119ksza znacz\u0105co komfort i ergonomi\u0119 pracy z urz\u0105dzeniem. Aby zaoszcz\u0119dzi\u0107 miejsce podczas transportu lub przechowywania glebogryzarki, uchwyt mo\u017cna z\u0142o\u017cy\u0107.<\/p>\n<\/div>\n<\/div>\n\n\n\n<div class=\"wp-block-columns is-layout-flex wp-container-core-columns-is-layout-9d6595d7 wp-block-columns-is-layout-flex\">\n<div class=\"wp-block-column is-layout-flow wp-block-column-is-layout-flow\">\n<h2 class=\"wp-block-heading\">Mocny silnik OHV<\/h2>\n\n\n\n<p>Glebogryzarka STIHL nap\u0119dzana jest niezwykle mocnym silnikiem Briggs &amp; Stratton z najnowocze\u015bniejsz\u0105 technologi\u0105 OHV. Silnik charakteryzuje si\u0119 bardzo wysok\u0105 wydajno\u015bci\u0105. Mocny silnik 4-suwowy pracuje z wysokim momentem obrotowym o warto\u015bci ponad 11 Nm, a jednocze\u015bnie charakteryzuje si\u0119 zredukowan\u0105 emisj\u0105 ha\u0142asu i spalin. Zawory g\u00f3rne zapewniaj\u0105 wyj\u0105tkowo czyste i wydajne spalanie.<\/p>\n<\/div>\n\n\n\n<div class=\"wp-block-column is-layout-flow wp-block-column-is-layout-flow\">\n<figure class=\"wp-block-gallery has-nested-images columns-default is-cropped wp-block-gallery-3 is-layout-flex wp-block-gallery-is-layout-flex\">\n<figure class=\"wp-block-image size-large\"><img loading=\"lazy\" decoding=\"async\" width=\"480\" height=\"480\" data-id=\"7659\" src=\"https:\/\/precto.pl\/sklep\/wp-content\/uploads\/2022\/03\/silnik-ohv.jpg\" alt=\"\" class=\"wp-image-7659\" srcset=\"https:\/\/precto.pl\/sklep\/wp-content\/uploads\/2022\/03\/silnik-ohv.jpg 480w, https:\/\/precto.pl\/sklep\/wp-content\/uploads\/2022\/03\/silnik-ohv-300x300.jpg 300w, https:\/\/precto.pl\/sklep\/wp-content\/uploads\/2022\/03\/silnik-ohv-150x150.jpg 150w, https:\/\/precto.pl\/sklep\/wp-content\/uploads\/2022\/03\/silnik-ohv-100x100.jpg 100w\" sizes=\"auto, (max-width: 480px) 100vw, 480px\" \/><\/figure>\n<\/figure>\n<\/div>\n<\/div>\n\n\n\n<div class=\"wp-block-columns is-layout-flex wp-container-core-columns-is-layout-9d6595d7 wp-block-columns-is-layout-flex\">\n<div class=\"wp-block-column is-layout-flow wp-block-column-is-layout-flow\" style=\"flex-basis:33.33%\">\n<figure class=\"wp-block-gallery has-nested-images columns-default is-cropped wp-block-gallery-4 is-layout-flex wp-block-gallery-is-layout-flex\">\n<figure class=\"wp-block-image size-large\"><img loading=\"lazy\" decoding=\"async\" width=\"480\" height=\"480\" data-id=\"7660\" src=\"https:\/\/precto.pl\/sklep\/wp-content\/uploads\/2022\/03\/oczyszczanie-precto-1.jpg\" alt=\"\" class=\"wp-image-7660\" srcset=\"https:\/\/precto.pl\/sklep\/wp-content\/uploads\/2022\/03\/oczyszczanie-precto-1.jpg 480w, https:\/\/precto.pl\/sklep\/wp-content\/uploads\/2022\/03\/oczyszczanie-precto-1-300x300.jpg 300w, https:\/\/precto.pl\/sklep\/wp-content\/uploads\/2022\/03\/oczyszczanie-precto-1-150x150.jpg 150w, https:\/\/precto.pl\/sklep\/wp-content\/uploads\/2022\/03\/oczyszczanie-precto-1-100x100.jpg 100w\" sizes=\"auto, (max-width: 480px) 100vw, 480px\" \/><\/figure>\n<\/figure>\n<\/div>\n\n\n\n<div class=\"wp-block-column is-layout-flow wp-block-column-is-layout-flow\" style=\"flex-basis:66.66%\">\n<h2 class=\"wp-block-heading\">Pozycja u\u0142atwiaj\u0105ca czyszczenie<\/h2>\n\n\n\n<p>Mo\u017cliwo\u015b\u0107 ustawienia urz\u0105dzenia w pozycji u\u0142atwiaj\u0105cej czyszczenie urz\u0105dzenia. W pozycji tej no\u017ce tn\u0105ce s\u0105 \u0142atwo dost\u0119pne i mo\u017cna je bezproblemowo oczy\u015bci\u0107, zamontowa\u0107 lub zdemontowa\u0107.<\/p>\n<\/div>\n<\/div>\n\n\n\n<div class=\"wp-block-columns is-layout-flex wp-container-core-columns-is-layout-9d6595d7 wp-block-columns-is-layout-flex\">\n<div class=\"wp-block-column is-layout-flow wp-block-column-is-layout-flow\"><\/div>\n\n\n\n<div class=\"wp-block-column is-layout-flow wp-block-column-is-layout-flow\"><\/div>\n<\/div>\n\n\n\n<p><\/p>\n\n\n\n<div class=\"wp-block-group\"><div class=\"wp-block-group__inner-container is-layout-flow wp-block-group-is-layout-flow\">\n<div class=\"wp-block-group\"><div class=\"wp-block-group__inner-container is-layout-flow wp-block-group-is-layout-flow\"><\/div><\/div>\n<\/div><\/div>\n","protected":false},"excerpt":{"rendered":"<p>Glebogryzarka MH 445 R Dzi\u0119ki kompaktowemu rozmiarowi i biegowi wstecznemu umo\u017cliwiaj\u0105cemu zmian\u0119 kierunku jazdy jest to bardzo zwinna i \u0142atwa w manewrowaniu glebogryzarka do mniejszych i \u015brednich powierzchni. Wyposa\u017cenie glebogryzarki STIHL MH 445 R oraz dost\u0119pne akcesoria dodatkowe umo\u017cliwiaj\u0105 komfortow\u0105 kultywacj\u0119 pod\u0142o\u017cy o r\u00f3\u017cnej specyfice. Mocny silnik spalinowy zapewnia \u0142atwo\u015b\u0107 spulchniania. Standardowa szeroko\u015b\u0107 robocza 45 [&hellip;]<\/p>\n","protected":false},"featured_media":7652,"comment_status":"open","ping_status":"closed","template":"","meta":[],"product_brand":[],"product_cat":[77],"product_tag":[],"class_list":{"0":"post-7646","1":"product","2":"type-product","3":"status-publish","4":"has-post-thumbnail","6":"product_cat-glebogryzarki","8":"first","9":"instock","10":"taxable","11":"shipping-taxable","12":"purchasable","13":"product-type-simple"},"_links":{"self":[{"href":"https:\/\/precto.pl\/sklep\/wp-json\/wp\/v2\/product\/7646","targetHints":{"allow":["GET"]}}],"collection":[{"href":"https:\/\/precto.pl\/sklep\/wp-json\/wp\/v2\/product"}],"about":[{"href":"https:\/\/precto.pl\/sklep\/wp-json\/wp\/v2\/types\/product"}],"replies":[{"embeddable":true,"href":"https:\/\/precto.pl\/sklep\/wp-json\/wp\/v2\/comments?post=7646"}],"wp:featuredmedia":[{"embeddable":true,"href":"https:\/\/precto.pl\/sklep\/wp-json\/wp\/v2\/media\/7652"}],"wp:attachment":[{"href":"https:\/\/precto.pl\/sklep\/wp-json\/wp\/v2\/media?parent=7646"}],"wp:term":[{"taxonomy":"product_brand","embeddable":true,"href":"https:\/\/precto.pl\/sklep\/wp-json\/wp\/v2\/product_brand?post=7646"},{"taxonomy":"product_cat","embeddable":true,"href":"https:\/\/precto.pl\/sklep\/wp-json\/wp\/v2\/product_cat?post=7646"},{"taxonomy":"product_tag","embeddable":true,"href":"https:\/\/precto.pl\/sklep\/wp-json\/wp\/v2\/product_tag?post=7646"}],"curies":[{"name":"wp","href":"https:\/\/api.w.org\/{rel}","templated":true}]}}