{"id":7638,"date":"2022-03-04T12:09:47","date_gmt":"2022-03-04T11:09:47","guid":{"rendered":"https:\/\/precto.pl\/sklep\/?post_type=product&#038;p=7638"},"modified":"2022-05-04T10:11:47","modified_gmt":"2022-05-04T08:11:47","slug":"kosa-podkaszarka-spalinowa-fs-410-c-em-moc-27-km-waga-85-kg-z-systemem-m-tronic-silnik-2-mix-kopia","status":"publish","type":"product","link":"https:\/\/precto.pl\/sklep\/kosa-podkaszarka-spalinowa-fs-410-c-em-moc-27-km-waga-85-kg-z-systemem-m-tronic-silnik-2-mix-kopia\/","title":{"rendered":"Kosiarka elektryczna RME 235 szeroko\u015b\u0107 33cm  moc 1200W waga 13 kg 24 miesi\u0105ce gwarancji"},"content":{"rendered":"\n<p><\/p>\n\n\n\n<h2 class=\"wp-block-heading\"><\/h2>\n\n\n\n<div class=\"wp-block-columns is-layout-flex wp-container-core-columns-is-layout-9d6595d7 wp-block-columns-is-layout-flex\">\n<div class=\"wp-block-column is-layout-flow wp-block-column-is-layout-flow\">\n<div class=\"wp-block-columns is-layout-flex wp-container-core-columns-is-layout-9d6595d7 wp-block-columns-is-layout-flex\">\n<div class=\"wp-block-column is-layout-flow wp-block-column-is-layout-flow\">\n<figure class=\"wp-block-image size-full\"><img loading=\"lazy\" decoding=\"async\" width=\"460\" height=\"460\" src=\"https:\/\/precto.pl\/sklep\/wp-content\/uploads\/2022\/03\/rme-235-precto-1.jpg\" alt=\"\" class=\"wp-image-7639\" srcset=\"https:\/\/precto.pl\/sklep\/wp-content\/uploads\/2022\/03\/rme-235-precto-1.jpg 460w, https:\/\/precto.pl\/sklep\/wp-content\/uploads\/2022\/03\/rme-235-precto-1-300x300.jpg 300w, https:\/\/precto.pl\/sklep\/wp-content\/uploads\/2022\/03\/rme-235-precto-1-150x150.jpg 150w, https:\/\/precto.pl\/sklep\/wp-content\/uploads\/2022\/03\/rme-235-precto-1-100x100.jpg 100w\" sizes=\"auto, (max-width: 460px) 100vw, 460px\" \/><figcaption><br><\/figcaption><\/figure>\n\n\n\n<figure class=\"wp-block-image size-full\"><img loading=\"lazy\" decoding=\"async\" width=\"480\" height=\"480\" src=\"https:\/\/precto.pl\/sklep\/wp-content\/uploads\/2022\/03\/przewod-precto-1.jpg\" alt=\"\" class=\"wp-image-7640\" srcset=\"https:\/\/precto.pl\/sklep\/wp-content\/uploads\/2022\/03\/przewod-precto-1.jpg 480w, https:\/\/precto.pl\/sklep\/wp-content\/uploads\/2022\/03\/przewod-precto-1-300x300.jpg 300w, https:\/\/precto.pl\/sklep\/wp-content\/uploads\/2022\/03\/przewod-precto-1-150x150.jpg 150w, https:\/\/precto.pl\/sklep\/wp-content\/uploads\/2022\/03\/przewod-precto-1-100x100.jpg 100w\" sizes=\"auto, (max-width: 480px) 100vw, 480px\" \/><figcaption><strong>Zintegrowany przew\u00f3d ochronny<br><\/strong>Zintegrowane zabezpieczenie kosiarek elektrycznych STIHL zapewnia, \u017ce przed\u0142u\u017cacz jest solidnie zamocowany do zespo\u0142u w\u0142\u0105cznika i gniazdka elektrycznego. <\/figcaption><\/figure>\n<\/div>\n<\/div>\n<\/div>\n\n\n\n<div class=\"wp-block-column is-layout-flow wp-block-column-is-layout-flow\">\n<p><strong>Kosiarka elektryczna RME 235<\/strong><\/p>\n\n\n\n<p>Je\u015bli potrzebujesz zwrotnego i lekkiego urz\u0105dzenia, kt\u00f3re jest stworzone do dbania o traw\u0119 na ma\u0142ych powierzchniach, to kosiarka elektryczna STIHL RME 235 jest idealnym wyborem. Dzi\u0119ki prostej, ale solidnej konstrukcji piel\u0119gnacja trawnik\u00f3w o powierzchni do 300 m\u00b2 staje si\u0119 niezwykle prosta. Optymaln\u0105 d\u0142ugo\u015b\u0107 trawy mo\u017cna uzyska\u0107 dzi\u0119ki centralnej regulacji wysoko\u015bci koszenia, kt\u00f3r\u0105 mo\u017cemy ustawi\u0107 w 5 stopniach w zakresie od 25 do 65 mm.<\/p>\n\n\n\n<figure class=\"wp-block-table\"><table><thead><tr><th>Dane techniczne<\/th><th>Warto\u015b\u0107<\/th><\/tr><\/thead><tbody><tr><td>Pow. trawnika m\u00b2<\/td><td>do 300<\/td><\/tr><tr><td>Moc znam. W<\/td><td>1.200<\/td><\/tr><tr><td>Szer.koszenia cm<\/td><td>33<\/td><\/tr><tr><td>Wysoko\u015b\u0107 koszenia mm<\/td><td>25-65<\/td><\/tr><tr><td>Poj. kosza na traw\u0119 l<\/td><td>30<\/td><\/tr><tr><td>Ci\u0119\u017car kg<\/td><td>13<\/td><\/tr><tr><td>Rob. pr\u0119dk. obr. U\/min<\/td><td>3.200<\/td><\/tr><tr><td>Regulacja wysoko\u015bci koszenia<\/td><td>5-stopniowa (centralna)<\/td><\/tr><tr><td>Poziom mocy akustycznej gwarantowany LWAd [dB(A)] dB(A)<\/td><td>93<\/td><\/tr><\/tbody><\/table><\/figure>\n\n\n\n<div class=\"wp-block-columns is-layout-flex wp-container-core-columns-is-layout-9d6595d7 wp-block-columns-is-layout-flex\">\n<div class=\"wp-block-column is-layout-flow wp-block-column-is-layout-flow\"><\/div>\n<\/div>\n\n\n\n<div class=\"wp-block-columns is-layout-flex wp-container-core-columns-is-layout-9d6595d7 wp-block-columns-is-layout-flex\">\n<div class=\"wp-block-column is-layout-flow wp-block-column-is-layout-flow\"><\/div>\n<\/div>\n<\/div>\n<\/div>\n\n\n\n<div class=\"wp-block-columns is-layout-flex wp-container-core-columns-is-layout-9d6595d7 wp-block-columns-is-layout-flex\">\n<div class=\"wp-block-column is-layout-flow wp-block-column-is-layout-flow\">\n<h4 class=\"wp-block-heading\" id=\"silnik-stihl-2-mix\">N\u00f3\u017c \u0142opatkowy<\/h4>\n\n\n\n<p>N\u00f3\u017c \u0142opatkowy zapewnia bardzo r\u00f3wne i \u0142adne \u015bcinanie trawy i optymalne wype\u0142nienie kosza na traw\u0119. Jest to mo\u017cliwe do osi\u0105gni\u0119cia, ze wzgl\u0119du na bardzo silny strumie\u0144 powietrza generowany przez n\u00f3\u017c w aerodynamicznej obudowie. Trawa jest unoszona przed ci\u0119ciem, dzi\u0119ki czemu jest r\u00f3wno \u015bcinana, a nast\u0119pnie wdmuchiwana do kosza zbieraj\u0105cego dzi\u0119ki zintegrowanemu i wydajnemu systemowi kierowania powietrza.<\/p>\n<\/div>\n\n\n\n<div class=\"wp-block-column is-layout-flow wp-block-column-is-layout-flow\">\n<figure class=\"wp-block-image size-full\"><img loading=\"lazy\" decoding=\"async\" width=\"480\" height=\"480\" src=\"https:\/\/precto.pl\/sklep\/wp-content\/uploads\/2022\/03\/noz-precto-1.jpg\" alt=\"\" class=\"wp-image-7641\" srcset=\"https:\/\/precto.pl\/sklep\/wp-content\/uploads\/2022\/03\/noz-precto-1.jpg 480w, https:\/\/precto.pl\/sklep\/wp-content\/uploads\/2022\/03\/noz-precto-1-300x300.jpg 300w, https:\/\/precto.pl\/sklep\/wp-content\/uploads\/2022\/03\/noz-precto-1-150x150.jpg 150w, https:\/\/precto.pl\/sklep\/wp-content\/uploads\/2022\/03\/noz-precto-1-100x100.jpg 100w\" sizes=\"auto, (max-width: 480px) 100vw, 480px\" \/><\/figure>\n<\/div>\n<\/div>\n\n\n\n<div class=\"wp-block-columns is-layout-flex wp-container-core-columns-is-layout-9d6595d7 wp-block-columns-is-layout-flex\">\n<div class=\"wp-block-column is-layout-flow wp-block-column-is-layout-flow\">\n<figure class=\"wp-block-image size-full\"><img loading=\"lazy\" decoding=\"async\" width=\"480\" height=\"480\" src=\"https:\/\/precto.pl\/sklep\/wp-content\/uploads\/2022\/03\/kola-bieznik-precto-1.jpg\" alt=\"\" class=\"wp-image-7642\" srcset=\"https:\/\/precto.pl\/sklep\/wp-content\/uploads\/2022\/03\/kola-bieznik-precto-1.jpg 480w, https:\/\/precto.pl\/sklep\/wp-content\/uploads\/2022\/03\/kola-bieznik-precto-1-300x300.jpg 300w, https:\/\/precto.pl\/sklep\/wp-content\/uploads\/2022\/03\/kola-bieznik-precto-1-150x150.jpg 150w, https:\/\/precto.pl\/sklep\/wp-content\/uploads\/2022\/03\/kola-bieznik-precto-1-100x100.jpg 100w\" sizes=\"auto, (max-width: 480px) 100vw, 480px\" \/><\/figure>\n<\/div>\n\n\n\n<div class=\"wp-block-column is-layout-flow wp-block-column-is-layout-flow\">\n<h4 class=\"wp-block-heading\" id=\"ergonomiczny-uchwyt-obureczny\">Ko\u0142a z bie\u017cnikiem<\/h4>\n\n\n\n<p>Ko\u0142a kosiarek STIHL s\u0105 wyj\u0105tkowo wytrzyma\u0142e i trwa\u0142e. Aby w \u0142atwy spos\u00f3b manewrowa\u0107 urz\u0105dzeniem ko\u0142a wyposa\u017cone zosta\u0142y w profile stabilizuj\u0105ce tor i kierunek jazdy kosiarki.<\/p>\n<\/div>\n<\/div>\n\n\n\n<div class=\"wp-block-columns is-layout-flex wp-container-core-columns-is-layout-9d6595d7 wp-block-columns-is-layout-flex\">\n<div class=\"wp-block-column is-layout-flow wp-block-column-is-layout-flow\">\n<h2 class=\"wp-block-heading\">Sk\u0142adany kosz na traw\u0119 ze wska\u017anikiem zape\u0142nienia<\/h2>\n\n\n\n<p>Dzi\u0119ki mechanizmowi rozk\u0142adania kosza na traw\u0119 mo\u017cna \u0142atwo go otworzy\u0107 i opr\u00f3\u017cni\u0107. Boczne szczeliny wentylacyjne skierowane s\u0105 do do\u0142u. Trawa i py\u0142, kt\u00f3re wydostaj\u0105 si\u0119 z kosza wdmuchiwane s\u0105 w gleb\u0119. <\/p>\n<\/div>\n\n\n\n<div class=\"wp-block-column is-vertically-aligned-top is-layout-flow wp-block-column-is-layout-flow\">\n<figure class=\"wp-block-image size-full\"><img loading=\"lazy\" decoding=\"async\" width=\"480\" height=\"480\" src=\"https:\/\/precto.pl\/sklep\/wp-content\/uploads\/2022\/03\/kosz-precto-1-1.jpg\" alt=\"\" class=\"wp-image-7643\" srcset=\"https:\/\/precto.pl\/sklep\/wp-content\/uploads\/2022\/03\/kosz-precto-1-1.jpg 480w, https:\/\/precto.pl\/sklep\/wp-content\/uploads\/2022\/03\/kosz-precto-1-1-300x300.jpg 300w, https:\/\/precto.pl\/sklep\/wp-content\/uploads\/2022\/03\/kosz-precto-1-1-150x150.jpg 150w, https:\/\/precto.pl\/sklep\/wp-content\/uploads\/2022\/03\/kosz-precto-1-1-100x100.jpg 100w\" sizes=\"auto, (max-width: 480px) 100vw, 480px\" \/><\/figure>\n<\/div>\n<\/div>\n\n\n\n<div class=\"wp-block-columns is-layout-flex wp-container-core-columns-is-layout-9d6595d7 wp-block-columns-is-layout-flex\">\n<div class=\"wp-block-column is-layout-flow wp-block-column-is-layout-flow\">\n<figure class=\"wp-block-image size-full\"><img loading=\"lazy\" decoding=\"async\" width=\"480\" height=\"480\" src=\"https:\/\/precto.pl\/sklep\/wp-content\/uploads\/2022\/03\/uchwyt-precto-1.jpg\" alt=\"\" class=\"wp-image-7645\" srcset=\"https:\/\/precto.pl\/sklep\/wp-content\/uploads\/2022\/03\/uchwyt-precto-1.jpg 480w, https:\/\/precto.pl\/sklep\/wp-content\/uploads\/2022\/03\/uchwyt-precto-1-300x300.jpg 300w, https:\/\/precto.pl\/sklep\/wp-content\/uploads\/2022\/03\/uchwyt-precto-1-150x150.jpg 150w, https:\/\/precto.pl\/sklep\/wp-content\/uploads\/2022\/03\/uchwyt-precto-1-100x100.jpg 100w\" sizes=\"auto, (max-width: 480px) 100vw, 480px\" \/><\/figure>\n<\/div>\n\n\n\n<div class=\"wp-block-column is-layout-flow wp-block-column-is-layout-flow\">\n<h4 class=\"wp-block-heading\" id=\"reczna-pompa-paliwowa\">Uchwyt transportowy<\/h4>\n\n\n\n<p>Ta kosiarka STIHL wyposa\u017cona jest w ergonomiczne uchwyty s\u0142u\u017c\u0105ce do przenoszenia. U\u0142atwiaj\u0105 transport urz\u0105dzenia. Uchwyty mog\u0105 s\u0142u\u017cy\u0107 tak\u017ce jako ucha do mocowania kosiarki za pomoc\u0105 pasa transportowego podczas przewo\u017cenia.<\/p>\n\n\n\n<p><\/p>\n<\/div>\n<\/div>\n\n\n\n<div class=\"wp-block-columns is-layout-flex wp-container-core-columns-is-layout-9d6595d7 wp-block-columns-is-layout-flex\">\n<div class=\"wp-block-column is-layout-flow wp-block-column-is-layout-flow\"><\/div>\n\n\n\n<div class=\"wp-block-column is-layout-flow wp-block-column-is-layout-flow\"><\/div>\n<\/div>\n\n\n\n<div class=\"wp-block-columns is-layout-flex wp-container-core-columns-is-layout-9d6595d7 wp-block-columns-is-layout-flex\">\n<div class=\"wp-block-column is-layout-flow wp-block-column-is-layout-flow\"><\/div>\n\n\n\n<div class=\"wp-block-column is-layout-flow wp-block-column-is-layout-flow\"><\/div>\n<\/div>\n\n\n\n<div class=\"wp-block-columns is-layout-flex wp-container-core-columns-is-layout-9d6595d7 wp-block-columns-is-layout-flex\">\n<div class=\"wp-block-column is-layout-flow wp-block-column-is-layout-flow\"><\/div>\n\n\n\n<div class=\"wp-block-column is-layout-flow wp-block-column-is-layout-flow\"><\/div>\n<\/div>\n\n\n\n<div class=\"wp-block-columns is-layout-flex wp-container-core-columns-is-layout-9d6595d7 wp-block-columns-is-layout-flex\">\n<div class=\"wp-block-column is-layout-flow wp-block-column-is-layout-flow\" style=\"flex-basis:33.33%\"><\/div>\n\n\n\n<div class=\"wp-block-column is-layout-flow wp-block-column-is-layout-flow\" style=\"flex-basis:66.66%\"><\/div>\n<\/div>\n\n\n\n<div class=\"wp-block-columns is-layout-flex wp-container-core-columns-is-layout-9d6595d7 wp-block-columns-is-layout-flex\">\n<div class=\"wp-block-column is-layout-flow wp-block-column-is-layout-flow\"><\/div>\n\n\n\n<div class=\"wp-block-column is-layout-flow wp-block-column-is-layout-flow\"><\/div>\n<\/div>\n\n\n\n<p><\/p>\n\n\n\n<div class=\"wp-block-group\"><div class=\"wp-block-group__inner-container is-layout-flow wp-block-group-is-layout-flow\">\n<div class=\"wp-block-group\"><div class=\"wp-block-group__inner-container is-layout-flow wp-block-group-is-layout-flow\"><\/div><\/div>\n<\/div><\/div>\n","protected":false},"excerpt":{"rendered":"<p>Kosiarka elektryczna RME 235 Je\u015bli potrzebujesz zwrotnego i lekkiego urz\u0105dzenia, kt\u00f3re jest stworzone do dbania o traw\u0119 na ma\u0142ych powierzchniach, to kosiarka elektryczna STIHL RME 235 jest idealnym wyborem. Dzi\u0119ki prostej, ale solidnej konstrukcji piel\u0119gnacja trawnik\u00f3w o powierzchni do 300 m\u00b2 staje si\u0119 niezwykle prosta. Optymaln\u0105 d\u0142ugo\u015b\u0107 trawy mo\u017cna uzyska\u0107 dzi\u0119ki centralnej regulacji wysoko\u015bci koszenia, [&hellip;]<\/p>\n","protected":false},"featured_media":7644,"comment_status":"open","ping_status":"closed","template":"","meta":[],"product_brand":[],"product_cat":[76],"product_tag":[],"class_list":{"0":"post-7638","1":"product","2":"type-product","3":"status-publish","4":"has-post-thumbnail","6":"product_cat-kosiarki-elektryczne","8":"first","9":"instock","10":"taxable","11":"shipping-taxable","12":"purchasable","13":"product-type-simple"},"_links":{"self":[{"href":"https:\/\/precto.pl\/sklep\/wp-json\/wp\/v2\/product\/7638","targetHints":{"allow":["GET"]}}],"collection":[{"href":"https:\/\/precto.pl\/sklep\/wp-json\/wp\/v2\/product"}],"about":[{"href":"https:\/\/precto.pl\/sklep\/wp-json\/wp\/v2\/types\/product"}],"replies":[{"embeddable":true,"href":"https:\/\/precto.pl\/sklep\/wp-json\/wp\/v2\/comments?post=7638"}],"wp:featuredmedia":[{"embeddable":true,"href":"https:\/\/precto.pl\/sklep\/wp-json\/wp\/v2\/media\/7644"}],"wp:attachment":[{"href":"https:\/\/precto.pl\/sklep\/wp-json\/wp\/v2\/media?parent=7638"}],"wp:term":[{"taxonomy":"product_brand","embeddable":true,"href":"https:\/\/precto.pl\/sklep\/wp-json\/wp\/v2\/product_brand?post=7638"},{"taxonomy":"product_cat","embeddable":true,"href":"https:\/\/precto.pl\/sklep\/wp-json\/wp\/v2\/product_cat?post=7638"},{"taxonomy":"product_tag","embeddable":true,"href":"https:\/\/precto.pl\/sklep\/wp-json\/wp\/v2\/product_tag?post=7638"}],"curies":[{"name":"wp","href":"https:\/\/api.w.org\/{rel}","templated":true}]}}