{"id":761,"date":"2022-01-18T05:46:31","date_gmt":"2022-01-18T04:46:31","guid":{"rendered":"https:\/\/precto.pl\/sklep\/produkt\/sprezyna-rozrusznika-wacker-bs-500-600-700-wm80\/"},"modified":"2022-10-06T12:12:51","modified_gmt":"2022-10-06T10:12:51","slug":"sprezyna-rozrusznika-wacker-bs-500-600-700-wm80","status":"publish","type":"product","link":"https:\/\/precto.pl\/sklep\/sprezyna-rozrusznika-wacker-bs-500-600-700-wm80\/","title":{"rendered":"SPR\u0118\u017bYNA ROZRUSZNIKA WACKER BS 500 600 700 WM80"},"content":{"rendered":"<table width=\"100%\">\n<tr>\n<td width=\"50%\">\n<h3>SPR\u0118\u017bYNA ROZRUSZNIKA WACKER BS 500 600 700 WM80<\/h3>\n<p>NUMER KATALOGOWY :\u00a00048061<\/p>\n<p><b>PASUJE DO MODELI :<\/b><\/p>\n<h3>WACKER<\/h3>\n<ul>\n<li>WM80,<\/li>\n<li>BH22,<\/li>\n<li>BH23,<\/li>\n<li>BH24,<\/li>\n<li>BS30<\/li>\n<li>BS500,<\/li>\n<li>BS50-2,<\/li>\n<li>BS50-2i, BS52Y,<\/li>\n<li>BS600,<\/li>\n<li>BS600oi<\/li>\n<li>BS60-2,<\/li>\n<li>BS60-2i,<\/li>\n<li>BS650, BS65V, BS65Y<\/li>\n<li>BS700, BS700oi, BS70-2, BS70-2i<\/li>\n<\/ul>\n<p><b>Paragon \/ FV<\/b><\/p>\n<\/td>\n<\/tr>\n<tr>\n<td>\u00a0<\/td>\n<\/tr>\n<tr>\n<td colspan=\"2\">\n<p>Przy zakupie kilku produkt\u00f3w w naszym sklepie za przesy\u0142k\u0119 zap\u0142ac\u0105 Pa\u0144stwo tylko raz.<\/p>\n<p>W naszym sklepie internetowym znajd\u0105 pa\u0144stwo szeroki asortyment cz\u0119\u015bci do:<\/p>\n<ul>\n<li>pilarek spalinowych i elektrycznych wielu marek m.in. stihl, husqvarna, dolmar, makita, oleo mac, solo, jonserad itp.<\/li>\n<li>kos spalinowych ww. marek<\/li>\n<li>kosiarek spalinowych z silnikami briggs &amp; stratton, loncin, honda<\/li>\n<li>przecinarek do betonu<\/li>\n<li>maszyn budowlanych wacker<\/li>\n<li>wielu innych maszyn i urz\u0105dze\u0144 wykorzystywanych w przydomowych pracach<\/li>\n<li>oraz pilniki, \u0142a\u0144cuchy, prowadnice, oleje, \u015brodki ochrony osobistej i wiele innych produkt\u00f3w i urz\u0105dze\u0144 pomocnych przy pracy w lesie, domu czy ogrodzie.<\/li>\n<\/ul>\n<p>Ci\u0105gle poszerzamy nasz\u0105 ofert\u0119 o nowe produkty, poszukuj\u0105c jak najlepszych rozwi\u0105za\u0144 dla naszych klient\u00f3w.<\/p>\n<\/td>\n<\/tr>\n<tr>\n<td>\u00a0<\/td>\n<\/tr>\n<\/table>\n","protected":false},"excerpt":{"rendered":"<p>SPR\u0118\u017bYNA ROZRUSZNIKA WACKER BS 500 600 700 WM80<\/p>\n","protected":false},"featured_media":760,"comment_status":"open","ping_status":"closed","template":"","meta":[],"product_brand":[],"product_cat":[48],"product_tag":[],"class_list":{"0":"post-761","1":"product","2":"type-product","3":"status-publish","4":"has-post-thumbnail","6":"product_cat-czesci-do-urzadzen-budowlanych","8":"first","9":"instock","10":"taxable","11":"shipping-taxable","12":"purchasable","13":"product-type-simple"},"_links":{"self":[{"href":"https:\/\/precto.pl\/sklep\/wp-json\/wp\/v2\/product\/761","targetHints":{"allow":["GET"]}}],"collection":[{"href":"https:\/\/precto.pl\/sklep\/wp-json\/wp\/v2\/product"}],"about":[{"href":"https:\/\/precto.pl\/sklep\/wp-json\/wp\/v2\/types\/product"}],"replies":[{"embeddable":true,"href":"https:\/\/precto.pl\/sklep\/wp-json\/wp\/v2\/comments?post=761"}],"wp:featuredmedia":[{"embeddable":true,"href":"https:\/\/precto.pl\/sklep\/wp-json\/wp\/v2\/media\/760"}],"wp:attachment":[{"href":"https:\/\/precto.pl\/sklep\/wp-json\/wp\/v2\/media?parent=761"}],"wp:term":[{"taxonomy":"product_brand","embeddable":true,"href":"https:\/\/precto.pl\/sklep\/wp-json\/wp\/v2\/product_brand?post=761"},{"taxonomy":"product_cat","embeddable":true,"href":"https:\/\/precto.pl\/sklep\/wp-json\/wp\/v2\/product_cat?post=761"},{"taxonomy":"product_tag","embeddable":true,"href":"https:\/\/precto.pl\/sklep\/wp-json\/wp\/v2\/product_tag?post=761"}],"curies":[{"name":"wp","href":"https:\/\/api.w.org\/{rel}","templated":true}]}}