{"id":7490,"date":"2022-02-09T21:26:53","date_gmt":"2022-02-09T20:26:53","guid":{"rendered":"https:\/\/precto.pl\/sklep\/?post_type=product&#038;p=7490"},"modified":"2023-02-15T19:07:22","modified_gmt":"2023-02-15T18:07:22","slug":"przecinarka-do-galezi-pila-stihl-gta-26-bez-akumulatora-i-ladowarki-24-miesiace-gwarancji","status":"publish","type":"product","link":"https:\/\/precto.pl\/sklep\/przecinarka-do-galezi-pila-stihl-gta-26-bez-akumulatora-i-ladowarki-24-miesiace-gwarancji\/","title":{"rendered":"Przecinarka do ga\u0142\u0119zi pi\u0142a STIHL GTA 26 bez akumulatora i \u0142adowarki 24 miesi\u0105ce gwarancji"},"content":{"rendered":"\n<div class=\"wp-block-columns is-layout-flex wp-container-core-columns-is-layout-9d6595d7 wp-block-columns-is-layout-flex\">\n<div class=\"wp-block-column is-layout-flow wp-block-column-is-layout-flow\">\n<figure class=\"wp-block-image size-full\"><img loading=\"lazy\" decoding=\"async\" width=\"710\" height=\"473\" src=\"https:\/\/precto.pl\/sklep\/wp-content\/uploads\/2022\/02\/gta26-precto-1.jpg\" alt=\"\" class=\"wp-image-7485\" srcset=\"https:\/\/precto.pl\/sklep\/wp-content\/uploads\/2022\/02\/gta26-precto-1.jpg 710w, https:\/\/precto.pl\/sklep\/wp-content\/uploads\/2022\/02\/gta26-precto-1-300x200.jpg 300w\" sizes=\"auto, (max-width: 710px) 100vw, 710px\" \/><\/figure>\n<\/div>\n\n\n\n<div class=\"wp-block-column is-layout-flow wp-block-column-is-layout-flow\">\n<p>Wszechstronna akumulatorowa przecinarka do drewna. Do przycinania drzew i krzew\u00f3w, rozdrabniania odpad\u00f3w zielonych i prac stolarskich. Pi\u0142a \u0142a\u0144cuchowa PM3 1\/4\u201d zapewnia wysok\u0105 wydajno\u015b\u0107 ci\u0119cia i du\u017c\u0105 moc. Antypo\u015blizgowy uchwyt, wysoki komfort pracy, doskona\u0142a ergonomia. Beznarz\u0119dziowa wymiana pi\u0142y \u0142a\u0144cuchowej, ruchoma os\u0142ona ochronna zapewniaj\u0105ca bezpieczn\u0105 prac\u0119, wska\u017anik na\u0142adowania.<\/p>\n<\/div>\n<\/div>\n\n\n\n<div class=\"wp-block-columns is-layout-flex wp-container-core-columns-is-layout-9d6595d7 wp-block-columns-is-layout-flex\">\n<div class=\"wp-block-column is-layout-flow wp-block-column-is-layout-flow\">\n<p>Zestaw zawiera: 1 x akumulator litowo-jonowy AS 2, 28 Wh, 10,8 V 1 x standardowa \u0142adowarka AL 1, z czasem \u0142adowania 55 min\/70min (80 %\/100 %) 1 x Przecinarka akumulatorowa GTA 26 z ruchom\u0105 pokryw\u0105 1 x prowadnica Light, 10 cm 1 x pi\u0142a \u0142a\u0144cuchowa PM3 1\/4&#8221;, 10 cm 1 x torba transportowa czarno-pomara\u0144czowa z przelotkami do monta\u017cu na \u015bcianie.<\/p>\n<\/div>\n\n\n\n<div class=\"wp-block-column is-layout-flow wp-block-column-is-layout-flow\">\n<figure class=\"wp-block-image size-full\"><img loading=\"lazy\" decoding=\"async\" width=\"710\" height=\"473\" src=\"https:\/\/precto.pl\/sklep\/wp-content\/uploads\/2022\/02\/gta26-precto-2.jpg\" alt=\"\" class=\"wp-image-7486\" srcset=\"https:\/\/precto.pl\/sklep\/wp-content\/uploads\/2022\/02\/gta26-precto-2.jpg 710w, https:\/\/precto.pl\/sklep\/wp-content\/uploads\/2022\/02\/gta26-precto-2-300x200.jpg 300w\" sizes=\"auto, (max-width: 710px) 100vw, 710px\" \/><\/figure>\n<\/div>\n<\/div>\n\n\n\n<div class=\"wp-block-columns is-layout-flex wp-container-core-columns-is-layout-9d6595d7 wp-block-columns-is-layout-flex\">\n<div class=\"wp-block-column is-layout-flow wp-block-column-is-layout-flow\">\n<figure class=\"wp-block-image size-full\"><img loading=\"lazy\" decoding=\"async\" width=\"460\" height=\"690\" src=\"https:\/\/precto.pl\/sklep\/wp-content\/uploads\/2022\/02\/gta26-precto-4.jpg\" alt=\"\" class=\"wp-image-7487\" srcset=\"https:\/\/precto.pl\/sklep\/wp-content\/uploads\/2022\/02\/gta26-precto-4.jpg 460w, https:\/\/precto.pl\/sklep\/wp-content\/uploads\/2022\/02\/gta26-precto-4-200x300.jpg 200w, https:\/\/precto.pl\/sklep\/wp-content\/uploads\/2022\/02\/gta26-precto-4-300x450.jpg 300w\" sizes=\"auto, (max-width: 460px) 100vw, 460px\" \/><\/figure>\n<\/div>\n\n\n\n<div class=\"wp-block-column is-layout-flow wp-block-column-is-layout-flow\">\n<h3 class=\"wp-block-heading\" id=\"dane-techniczne\">Dane techniczne<\/h3>\n\n\n\n<figure class=\"wp-block-table\"><table><thead><tr><th>Dane techniczne<\/th><th>Warto\u015b\u0107<\/th><\/tr><\/thead><tbody><tr><td>D\u0142ugo\u015b\u0107 prowadnicy cm<\/td><td>10<\/td><\/tr><tr><td>Napi\u0119cie V<\/td><td>11<\/td><\/tr><tr><td>Ci\u0119\u017car kg&nbsp;<sup>1)<\/sup><\/td><td>1,2<\/td><\/tr><tr><td>Warto\u015b\u0107 drga\u0144, lewa m\/s\u00b2&nbsp;<sup>2)<\/sup><\/td><td>2,9<\/td><\/tr><tr><td>Warto\u015b\u0107 drga\u0144, prawa m\/s\u00b2&nbsp;<sup>3)<\/sup><\/td><td>2,8<\/td><\/tr><tr><td>Poziom ci\u015bnienia akustycznego dB(A)&nbsp;<sup>4)<\/sup><\/td><td>77<\/td><\/tr><tr><td>Podzia\u0142ka<\/td><td>1\/4&#8243; P<\/td><\/tr><tr><td>Szeroko\u015b\u0107 ogniwa prowadz\u0105cego mm<\/td><td>1,1<\/td><\/tr><tr><td>Wydajno\u015b\u0107 ci\u0119cia w kr\u0105\u017ckach&nbsp;<sup>5)<\/sup><\/td><td>40<\/td><\/tr><\/tbody><\/table><\/figure>\n\n\n\n<p>1) Bez akumulatora, z zestawem tn\u0105cym<br>2) Warto\u015b\u0107 K wg RL 2006\/42\/EG = 2 m\/s\u00b2<br>3) Waro\u015b\u0107 K wg RL 2006\/42\/EG = 2 m\/s\u00b2<br>4) Warto\u015b\u0107 K wg RL 2006\/42\/EG = 2,0 dB(A)<br>5) \u015awierk, 5x5cm, system AS2<\/p>\n<\/div>\n<\/div>\n","protected":false},"excerpt":{"rendered":"<p>Wszechstronna akumulatorowa przecinarka do drewna. Do przycinania drzew i krzew\u00f3w, rozdrabniania odpad\u00f3w zielonych i prac stolarskich. Pi\u0142a \u0142a\u0144cuchowa PM3 1\/4\u201d zapewnia wysok\u0105 wydajno\u015b\u0107 ci\u0119cia i du\u017c\u0105 moc. Antypo\u015blizgowy uchwyt, wysoki komfort pracy, doskona\u0142a ergonomia. Beznarz\u0119dziowa wymiana pi\u0142y \u0142a\u0144cuchowej, ruchoma os\u0142ona ochronna zapewniaj\u0105ca bezpieczn\u0105 prac\u0119, wska\u017anik na\u0142adowania. Zestaw zawiera: 1 x akumulator litowo-jonowy AS 2, 28 [&hellip;]<\/p>\n","protected":false},"featured_media":7485,"comment_status":"open","ping_status":"closed","template":"","meta":[],"product_brand":[],"product_cat":[71,68,67],"product_tag":[],"class_list":{"0":"post-7490","1":"product","2":"type-product","3":"status-publish","4":"has-post-thumbnail","6":"product_cat-urzadzenia-akumulatorowe","7":"product_cat-urzadzenia-do-pracy-w-lesie","8":"product_cat-urzadzenia-do-pracy-w-ogrodzie","10":"first","11":"instock","12":"taxable","13":"shipping-taxable","14":"purchasable","15":"product-type-simple"},"_links":{"self":[{"href":"https:\/\/precto.pl\/sklep\/wp-json\/wp\/v2\/product\/7490","targetHints":{"allow":["GET"]}}],"collection":[{"href":"https:\/\/precto.pl\/sklep\/wp-json\/wp\/v2\/product"}],"about":[{"href":"https:\/\/precto.pl\/sklep\/wp-json\/wp\/v2\/types\/product"}],"replies":[{"embeddable":true,"href":"https:\/\/precto.pl\/sklep\/wp-json\/wp\/v2\/comments?post=7490"}],"wp:featuredmedia":[{"embeddable":true,"href":"https:\/\/precto.pl\/sklep\/wp-json\/wp\/v2\/media\/7485"}],"wp:attachment":[{"href":"https:\/\/precto.pl\/sklep\/wp-json\/wp\/v2\/media?parent=7490"}],"wp:term":[{"taxonomy":"product_brand","embeddable":true,"href":"https:\/\/precto.pl\/sklep\/wp-json\/wp\/v2\/product_brand?post=7490"},{"taxonomy":"product_cat","embeddable":true,"href":"https:\/\/precto.pl\/sklep\/wp-json\/wp\/v2\/product_cat?post=7490"},{"taxonomy":"product_tag","embeddable":true,"href":"https:\/\/precto.pl\/sklep\/wp-json\/wp\/v2\/product_tag?post=7490"}],"curies":[{"name":"wp","href":"https:\/\/api.w.org\/{rel}","templated":true}]}}