{"id":735,"date":"2022-01-18T05:45:57","date_gmt":"2022-01-18T04:45:57","guid":{"rendered":"https:\/\/precto.pl\/sklep\/produkt\/sprezyna-sprzegla-silnik-honda-gx25-gx-25\/"},"modified":"2022-10-06T13:44:19","modified_gmt":"2022-10-06T11:44:19","slug":"sprezyna-sprzegla-silnik-honda-gx25-gx-25","status":"publish","type":"product","link":"https:\/\/precto.pl\/sklep\/sprezyna-sprzegla-silnik-honda-gx25-gx-25\/","title":{"rendered":"SPR\u0118\u017bYNA SPRZ\u0118G\u0141A SILNIK HONDA GX25 GX 25"},"content":{"rendered":"<table width=\"100%\">\n<tr>\n<td width=\"50%\">\n<p><b>PRODUKT FABRYCZNIE NOWY<\/b><\/p>\n<p><b>WYSOKIEJ KLASY ZAMIENNIK<\/b><\/p>\n<p>PASUJE DO MODELI :<\/p>\n<ul>\n<li><b>HONDA GX25<\/b><\/li>\n<\/ul>\n<p>NUMERY KATALOGOWE :\u00a022000ZM3003S<\/p>\n<\/td>\n<\/tr>\n<tr>\n<td>\u00a0<\/td>\n<\/tr>\n<\/table>\n","protected":false},"excerpt":{"rendered":"<p>SPR\u0118\u017bYNA SPRZ\u0118G\u0141A SILNIK HONDA GX25 GX 25<\/p>\n","protected":false},"featured_media":734,"comment_status":"open","ping_status":"closed","template":"","meta":[],"product_brand":[],"product_cat":[36],"product_tag":[],"class_list":{"0":"post-735","1":"product","2":"type-product","3":"status-publish","4":"has-post-thumbnail","6":"product_cat-bebny-zebatki-sprzegla","8":"first","9":"instock","10":"taxable","11":"shipping-taxable","12":"purchasable","13":"product-type-simple"},"_links":{"self":[{"href":"https:\/\/precto.pl\/sklep\/wp-json\/wp\/v2\/product\/735","targetHints":{"allow":["GET"]}}],"collection":[{"href":"https:\/\/precto.pl\/sklep\/wp-json\/wp\/v2\/product"}],"about":[{"href":"https:\/\/precto.pl\/sklep\/wp-json\/wp\/v2\/types\/product"}],"replies":[{"embeddable":true,"href":"https:\/\/precto.pl\/sklep\/wp-json\/wp\/v2\/comments?post=735"}],"wp:featuredmedia":[{"embeddable":true,"href":"https:\/\/precto.pl\/sklep\/wp-json\/wp\/v2\/media\/734"}],"wp:attachment":[{"href":"https:\/\/precto.pl\/sklep\/wp-json\/wp\/v2\/media?parent=735"}],"wp:term":[{"taxonomy":"product_brand","embeddable":true,"href":"https:\/\/precto.pl\/sklep\/wp-json\/wp\/v2\/product_brand?post=735"},{"taxonomy":"product_cat","embeddable":true,"href":"https:\/\/precto.pl\/sklep\/wp-json\/wp\/v2\/product_cat?post=735"},{"taxonomy":"product_tag","embeddable":true,"href":"https:\/\/precto.pl\/sklep\/wp-json\/wp\/v2\/product_tag?post=735"}],"curies":[{"name":"wp","href":"https:\/\/api.w.org\/{rel}","templated":true}]}}