{"id":6942,"date":"2022-01-18T07:49:42","date_gmt":"2022-01-18T06:49:42","guid":{"rendered":"https:\/\/precto.pl\/sklep\/produkt\/linka-gazu-ciegno-stihl-kosa-fs-55\/"},"modified":"2022-10-06T11:00:40","modified_gmt":"2022-10-06T09:00:40","slug":"linka-gazu-ciegno-stihl-kosa-fs-55","status":"publish","type":"product","link":"https:\/\/precto.pl\/sklep\/linka-gazu-ciegno-stihl-kosa-fs-55\/","title":{"rendered":"LINKA GAZU CI\u0118GNO STIHL KOSA FS 55"},"content":{"rendered":"<table width=\"100%\">\n<tr>\n<td width=\"50%\">\n<h3>LINKA GAZU CI\u0118GNO STIHL KOSA FS 55<\/h3>\n<p><b>ELEMENT MONTOWANY W KOSACH STIHL FS 55 DO 2001 ROKU<\/b><\/p>\n<p><b>NUMER KATALOGOWY : 4140 180 1104<\/b><\/p>\n<h3>PASUJE DO MODELI KOS :<\/h3>\n<p><b>STIHL : FS 55, FS 55 C-E, FS 55 T, FS 55 C-E DZ, FS 55 Z<\/b><\/p>\n<p><b>W SPRAWIE LINKI DO INNYCH MODELI PROSZ\u0118 O KONTAKT TELEFONICZNY LUB EMAIL.<\/b><\/p>\n<p><b>WYSOKIEJ KLASY ZAMIENNIK STOSOWANY PRZEZ NAS I NASZYCH KLIENT\u00d3W<\/b><\/p>\n<p><b>PARAGON LUB FV<\/b><\/p>\n<\/td>\n<\/tr>\n<tr>\n<td>\u00a0<\/td>\n<\/tr>\n<tr>\n<td colspan=\"2\">\n<p>Przy zakupie kilku produkt\u00f3w w naszym sklepie za przesy\u0142k\u0119 zap\u0142ac\u0105 Pa\u0144stwo tylko raz.<\/p>\n<p>W naszym sklepie internetowym znajd\u0105 pa\u0144stwo szeroki asortyment cz\u0119\u015bci do:<\/p>\n<ul>\n<li>pilarek spalinowych i elektrycznych wielu marek m.in. stihl, husqvarna, dolmar, makita, oleo mac, solo, jonserad itp.<\/li>\n<li>kos spalinowych ww. marek<\/li>\n<li>kosiarek spalinowych z silnikami briggs &amp; stratton, loncin, honda<\/li>\n<li>przecinarek do betonu<\/li>\n<li>maszyn budowlanych wacker<\/li>\n<li>wielu innych maszyn i urz\u0105dze\u0144 wykorzystywanych w przydomowych pracach<\/li>\n<li>oraz pilniki, \u0142a\u0144cuchy, prowadnice, oleje, \u015brodki ochrony osobistej i wiele innych produkt\u00f3w i urz\u0105dze\u0144 pomocnych przy pracy w lesie, domu czy ogrodzie.<\/li>\n<\/ul>\n<p>Ci\u0105gle poszerzamy nasz\u0105 ofert\u0119 o nowe produkty, poszukuj\u0105c jak najlepszych rozwi\u0105za\u0144 dla naszych klient\u00f3w.<\/p>\n<\/td>\n<\/tr>\n<tr>\n<td>\u00a0<\/td>\n<\/tr>\n<\/table>\n","protected":false},"excerpt":{"rendered":"<p>LINKA GAZU CI\u0118GNO STIHL KOSA FS 55<\/p>\n","protected":false},"featured_media":6941,"comment_status":"open","ping_status":"closed","template":"","meta":[],"product_brand":[],"product_cat":[32,65],"product_tag":[],"class_list":{"0":"post-6942","1":"product","2":"type-product","3":"status-publish","4":"has-post-thumbnail","6":"product_cat-czesci-inne","7":"product_cat-rury-walki-kierownice-manetki-przekladnie","9":"first","10":"instock","11":"taxable","12":"shipping-taxable","13":"purchasable","14":"product-type-simple"},"_links":{"self":[{"href":"https:\/\/precto.pl\/sklep\/wp-json\/wp\/v2\/product\/6942","targetHints":{"allow":["GET"]}}],"collection":[{"href":"https:\/\/precto.pl\/sklep\/wp-json\/wp\/v2\/product"}],"about":[{"href":"https:\/\/precto.pl\/sklep\/wp-json\/wp\/v2\/types\/product"}],"replies":[{"embeddable":true,"href":"https:\/\/precto.pl\/sklep\/wp-json\/wp\/v2\/comments?post=6942"}],"wp:featuredmedia":[{"embeddable":true,"href":"https:\/\/precto.pl\/sklep\/wp-json\/wp\/v2\/media\/6941"}],"wp:attachment":[{"href":"https:\/\/precto.pl\/sklep\/wp-json\/wp\/v2\/media?parent=6942"}],"wp:term":[{"taxonomy":"product_brand","embeddable":true,"href":"https:\/\/precto.pl\/sklep\/wp-json\/wp\/v2\/product_brand?post=6942"},{"taxonomy":"product_cat","embeddable":true,"href":"https:\/\/precto.pl\/sklep\/wp-json\/wp\/v2\/product_cat?post=6942"},{"taxonomy":"product_tag","embeddable":true,"href":"https:\/\/precto.pl\/sklep\/wp-json\/wp\/v2\/product_tag?post=6942"}],"curies":[{"name":"wp","href":"https:\/\/api.w.org\/{rel}","templated":true}]}}