{"id":678,"date":"2022-01-18T05:44:41","date_gmt":"2022-01-18T04:44:41","guid":{"rendered":"https:\/\/precto.pl\/sklep\/produkt\/prowadnica-45cm-lancuch-x2-makita-uc4030ak-5012\/"},"modified":"2025-08-16T15:10:08","modified_gmt":"2025-08-16T13:10:08","slug":"prowadnica-45cm-lancuch-x2-makita-uc4030ak-5012","status":"publish","type":"product","link":"https:\/\/precto.pl\/sklep\/prowadnica-45cm-lancuch-x2-makita-uc4030ak-5012\/","title":{"rendered":"PROWADNICA 45CM \u0141A\u0143CUCH X2 MAKITA UC4030AK, 5012"},"content":{"rendered":"<table width=\"100%\">\n<tr>\n<td width=\"50%\">\n<h3>ZESTAW ZAWIERA : PROWADNICA 45CM + 2X \u0141A\u0143CUCH 45 CM<\/h3>\n<p><b>DYSTRYBUTOR:<\/b> DOLPIMA<\/p>\n<h3>PARAMETRY :<\/h3>\n<p><b>LICZBA OGNIW : 62<\/b><\/p>\n<p><b>LICZBA Z\u0118B\u00d3W : 31<\/b><\/p>\n<p><b>SKOK \u0141A\u0143CUCHA : 3\/8 CALA<\/b><\/p>\n<p><b>ROWEK PROWADZ\u0104CY : 1,3 MM<\/b><\/p>\n<p><b>D\u0141UGO\u015a\u0106 PROWADNICY : 45 CM \/ 18&#8243;<\/b><\/p>\n<p><b>LICZBA NIT\u00d3W : 4<\/b><\/p>\n<p><b>ILO\u015a\u0106 Z\u0118B\u00d3W NA NOSKU : 11<\/b><\/p>\n<h3>PASUJE DO MODELI PILAREK :<\/h3>\n<ul>\n<li><b>Husqvarna:<\/b> T425, 23, E16, E316, E317, E321,<\/li>\n<li><b>Oleo-Mac:<\/b> GS35, GS350, GS370, 931, 932, GS410C,<\/li>\n<li><b>Solo:<\/b> 613,<\/li>\n<li><b>Makita:<\/b> DCS232T, DCS3410TH, DCS3501, DCS4610, DCS300, DCS340, DCS341, DCS350, DCS380, DCS390, DCS400, DCS401, DCS330S, UC3501, UC3520A, BUC250RDE, BUC122RFE, UC3030A, UC3530AK, UC3000, UC3500, UC4000, UC4030AK, 5012, 5014, 5016, UC4020A, UC250DWB, UC4530A, EA3201, EA3500F35B, EA3500F40B,<\/li>\n<li><b>Jonsered:<\/b> 2033TH,<\/li>\n<li><b>Dolmar:<\/b> PS330, PS33, PS3300TH, PS34, PS340, PS341, PS344, PS3410, PS350, PS390, PS400, PS401, PS41, PS45, ES3, ES6, ES30, ES37, ES40, ES41, ES140, ES151, ES152, ES152A, ES153, ES160, ES161, ES162, ES162A, ES163, ES172, ES172A, ES173, ES183, ES2035, ES2040, 100, 101, 102, 103, 104, 105, 106, 108, 275, 285,<\/li>\n<li><b>Partner:<\/b> 360, 330, 335, 340, 345, 350, 351, 370, 385, P390, 395, P420, 352, 371, 391, P842,<\/li>\n<li><b>Zenoah:<\/b> G2500T, GZ3300, GZ3200T, G3200T, GZ3500T, G3800, G3800AVS, G2500PS, G2000T, GT250, GT310, G300T, G310TS, G320AVS, G250TS, G3100, G3200, G3300,<\/li>\n<li><b>Homelite:<\/b> HCS3335, HCS4041CA, 20AV, 23AV, 27, 3300, 3350, 3550, 3800, 3335, 3850, 4500, 4550, PS33, RANGER, CS40, TIMBERMAN, UT10901, UT10926, UT10974,<\/li>\n<li><b>Alpina:<\/b> ELECTRIC, E120, E130, ES182, ES202, E150, KS1400B, KS1500B, A10E, A14E, 352, 382,<\/li>\n<li><b>Bosch:<\/b> 1586, AKE30B, AKE30LI, AKE35B, AKE40B, GKE35BC, GKE40BC, PKE25, PKE30B, PKE35B, PKE40, AKE35-19PRO, 40-19PRO, BULLCRAFT,<\/li>\n<li><b>Echo:<\/b> CS2600ES, CS260TES, CS2700ES, CS3500ES, CS350WES, CS351WES, CS310WES,<\/li>\n<li><b>FloraBest:<\/b> FHE550A1, FKS2000, FKS2200,<\/li>\n<li><b>McCulloch:<\/b> 442, 4600, 4700, 4900, 5000, 335, 435, 440, 441, 738, TITAN41, TITAN46, 10-49, 10-42, TIMBERBEAR-849,<\/li>\n<li><b>Ryobi:<\/b> PCN3335, APR02,<\/li>\n<li><b>Shindaiwa:<\/b> 285S, 300S, 305S, 350, 352S, 360,<\/li>\n<\/ul>\n<\/td>\n<\/tr>\n<tr>\n<td>\u00a0<\/td>\n<\/tr>\n<tr>\n<td colspan=\"2\">\n<p>Przy zakupie kilku produkt\u00f3w w naszym sklepie za przesy\u0142k\u0119 zap\u0142ac\u0105 Pa\u0144stwo tylko raz.<\/p>\n<p>W naszym sklepie internetowym znajd\u0105 pa\u0144stwo szeroki asortyment cz\u0119\u015bci do:<\/p>\n<ul>\n<li>pilarek spalinowych i elektrycznych wielu marek m.in. stihl, husqvarna, dolmar, makita, oleo mac, solo, jonserad itp.<\/li>\n<li>kos spalinowych ww. marek<\/li>\n<li>kosiarek spalinowych z silnikami briggs &amp; stratton, loncin, honda<\/li>\n<li>przecinarek do betonu<\/li>\n<li>maszyn budowlanych wacker<\/li>\n<li>wielu innych maszyn i urz\u0105dze\u0144 wykorzystywanych w przydomowych pracach<\/li>\n<li>oraz pilniki, \u0142a\u0144cuchy, prowadnice, oleje, \u015brodki ochrony osobistej i wiele innych produkt\u00f3w i urz\u0105dze\u0144 pomocnych przy pracy w lesie, domu czy ogrodzie.<\/li>\n<\/ul>\n<p>Ci\u0105gle poszerzamy nasz\u0105 ofert\u0119 o nowe produkty, poszukuj\u0105c jak najlepszych rozwi\u0105za\u0144 dla naszych klient\u00f3w.<\/p>\n<\/td>\n<\/tr>\n<tr>\n<td>\u00a0<\/td>\n<\/tr>\n<\/table>\n","protected":false},"excerpt":{"rendered":"<p>PROWADNICA 45CM \u0141A\u0143CUCH X2 MAKITA UC4030AK, 5012<\/p>\n","protected":false},"featured_media":677,"comment_status":"open","ping_status":"closed","template":"","meta":[],"product_brand":[],"product_cat":[35],"product_tag":[],"class_list":{"0":"post-678","1":"product","2":"type-product","3":"status-publish","4":"has-post-thumbnail","6":"product_cat-prowadnice-i-lancuchy","8":"first","9":"instock","10":"taxable","11":"shipping-taxable","12":"purchasable","13":"product-type-simple"},"_links":{"self":[{"href":"https:\/\/precto.pl\/sklep\/wp-json\/wp\/v2\/product\/678","targetHints":{"allow":["GET"]}}],"collection":[{"href":"https:\/\/precto.pl\/sklep\/wp-json\/wp\/v2\/product"}],"about":[{"href":"https:\/\/precto.pl\/sklep\/wp-json\/wp\/v2\/types\/product"}],"replies":[{"embeddable":true,"href":"https:\/\/precto.pl\/sklep\/wp-json\/wp\/v2\/comments?post=678"}],"wp:featuredmedia":[{"embeddable":true,"href":"https:\/\/precto.pl\/sklep\/wp-json\/wp\/v2\/media\/677"}],"wp:attachment":[{"href":"https:\/\/precto.pl\/sklep\/wp-json\/wp\/v2\/media?parent=678"}],"wp:term":[{"taxonomy":"product_brand","embeddable":true,"href":"https:\/\/precto.pl\/sklep\/wp-json\/wp\/v2\/product_brand?post=678"},{"taxonomy":"product_cat","embeddable":true,"href":"https:\/\/precto.pl\/sklep\/wp-json\/wp\/v2\/product_cat?post=678"},{"taxonomy":"product_tag","embeddable":true,"href":"https:\/\/precto.pl\/sklep\/wp-json\/wp\/v2\/product_tag?post=678"}],"curies":[{"name":"wp","href":"https:\/\/api.w.org\/{rel}","templated":true}]}}