{"id":6353,"date":"2022-01-18T07:37:40","date_gmt":"2022-01-18T06:37:40","guid":{"rendered":"https:\/\/precto.pl\/sklep\/produkt\/glowica-t45x-kosa-husqvarna-545fx-fxt-rx-555-fx-rx\/"},"modified":"2025-07-30T12:46:21","modified_gmt":"2025-07-30T10:46:21","slug":"glowica-t45x-kosa-husqvarna-545fx-fxt-rx-555-fx-rx","status":"publish","type":"product","link":"https:\/\/precto.pl\/sklep\/glowica-t45x-kosa-husqvarna-545fx-fxt-rx-555-fx-rx\/","title":{"rendered":"G\u0141OWICA T45X KOSA HUSQVARNA 545Fx Fxt Rx 555 Fx RX"},"content":{"rendered":"<table width=\"100%\">\n<tr>\n<td width=\"50%\">\n<p>KOD :\u00a05784468-01<\/p>\n<p><b>NOWA G\u0141OWICA KOSZ\u0104CA DO KOS HUSQVARNA<\/b><\/p>\n<p><b>G\u0141OWICA WZMACNIANA Z METALOW\u0104 CZ\u0118\u015aCI\u0104 SZPULI &#8211; WOLNIEJSZE \u015aCIERANIE SZPULI<\/b><\/p>\n<p><b>GWINT M12 X 1,75 MM LEWY WEWN\u0118TRZNY<\/b><\/p>\n<p><b>MODELE DO KT\u00d3RYCH PASUJE G\u0141OWICA<\/b><\/p>\n<ul>\n<li><b>HUSQVARNA<\/b> 135R, 142RB, 142RJ, 143R, 143R-II, 152RB, 152RJ, 153R, 235FR, 235R<\/li>\n<li>235R-II, 236R, 240F, 240R, 241R, 243R, 243RJ, 250R, 253R, 253RB<\/li>\n<li>253RJ, 333R, 333RJ, 335FR, 335LS, 335Lx, 335RJx, 335Rx, 336FR, 343F, 343FR<\/li>\n<li>343FRM, 343R, 345FR, 345Fx, 345Fxt, 345Rx, 355FRM, 355Fx<\/li>\n<li>355Fxt, 355Rx, 545Fx, 545Fxt, 545Rx, 545Rxt, 555FRM, 555Fx, 555Fxt, 555Rxt<\/li>\n<\/ul>\n<p><b>A TAK\u017bE WIELE RODZAJ\u00d3W KOS PRODUCENT\u00d3W :<\/b><\/p>\n<p><b>NAC, DEMON, MAKITA, OLEO MAC, MTD, EUROTEC<\/b><\/p>\n<p><b>WYMIARY :<\/b><\/p>\n<ul>\n<li><b>\u015aREDNICA G\u0141OWICY &#8211; 140 MM<\/b><\/li>\n<li><b>WYSOKO\u015a\u0106 G\u0141OWICY &#8211; 65 MM<\/b><\/li>\n<\/ul>\n<p><b>WYSOKIEJ KLASY ZAMIENNIK CZ\u0118\u015aCI ORYGINALNEJ STOSOWANY PRZEZ NAS I NASZYCH KLIENT\u00d3W.<\/b><\/p>\n<p><b>\u017bY\u0141KA WYSUWA SI\u0118 Z G\u0141OWICY POPRZEZ NACI\u015aNI\u0118CIE O ZIEMI\u0118.<\/b><\/p>\n<p><b>SUGEROWANA GRUBO\u015a\u0106 \u017bY\u0141KI : 2,00 MM &#8211; 3,0 MM<\/b><\/p>\n<p><b>WRAZ Z \u017bY\u0141K\u0104 NAWINI\u0118T\u0104 NA SZPUL\u0118 G\u0141OWICY<\/b><\/p>\n<p><b>PARAGON LUB FV<\/b><\/p>\n<\/td>\n<\/tr>\n<tr>\n<td>\u00a0<\/td>\n<\/tr>\n<tr>\n<td colspan=\"2\">\n<p>Przy zakupie kilku produkt\u00f3w w naszym sklepie za przesy\u0142k\u0119 zap\u0142ac\u0105 Pa\u0144stwo tylko raz.<\/p>\n<p>W naszym sklepie internetowym znajd\u0105 pa\u0144stwo szeroki asortyment cz\u0119\u015bci do:<\/p>\n<ul>\n<li>pilarek spalinowych i elektrycznych wielu marek m.in. stihl, husqvarna, dolmar, makita, oleo mac, solo, jonserad itp.<\/li>\n<li>kos spalinowych ww. marek<\/li>\n<li>kosiarek spalinowych z silnikami briggs &amp; stratton, loncin, honda<\/li>\n<li>przecinarek do betonu<\/li>\n<li>maszyn budowlanych wacker<\/li>\n<li>wielu innych maszyn i urz\u0105dze\u0144 wykorzystywanych w przydomowych pracach<\/li>\n<li>oraz pilniki, \u0142a\u0144cuchy, prowadnice, oleje, \u015brodki ochrony osobistej i wiele innych produkt\u00f3w i urz\u0105dze\u0144 pomocnych przy pracy w lesie, domu czy ogrodzie.<\/li>\n<\/ul>\n<p>Ci\u0105gle poszerzamy nasz\u0105 ofert\u0119 o nowe produkty, poszukuj\u0105c jak najlepszych rozwi\u0105za\u0144 dla naszych klient\u00f3w.<\/p>\n<\/td>\n<\/tr>\n<tr>\n<td>\u00a0<\/td>\n<\/tr>\n<\/table>\n","protected":false},"excerpt":{"rendered":"<p>G\u0141OWICA T45X KOSA HUSQVARNA 545Fx Fxt Rx 555 Fx RX<\/p>\n","protected":false},"featured_media":6352,"comment_status":"open","ping_status":"closed","template":"","meta":[],"product_brand":[],"product_cat":[24],"product_tag":[],"class_list":{"0":"post-6353","1":"product","2":"type-product","3":"status-publish","4":"has-post-thumbnail","6":"product_cat-glowice","8":"first","9":"instock","10":"taxable","11":"shipping-taxable","12":"purchasable","13":"product-type-simple"},"_links":{"self":[{"href":"https:\/\/precto.pl\/sklep\/wp-json\/wp\/v2\/product\/6353","targetHints":{"allow":["GET"]}}],"collection":[{"href":"https:\/\/precto.pl\/sklep\/wp-json\/wp\/v2\/product"}],"about":[{"href":"https:\/\/precto.pl\/sklep\/wp-json\/wp\/v2\/types\/product"}],"replies":[{"embeddable":true,"href":"https:\/\/precto.pl\/sklep\/wp-json\/wp\/v2\/comments?post=6353"}],"wp:featuredmedia":[{"embeddable":true,"href":"https:\/\/precto.pl\/sklep\/wp-json\/wp\/v2\/media\/6352"}],"wp:attachment":[{"href":"https:\/\/precto.pl\/sklep\/wp-json\/wp\/v2\/media?parent=6353"}],"wp:term":[{"taxonomy":"product_brand","embeddable":true,"href":"https:\/\/precto.pl\/sklep\/wp-json\/wp\/v2\/product_brand?post=6353"},{"taxonomy":"product_cat","embeddable":true,"href":"https:\/\/precto.pl\/sklep\/wp-json\/wp\/v2\/product_cat?post=6353"},{"taxonomy":"product_tag","embeddable":true,"href":"https:\/\/precto.pl\/sklep\/wp-json\/wp\/v2\/product_tag?post=6353"}],"curies":[{"name":"wp","href":"https:\/\/api.w.org\/{rel}","templated":true}]}}