{"id":597,"date":"2022-01-18T05:42:45","date_gmt":"2022-01-18T04:42:45","guid":{"rendered":"https:\/\/precto.pl\/sklep\/produkt\/prowadnica-lancuch-2-oregon-oleo-mac-931-932-gs350\/"},"modified":"2025-08-10T09:17:48","modified_gmt":"2025-08-10T07:17:48","slug":"prowadnica-lancuch-2-oregon-oleo-mac-931-932-gs350","status":"publish","type":"product","link":"https:\/\/precto.pl\/sklep\/prowadnica-lancuch-2-oregon-oleo-mac-931-932-gs350\/","title":{"rendered":"PROWADNICA \u0141A\u0143CUCH 2 OREGON OLEO MAC 931 932 GS350"},"content":{"rendered":"<table width=\"100%\">\n<tr>\n<td width=\"50%\">\n<h3>PROWADNICA \u0141A\u0143CUCH X2 OREGON HUSQVARNA 136 137 141<\/h3>\n<h2>IDEALNY DO PILAREK : MAKITA, PARTNER, OLEO MAC, ALPINA, HUSQVARNA<\/h2>\n<p>LISTA WSZYSTKICH MODELI PILAREK PONI\u017bEJ.<\/p>\n<p><b>W SK\u0141AD ZESTAWU WCHODZI :<\/b><\/p>\n<ul>\n<li><b>PROWADNICA 14 CALI ( 35 CM ) OREGON DOUBLE GUARD O ZMNIEJSZONYM ODBICIU<\/b><\/li>\n<li><b>2 \u0141A\u0143CUCHY TN\u0104CE OREGON\u00a0Xtraguard P\u00d3\u0141D\u0141UTO 3\/8 1,3 52 OGNIWA<\/b><\/li>\n<\/ul>\n<p><b>KO\u0143C\u00d3WKA MOTA\u017bOWA : A041<\/b><\/p>\n<\/td>\n<\/tr>\n<tr>\n<td>\u00a0<\/td>\n<\/tr>\n<tr>\n<td width=\"50%\">\n<h3>PROWADNICA OREGON DOUBLE GUARD 14&#8243; 35 CM 3\/8 1,3<\/h3>\n<p>DANE TECHNICZNE :<\/p>\n<p>D\u0141UGO\u015a\u0106 ROBOCZA : 14&#8243; 35 CM<\/p>\n<p>PODZIA\u0141KA : 3\/8&#8243;<\/p>\n<p>SZEROKO\u015a\u0106 ROWKA : 1,3 MM<\/p>\n<p>\u00a0<\/p>\n<p>CHARAKTERYSTYKA :<\/p>\n<p>&#8211; KO\u0143C\u00d3WKA PROWADNICY O KSZTA\u0141CIE ZAPOBIEGAJ\u0104CYM ODBICIU<\/p>\n<p>&#8211; WYTRZYMA\u0141Y I LEKKI MATERIA\u0141 ZAPEWNIAJ\u0104CY D\u0141UG\u0104 \u017bYWOTNO\u015a\u0106<\/p>\n<p>&#8211; ZASTOSOWANIE TECHNOLOGII LUBRI-DAM ZAPEWNIA LEPSZE SMAROWANIE I MNIEJSZE ZU\u017bYCIE OLEJU \u0141A\u0143CUCHOWEGO<\/p>\n<\/td>\n<\/tr>\n<tr>\n<td>\u00a0<\/td>\n<\/tr>\n<tr>\n<td width=\"50%\">\n<h3>\u0141A\u0143CUCH OREGON XTRAGUARD P\u00d3\u0141D\u0141UTO<\/h3>\n<h3>\u00a0<\/h3>\n<p><b>CHARAKTERYSTYKA :<\/b><\/p>\n<p>ILO\u015a\u0106 OGNIW : 52<\/p>\n<p>ILO\u015a\u0106 Z\u0118B\u00d3W : 26<\/p>\n<p>GRUBO\u015a\u0106 OGNIWA : 1,3 MM<\/p>\n<p>PODZIA\u0141KA : 3\/8 &#8220;<\/p>\n<p>\u00a0<\/p>\n<p><b>\u0141A\u0143CUCH O ZMNIEJSZONYM ODBICIU I NISKIM POZIOMIE WIBRACJI. OGNIWA TN\u0104CE W KSZTA\u0141CIE \u015aCI\u0118TEGO D\u0141UTA ZAPEWNIAJ\u0104 WYSOK\u0104 WYDAJNO\u015a\u0106 I TRWA\u0141O\u015a\u0106 ZESTAWU TN\u0104CEGO.<\/b><\/p>\n<\/td>\n<\/tr>\n<tr>\n<td>\u00a0<\/td>\n<\/tr>\n<tr>\n<td colspan=\"2\">\n<h3>ZESTAW PASUJE DO PILAREK :<\/h3>\n<p><b>Dolmar: 100 101 102 103 104 105 106 108 275 285 ES140 ES151 ES152 ES152A ES153 ES160 ES161 ES162 ES162A ES163 ES172 ES172A ES173 ES183 ES2035 ES2040 ES3 ES30 ES37 ES40 ES41 ES6 PS33 PS330 PS3300TH PS34 PS340 PS341 PS3410 PS344 PS350 PS390 PS400 PS401 PS41 PS45<\/b><\/p>\n<p><b>Echo: CS2600ES CS260TES CS2700ES CS310WES CS3500ES CS350WES CS351WES<\/b><\/p>\n<p><b>Homelite: 20AV 23AV 27 3300 3335 3350 3550 3800 3850 4500 4550 CS40 HCS3335 HCS4041CA PS33 RANGER TIMBERMAN UT10901 UT10926 UT10974<\/b><\/p>\n<p><b>Husqvarna: 23 E16 E316 E317 E321 T425<\/b><\/p>\n<p><b>Makita: 5012 5014 5016 BUC122RFE BUC250RDE DCS232T DCS300 DCS330S DCS340 DCS341 DCS3410TH DCS350 DCS3501 DCS380 DCS390 DCS400 DCS401 DCS4610 EA3201 EA3500F35B EA3500F40B UC250DWB UC3000 UC3030A UC3500 UC3501 UC3520A UC3530AK UC4000 UC4020A UC4030AK UC4530A<\/b><\/p>\n<p><b>McCulloch: 10-42 10-49 335 435 440 441 442 4600 4700 4900 5000 738 TIMBERBEAR-849 TITAN41 TITAN46<\/b><\/p>\n<p><b>Oleo-Mac: 931 932 GS35 GS350 GS370 GS410C<\/b><\/p>\n<p><b>Partner: 330 335 340 345 350 351 352 360 370 385 391 395 P390 P420 P842<\/b><\/p>\n<p><b>Shindaiwa: 285S 300S 305S 350 352S 360<\/b><\/p>\n<\/td>\n<\/tr>\n<tr>\n<td>\u00a0<\/td>\n<\/tr>\n<tr>\n<td colspan=\"2\">\n<p>Przy zakupie kilku produkt\u00f3w w naszym sklepie za przesy\u0142k\u0119 zap\u0142ac\u0105 Pa\u0144stwo tylko raz.<\/p>\n<p>W naszym sklepie internetowym znajd\u0105 pa\u0144stwo szeroki asortyment cz\u0119\u015bci do:<\/p>\n<ul>\n<li>pilarek spalinowych i elektrycznych wielu marek m.in. stihl, husqvarna, dolmar, makita, oleo mac, solo, jonserad itp.<\/li>\n<li>kos spalinowych ww. marek<\/li>\n<li>kosiarek spalinowych z silnikami briggs &amp; stratton, loncin, honda<\/li>\n<li>przecinarek do betonu<\/li>\n<li>maszyn budowlanych wacker<\/li>\n<li>wielu innych maszyn i urz\u0105dze\u0144 wykorzystywanych w przydomowych pracach<\/li>\n<li>oraz pilniki, \u0142a\u0144cuchy, prowadnice, oleje, \u015brodki ochrony osobistej i wiele innych produkt\u00f3w i urz\u0105dze\u0144 pomocnych przy pracy w lesie, domu czy ogrodzie.<\/li>\n<\/ul>\n<p>Ci\u0105gle poszerzamy nasz\u0105 ofert\u0119 o nowe produkty, poszukuj\u0105c jak najlepszych rozwi\u0105za\u0144 dla naszych klient\u00f3w.<\/p>\n<\/td>\n<\/tr>\n<tr>\n<td>\u00a0<\/td>\n<\/tr>\n<\/table>\n","protected":false},"excerpt":{"rendered":"<p>PROWADNICA \u0141A\u0143CUCH 2 OREGON OLEO MAC 931 932 GS350<\/p>\n","protected":false},"featured_media":594,"comment_status":"open","ping_status":"closed","template":"","meta":[],"product_brand":[],"product_cat":[35],"product_tag":[],"class_list":{"0":"post-597","1":"product","2":"type-product","3":"status-publish","4":"has-post-thumbnail","6":"product_cat-prowadnice-i-lancuchy","8":"first","9":"instock","10":"taxable","11":"shipping-taxable","12":"purchasable","13":"product-type-simple"},"_links":{"self":[{"href":"https:\/\/precto.pl\/sklep\/wp-json\/wp\/v2\/product\/597","targetHints":{"allow":["GET"]}}],"collection":[{"href":"https:\/\/precto.pl\/sklep\/wp-json\/wp\/v2\/product"}],"about":[{"href":"https:\/\/precto.pl\/sklep\/wp-json\/wp\/v2\/types\/product"}],"replies":[{"embeddable":true,"href":"https:\/\/precto.pl\/sklep\/wp-json\/wp\/v2\/comments?post=597"}],"wp:featuredmedia":[{"embeddable":true,"href":"https:\/\/precto.pl\/sklep\/wp-json\/wp\/v2\/media\/594"}],"wp:attachment":[{"href":"https:\/\/precto.pl\/sklep\/wp-json\/wp\/v2\/media?parent=597"}],"wp:term":[{"taxonomy":"product_brand","embeddable":true,"href":"https:\/\/precto.pl\/sklep\/wp-json\/wp\/v2\/product_brand?post=597"},{"taxonomy":"product_cat","embeddable":true,"href":"https:\/\/precto.pl\/sklep\/wp-json\/wp\/v2\/product_cat?post=597"},{"taxonomy":"product_tag","embeddable":true,"href":"https:\/\/precto.pl\/sklep\/wp-json\/wp\/v2\/product_tag?post=597"}],"curies":[{"name":"wp","href":"https:\/\/api.w.org\/{rel}","templated":true}]}}