{"id":5785,"date":"2022-01-18T07:25:31","date_gmt":"2022-01-18T06:25:31","guid":{"rendered":"https:\/\/precto.pl\/sklep\/produkt\/oleo-mac-947-950-951-prowadnica-45cm-lancuch-x2\/"},"modified":"2023-09-07T16:26:43","modified_gmt":"2023-09-07T14:26:43","slug":"oleo-mac-947-950-951-prowadnica-45cm-lancuch-x2","status":"publish","type":"product","link":"https:\/\/precto.pl\/sklep\/oleo-mac-947-950-951-prowadnica-45cm-lancuch-x2\/","title":{"rendered":"OLEO MAC 947 950 951 PROWADNICA 45CM \u0141A\u0143CUCH X2"},"content":{"rendered":"<table width=\"100%\">\n<tr>\n<td width=\"50%\">\n<h3>ZESTAW ZAWIERA : PROWADNICA 45 CM + 2X \u0141A\u0143CUCH 45 CM<\/h3>\n<p><b>DYSTRYBUTOR:<\/b> DOLPIMA<\/p>\n<h3>PARAMETRY :<\/h3>\n<p><b>LICZBA OGNIW : 72<\/b><\/p>\n<p><b>LICZBA Z\u0118B\u00d3W : 36<\/b><\/p>\n<p><b>SKOK \u0141A\u0143CUCHA : 0,325 CALA<\/b><\/p>\n<p><b>ROWEK PROWADZ\u0104CY : 1,5 MM<\/b><\/p>\n<p><b>D\u0141UGO\u015a\u0106 PROWADNICY : 45 CM \/ 18&#8243;<\/b><\/p>\n<p><b>LICZBA NIT\u00d3W : 4<\/b><\/p>\n<p><b>ILO\u015a\u0106 Z\u0118B\u00d3W NA NOSKU : 10<\/b><\/p>\n<h3>PASUJE DO MODELI PILAREK :<\/h3>\n<ul>\n<li><b>Husqvarna:<\/b> 36, 40, 42, 45, 51, 136, 154, 240, 242, 254, 257, 262, 339XP, 340, 345, 346, 346XP, 350, 353, 357, 357XP, 359, 435, 435E, 440E, 445, 445E, 450E, 455 RANCHER, 460 RANCHER, 460, 455E RANCHER, 41, 44, 50, 133, 137, 141, 142, 234, 238, 242XP, 246, 261, 351, T435, 444, 55, 140, 235, 240e, 254XP, 560XP, 440, 550,<\/li>\n<li><b>Oleo-Mac:<\/b> 938, 940, 941, 942, 945, 946, 947, 950 Super, 950A, 950, 951, 952, 956, 962, E300F, 850,<\/li>\n<li><b>Solo:<\/b> 639, 641, 644, 645, 647, 650, 651, 652, 656, 665, 654,<\/li>\n<li><b>Makita:<\/b> DCS430, DCS460, DCS500, DCS5030, DCS520, DCS4300I, DCS5200I, DCS431, 45, DCS4600S, DCS5000, DCS43001, DCS4630,<\/li>\n<li><b>Jonsered:<\/b> 370, 380, 410, 420, 425, 435, 45, 450, 451, 451EVS, 452, 455, 490, 49SP, 50, 51, 52, 510, 520, 521, 525, 535, 590, 2012, 2014, 2015, 2016, 2036, 2040, 2041, 2045, 2050, 2051, 2054, 2055, 2145, 2147, 2149, 2152, 2150, 2153, 2155, 2156, 2159, 2163, CS2149W, CS2152W, 2063, 2141,<\/li>\n<li><b>Dolmar:<\/b> 109, 110, 111, 112, 113, 114, 115i, 116, PS460, PS4600, PS4605, PS500, PS5000, PS510, PS5100S, PS540, ES1800,<\/li>\n<li><b>Partner:<\/b> 365, 400, 405, 410, 450, 460, 465, 495, 500, 510, 540, 545, P500, P5000, P5500, 470, 1200EL, 1400EL, 1450EL, 1500EL, 1650EL,<\/li>\n<li><b>Zenoah:<\/b> G38, G415AVS, G410AVS, G455AVS, G46, G500AVS, G5300, G5000,<\/li>\n<li><b>Homelite:<\/b> HCS4040, HCS4446CA, 250, 252, 290, 290C, 300, 340C, 3850B, 415B, 4550B, 340, 3850C, 444, HCS4045,<\/li>\n<li><b>Nac:<\/b> SPS01-45, SPS02-45, SPS01-52, YD40, YD 40\/45, YD52, NO-CS38,<\/li>\n<li><b>Alpina:<\/b> A40, A40E, PROF-41, PROF-45, PRO540, PRO600, P400, P450, P460, P500, P510, P522,<\/li>\n<\/ul>\n<\/td>\n<\/tr>\n<tr>\n<td>\u00a0<\/td>\n<\/tr>\n<tr>\n<td colspan=\"2\">\n<p>Przy zakupie kilku produkt\u00f3w w naszym sklepie za przesy\u0142k\u0119 zap\u0142ac\u0105 Pa\u0144stwo tylko raz.<\/p>\n<p>W naszym sklepie internetowym znajd\u0105 pa\u0144stwo szeroki asortyment cz\u0119\u015bci do:<\/p>\n<ul>\n<li>pilarek spalinowych i elektrycznych wielu marek m.in. stihl, husqvarna, dolmar, makita, oleo mac, solo, jonserad itp.<\/li>\n<li>kos spalinowych ww. marek<\/li>\n<li>kosiarek spalinowych z silnikami briggs &amp; stratton, loncin, honda<\/li>\n<li>przecinarek do betonu<\/li>\n<li>maszyn budowlanych wacker<\/li>\n<li>wielu innych maszyn i urz\u0105dze\u0144 wykorzystywanych w przydomowych pracach<\/li>\n<li>oraz pilniki, \u0142a\u0144cuchy, prowadnice, oleje, \u015brodki ochrony osobistej i wiele innych produkt\u00f3w i urz\u0105dze\u0144 pomocnych przy pracy w lesie, domu czy ogrodzie.<\/li>\n<\/ul>\n<p>Ci\u0105gle poszerzamy nasz\u0105 ofert\u0119 o nowe produkty, poszukuj\u0105c jak najlepszych rozwi\u0105za\u0144 dla naszych klient\u00f3w.<\/p>\n<\/td>\n<\/tr>\n<tr>\n<td>\u00a0<\/td>\n<\/tr>\n<\/table>\n","protected":false},"excerpt":{"rendered":"<p>OLEO MAC 947 950 951 PROWADNICA 45CM \u0141A\u0143CUCH X2<\/p>\n","protected":false},"featured_media":5784,"comment_status":"open","ping_status":"closed","template":"","meta":[],"product_brand":[],"product_cat":[35],"product_tag":[],"class_list":{"0":"post-5785","1":"product","2":"type-product","3":"status-publish","4":"has-post-thumbnail","6":"product_cat-prowadnice-i-lancuchy","8":"first","9":"instock","10":"taxable","11":"shipping-taxable","12":"purchasable","13":"product-type-simple"},"_links":{"self":[{"href":"https:\/\/precto.pl\/sklep\/wp-json\/wp\/v2\/product\/5785","targetHints":{"allow":["GET"]}}],"collection":[{"href":"https:\/\/precto.pl\/sklep\/wp-json\/wp\/v2\/product"}],"about":[{"href":"https:\/\/precto.pl\/sklep\/wp-json\/wp\/v2\/types\/product"}],"replies":[{"embeddable":true,"href":"https:\/\/precto.pl\/sklep\/wp-json\/wp\/v2\/comments?post=5785"}],"wp:featuredmedia":[{"embeddable":true,"href":"https:\/\/precto.pl\/sklep\/wp-json\/wp\/v2\/media\/5784"}],"wp:attachment":[{"href":"https:\/\/precto.pl\/sklep\/wp-json\/wp\/v2\/media?parent=5785"}],"wp:term":[{"taxonomy":"product_brand","embeddable":true,"href":"https:\/\/precto.pl\/sklep\/wp-json\/wp\/v2\/product_brand?post=5785"},{"taxonomy":"product_cat","embeddable":true,"href":"https:\/\/precto.pl\/sklep\/wp-json\/wp\/v2\/product_cat?post=5785"},{"taxonomy":"product_tag","embeddable":true,"href":"https:\/\/precto.pl\/sklep\/wp-json\/wp\/v2\/product_tag?post=5785"}],"curies":[{"name":"wp","href":"https:\/\/api.w.org\/{rel}","templated":true}]}}