{"id":5595,"date":"2022-01-18T07:21:34","date_gmt":"2022-01-18T06:21:34","guid":{"rendered":"https:\/\/precto.pl\/sklep\/produkt\/lozysko-bebna-husqvarna-281xp-394xp-395xp-288xp\/"},"modified":"2022-10-06T12:42:11","modified_gmt":"2022-10-06T10:42:11","slug":"lozysko-bebna-husqvarna-281xp-394xp-395xp-288xp","status":"publish","type":"product","link":"https:\/\/precto.pl\/sklep\/lozysko-bebna-husqvarna-281xp-394xp-395xp-288xp\/","title":{"rendered":"\u0141O\u017bYSKO B\u0118BNA HUSQVARNA 281XP 394XP 395XP 288XP"},"content":{"rendered":"<table width=\"100%\">\n<tr>\n<td width=\"50%\">\n<p>WYMIARY :<\/p>\n<h3>14,5&#215;17,5&#215;16 MM<\/h3>\n<p>DANE TECHNICZNE :<\/p>\n<h3>503 25 30-01<\/h3>\n<p><b>NAJWY\u017bSZEJ JAKO\u015aCI PRODUKT STOSOWANY Z POWODZENIEM W NASZYM SERWISIE<\/b><\/p>\n<\/td>\n<\/tr>\n<tr>\n<td>\u00a0<\/td>\n<\/tr>\n<tr>\n<td colspan=\"2\">\n<p>PASUJE DO MODELI :<\/p>\n<h3>HUSQVARNA<\/h3>\n<p>394 (1994-01) Chainsaw<\/p>\n<p>394 (1994-01) Chainsaw<\/p>\n<p>394 (1996-01) Chainsaw<\/p>\n<p>394 (1996-01) Chainsaw<\/p>\n<p>394 EPA (1998-03) Chainsaw<\/p>\n<p>394 EPA (1998-03) Chainsaw<\/p>\n<p>395 (2001-01) Chainsaw<\/p>\n<p>395 (2001-01) Chainsaw<\/p>\n<p>395 (2003-10) Chainsaw<\/p>\n<p>395 (2003-10) Chainsaw<\/p>\n<p>395 (2005-05) Chainsaw<\/p>\n<p>395 (2005-05) Chainsaw<\/p>\n<p>395 EPA (2007-01) Chainsaw<\/p>\n<p>395 EPA (2007-01) Chainsaw<\/p>\n<p>395 EPA (2001-01) Chainsaw<\/p>\n<p>395 EPA (2001-01) Chainsaw<\/p>\n<p>395 EPA (2003-10) Chainsaw<\/p>\n<p>395 EPA (2003-10) Chainsaw<\/p>\n<p>395 EPA (2005-05) Chainsaw<\/p>\n<p>395 EPA (2005-05) Chainsaw<\/p>\n<p>394 (1992-01) Chainsaw<\/p>\n<p>394 (1992-01) Chainsaw<\/p>\n<p>394 (1992-02) Chainsaw<\/p>\n<p>394 (1992-02) Chainsaw<\/p>\n<p>298 (1987-01) Chainsaw<\/p>\n<p>298 (1987-01) Chainsaw<\/p>\n<p>298 (1987-06) Chainsaw<\/p>\n<p>298 (1987-06) Chainsaw<\/p>\n<p>3120 (1989-02) Chainsaw<\/p>\n<p>3120 (1989-02) Chainsaw<\/p>\n<p>3120 (1990-01) Chainsaw<\/p>\n<p>3120 (1990-01) Chainsaw<\/p>\n<p>3120 (1994-06) Chainsaw<\/p>\n<p>3120 (1994-06) Chainsaw<\/p>\n<p>3120 (1996-01) Chainsaw<\/p>\n<p>3120 (1996-01) Chainsaw<\/p>\n<p>3120 (1998-03) Chainsaw<\/p>\n<p>3120 (1998-03) Chainsaw<\/p>\n<p>3120 (2000-02) Chainsaw<\/p>\n<p>3120 (2000-02) Chainsaw<\/p>\n<p>3120 (2001-09) Chainsaw<\/p>\n<p>3120 (2001-09) Chainsaw<\/p>\n<p>3120 EPA (1998-03) Chainsaw<\/p>\n<p>3120 EPA (1998-03) Chainsaw<\/p>\n<p>3120 EPA (2000-02) Chainsaw<\/p>\n<p>3120 EPA (2000-02) Chainsaw<\/p>\n<p>3120 XP (2003-11) Chainsaw<\/p>\n<p>3120 XP (2003-11) Chainsaw<\/p>\n<p>3120 XP EPA (2003-11) Chainsaw<\/p>\n<p>3120 XP EPA (2003-11) Chainsaw<\/p>\n<p>281 (1997-12) Chainsaw<\/p>\n<p>281 (1997-12) Chainsaw<\/p>\n<p>281 (2000-02) Chainsaw<\/p>\n<p>281 (2000-02) Chainsaw<\/p>\n<p>281 (2001-10) Chainsaw<\/p>\n<p>281 (2001-10) Chainsaw<\/p>\n<p>288 (1997-12) Chainsaw<\/p>\n<p>288 (1997-12) Chainsaw<\/p>\n<p>288 (2000-02) Chainsaw<\/p>\n<p>288 (2000-02) Chainsaw<\/p>\n<p>288 (2001-10) Chainsaw<\/p>\n<p>288 (2001-10) Chainsaw<\/p>\n<p>288 EPA (1997-12) Chainsaw<\/p>\n<p>288 EPA (1997-12) Chainsaw<\/p>\n<p>288 EPA (2000-02) Chainsaw<\/p>\n<p>288 EPA (2000-02) Chainsaw<\/p>\n<p>288 EPA (2001-10) Chainsaw<\/p>\n<p>288 EPA (2001-10) Chainsaw<\/p>\n<p>281XP (2010-06) Chainsaw<\/p>\n<p>281XP (2010-06) Chainsaw<\/p>\n<p>394XP (1998-03) Chainsaw<\/p>\n<p>394XP (1998-03) Chainsaw<\/p>\n<p>394XP (1996-01) Chainsaw<\/p>\n<p>394XP (1996-01) Chainsaw<\/p>\n<p>394XP (1994-01) Chainsaw<\/p>\n<p>394XP (1994-01) Chainsaw<\/p>\n<p>394XP (1992-10) Chainsaw<\/p>\n<p>394XP (1992-10) Chainsaw<\/p>\n<p>395 XP (2016-10) Epa Chain Saw<\/p>\n<p>395 XP (2010-06) Epa Chain Saw<\/p>\n<p>288 XP (2018-06) Chain Saw<\/p>\n<p>288 XP (2016-07) Chain Saw<\/p>\n<p>288 XP (2010-06) Chain Saw<\/p>\n<p>395 XP (2003-10) Epa Chain Saw<\/p>\n<p>395 XP (2007-01) Chain Saw<\/p>\n<p>395 XP (2005-05) Chain Saw<\/p>\n<p>395XP (2003-01) Chain Saw<\/p>\n<p>395 XP (2001-01) Chain Saw<\/p>\n<p>395 XP EPA (20070100001-20102299999) Chainsaw<\/p>\n<p>395 XP EPA (20051800001-20070100000) Chainsaw<\/p>\n<p>395 XP EPA (20034000001-20051800000) Chainsaw<\/p>\n<p>395 XP EPA (20010100001-20034000000) Chainsaw<\/p>\n<p>394 XP EPA (19980900001-Current) Chainsaw<\/p>\n<p>395 XP EPA (20193500001-current) Chainsaw<\/p>\n<p>395 XP EPA (20163900001-20193499999) Chainsaw<\/p>\n<p>395 XP EPA (20102200001-20163899999) Chainsaw<\/p>\n<\/td>\n<\/tr>\n<tr>\n<td>\u00a0<\/td>\n<\/tr>\n<\/table>\n","protected":false},"excerpt":{"rendered":"<p>\u0141O\u017bYSKO B\u0118BNA HUSQVARNA 281XP 394XP 395XP 288XP<\/p>\n","protected":false},"featured_media":5594,"comment_status":"open","ping_status":"closed","template":"","meta":[],"product_brand":[],"product_cat":[53],"product_tag":[],"class_list":{"0":"post-5595","1":"product","2":"type-product","3":"status-publish","4":"has-post-thumbnail","6":"product_cat-lozyska-i-uszczelniacze","8":"first","9":"instock","10":"taxable","11":"shipping-taxable","12":"purchasable","13":"product-type-simple"},"_links":{"self":[{"href":"https:\/\/precto.pl\/sklep\/wp-json\/wp\/v2\/product\/5595","targetHints":{"allow":["GET"]}}],"collection":[{"href":"https:\/\/precto.pl\/sklep\/wp-json\/wp\/v2\/product"}],"about":[{"href":"https:\/\/precto.pl\/sklep\/wp-json\/wp\/v2\/types\/product"}],"replies":[{"embeddable":true,"href":"https:\/\/precto.pl\/sklep\/wp-json\/wp\/v2\/comments?post=5595"}],"wp:featuredmedia":[{"embeddable":true,"href":"https:\/\/precto.pl\/sklep\/wp-json\/wp\/v2\/media\/5594"}],"wp:attachment":[{"href":"https:\/\/precto.pl\/sklep\/wp-json\/wp\/v2\/media?parent=5595"}],"wp:term":[{"taxonomy":"product_brand","embeddable":true,"href":"https:\/\/precto.pl\/sklep\/wp-json\/wp\/v2\/product_brand?post=5595"},{"taxonomy":"product_cat","embeddable":true,"href":"https:\/\/precto.pl\/sklep\/wp-json\/wp\/v2\/product_cat?post=5595"},{"taxonomy":"product_tag","embeddable":true,"href":"https:\/\/precto.pl\/sklep\/wp-json\/wp\/v2\/product_tag?post=5595"}],"curies":[{"name":"wp","href":"https:\/\/api.w.org\/{rel}","templated":true}]}}