{"id":5401,"date":"2022-01-18T07:17:50","date_gmt":"2022-01-18T06:17:50","guid":{"rendered":"https:\/\/precto.pl\/sklep\/produkt\/membrany-zestaw-naprawczy-gaznik-stihl-ts700-ts800\/"},"modified":"2023-02-08T20:07:23","modified_gmt":"2023-02-08T19:07:23","slug":"membrany-zestaw-naprawczy-gaznik-stihl-ts700-ts800","status":"publish","type":"product","link":"https:\/\/precto.pl\/sklep\/membrany-zestaw-naprawczy-gaznik-stihl-ts700-ts800\/","title":{"rendered":"MEMBRANY ZESTAW NAPRAWCZY GA\u0179NIK STIHL TS700 TS800"},"content":{"rendered":"<table width=\"100%\">\n<tr>\n<td width=\"50%\">\n<h3>ZESTAW NAPRAWCZY GA\u0179NIKA<\/h3>\n<p><b>NAJWY\u017bSZEJ KLASY PRODUKT<\/b><\/p>\n<p><b>FABRYCZNIE NOWY<\/b><\/p>\n<p><b>NUMER KAT :\u00a0<\/b>K15-WJ<\/p>\n<h3>UWAGA : ZESTAW PASUJE TYLKO DO WYMIENIONYCH PONI\u017bEJ GA\u0179NIK\u00d3W, WARTO SPRAWDZI\u0106 PRZED ZAKUPEM MODEL GA\u0179NIKA LUB KSZTA\u0141T MEMBRAN ABY UNIKN\u0104\u0106 NIEPOROZUMIE\u0143.<\/h3>\n<p><b>PASUJE DO MODELI :<\/b><\/p>\n<h3>STIHL :<\/h3>\n<ul>\n<li>Ga\u017anik WJ-114<\/li>\n<li>STIHL TS700 TS800<\/li>\n<\/ul>\n<\/td>\n<\/tr>\n<tr>\n<td>\u00a0<\/td>\n<\/tr>\n<tr>\n<td colspan=\"2\">\n<p>Przy zakupie kilku produkt\u00f3w w naszym sklepie za przesy\u0142k\u0119 zap\u0142ac\u0105 Pa\u0144stwo tylko raz.<\/p>\n<p>W naszym sklepie internetowym znajd\u0105 pa\u0144stwo szeroki asortyment cz\u0119\u015bci do:<\/p>\n<ul>\n<li>pilarek spalinowych i elektrycznych wielu marek m.in. stihl, husqvarna, dolmar, makita, oleo mac, solo, jonserad itp.<\/li>\n<li>kos spalinowych ww. marek<\/li>\n<li>kosiarek spalinowych z silnikami briggs &amp; stratton, loncin, honda<\/li>\n<li>przecinarek do betonu<\/li>\n<li>maszyn budowlanych wacker<\/li>\n<li>wielu innych maszyn i urz\u0105dze\u0144 wykorzystywanych w przydomowych pracach<\/li>\n<li>oraz pilniki, \u0142a\u0144cuchy, prowadnice, oleje, \u015brodki ochrony osobistej i wiele innych produkt\u00f3w i urz\u0105dze\u0144 pomocnych przy pracy w lesie, domu czy ogrodzie.<\/li>\n<\/ul>\n<p>Ci\u0105gle poszerzamy nasz\u0105 ofert\u0119 o nowe produkty, poszukuj\u0105c jak najlepszych rozwi\u0105za\u0144 dla naszych klient\u00f3w.<\/p>\n<\/td>\n<\/tr>\n<tr>\n<td>\u00a0<\/td>\n<\/tr>\n<\/table>\n","protected":false},"excerpt":{"rendered":"<p>MEMBRANY ZESTAW NAPRAWCZY GA\u0179NIK STIHL TS700 TS800<\/p>\n","protected":false},"featured_media":5400,"comment_status":"open","ping_status":"closed","template":"","meta":[],"product_brand":[],"product_cat":[48],"product_tag":[],"class_list":{"0":"post-5401","1":"product","2":"type-product","3":"status-publish","4":"has-post-thumbnail","6":"product_cat-czesci-do-urzadzen-budowlanych","8":"first","9":"instock","10":"taxable","11":"shipping-taxable","12":"purchasable","13":"product-type-simple"},"_links":{"self":[{"href":"https:\/\/precto.pl\/sklep\/wp-json\/wp\/v2\/product\/5401","targetHints":{"allow":["GET"]}}],"collection":[{"href":"https:\/\/precto.pl\/sklep\/wp-json\/wp\/v2\/product"}],"about":[{"href":"https:\/\/precto.pl\/sklep\/wp-json\/wp\/v2\/types\/product"}],"replies":[{"embeddable":true,"href":"https:\/\/precto.pl\/sklep\/wp-json\/wp\/v2\/comments?post=5401"}],"wp:featuredmedia":[{"embeddable":true,"href":"https:\/\/precto.pl\/sklep\/wp-json\/wp\/v2\/media\/5400"}],"wp:attachment":[{"href":"https:\/\/precto.pl\/sklep\/wp-json\/wp\/v2\/media?parent=5401"}],"wp:term":[{"taxonomy":"product_brand","embeddable":true,"href":"https:\/\/precto.pl\/sklep\/wp-json\/wp\/v2\/product_brand?post=5401"},{"taxonomy":"product_cat","embeddable":true,"href":"https:\/\/precto.pl\/sklep\/wp-json\/wp\/v2\/product_cat?post=5401"},{"taxonomy":"product_tag","embeddable":true,"href":"https:\/\/precto.pl\/sklep\/wp-json\/wp\/v2\/product_tag?post=5401"}],"curies":[{"name":"wp","href":"https:\/\/api.w.org\/{rel}","templated":true}]}}