{"id":5292,"date":"2022-01-18T07:15:38","date_gmt":"2022-01-18T06:15:38","guid":{"rendered":"https:\/\/precto.pl\/sklep\/produkt\/cewka-zaplon-iskrownik-nac-sps01-38-topsun-t4116\/"},"modified":"2022-10-06T12:45:14","modified_gmt":"2022-10-06T10:45:14","slug":"cewka-zaplon-iskrownik-nac-sps01-38-topsun-t4116","status":"publish","type":"product","link":"https:\/\/precto.pl\/sklep\/cewka-zaplon-iskrownik-nac-sps01-38-topsun-t4116\/","title":{"rendered":"CEWKA ZAP\u0141ON ISKROWNIK NAC SPS01-38 Topsun T4116"},"content":{"rendered":"<table width=\"100%\">\n<tr>\n<td width=\"50%\">\n<h3>CEWKA ZAP\u0141ON ISKROWNIK NAC SPS01-38 Topsun T4116<\/h3>\n<p>WYTRZYMA\u0141Y WYSOKIEJ KLASY PRODUKT Z POWODZENIEM STOSOWANY PRZEZ NASZ SERWIS I NASZYCH KLIENT\u00d3W.<\/p>\n<p>GWARANCJA 12 MIESI\u0118CY.<\/p>\n<p>NUMER KATALOGOWY : <b>YD38-3.01.11.01-00,\u00a0502-162<\/b><\/p>\n<p><b>PASUJE DO MODELI :<\/b><\/p>\n<h3>NAC<\/h3>\n<ul>\n<li>SPS01-38<\/li>\n<\/ul>\n<h3>TOPSUN<\/h3>\n<ul>\n<li>T4116<\/li>\n<li>TS41<\/li>\n<\/ul>\n<h3>EINHEL<\/h3>\n<\/td>\n<\/tr>\n<tr>\n<td>\u00a0<\/td>\n<\/tr>\n<tr>\n<td colspan=\"2\">\n<p>Przy zakupie kilku produkt\u00f3w w naszym sklepie za przesy\u0142k\u0119 zap\u0142ac\u0105 Pa\u0144stwo tylko raz.<\/p>\n<p>W naszym sklepie internetowym znajd\u0105 pa\u0144stwo szeroki asortyment cz\u0119\u015bci do:<\/p>\n<ul>\n<li>pilarek spalinowych i elektrycznych wielu marek m.in. stihl, husqvarna, dolmar, makita, oleo mac, solo, jonserad itp.<\/li>\n<li>kos spalinowych ww. marek<\/li>\n<li>kosiarek spalinowych z silnikami briggs &amp; stratton, loncin, honda<\/li>\n<li>przecinarek do betonu<\/li>\n<li>maszyn budowlanych wacker<\/li>\n<li>wielu innych maszyn i urz\u0105dze\u0144 wykorzystywanych w przydomowych pracach<\/li>\n<li>oraz pilniki, \u0142a\u0144cuchy, prowadnice, oleje, \u015brodki ochrony osobistej i wiele innych produkt\u00f3w i urz\u0105dze\u0144 pomocnych przy pracy w lesie, domu czy ogrodzie.<\/li>\n<\/ul>\n<p>Ci\u0105gle poszerzamy nasz\u0105 ofert\u0119 o nowe produkty, poszukuj\u0105c jak najlepszych rozwi\u0105za\u0144 dla naszych klient\u00f3w.<\/p>\n<\/td>\n<\/tr>\n<tr>\n<td>\u00a0<\/td>\n<\/tr>\n<\/table>\n","protected":false},"excerpt":{"rendered":"<p>CEWKA ZAP\u0141ON ISKROWNIK NAC SPS01-38 Topsun T4116<\/p>\n","protected":false},"featured_media":5291,"comment_status":"open","ping_status":"closed","template":"","meta":[],"product_brand":[],"product_cat":[39],"product_tag":[],"class_list":{"0":"post-5292","1":"product","2":"type-product","3":"status-publish","4":"has-post-thumbnail","6":"product_cat-uklad-zaplonowy-czesci-do-pilarek-spalinowych","8":"first","9":"instock","10":"taxable","11":"shipping-taxable","12":"purchasable","13":"product-type-simple"},"_links":{"self":[{"href":"https:\/\/precto.pl\/sklep\/wp-json\/wp\/v2\/product\/5292","targetHints":{"allow":["GET"]}}],"collection":[{"href":"https:\/\/precto.pl\/sklep\/wp-json\/wp\/v2\/product"}],"about":[{"href":"https:\/\/precto.pl\/sklep\/wp-json\/wp\/v2\/types\/product"}],"replies":[{"embeddable":true,"href":"https:\/\/precto.pl\/sklep\/wp-json\/wp\/v2\/comments?post=5292"}],"wp:featuredmedia":[{"embeddable":true,"href":"https:\/\/precto.pl\/sklep\/wp-json\/wp\/v2\/media\/5291"}],"wp:attachment":[{"href":"https:\/\/precto.pl\/sklep\/wp-json\/wp\/v2\/media?parent=5292"}],"wp:term":[{"taxonomy":"product_brand","embeddable":true,"href":"https:\/\/precto.pl\/sklep\/wp-json\/wp\/v2\/product_brand?post=5292"},{"taxonomy":"product_cat","embeddable":true,"href":"https:\/\/precto.pl\/sklep\/wp-json\/wp\/v2\/product_cat?post=5292"},{"taxonomy":"product_tag","embeddable":true,"href":"https:\/\/precto.pl\/sklep\/wp-json\/wp\/v2\/product_tag?post=5292"}],"curies":[{"name":"wp","href":"https:\/\/api.w.org\/{rel}","templated":true}]}}