{"id":5284,"date":"2022-01-18T07:15:30","date_gmt":"2022-01-18T06:15:30","guid":{"rendered":"https:\/\/precto.pl\/sklep\/produkt\/cewka-modul-iskrownik-stihl-ms171-ms181-ms211-oryg\/"},"modified":"2024-07-30T20:50:34","modified_gmt":"2024-07-30T18:50:34","slug":"cewka-modul-iskrownik-stihl-ms171-ms181-ms211-oryg","status":"publish","type":"product","link":"https:\/\/precto.pl\/sklep\/cewka-modul-iskrownik-stihl-ms171-ms181-ms211-oryg\/","title":{"rendered":"CEWKA MODU\u0141 ISKROWNIK STIHL MS171 MS181 MS211 ORYG"},"content":{"rendered":"<table width=\"100%\">\n<tr>\n<td width=\"50%\">\n<h3>CEWKA MODU\u0141 ISKROWNIK STIHL MS171 MS181 MS211 NOWY<\/h3>\n<p>PRODUKT ORYGINALNY<\/p>\n<p>PRODUCENT : STIHL<\/p>\n<p>NUMER KATALOGOWY :\u00a01139 400 1307 ( NUMER NA OBUDOWIE ISKROWNIKA MO\u017bE BY\u0106 INNY )<\/p>\n<p>STOSOWANY DO PILAREK WYPRODUKOWANYCH DO 2013R. W SPRAWIE NOWSZYCH PILAREK PROSZ\u0118 O KONTAKT.<\/p>\n<p><b>PASUJE DO MODELI :<\/b><\/p>\n<p><b>STIHL MS 171 MS 181 MS 211<\/b><\/p>\n<h3>GWARANCJA ZADOWOLENIA<\/h3>\n<h3>24 MIESI\u0104CE GWARANCJI !!<\/h3>\n<p><b>WYSY\u0141KA W CI\u0104GU 24 GODZIN OD ZAM\u00d3WIENIA !!<\/b><\/p>\n<p><b>Paragon \/ FV<\/b><\/p>\n<\/td>\n<\/tr>\n<tr>\n<td>\u00a0<\/td>\n<\/tr>\n<\/table>\n","protected":false},"excerpt":{"rendered":"<p>CEWKA MODU\u0141 ISKROWNIK STIHL MS171 MS181 MS211 ORYG<\/p>\n","protected":false},"featured_media":5283,"comment_status":"open","ping_status":"closed","template":"","meta":[],"product_brand":[],"product_cat":[39],"product_tag":[],"class_list":{"0":"post-5284","1":"product","2":"type-product","3":"status-publish","4":"has-post-thumbnail","6":"product_cat-uklad-zaplonowy-czesci-do-pilarek-spalinowych","8":"first","9":"outofstock","10":"taxable","11":"shipping-taxable","12":"purchasable","13":"product-type-simple"},"_links":{"self":[{"href":"https:\/\/precto.pl\/sklep\/wp-json\/wp\/v2\/product\/5284","targetHints":{"allow":["GET"]}}],"collection":[{"href":"https:\/\/precto.pl\/sklep\/wp-json\/wp\/v2\/product"}],"about":[{"href":"https:\/\/precto.pl\/sklep\/wp-json\/wp\/v2\/types\/product"}],"replies":[{"embeddable":true,"href":"https:\/\/precto.pl\/sklep\/wp-json\/wp\/v2\/comments?post=5284"}],"wp:featuredmedia":[{"embeddable":true,"href":"https:\/\/precto.pl\/sklep\/wp-json\/wp\/v2\/media\/5283"}],"wp:attachment":[{"href":"https:\/\/precto.pl\/sklep\/wp-json\/wp\/v2\/media?parent=5284"}],"wp:term":[{"taxonomy":"product_brand","embeddable":true,"href":"https:\/\/precto.pl\/sklep\/wp-json\/wp\/v2\/product_brand?post=5284"},{"taxonomy":"product_cat","embeddable":true,"href":"https:\/\/precto.pl\/sklep\/wp-json\/wp\/v2\/product_cat?post=5284"},{"taxonomy":"product_tag","embeddable":true,"href":"https:\/\/precto.pl\/sklep\/wp-json\/wp\/v2\/product_tag?post=5284"}],"curies":[{"name":"wp","href":"https:\/\/api.w.org\/{rel}","templated":true}]}}