{"id":5254,"date":"2022-01-18T07:14:56","date_gmt":"2022-01-18T06:14:56","guid":{"rendered":"https:\/\/precto.pl\/sklep\/produkt\/cylinder-kpl-oleo-mac-744-753-754-45mm-nowy-nevada\/"},"modified":"2022-10-06T12:45:28","modified_gmt":"2022-10-06T10:45:28","slug":"cylinder-kpl-oleo-mac-744-753-754-45mm-nowy-nevada","status":"publish","type":"product","link":"https:\/\/precto.pl\/sklep\/cylinder-kpl-oleo-mac-744-753-754-45mm-nowy-nevada\/","title":{"rendered":"CYLINDER KPL OLEO MAC 744 753 754 45MM NOWY NEVADA"},"content":{"rendered":"<table width=\"100%\">\n<tr>\n<td width=\"50%\">\n<h3>CYLINDER KPL OLEO MAC 744 753 754 45MM NOWY NEVADA<\/h3>\n<p><b>WYSOKIEJ KLASY ZAMIENNIK<\/b><\/p>\n<p><b>PASUJE DO MODELI KOS :<\/b><\/p>\n<p><b>OLEO MAC : OLEO MAC 744 753 754<\/b><\/p>\n<p>NUMERY KAT.<\/p>\n<p>611 120 35H<\/p>\n<p>CYLINDER CHROMOWANY &#8211; WEWN\u0118TRZNA G\u0141AD\u0179<\/p>\n<p>\u00a0<\/p>\n<p><b>W sk\u0142ad zestawy wchodz\u0105 :<\/b><\/p>\n<p><b>Cylinder<\/b><\/p>\n<p><b>T\u0142ok<\/b><\/p>\n<p><b>Pier\u015bcienie X2<\/b><\/p>\n<p><b>Sworze\u0144<\/b><\/p>\n<p><b>Zabezpieczenia X2<\/b><\/p>\n<h3>GWARANCJA ZADOWOLENIA<\/h3>\n<h3>12 MIESI\u0118CY GWARANCJI !!<\/h3>\n<p><b>WYSOKIEJ KLASY ZAMIENNIK STOSOWANY Z POWODZENIEM W NASZYM SERWISIE, KLIENCI KT\u00d3RZY ZAKUPILI WW. PRODUKT S\u0104 ZADOWOLENI Z WYSOKIEJ JAKO\u015aCI I NISKIEJ CENY !!<\/b><\/p>\n<p><b>WYSY\u0141KA W CI\u0104GU 24 GODZIN OD ZAM\u00d3WIENIA !!<\/b><\/p>\n<p><b>Paragon \/ FV<\/b><\/p>\n<\/td>\n<\/tr>\n<tr>\n<td>\u00a0<\/td>\n<\/tr>\n<tr>\n<td colspan=\"2\">\n<p>Przy zakupie kilku produkt\u00f3w w naszym sklepie za przesy\u0142k\u0119 zap\u0142ac\u0105 Pa\u0144stwo tylko raz.<\/p>\n<p>W naszym sklepie internetowym znajd\u0105 pa\u0144stwo szeroki asortyment cz\u0119\u015bci do:<\/p>\n<ul>\n<li>pilarek spalinowych i elektrycznych wielu marek m.in. stihl, husqvarna, dolmar, makita, oleo mac, solo, jonserad itp.<\/li>\n<li>kos spalinowych ww. marek<\/li>\n<li>kosiarek spalinowych z silnikami briggs &amp; stratton, loncin, honda<\/li>\n<li>przecinarek do betonu<\/li>\n<li>maszyn budowlanych wacker<\/li>\n<li>wielu innych maszyn i urz\u0105dze\u0144 wykorzystywanych w przydomowych pracach<\/li>\n<li>oraz pilniki, \u0142a\u0144cuchy, prowadnice, oleje, \u015brodki ochrony osobistej i wiele innych produkt\u00f3w i urz\u0105dze\u0144 pomocnych przy pracy w lesie, domu czy ogrodzie.<\/li>\n<\/ul>\n<p>Ci\u0105gle poszerzamy nasz\u0105 ofert\u0119 o nowe produkty, poszukuj\u0105c jak najlepszych rozwi\u0105za\u0144 dla naszych klient\u00f3w.<\/p>\n<\/td>\n<\/tr>\n<tr>\n<td>\u00a0<\/td>\n<\/tr>\n<\/table>\n","protected":false},"excerpt":{"rendered":"<p>CYLINDER KPL OLEO MAC 744 753 754 45MM NOWY NEVADA<\/p>\n","protected":false},"featured_media":5253,"comment_status":"open","ping_status":"closed","template":"","meta":[],"product_brand":[],"product_cat":[25,64],"product_tag":[],"class_list":{"0":"post-5254","1":"product","2":"type-product","3":"status-publish","4":"has-post-thumbnail","6":"product_cat-cylindry-i-tloki","7":"product_cat-cylindry-i-tloki-czesci-do-pilarek-spalinowych","9":"first","10":"instock","11":"taxable","12":"shipping-taxable","13":"purchasable","14":"product-type-simple"},"_links":{"self":[{"href":"https:\/\/precto.pl\/sklep\/wp-json\/wp\/v2\/product\/5254","targetHints":{"allow":["GET"]}}],"collection":[{"href":"https:\/\/precto.pl\/sklep\/wp-json\/wp\/v2\/product"}],"about":[{"href":"https:\/\/precto.pl\/sklep\/wp-json\/wp\/v2\/types\/product"}],"replies":[{"embeddable":true,"href":"https:\/\/precto.pl\/sklep\/wp-json\/wp\/v2\/comments?post=5254"}],"wp:featuredmedia":[{"embeddable":true,"href":"https:\/\/precto.pl\/sklep\/wp-json\/wp\/v2\/media\/5253"}],"wp:attachment":[{"href":"https:\/\/precto.pl\/sklep\/wp-json\/wp\/v2\/media?parent=5254"}],"wp:term":[{"taxonomy":"product_brand","embeddable":true,"href":"https:\/\/precto.pl\/sklep\/wp-json\/wp\/v2\/product_brand?post=5254"},{"taxonomy":"product_cat","embeddable":true,"href":"https:\/\/precto.pl\/sklep\/wp-json\/wp\/v2\/product_cat?post=5254"},{"taxonomy":"product_tag","embeddable":true,"href":"https:\/\/precto.pl\/sklep\/wp-json\/wp\/v2\/product_tag?post=5254"}],"curies":[{"name":"wp","href":"https:\/\/api.w.org\/{rel}","templated":true}]}}