{"id":5238,"date":"2022-01-18T07:14:37","date_gmt":"2022-01-18T06:14:37","guid":{"rendered":"https:\/\/precto.pl\/sklep\/produkt\/cylinder-kompletny-tlok-stihl-ms211-pelen-zestaw\/"},"modified":"2022-10-06T12:45:33","modified_gmt":"2022-10-06T10:45:33","slug":"cylinder-kompletny-tlok-stihl-ms211-pelen-zestaw","status":"publish","type":"product","link":"https:\/\/precto.pl\/sklep\/cylinder-kompletny-tlok-stihl-ms211-pelen-zestaw\/","title":{"rendered":"Cylinder Kompletny t\u0142ok STIHL MS211 Pe\u0142en Zestaw"},"content":{"rendered":"<table width=\"100%\">\n<tr>\n<td width=\"50%\">\n<h3>Cylinder kompletny<\/h3>\n<p><b>PASUJE DO PILAREK STIHL:<\/b><\/p>\n<ul>\n<li><b>MS171, MS181, MS211, r\u00f3wnie\u017c modele\u00a0z literk\u0105 C<\/b><\/li>\n<\/ul>\n<p><b>-Dane Techniczne<\/b><\/p>\n<p>-\u015arednica t\u0142oka : 40 mm<\/p>\n<p>-Sworze\u0144 : 10 mm<\/p>\n<p><b>-Sk\u0142ad Zestawu<\/b><\/p>\n<p>-Cylinder<\/p>\n<p>-T\u0142ok<\/p>\n<p>-Sworze\u0144<\/p>\n<p>-2 Pier\u015bcienie<\/p>\n<p>-2 Zabezpieczenia<\/p>\n<p>-Filtr Powietrza<\/p>\n<p>-Filtr Oleju i Paliwa (zdj\u0119cia pogl\u0105dowe)<\/p>\n<p>-Uszczelniacze i \u0141o\u017cyska Wa\u0142u<\/p>\n<p>-Silikon<\/p>\n<\/td>\n<\/tr>\n<tr>\n<td>\u00a0<\/td>\n<\/tr>\n<tr>\n<td colspan=\"2\">\n<p>Przy zakupie kilku produkt\u00f3w w naszym sklepie za przesy\u0142k\u0119 zap\u0142ac\u0105 Pa\u0144stwo tylko raz.<\/p>\n<p>W naszym sklepie internetowym znajd\u0105 pa\u0144stwo szeroki asortyment cz\u0119\u015bci do:<\/p>\n<ul>\n<li>pilarek spalinowych i elektrycznych wielu marek m.in. stihl, husqvarna, dolmar, makita, oleo mac, solo, jonserad itp.<\/li>\n<li>kos spalinowych ww. marek<\/li>\n<li>kosiarek spalinowych z silnikami briggs &amp; stratton, loncin, honda<\/li>\n<li>przecinarek do betonu<\/li>\n<li>maszyn budowlanych wacker<\/li>\n<li>wielu innych maszyn i urz\u0105dze\u0144 wykorzystywanych w przydomowych pracach<\/li>\n<li>oraz pilniki, \u0142a\u0144cuchy, prowadnice, oleje, \u015brodki ochrony osobistej i wiele innych produkt\u00f3w i urz\u0105dze\u0144 pomocnych przy pracy w lesie, domu czy ogrodzie.<\/li>\n<\/ul>\n<p>Ci\u0105gle poszerzamy nasz\u0105 ofert\u0119 o nowe produkty, poszukuj\u0105c jak najlepszych rozwi\u0105za\u0144 dla naszych klient\u00f3w.<\/p>\n<\/td>\n<\/tr>\n<tr>\n<td>\u00a0<\/td>\n<\/tr>\n<\/table>\n","protected":false},"excerpt":{"rendered":"<p>Cylinder Kompletny t\u0142ok STIHL MS211 Pe\u0142en Zestaw<\/p>\n","protected":false},"featured_media":5237,"comment_status":"open","ping_status":"closed","template":"","meta":[],"product_brand":[],"product_cat":[64],"product_tag":[],"class_list":{"0":"post-5238","1":"product","2":"type-product","3":"status-publish","4":"has-post-thumbnail","6":"product_cat-cylindry-i-tloki-czesci-do-pilarek-spalinowych","8":"first","9":"instock","10":"taxable","11":"shipping-taxable","12":"purchasable","13":"product-type-simple"},"_links":{"self":[{"href":"https:\/\/precto.pl\/sklep\/wp-json\/wp\/v2\/product\/5238","targetHints":{"allow":["GET"]}}],"collection":[{"href":"https:\/\/precto.pl\/sklep\/wp-json\/wp\/v2\/product"}],"about":[{"href":"https:\/\/precto.pl\/sklep\/wp-json\/wp\/v2\/types\/product"}],"replies":[{"embeddable":true,"href":"https:\/\/precto.pl\/sklep\/wp-json\/wp\/v2\/comments?post=5238"}],"wp:featuredmedia":[{"embeddable":true,"href":"https:\/\/precto.pl\/sklep\/wp-json\/wp\/v2\/media\/5237"}],"wp:attachment":[{"href":"https:\/\/precto.pl\/sklep\/wp-json\/wp\/v2\/media?parent=5238"}],"wp:term":[{"taxonomy":"product_brand","embeddable":true,"href":"https:\/\/precto.pl\/sklep\/wp-json\/wp\/v2\/product_brand?post=5238"},{"taxonomy":"product_cat","embeddable":true,"href":"https:\/\/precto.pl\/sklep\/wp-json\/wp\/v2\/product_cat?post=5238"},{"taxonomy":"product_tag","embeddable":true,"href":"https:\/\/precto.pl\/sklep\/wp-json\/wp\/v2\/product_tag?post=5238"}],"curies":[{"name":"wp","href":"https:\/\/api.w.org\/{rel}","templated":true}]}}