{"id":5136,"date":"2022-01-18T07:12:35","date_gmt":"2022-01-18T06:12:35","guid":{"rendered":"https:\/\/precto.pl\/sklep\/produkt\/cewka-iskrownik-stihl-ms171-ms181-ms211-po-2013-r\/"},"modified":"2023-07-05T00:18:49","modified_gmt":"2023-07-04T22:18:49","slug":"cewka-iskrownik-stihl-ms171-ms181-ms211-po-2013-r","status":"publish","type":"product","link":"https:\/\/precto.pl\/sklep\/cewka-iskrownik-stihl-ms171-ms181-ms211-po-2013-r\/","title":{"rendered":"CEWKA ISKROWNIK STIHL MS171 MS181 MS211 PO 2013 R."},"content":{"rendered":"<table width=\"100%\">\n<tr>\n<td width=\"50%\">\n<h3>CEWKA ISKROWNIK STIHL MS171 MS181 MS211 PO 2013 R.<\/h3>\n<p><b>PRODUKT NOWY, GOTOWY DO PRACY<\/b><\/p>\n<p><b>MODEL : 1139 400 1311<\/b><\/p>\n<p><b>MODELE DO KT\u00d3RYCH PASUJE CZ\u0118\u015a\u0106 :<\/b><\/p>\n<h3>STIHL<\/h3>\n<ul>\n<li>MS171 MS181 MS211 PO 2013 R.<\/li>\n<\/ul>\n<p>* WERSJ\u0118 ISKROWNIKA MO\u017bNA ROZPOZNA\u0106 PO PROSTYM TRZPIENIU ZAZNACZONYM NA OBRAZKU ( W ODR\u00d3\u017bNIENIU OD POPRZEDNIEJ WERSJI GDZIE TRZPIE\u0143 JEST LEKKO WYGI\u0118TY).<\/p>\n<\/td>\n<\/tr>\n<tr>\n<td>\u00a0<\/td>\n<\/tr>\n<tr>\n<td colspan=\"2\">\n<p>Przy zakupie kilku produkt\u00f3w w naszym sklepie za przesy\u0142k\u0119 zap\u0142ac\u0105 Pa\u0144stwo tylko raz.<\/p>\n<p>W naszym sklepie internetowym znajd\u0105 pa\u0144stwo szeroki asortyment cz\u0119\u015bci do:<\/p>\n<ul>\n<li>pilarek spalinowych i elektrycznych wielu marek m.in. stihl, husqvarna, dolmar, makita, oleo mac, solo, jonserad itp.<\/li>\n<li>kos spalinowych ww. marek<\/li>\n<li>kosiarek spalinowych z silnikami briggs &amp; stratton, loncin, honda<\/li>\n<li>przecinarek do betonu<\/li>\n<li>maszyn budowlanych wacker<\/li>\n<li>wielu innych maszyn i urz\u0105dze\u0144 wykorzystywanych w przydomowych pracach<\/li>\n<li>oraz pilniki, \u0142a\u0144cuchy, prowadnice, oleje, \u015brodki ochrony osobistej i wiele innych produkt\u00f3w i urz\u0105dze\u0144 pomocnych przy pracy w lesie, domu czy ogrodzie.<\/li>\n<\/ul>\n<p>Ci\u0105gle poszerzamy nasz\u0105 ofert\u0119 o nowe produkty, poszukuj\u0105c jak najlepszych rozwi\u0105za\u0144 dla naszych klient\u00f3w.<\/p>\n<\/td>\n<\/tr>\n<tr>\n<td>\u00a0<\/td>\n<\/tr>\n<\/table>\n","protected":false},"excerpt":{"rendered":"<p>CEWKA ISKROWNIK STIHL MS171 MS181 MS211 PO 2013 R.<\/p>\n","protected":false},"featured_media":5135,"comment_status":"open","ping_status":"closed","template":"","meta":[],"product_brand":[],"product_cat":[39],"product_tag":[],"class_list":{"0":"post-5136","1":"product","2":"type-product","3":"status-publish","4":"has-post-thumbnail","6":"product_cat-uklad-zaplonowy-czesci-do-pilarek-spalinowych","8":"first","9":"instock","10":"taxable","11":"shipping-taxable","12":"purchasable","13":"product-type-simple"},"_links":{"self":[{"href":"https:\/\/precto.pl\/sklep\/wp-json\/wp\/v2\/product\/5136","targetHints":{"allow":["GET"]}}],"collection":[{"href":"https:\/\/precto.pl\/sklep\/wp-json\/wp\/v2\/product"}],"about":[{"href":"https:\/\/precto.pl\/sklep\/wp-json\/wp\/v2\/types\/product"}],"replies":[{"embeddable":true,"href":"https:\/\/precto.pl\/sklep\/wp-json\/wp\/v2\/comments?post=5136"}],"wp:featuredmedia":[{"embeddable":true,"href":"https:\/\/precto.pl\/sklep\/wp-json\/wp\/v2\/media\/5135"}],"wp:attachment":[{"href":"https:\/\/precto.pl\/sklep\/wp-json\/wp\/v2\/media?parent=5136"}],"wp:term":[{"taxonomy":"product_brand","embeddable":true,"href":"https:\/\/precto.pl\/sklep\/wp-json\/wp\/v2\/product_brand?post=5136"},{"taxonomy":"product_cat","embeddable":true,"href":"https:\/\/precto.pl\/sklep\/wp-json\/wp\/v2\/product_cat?post=5136"},{"taxonomy":"product_tag","embeddable":true,"href":"https:\/\/precto.pl\/sklep\/wp-json\/wp\/v2\/product_tag?post=5136"}],"curies":[{"name":"wp","href":"https:\/\/api.w.org\/{rel}","templated":true}]}}