{"id":5108,"date":"2022-01-18T07:11:54","date_gmt":"2022-01-18T06:11:54","guid":{"rendered":"https:\/\/precto.pl\/sklep\/produkt\/cylinder-tlok-pilarka-echo-cs-4200-41mm-nowy-fv\/"},"modified":"2022-10-06T12:45:54","modified_gmt":"2022-10-06T10:45:54","slug":"cylinder-tlok-pilarka-echo-cs-4200-41mm-nowy-fv","status":"publish","type":"product","link":"https:\/\/precto.pl\/sklep\/cylinder-tlok-pilarka-echo-cs-4200-41mm-nowy-fv\/","title":{"rendered":"CYLINDER T\u0141OK PILARKA ECHO CS 4200 41mm NOWY FV"},"content":{"rendered":"<table width=\"100%\">\n<tr>\n<td width=\"50%\">\n<h3>CYLINDER T\u0141OK PILARKA ECHO CS 4200 41mm<\/h3>\n<h3>NOWY FV<\/h3>\n<p><b>\u015aREDNICA : 41 MM<\/b><\/p>\n<p><b>WYSOKIEJ KLASY ORYGINALNY ZAMIENNIK<\/b><\/p>\n<p><b>PASUJE DO MODELI :<\/b><\/p>\n<h3>ECHO CS 4200<\/h3>\n<h3>\u00a0<\/h3>\n<p><b>W sk\u0142ad zestawy wchodz\u0105 :<\/b><\/p>\n<p><b>Cylinder<\/b><\/p>\n<p><b>T\u0142ok 41 MM<\/b><\/p>\n<p><b>Pier\u015bcie\u0144<\/b><\/p>\n<p><b>Sworze\u0144<\/b><\/p>\n<p><b>Zabezpieczenia X2<\/b><\/p>\n<h3>GWARANCJA ZADOWOLENIA<\/h3>\n<h3>12 MIESI\u0118CY GWARANCJI !!<\/h3>\n<p>\u00a0<\/p>\n<p><b>WYSOKIEJ KLASY ZAMIENNIK STOSOWANY Z POWODZENIEM W NASZYM SERWISIE, KLIENCI KT\u00d3RZY ZAKUPILI WW. ZESTAW S\u0104 ZADOWOLENI Z WYSOKIEJ JAKO\u015aCI I NISKIEJ CENY !!<\/b><\/p>\n<p><b>WYSY\u0141KA W CI\u0104GU 24 GODZIN OD ZAM\u00d3WIENIA !!<\/b><\/p>\n<h3>\u00a0<\/h3>\n<p><b>Paragon \/ FV<\/b><\/p>\n<h3>\u00a0<\/h3>\n<p>\u00a0<\/p>\n<\/td>\n<\/tr>\n<tr>\n<td>\u00a0<\/td>\n<\/tr>\n<tr>\n<td colspan=\"2\">\n<p>Przy zakupie kilku produkt\u00f3w w naszym sklepie za przesy\u0142k\u0119 zap\u0142ac\u0105 Pa\u0144stwo tylko raz.<\/p>\n<p>W naszym sklepie internetowym znajd\u0105 pa\u0144stwo szeroki asortyment cz\u0119\u015bci do:<\/p>\n<ul>\n<li>pilarek spalinowych i elektrycznych wielu marek m.in. stihl, husqvarna, dolmar, makita, oleo mac, solo, jonserad itp.<\/li>\n<li>kos spalinowych ww. marek<\/li>\n<li>kosiarek spalinowych z silnikami briggs &amp; stratton, loncin, honda<\/li>\n<li>przecinarek do betonu<\/li>\n<li>maszyn budowlanych wacker<\/li>\n<li>wielu innych maszyn i urz\u0105dze\u0144 wykorzystywanych w przydomowych pracach<\/li>\n<li>oraz pilniki, \u0142a\u0144cuchy, prowadnice, oleje, \u015brodki ochrony osobistej i wiele innych produkt\u00f3w i urz\u0105dze\u0144 pomocnych przy pracy w lesie, domu czy ogrodzie.<\/li>\n<\/ul>\n<p>Ci\u0105gle poszerzamy nasz\u0105 ofert\u0119 o nowe produkty, poszukuj\u0105c jak najlepszych rozwi\u0105za\u0144 dla naszych klient\u00f3w.<\/p>\n<\/td>\n<\/tr>\n<tr>\n<td>\u00a0<\/td>\n<\/tr>\n<\/table>\n","protected":false},"excerpt":{"rendered":"<p>CYLINDER T\u0141OK PILARKA ECHO CS 4200 41mm NOWY FV<\/p>\n","protected":false},"featured_media":5107,"comment_status":"open","ping_status":"closed","template":"","meta":[],"product_brand":[],"product_cat":[64],"product_tag":[],"class_list":{"0":"post-5108","1":"product","2":"type-product","3":"status-publish","4":"has-post-thumbnail","6":"product_cat-cylindry-i-tloki-czesci-do-pilarek-spalinowych","8":"first","9":"instock","10":"taxable","11":"shipping-taxable","12":"purchasable","13":"product-type-simple"},"_links":{"self":[{"href":"https:\/\/precto.pl\/sklep\/wp-json\/wp\/v2\/product\/5108","targetHints":{"allow":["GET"]}}],"collection":[{"href":"https:\/\/precto.pl\/sklep\/wp-json\/wp\/v2\/product"}],"about":[{"href":"https:\/\/precto.pl\/sklep\/wp-json\/wp\/v2\/types\/product"}],"replies":[{"embeddable":true,"href":"https:\/\/precto.pl\/sklep\/wp-json\/wp\/v2\/comments?post=5108"}],"wp:featuredmedia":[{"embeddable":true,"href":"https:\/\/precto.pl\/sklep\/wp-json\/wp\/v2\/media\/5107"}],"wp:attachment":[{"href":"https:\/\/precto.pl\/sklep\/wp-json\/wp\/v2\/media?parent=5108"}],"wp:term":[{"taxonomy":"product_brand","embeddable":true,"href":"https:\/\/precto.pl\/sklep\/wp-json\/wp\/v2\/product_brand?post=5108"},{"taxonomy":"product_cat","embeddable":true,"href":"https:\/\/precto.pl\/sklep\/wp-json\/wp\/v2\/product_cat?post=5108"},{"taxonomy":"product_tag","embeddable":true,"href":"https:\/\/precto.pl\/sklep\/wp-json\/wp\/v2\/product_tag?post=5108"}],"curies":[{"name":"wp","href":"https:\/\/api.w.org\/{rel}","templated":true}]}}