{"id":5094,"date":"2022-01-18T07:11:37","date_gmt":"2022-01-18T06:11:37","guid":{"rendered":"https:\/\/precto.pl\/sklep\/produkt\/cylinder-tlok-lozyska-husqvarna-235-236-240-235e\/"},"modified":"2022-10-06T12:46:00","modified_gmt":"2022-10-06T10:46:00","slug":"cylinder-tlok-lozyska-husqvarna-235-236-240-235e","status":"publish","type":"product","link":"https:\/\/precto.pl\/sklep\/cylinder-tlok-lozyska-husqvarna-235-236-240-235e\/","title":{"rendered":"CYLINDER T\u0141OK \u0141O\u017bYSKA HUSQVARNA 235 236 240 235E"},"content":{"rendered":"<table width=\"100%\">\n<tr>\n<td width=\"50%\">\n<p><b>Pasuje do:<\/b><\/p>\n<ul>\n<li><b>HUSQVARNA:\u00a0\u00a0<\/b>235e , 235 ,\u00a0236 ,\u00a0240 ,\u00a0240e<\/li>\n<\/ul>\n<p><b>Dane techniczne:<\/b><\/p>\n<ul>\n<li>\u015arednica t\u0142oka :\u00a0<b>39 mm<\/b><\/li>\n<li>Sworze\u0144 t\u0142oka :\u00a0<b>10mm<\/b><\/li>\n<li><b>Nr. oryginalny: 545 05 04-17 , 545 05 04-18 , 574 29 10-01<\/b><\/li>\n<\/ul>\n<p><b>Zestaw:<\/b><\/p>\n<ul>\n<li>Cylinder<\/li>\n<li>Pier\u015bcie\u0144<\/li>\n<li>T\u0142ok<\/li>\n<li>Sworze\u0144 t\u0142oka<\/li>\n<li>Zabezpieczenia<\/li>\n<li>2 \u0142o\u017cyska<\/li>\n<li>2 uszczelniacze<\/li>\n<li>\u015bwieca<\/li>\n<li>zestaw uszczelek<\/li>\n<\/ul>\n<\/td>\n<\/tr>\n<tr>\n<td>\u00a0<\/td>\n<\/tr>\n<tr>\n<td colspan=\"2\">\n<p>Przy zakupie kilku produkt\u00f3w w naszym sklepie za przesy\u0142k\u0119 zap\u0142ac\u0105 Pa\u0144stwo tylko raz.<\/p>\n<p>W naszym sklepie internetowym znajd\u0105 pa\u0144stwo szeroki asortyment cz\u0119\u015bci do:<\/p>\n<ul>\n<li>pilarek spalinowych i elektrycznych wielu marek m.in. stihl, husqvarna, dolmar, makita, oleo mac, solo, jonserad itp.<\/li>\n<li>kos spalinowych ww. marek<\/li>\n<li>kosiarek spalinowych z silnikami briggs &amp; stratton, loncin, honda<\/li>\n<li>przecinarek do betonu<\/li>\n<li>maszyn budowlanych wacker<\/li>\n<li>wielu innych maszyn i urz\u0105dze\u0144 wykorzystywanych w przydomowych pracach<\/li>\n<li>oraz pilniki, \u0142a\u0144cuchy, prowadnice, oleje, \u015brodki ochrony osobistej i wiele innych produkt\u00f3w i urz\u0105dze\u0144 pomocnych przy pracy w lesie, domu czy ogrodzie.<\/li>\n<\/ul>\n<p>Ci\u0105gle poszerzamy nasz\u0105 ofert\u0119 o nowe produkty, poszukuj\u0105c jak najlepszych rozwi\u0105za\u0144 dla naszych klient\u00f3w.<\/p>\n<\/td>\n<\/tr>\n<tr>\n<td>\u00a0<\/td>\n<\/tr>\n<\/table>\n","protected":false},"excerpt":{"rendered":"<p>CYLINDER T\u0141OK \u0141O\u017bYSKA HUSQVARNA 235 236 240 235E<\/p>\n","protected":false},"featured_media":5093,"comment_status":"open","ping_status":"closed","template":"","meta":[],"product_brand":[],"product_cat":[64],"product_tag":[],"class_list":{"0":"post-5094","1":"product","2":"type-product","3":"status-publish","4":"has-post-thumbnail","6":"product_cat-cylindry-i-tloki-czesci-do-pilarek-spalinowych","8":"first","9":"instock","10":"taxable","11":"shipping-taxable","12":"purchasable","13":"product-type-simple"},"_links":{"self":[{"href":"https:\/\/precto.pl\/sklep\/wp-json\/wp\/v2\/product\/5094","targetHints":{"allow":["GET"]}}],"collection":[{"href":"https:\/\/precto.pl\/sklep\/wp-json\/wp\/v2\/product"}],"about":[{"href":"https:\/\/precto.pl\/sklep\/wp-json\/wp\/v2\/types\/product"}],"replies":[{"embeddable":true,"href":"https:\/\/precto.pl\/sklep\/wp-json\/wp\/v2\/comments?post=5094"}],"wp:featuredmedia":[{"embeddable":true,"href":"https:\/\/precto.pl\/sklep\/wp-json\/wp\/v2\/media\/5093"}],"wp:attachment":[{"href":"https:\/\/precto.pl\/sklep\/wp-json\/wp\/v2\/media?parent=5094"}],"wp:term":[{"taxonomy":"product_brand","embeddable":true,"href":"https:\/\/precto.pl\/sklep\/wp-json\/wp\/v2\/product_brand?post=5094"},{"taxonomy":"product_cat","embeddable":true,"href":"https:\/\/precto.pl\/sklep\/wp-json\/wp\/v2\/product_cat?post=5094"},{"taxonomy":"product_tag","embeddable":true,"href":"https:\/\/precto.pl\/sklep\/wp-json\/wp\/v2\/product_tag?post=5094"}],"curies":[{"name":"wp","href":"https:\/\/api.w.org\/{rel}","templated":true}]}}