{"id":4991,"date":"2022-01-18T07:09:37","date_gmt":"2022-01-18T06:09:37","guid":{"rendered":"https:\/\/precto.pl\/sklep\/produkt\/cylinder-tlok-43mm-faworyt-ts45-ts460-ts45-18\/"},"modified":"2022-10-06T12:48:03","modified_gmt":"2022-10-06T10:48:03","slug":"cylinder-tlok-43mm-faworyt-ts45-ts460-ts45-18","status":"publish","type":"product","link":"https:\/\/precto.pl\/sklep\/cylinder-tlok-43mm-faworyt-ts45-ts460-ts45-18\/","title":{"rendered":"CYLINDER T\u0141OK 43MM Faworyt TS45 TS460 TS45-18"},"content":{"rendered":"<table width=\"100%\">\n<tr>\n<td width=\"50%\">\n<p><b>PASUJE DO MODELI :<\/b><\/p>\n<h3>Faworyt TS45, TS460, TS45-18, Eco 460-18, Lider 46-18, Sterwins, Garland, NAC SPS01-45, Victus, Castorama PP45, Harder PN4500, Cedrus T4518, T50<\/h3>\n<p><b>Wymiary:<\/b><\/p>\n<p><b>Cylinder<\/b><\/p>\n<p>\u015brednica &#8211; 43 mm<\/p>\n<p>wysoko\u015b\u0107 &#8211; 86 mm<\/p>\n<p>szeroko\u015b\u0107 &#8211; 82 mm<\/p>\n<p>rozstaw otwor\u00f3w (t\u0142umik) &#8211; 40 mm<\/p>\n<p>rozstaw otwor\u00f3w (od \u015brodka)- 46 x 46 mm<\/p>\n<p><b>T\u0142ok<\/b><\/p>\n<p>wysoko\u015b\u0107 &#8211; 38 mm<\/p>\n<p>\u015brednia zewn\u0119trzna &#8211; 43 mm<\/p>\n<p>\u015brednia wewn\u0119trzna &#8211; 39 mm<\/p>\n<p>otw\u00f3r &#8211; 11 mm<\/p>\n<p><b>Sworze\u0144<\/b><\/p>\n<p>wysoko\u015b\u0107 &#8211; 34 mm<\/p>\n<p>\u015brednia zewn\u0119trzna &#8211; 11 mm<\/p>\n<p>\u015brednia wewn\u0119trzna &#8211; 7 mm<\/p>\n<p><b>Pier\u015bcie\u0144 x 2<\/b><\/p>\n<p><b>Zabezpieczenie x 2<\/b><\/p>\n<\/td>\n<\/tr>\n<tr>\n<td>\u00a0<\/td>\n<\/tr>\n<tr>\n<td colspan=\"2\">\n<p>Przy zakupie kilku produkt\u00f3w w naszym sklepie za przesy\u0142k\u0119 zap\u0142ac\u0105 Pa\u0144stwo tylko raz.<\/p>\n<p>W naszym sklepie internetowym znajd\u0105 pa\u0144stwo szeroki asortyment cz\u0119\u015bci do:<\/p>\n<ul>\n<li>pilarek spalinowych i elektrycznych wielu marek m.in. stihl, husqvarna, dolmar, makita, oleo mac, solo, jonserad itp.<\/li>\n<li>kos spalinowych ww. marek<\/li>\n<li>kosiarek spalinowych z silnikami briggs &amp; stratton, loncin, honda<\/li>\n<li>przecinarek do betonu<\/li>\n<li>maszyn budowlanych wacker<\/li>\n<li>wielu innych maszyn i urz\u0105dze\u0144 wykorzystywanych w przydomowych pracach<\/li>\n<li>oraz pilniki, \u0142a\u0144cuchy, prowadnice, oleje, \u015brodki ochrony osobistej i wiele innych produkt\u00f3w i urz\u0105dze\u0144 pomocnych przy pracy w lesie, domu czy ogrodzie.<\/li>\n<\/ul>\n<p>Ci\u0105gle poszerzamy nasz\u0105 ofert\u0119 o nowe produkty, poszukuj\u0105c jak najlepszych rozwi\u0105za\u0144 dla naszych klient\u00f3w.<\/p>\n<\/td>\n<\/tr>\n<tr>\n<td>\u00a0<\/td>\n<\/tr>\n<\/table>\n","protected":false},"excerpt":{"rendered":"<p>CYLINDER T\u0141OK 43MM Faworyt TS45 TS460 TS45-18<\/p>\n","protected":false},"featured_media":4990,"comment_status":"open","ping_status":"closed","template":"","meta":[],"product_brand":[],"product_cat":[64],"product_tag":[],"class_list":{"0":"post-4991","1":"product","2":"type-product","3":"status-publish","4":"has-post-thumbnail","6":"product_cat-cylindry-i-tloki-czesci-do-pilarek-spalinowych","8":"first","9":"instock","10":"taxable","11":"shipping-taxable","12":"purchasable","13":"product-type-simple"},"_links":{"self":[{"href":"https:\/\/precto.pl\/sklep\/wp-json\/wp\/v2\/product\/4991","targetHints":{"allow":["GET"]}}],"collection":[{"href":"https:\/\/precto.pl\/sklep\/wp-json\/wp\/v2\/product"}],"about":[{"href":"https:\/\/precto.pl\/sklep\/wp-json\/wp\/v2\/types\/product"}],"replies":[{"embeddable":true,"href":"https:\/\/precto.pl\/sklep\/wp-json\/wp\/v2\/comments?post=4991"}],"wp:featuredmedia":[{"embeddable":true,"href":"https:\/\/precto.pl\/sklep\/wp-json\/wp\/v2\/media\/4990"}],"wp:attachment":[{"href":"https:\/\/precto.pl\/sklep\/wp-json\/wp\/v2\/media?parent=4991"}],"wp:term":[{"taxonomy":"product_brand","embeddable":true,"href":"https:\/\/precto.pl\/sklep\/wp-json\/wp\/v2\/product_brand?post=4991"},{"taxonomy":"product_cat","embeddable":true,"href":"https:\/\/precto.pl\/sklep\/wp-json\/wp\/v2\/product_cat?post=4991"},{"taxonomy":"product_tag","embeddable":true,"href":"https:\/\/precto.pl\/sklep\/wp-json\/wp\/v2\/product_tag?post=4991"}],"curies":[{"name":"wp","href":"https:\/\/api.w.org\/{rel}","templated":true}]}}